{"id":7488,"date":"2020-06-05T10:54:12","date_gmt":"2020-06-05T12:54:12","guid":{"rendered":"https:\/\/uniform4baltic.com\/garantijos-ir-grazinimas\/"},"modified":"2020-07-09T09:47:32","modified_gmt":"2020-07-09T11:47:32","slug":"garantijos-ir-grazinimas","status":"publish","type":"page","link":"https:\/\/uniform4baltic.com\/en\/garantijos-ir-grazinimas\/","title":{"rendered":"Warranties and returns"},"content":{"rendered":"<h5>Returns<\/h5>\n<p>We select each item very carefully and always make sure the quality of the items before sending them to you!<br \/>\nHowever, if you still want, you can safely return all the goods within 30 working days! *<br \/>\nWe undertake to transfer the money to your account within 7 (seven) working days from the receipt of the returned product!<br \/>\nAlso, you can exchange the disliked goods for any other sold on the page www.uniform4baltic.com!<\/p>\n<p>Goods to be exchanged or returned must meet the following requirements:<\/p>\n<p>the goods may not be worn or otherwise used, they must be undamaged and have not lost their value;<br \/>\nthe product must be presented in the original packaging of the manufacturer and without losing its commercial appearance;<br \/>\nthe product must remain with all attached labels;<br \/>\nthe replaced or returned product must be delivered to the OMNIVA parcel machine (ATM), address: Panev\u0117\u017eys RIMI parcel machine, Klaip\u0117dos str. 82, Panev\u0117\u017eys, 88846. Indicate the telephone number: +370686 14445.<br \/>\nA document proving the purchase in the store www.uniform4baltic.com (VAT invoice) must be submitted together with the returned product;<br \/>\nThe administrator undertakes to inform the customer within 30 days of receiving the exchanged or returned product, whether the product has met the exchange \/ return criteria. If the exchanged \/ returned product meets these criteria, the Administrator undertakes to replace the product or return the money paid for it;<br \/>\nin cases where the goods are exchanged, the Administrator undertakes to exchange the exchanged goods for any other good (s), the value of which does not exceed the exchanged goods. If a price difference occurs during the change, the Customer must pay the Administrator such price difference. The price difference is paid by transfer to the specified bank account. The buyer can change to the product, which is currently available for sale in the range of the www.uniform4baltic.com store.<\/p>\n<p>The costs of transportation of exchanged or returned goods shall be paid by the Customer.<\/p>\n<p>* To return an item, please notify us at info@uniform4baltic.com before shipping.<\/p>\n","protected":false},"excerpt":{"rendered":"<p>Returns We select each item very carefully and always make sure the quality of the items before sending them to<\/p>\n","protected":false},"author":1,"featured_media":0,"parent":0,"menu_order":0,"comment_status":"closed","ping_status":"closed","template":"","meta":{"footnotes":""},"class_list":["post-7488","page","type-page","status-publish","hentry"],"yoast_head":"<!-- This site is optimized with the Yoast SEO plugin v27.4 - https:\/\/yoast.com\/product\/yoast-seo-wordpress\/ -->\n<title>Warranties and returns - uniform4baltic<\/title>\n<meta name=\"description\" content=\"Returns We select each item very carefully and always make sure the quality of the items before sending them to you! However, if you still want, you can\" \/>\n<meta name=\"robots\" content=\"index, follow, max-snippet:-1, max-image-preview:large, max-video-preview:-1\" \/>\n<link rel=\"canonical\" href=\"https:\/\/uniform4baltic.com\/en\/garantijos-ir-grazinimas\/\" \/>\n<meta property=\"og:locale\" content=\"en_US\" \/>\n<meta property=\"og:type\" content=\"article\" \/>\n<meta property=\"og:title\" content=\"Warranties and returns - uniform4baltic\" \/>\n<meta property=\"og:description\" content=\"Returns We select each item very carefully and always make sure the quality of the items before sending them to you! However, if you still want, you can\" \/>\n<meta property=\"og:url\" content=\"https:\/\/uniform4baltic.com\/en\/garantijos-ir-grazinimas\/\" \/>\n<meta property=\"og:site_name\" content=\"uniform4baltic\" \/>\n<meta property=\"article:modified_time\" content=\"2020-07-09T11:47:32+00:00\" \/>\n<meta name=\"twitter:card\" content=\"summary_large_image\" \/>\n<meta name=\"twitter:label1\" content=\"Est. reading time\" \/>\n\t<meta name=\"twitter:data1\" content=\"2 minutes\" \/>\n<script type=\"application\/ld+json\" class=\"yoast-schema-graph\">{\"@context\":\"https:\\\/\\\/schema.org\",\"@graph\":[{\"@type\":\"WebPage\",\"@id\":\"https:\\\/\\\/uniform4baltic.com\\\/en\\\/garantijos-ir-grazinimas\\\/\",\"url\":\"https:\\\/\\\/uniform4baltic.com\\\/en\\\/garantijos-ir-grazinimas\\\/\",\"name\":\"Warranties and returns - uniform4baltic\",\"isPartOf\":{\"@id\":\"https:\\\/\\\/www.uniform4baltic.com\\\/en\\\/#website\"},\"datePublished\":\"2020-06-05T12:54:12+00:00\",\"dateModified\":\"2020-07-09T11:47:32+00:00\",\"description\":\"Returns We select each item very carefully and always make sure the quality of the items before sending them to you! However, if you still want, you can\",\"breadcrumb\":{\"@id\":\"https:\\\/\\\/uniform4baltic.com\\\/en\\\/garantijos-ir-grazinimas\\\/#breadcrumb\"},\"inLanguage\":\"en-US\",\"potentialAction\":[{\"@type\":\"ReadAction\",\"target\":[\"https:\\\/\\\/uniform4baltic.com\\\/en\\\/garantijos-ir-grazinimas\\\/\"]}]},{\"@type\":\"BreadcrumbList\",\"@id\":\"https:\\\/\\\/uniform4baltic.com\\\/en\\\/garantijos-ir-grazinimas\\\/#breadcrumb\",\"itemListElement\":[{\"@type\":\"ListItem\",\"position\":1,\"name\":\"Home\",\"item\":\"https:\\\/\\\/uniform4baltic.com\\\/en\\\/\"},{\"@type\":\"ListItem\",\"position\":2,\"name\":\"Warranties and returns\"}]},{\"@type\":\"WebSite\",\"@id\":\"https:\\\/\\\/www.uniform4baltic.com\\\/en\\\/#website\",\"url\":\"https:\\\/\\\/www.uniform4baltic.com\\\/en\\\/\",\"name\":\"uniform4baltic.com\",\"description\":\"Medicinin\u0117 apranga\",\"publisher\":{\"@id\":\"https:\\\/\\\/www.uniform4baltic.com\\\/en\\\/#organization\"},\"potentialAction\":[{\"@type\":\"SearchAction\",\"target\":{\"@type\":\"EntryPoint\",\"urlTemplate\":\"https:\\\/\\\/www.uniform4baltic.com\\\/en\\\/?s={search_term_string}\"},\"query-input\":{\"@type\":\"PropertyValueSpecification\",\"valueRequired\":true,\"valueName\":\"search_term_string\"}}],\"inLanguage\":\"en-US\"},{\"@type\":\"Organization\",\"@id\":\"https:\\\/\\\/www.uniform4baltic.com\\\/en\\\/#organization\",\"name\":\"Apranga medikams\",\"url\":\"https:\\\/\\\/www.uniform4baltic.com\\\/en\\\/\",\"logo\":{\"@type\":\"ImageObject\",\"inLanguage\":\"en-US\",\"@id\":\"https:\\\/\\\/www.uniform4baltic.com\\\/en\\\/#\\\/schema\\\/logo\\\/image\\\/\",\"url\":\"https:\\\/\\\/uniform4baltic.com\\\/wp-content\\\/uploads\\\/2020\\\/06\\\/logo-web-1.png\",\"contentUrl\":\"https:\\\/\\\/uniform4baltic.com\\\/wp-content\\\/uploads\\\/2020\\\/06\\\/logo-web-1.png\",\"width\":500,\"height\":215,\"caption\":\"Apranga medikams\"},\"image\":{\"@id\":\"https:\\\/\\\/www.uniform4baltic.com\\\/en\\\/#\\\/schema\\\/logo\\\/image\\\/\"}}]}<\/script>\n<!-- \/ Yoast SEO plugin. -->","yoast_head_json":{"title":"Warranties and returns - uniform4baltic","description":"Returns We select each item very carefully and always make sure the quality of the items before sending them to you! However, if you still want, you can","robots":{"index":"index","follow":"follow","max-snippet":"max-snippet:-1","max-image-preview":"max-image-preview:large","max-video-preview":"max-video-preview:-1"},"canonical":"https:\/\/uniform4baltic.com\/en\/garantijos-ir-grazinimas\/","og_locale":"en_US","og_type":"article","og_title":"Warranties and returns - uniform4baltic","og_description":"Returns We select each item very carefully and always make sure the quality of the items before sending them to you! However, if you still want, you can","og_url":"https:\/\/uniform4baltic.com\/en\/garantijos-ir-grazinimas\/","og_site_name":"uniform4baltic","article_modified_time":"2020-07-09T11:47:32+00:00","twitter_card":"summary_large_image","twitter_misc":{"Est. reading time":"2 minutes"},"schema":{"@context":"https:\/\/schema.org","@graph":[{"@type":"WebPage","@id":"https:\/\/uniform4baltic.com\/en\/garantijos-ir-grazinimas\/","url":"https:\/\/uniform4baltic.com\/en\/garantijos-ir-grazinimas\/","name":"Warranties and returns - uniform4baltic","isPartOf":{"@id":"https:\/\/www.uniform4baltic.com\/en\/#website"},"datePublished":"2020-06-05T12:54:12+00:00","dateModified":"2020-07-09T11:47:32+00:00","description":"Returns We select each item very carefully and always make sure the quality of the items before sending them to you! However, if you still want, you can","breadcrumb":{"@id":"https:\/\/uniform4baltic.com\/en\/garantijos-ir-grazinimas\/#breadcrumb"},"inLanguage":"en-US","potentialAction":[{"@type":"ReadAction","target":["https:\/\/uniform4baltic.com\/en\/garantijos-ir-grazinimas\/"]}]},{"@type":"BreadcrumbList","@id":"https:\/\/uniform4baltic.com\/en\/garantijos-ir-grazinimas\/#breadcrumb","itemListElement":[{"@type":"ListItem","position":1,"name":"Home","item":"https:\/\/uniform4baltic.com\/en\/"},{"@type":"ListItem","position":2,"name":"Warranties and returns"}]},{"@type":"WebSite","@id":"https:\/\/www.uniform4baltic.com\/en\/#website","url":"https:\/\/www.uniform4baltic.com\/en\/","name":"uniform4baltic.com","description":"Medicinin\u0117 apranga","publisher":{"@id":"https:\/\/www.uniform4baltic.com\/en\/#organization"},"potentialAction":[{"@type":"SearchAction","target":{"@type":"EntryPoint","urlTemplate":"https:\/\/www.uniform4baltic.com\/en\/?s={search_term_string}"},"query-input":{"@type":"PropertyValueSpecification","valueRequired":true,"valueName":"search_term_string"}}],"inLanguage":"en-US"},{"@type":"Organization","@id":"https:\/\/www.uniform4baltic.com\/en\/#organization","name":"Apranga medikams","url":"https:\/\/www.uniform4baltic.com\/en\/","logo":{"@type":"ImageObject","inLanguage":"en-US","@id":"https:\/\/www.uniform4baltic.com\/en\/#\/schema\/logo\/image\/","url":"https:\/\/uniform4baltic.com\/wp-content\/uploads\/2020\/06\/logo-web-1.png","contentUrl":"https:\/\/uniform4baltic.com\/wp-content\/uploads\/2020\/06\/logo-web-1.png","width":500,"height":215,"caption":"Apranga medikams"},"image":{"@id":"https:\/\/www.uniform4baltic.com\/en\/#\/schema\/logo\/image\/"}}]}},"_links":{"self":[{"href":"https:\/\/uniform4baltic.com\/en\/wp-json\/wp\/v2\/pages\/7488","targetHints":{"allow":["GET"]}}],"collection":[{"href":"https:\/\/uniform4baltic.com\/en\/wp-json\/wp\/v2\/pages"}],"about":[{"href":"https:\/\/uniform4baltic.com\/en\/wp-json\/wp\/v2\/types\/page"}],"author":[{"embeddable":true,"href":"https:\/\/uniform4baltic.com\/en\/wp-json\/wp\/v2\/users\/1"}],"replies":[{"embeddable":true,"href":"https:\/\/uniform4baltic.com\/en\/wp-json\/wp\/v2\/comments?post=7488"}],"version-history":[{"count":0,"href":"https:\/\/uniform4baltic.com\/en\/wp-json\/wp\/v2\/pages\/7488\/revisions"}],"wp:attachment":[{"href":"https:\/\/uniform4baltic.com\/en\/wp-json\/wp\/v2\/media?parent=7488"}],"curies":[{"name":"wp","href":"https:\/\/api.w.org\/{rel}","templated":true}]}}