{"id":10868,"date":"2020-09-16T04:49:44","date_gmt":"2020-09-16T06:49:44","guid":{"rendered":"https:\/\/uniform4baltic.com\/?post_type=product&#038;p=10868"},"modified":"2022-07-07T09:59:16","modified_gmt":"2022-07-07T11:59:16","slug":"get006-lyra-top-1406-stormy-sky","status":"publish","type":"product","link":"https:\/\/uniform4baltic.com\/en\/parduotuve\/womens\/blouses\/get006-lyra-top-1406-stormy-sky\/","title":{"rendered":"GET006 Lyra Top \u2013 1406 Stormy Sky"},"content":{"rendered":"","protected":false},"excerpt":{"rendered":"<p>Moteri\u0161ka polo palaidin\u0117, 3 ki\u0161en\u0117s.<\/p>\n<p>Deran\u010dios keln\u0117s: GEP005 Lyra Pant.<br \/>\nMed\u017eiaga:<br \/>\n76% nailonas, 24% elastanas.<\/p>\n<p>Galimi dyd\u017eiai: XXS-3XL.<\/p>\n<p>D\u0117l nesam\u0173 dyd\u017ei\u0173 ir spalv\u0173 kreiptis el. pa\u0161tu arba telefonu.<\/p>\n<table>\n<tbody>\n<tr>\n<td width=\"135\"><img decoding=\"async\" src=\"https:\/\/backoffice.barcouniforms.com\/INTERSHOP\/static\/WFS\/Barco-Medical-Site\/-\/Barco-Medical\/en_US\/s_pclr-01.jpg\" alt=\"01\" \/><\/td>\n<td width=\"135\"><img decoding=\"async\" src=\"https:\/\/backoffice.barcouniforms.com\/INTERSHOP\/static\/WFS\/Barco-Medical-Site\/-\/Barco-Medical\/en_US\/s_pclr-08.jpg\" alt=\"08\" \/><\/td>\n<td width=\"135\"><img decoding=\"async\" src=\"https:\/\/backoffice.barcouniforms.com\/INTERSHOP\/static\/WFS\/Barco-Medical-Site\/-\/Barco-Medical\/en_US\/s_pclr-1406.jpg\" alt=\"1406\" \/><\/td>\n<td width=\"135\"><img decoding=\"async\" src=\"https:\/\/backoffice.barcouniforms.com\/INTERSHOP\/static\/WFS\/Barco-Medical-Site\/-\/Barco-Medical\/en_US\/s_pclr-1423.jpg\" alt=\"1423\" \/><\/td>\n<td width=\"135\"><img decoding=\"async\" src=\"https:\/\/backoffice.barcouniforms.com\/INTERSHOP\/static\/WFS\/Barco-Medical-Site\/-\/Barco-Medical\/en_US\/s_pclr-23.jpg\" alt=\"23\" \/><\/td>\n<td width=\"135\"><img decoding=\"async\" src=\"https:\/\/backoffice.barcouniforms.com\/INTERSHOP\/static\/WFS\/Barco-Medical-Site\/-\/Barco-Medical\/en_US\/s_pclr-40.jpg\" alt=\"40\" \/><\/td>\n<td width=\"135\"><img decoding=\"async\" src=\"https:\/\/backoffice.barcouniforms.com\/INTERSHOP\/static\/WFS\/Barco-Medical-Site\/-\/Barco-Medical\/en_US\/s_pclr-65.jpg\" alt=\"65\" \/><\/td>\n<\/tr>\n<tr>\n<td width=\"135\">01<\/p>\n<p>BLK<\/td>\n<td width=\"135\">08<\/p>\n<p>NRL<\/td>\n<td width=\"135\">1406<\/p>\n<p>SSK<\/td>\n<td width=\"135\">1423<\/p>\n<p>ALO<\/td>\n<td width=\"135\">23<\/p>\n<p>IND<\/td>\n<td width=\"135\">40<\/p>\n<p>CBL<\/td>\n<td width=\"135\">65<\/p>\n<p>WIN<\/td>\n<\/tr>\n<\/tbody>\n<\/table>\n<p>* Prek\u0117 yra padidinta vienu dyd\u017eiu. Jei d\u0117vite M dyd\u012f, m\u016bs\u0173 prek\u0119 reik\u0117t\u0173 rinktis S dyd\u017eio.<\/p>\n","protected":false},"featured_media":10872,"comment_status":"open","ping_status":"closed","template":"","meta":[],"product_brand":[],"product_cat":[240,155,48,53,15],"product_tag":[557],"class_list":{"0":"post-10868","1":"product","2":"type-product","3":"status-publish","4":"has-post-thumbnail","6":"product_cat-dydziu-lentele","7":"product_cat-katalogas","8":"product_cat-moterims","9":"product_cat-palaidines","10":"product_cat-uncategorized","11":"product_tag-get006-1406","12":"pa_kolekcija-greys-anatomy-edge","14":"first","15":"instock","16":"shipping-taxable","17":"purchasable","18":"product-type-variable"},"yoast_head":"<!-- This site is optimized with the Yoast SEO plugin v27.4 - https:\/\/yoast.com\/product\/yoast-seo-wordpress\/ -->\n<title>GET006 Lyra Top \u2013 1406 Stormy Sky - uniform4baltic<\/title>\n<meta name=\"description\" content=\"Moteri\u0161ka polo palaidin\u0117, 3 ki\u0161en\u0117s.  Deran\u010dios keln\u0117s: GEP005 Lyra Pant. Med\u017eiaga: 76% nailonas, 24% elastanas.  Galimi dyd\u017eiai: XXS-3XL.  D\u0117l nesam\u0173 dyd\u017ei\u0173 ir spalv\u0173 kreiptis el. pa\u0161tu arba telefonu.             01  BLK 08  NRL 1406  SSK 1423  ALO 23  IND 40  CBL 65  WIN    * Prek\u0117 yra padidinta vienu dyd\u017eiu. Jei d\u0117vite M dyd\u012f, m\u016bs\u0173 prek\u0119 reik\u0117t\u0173 rinktis S dyd\u017eio.\" \/>\n<meta name=\"robots\" content=\"index, follow, max-snippet:-1, max-image-preview:large, max-video-preview:-1\" \/>\n<link rel=\"canonical\" href=\"https:\/\/uniform4baltic.com\/parduotuve\/moterims\/palaidines\/get006-lyra-top-1406-stormy-sky\/\" \/>\n<meta property=\"og:locale\" content=\"en_US\" \/>\n<meta property=\"og:type\" content=\"article\" \/>\n<meta property=\"og:title\" content=\"GET006 Lyra Top \u2013 1406 Stormy Sky - uniform4baltic\" \/>\n<meta property=\"og:description\" content=\"Moteri\u0161ka polo palaidin\u0117, 3 ki\u0161en\u0117s.  Deran\u010dios keln\u0117s: GEP005 Lyra Pant. Med\u017eiaga: 76% nailonas, 24% elastanas.  Galimi dyd\u017eiai: XXS-3XL.  D\u0117l nesam\u0173 dyd\u017ei\u0173 ir spalv\u0173 kreiptis el. pa\u0161tu arba telefonu.             01  BLK 08  NRL 1406  SSK 1423  ALO 23  IND 40  CBL 65  WIN    * Prek\u0117 yra padidinta vienu dyd\u017eiu. Jei d\u0117vite M dyd\u012f, m\u016bs\u0173 prek\u0119 reik\u0117t\u0173 rinktis S dyd\u017eio.\" \/>\n<meta property=\"og:url\" content=\"https:\/\/uniform4baltic.com\/parduotuve\/moterims\/palaidines\/get006-lyra-top-1406-stormy-sky\/\" \/>\n<meta property=\"og:site_name\" content=\"uniform4baltic\" \/>\n<meta property=\"article:modified_time\" content=\"2022-07-07T11:59:16+00:00\" \/>\n<meta property=\"og:image\" content=\"https:\/\/uniform4baltic.com\/wp-content\/uploads\/2020\/09\/m_GET006-1406.jpg\" \/>\n\t<meta property=\"og:image:width\" content=\"571\" \/>\n\t<meta property=\"og:image:height\" content=\"661\" \/>\n\t<meta property=\"og:image:type\" content=\"image\/jpeg\" \/>\n<meta name=\"twitter:card\" content=\"summary_large_image\" \/>\n<script type=\"application\/ld+json\" class=\"yoast-schema-graph\">{\"@context\":\"https:\\\/\\\/schema.org\",\"@graph\":[{\"@type\":\"WebPage\",\"@id\":\"https:\\\/\\\/uniform4baltic.com\\\/parduotuve\\\/moterims\\\/palaidines\\\/get006-lyra-top-1406-stormy-sky\\\/\",\"url\":\"https:\\\/\\\/uniform4baltic.com\\\/parduotuve\\\/moterims\\\/palaidines\\\/get006-lyra-top-1406-stormy-sky\\\/\",\"name\":\"GET006 Lyra Top \u2013 1406 Stormy Sky - uniform4baltic\",\"isPartOf\":{\"@id\":\"https:\\\/\\\/www.uniform4baltic.com\\\/en\\\/#website\"},\"primaryImageOfPage\":{\"@id\":\"https:\\\/\\\/uniform4baltic.com\\\/parduotuve\\\/moterims\\\/palaidines\\\/get006-lyra-top-1406-stormy-sky\\\/#primaryimage\"},\"image\":{\"@id\":\"https:\\\/\\\/uniform4baltic.com\\\/parduotuve\\\/moterims\\\/palaidines\\\/get006-lyra-top-1406-stormy-sky\\\/#primaryimage\"},\"thumbnailUrl\":\"https:\\\/\\\/uniform4baltic.com\\\/wp-content\\\/uploads\\\/2020\\\/09\\\/m_GET006-1406.jpg\",\"datePublished\":\"2020-09-16T06:49:44+00:00\",\"dateModified\":\"2022-07-07T11:59:16+00:00\",\"description\":\"Moteri\u0161ka polo palaidin\u0117, 3 ki\u0161en\u0117s. Deran\u010dios keln\u0117s: GEP005 Lyra Pant. Med\u017eiaga: 76% nailonas, 24% elastanas. Galimi dyd\u017eiai: XXS-3XL. D\u0117l nesam\u0173 dyd\u017ei\u0173 ir spalv\u0173 kreiptis el. pa\u0161tu arba telefonu. 01 BLK 08 NRL 1406 SSK 1423 ALO 23 IND 40 CBL 65 WIN * Prek\u0117 yra padidinta vienu dyd\u017eiu. Jei d\u0117vite M dyd\u012f, m\u016bs\u0173 prek\u0119 reik\u0117t\u0173 rinktis S dyd\u017eio.\",\"breadcrumb\":{\"@id\":\"https:\\\/\\\/uniform4baltic.com\\\/parduotuve\\\/moterims\\\/palaidines\\\/get006-lyra-top-1406-stormy-sky\\\/#breadcrumb\"},\"inLanguage\":\"en-US\",\"potentialAction\":[{\"@type\":\"ReadAction\",\"target\":[\"https:\\\/\\\/uniform4baltic.com\\\/parduotuve\\\/moterims\\\/palaidines\\\/get006-lyra-top-1406-stormy-sky\\\/\"]}]},{\"@type\":\"ImageObject\",\"inLanguage\":\"en-US\",\"@id\":\"https:\\\/\\\/uniform4baltic.com\\\/parduotuve\\\/moterims\\\/palaidines\\\/get006-lyra-top-1406-stormy-sky\\\/#primaryimage\",\"url\":\"https:\\\/\\\/uniform4baltic.com\\\/wp-content\\\/uploads\\\/2020\\\/09\\\/m_GET006-1406.jpg\",\"contentUrl\":\"https:\\\/\\\/uniform4baltic.com\\\/wp-content\\\/uploads\\\/2020\\\/09\\\/m_GET006-1406.jpg\",\"width\":571,\"height\":661},{\"@type\":\"BreadcrumbList\",\"@id\":\"https:\\\/\\\/uniform4baltic.com\\\/parduotuve\\\/moterims\\\/palaidines\\\/get006-lyra-top-1406-stormy-sky\\\/#breadcrumb\",\"itemListElement\":[{\"@type\":\"ListItem\",\"position\":1,\"name\":\"Home\",\"item\":\"https:\\\/\\\/uniform4baltic.com\\\/en\\\/\"},{\"@type\":\"ListItem\",\"position\":2,\"name\":\"Shop\",\"item\":\"https:\\\/\\\/uniform4baltic.com\\\/en\\\/shop-2\\\/\"},{\"@type\":\"ListItem\",\"position\":3,\"name\":\"GET006 Lyra Top \u2013 1406 Stormy Sky\"}]},{\"@type\":\"WebSite\",\"@id\":\"https:\\\/\\\/www.uniform4baltic.com\\\/en\\\/#website\",\"url\":\"https:\\\/\\\/www.uniform4baltic.com\\\/en\\\/\",\"name\":\"uniform4baltic.com\",\"description\":\"Medicinin\u0117 apranga\",\"publisher\":{\"@id\":\"https:\\\/\\\/www.uniform4baltic.com\\\/en\\\/#organization\"},\"potentialAction\":[{\"@type\":\"SearchAction\",\"target\":{\"@type\":\"EntryPoint\",\"urlTemplate\":\"https:\\\/\\\/www.uniform4baltic.com\\\/en\\\/?s={search_term_string}\"},\"query-input\":{\"@type\":\"PropertyValueSpecification\",\"valueRequired\":true,\"valueName\":\"search_term_string\"}}],\"inLanguage\":\"en-US\"},{\"@type\":\"Organization\",\"@id\":\"https:\\\/\\\/www.uniform4baltic.com\\\/en\\\/#organization\",\"name\":\"Apranga medikams\",\"url\":\"https:\\\/\\\/www.uniform4baltic.com\\\/en\\\/\",\"logo\":{\"@type\":\"ImageObject\",\"inLanguage\":\"en-US\",\"@id\":\"https:\\\/\\\/www.uniform4baltic.com\\\/en\\\/#\\\/schema\\\/logo\\\/image\\\/\",\"url\":\"https:\\\/\\\/uniform4baltic.com\\\/wp-content\\\/uploads\\\/2020\\\/06\\\/logo-web-1.png\",\"contentUrl\":\"https:\\\/\\\/uniform4baltic.com\\\/wp-content\\\/uploads\\\/2020\\\/06\\\/logo-web-1.png\",\"width\":500,\"height\":215,\"caption\":\"Apranga medikams\"},\"image\":{\"@id\":\"https:\\\/\\\/www.uniform4baltic.com\\\/en\\\/#\\\/schema\\\/logo\\\/image\\\/\"}}]}<\/script>\n<!-- \/ Yoast SEO plugin. -->","yoast_head_json":{"title":"GET006 Lyra Top \u2013 1406 Stormy Sky - uniform4baltic","description":"Moteri\u0161ka polo palaidin\u0117, 3 ki\u0161en\u0117s.  Deran\u010dios keln\u0117s: GEP005 Lyra Pant. Med\u017eiaga: 76% nailonas, 24% elastanas.  Galimi dyd\u017eiai: XXS-3XL.  D\u0117l nesam\u0173 dyd\u017ei\u0173 ir spalv\u0173 kreiptis el. pa\u0161tu arba telefonu.             01  BLK 08  NRL 1406  SSK 1423  ALO 23  IND 40  CBL 65  WIN    * Prek\u0117 yra padidinta vienu dyd\u017eiu. Jei d\u0117vite M dyd\u012f, m\u016bs\u0173 prek\u0119 reik\u0117t\u0173 rinktis S dyd\u017eio.","robots":{"index":"index","follow":"follow","max-snippet":"max-snippet:-1","max-image-preview":"max-image-preview:large","max-video-preview":"max-video-preview:-1"},"canonical":"https:\/\/uniform4baltic.com\/parduotuve\/moterims\/palaidines\/get006-lyra-top-1406-stormy-sky\/","og_locale":"en_US","og_type":"article","og_title":"GET006 Lyra Top \u2013 1406 Stormy Sky - uniform4baltic","og_description":"Moteri\u0161ka polo palaidin\u0117, 3 ki\u0161en\u0117s.  Deran\u010dios keln\u0117s: GEP005 Lyra Pant. Med\u017eiaga: 76% nailonas, 24% elastanas.  Galimi dyd\u017eiai: XXS-3XL.  D\u0117l nesam\u0173 dyd\u017ei\u0173 ir spalv\u0173 kreiptis el. pa\u0161tu arba telefonu.             01  BLK 08  NRL 1406  SSK 1423  ALO 23  IND 40  CBL 65  WIN    * Prek\u0117 yra padidinta vienu dyd\u017eiu. Jei d\u0117vite M dyd\u012f, m\u016bs\u0173 prek\u0119 reik\u0117t\u0173 rinktis S dyd\u017eio.","og_url":"https:\/\/uniform4baltic.com\/parduotuve\/moterims\/palaidines\/get006-lyra-top-1406-stormy-sky\/","og_site_name":"uniform4baltic","article_modified_time":"2022-07-07T11:59:16+00:00","og_image":[{"width":571,"height":661,"url":"https:\/\/uniform4baltic.com\/wp-content\/uploads\/2020\/09\/m_GET006-1406.jpg","type":"image\/jpeg"}],"twitter_card":"summary_large_image","schema":{"@context":"https:\/\/schema.org","@graph":[{"@type":"WebPage","@id":"https:\/\/uniform4baltic.com\/parduotuve\/moterims\/palaidines\/get006-lyra-top-1406-stormy-sky\/","url":"https:\/\/uniform4baltic.com\/parduotuve\/moterims\/palaidines\/get006-lyra-top-1406-stormy-sky\/","name":"GET006 Lyra Top \u2013 1406 Stormy Sky - uniform4baltic","isPartOf":{"@id":"https:\/\/www.uniform4baltic.com\/en\/#website"},"primaryImageOfPage":{"@id":"https:\/\/uniform4baltic.com\/parduotuve\/moterims\/palaidines\/get006-lyra-top-1406-stormy-sky\/#primaryimage"},"image":{"@id":"https:\/\/uniform4baltic.com\/parduotuve\/moterims\/palaidines\/get006-lyra-top-1406-stormy-sky\/#primaryimage"},"thumbnailUrl":"https:\/\/uniform4baltic.com\/wp-content\/uploads\/2020\/09\/m_GET006-1406.jpg","datePublished":"2020-09-16T06:49:44+00:00","dateModified":"2022-07-07T11:59:16+00:00","description":"Moteri\u0161ka polo palaidin\u0117, 3 ki\u0161en\u0117s. Deran\u010dios keln\u0117s: GEP005 Lyra Pant. Med\u017eiaga: 76% nailonas, 24% elastanas. Galimi dyd\u017eiai: XXS-3XL. D\u0117l nesam\u0173 dyd\u017ei\u0173 ir spalv\u0173 kreiptis el. pa\u0161tu arba telefonu. 01 BLK 08 NRL 1406 SSK 1423 ALO 23 IND 40 CBL 65 WIN * Prek\u0117 yra padidinta vienu dyd\u017eiu. Jei d\u0117vite M dyd\u012f, m\u016bs\u0173 prek\u0119 reik\u0117t\u0173 rinktis S dyd\u017eio.","breadcrumb":{"@id":"https:\/\/uniform4baltic.com\/parduotuve\/moterims\/palaidines\/get006-lyra-top-1406-stormy-sky\/#breadcrumb"},"inLanguage":"en-US","potentialAction":[{"@type":"ReadAction","target":["https:\/\/uniform4baltic.com\/parduotuve\/moterims\/palaidines\/get006-lyra-top-1406-stormy-sky\/"]}]},{"@type":"ImageObject","inLanguage":"en-US","@id":"https:\/\/uniform4baltic.com\/parduotuve\/moterims\/palaidines\/get006-lyra-top-1406-stormy-sky\/#primaryimage","url":"https:\/\/uniform4baltic.com\/wp-content\/uploads\/2020\/09\/m_GET006-1406.jpg","contentUrl":"https:\/\/uniform4baltic.com\/wp-content\/uploads\/2020\/09\/m_GET006-1406.jpg","width":571,"height":661},{"@type":"BreadcrumbList","@id":"https:\/\/uniform4baltic.com\/parduotuve\/moterims\/palaidines\/get006-lyra-top-1406-stormy-sky\/#breadcrumb","itemListElement":[{"@type":"ListItem","position":1,"name":"Home","item":"https:\/\/uniform4baltic.com\/en\/"},{"@type":"ListItem","position":2,"name":"Shop","item":"https:\/\/uniform4baltic.com\/en\/shop-2\/"},{"@type":"ListItem","position":3,"name":"GET006 Lyra Top \u2013 1406 Stormy Sky"}]},{"@type":"WebSite","@id":"https:\/\/www.uniform4baltic.com\/en\/#website","url":"https:\/\/www.uniform4baltic.com\/en\/","name":"uniform4baltic.com","description":"Medicinin\u0117 apranga","publisher":{"@id":"https:\/\/www.uniform4baltic.com\/en\/#organization"},"potentialAction":[{"@type":"SearchAction","target":{"@type":"EntryPoint","urlTemplate":"https:\/\/www.uniform4baltic.com\/en\/?s={search_term_string}"},"query-input":{"@type":"PropertyValueSpecification","valueRequired":true,"valueName":"search_term_string"}}],"inLanguage":"en-US"},{"@type":"Organization","@id":"https:\/\/www.uniform4baltic.com\/en\/#organization","name":"Apranga medikams","url":"https:\/\/www.uniform4baltic.com\/en\/","logo":{"@type":"ImageObject","inLanguage":"en-US","@id":"https:\/\/www.uniform4baltic.com\/en\/#\/schema\/logo\/image\/","url":"https:\/\/uniform4baltic.com\/wp-content\/uploads\/2020\/06\/logo-web-1.png","contentUrl":"https:\/\/uniform4baltic.com\/wp-content\/uploads\/2020\/06\/logo-web-1.png","width":500,"height":215,"caption":"Apranga medikams"},"image":{"@id":"https:\/\/www.uniform4baltic.com\/en\/#\/schema\/logo\/image\/"}}]}},"_links":{"self":[{"href":"https:\/\/uniform4baltic.com\/en\/wp-json\/wp\/v2\/product\/10868","targetHints":{"allow":["GET"]}}],"collection":[{"href":"https:\/\/uniform4baltic.com\/en\/wp-json\/wp\/v2\/product"}],"about":[{"href":"https:\/\/uniform4baltic.com\/en\/wp-json\/wp\/v2\/types\/product"}],"replies":[{"embeddable":true,"href":"https:\/\/uniform4baltic.com\/en\/wp-json\/wp\/v2\/comments?post=10868"}],"wp:featuredmedia":[{"embeddable":true,"href":"https:\/\/uniform4baltic.com\/en\/wp-json\/wp\/v2\/media\/10872"}],"wp:attachment":[{"href":"https:\/\/uniform4baltic.com\/en\/wp-json\/wp\/v2\/media?parent=10868"}],"wp:term":[{"taxonomy":"product_brand","embeddable":true,"href":"https:\/\/uniform4baltic.com\/en\/wp-json\/wp\/v2\/product_brand?post=10868"},{"taxonomy":"product_cat","embeddable":true,"href":"https:\/\/uniform4baltic.com\/en\/wp-json\/wp\/v2\/product_cat?post=10868"},{"taxonomy":"product_tag","embeddable":true,"href":"https:\/\/uniform4baltic.com\/en\/wp-json\/wp\/v2\/product_tag?post=10868"}],"curies":[{"name":"wp","href":"https:\/\/api.w.org\/{rel}","templated":true}]}}