{"id":13224,"date":"2021-05-20T10:58:48","date_gmt":"2021-05-20T12:58:48","guid":{"rendered":"https:\/\/uniform4baltic.com\/?post_type=product&#038;p=13224"},"modified":"2023-06-23T09:03:38","modified_gmt":"2023-06-23T11:03:38","slug":"be004-pant-65-wine","status":"publish","type":"product","link":"https:\/\/uniform4baltic.com\/en\/parduotuve\/womens\/trousers\/be004-pant-65-wine\/","title":{"rendered":"BE004  Pant \u2013 65 Wine"},"content":{"rendered":"","protected":false},"excerpt":{"rendered":"<p style=\"margin: 0px 0px 20px;padding: 0px;border: 0px;vertical-align: baseline;line-height: inherit;font-family: Inter, Arial, Helvetica, sans-serif;color: #777777;background-color: #ffffff\">Moteri\u0161kos keln\u0117s, 3 ki\u0161en\u0117s,<\/p>\n<p style=\"margin: 0px 0px 20px;padding: 0px;border: 0px;vertical-align: baseline;line-height: inherit;font-family: Inter, Arial, Helvetica, sans-serif;color: #777777;background-color: #ffffff\">auk\u0161tos temperat\u016bros skalbimas iki 70 laipsni\u0173.<\/p>\n<p style=\"margin: 0px 0px 20px;padding: 0px;border: 0px;vertical-align: baseline;line-height: inherit;font-family: Inter, Arial, Helvetica, sans-serif;color: #777777;background-color: #ffffff\">Med\u017eiaga: 65% poliesteris\u00a0 35% medviln\u0117<\/p>\n<p style=\"margin: 0px 0px 20px;padding: 0px;border: 0px;vertical-align: baseline;line-height: inherit;font-family: Inter, Arial, Helvetica, sans-serif;color: #777777;background-color: #ffffff\">* Prek\u0117 yra padidinta vienu dyd\u017eiu. Jei d\u0117vite M dyd\u012f, m\u016bs\u0173 prek\u0119 reik\u0117t\u0173 rinktis S dyd\u017eio<\/p>\n<p style=\"margin: 0px 0px 20px;padding: 0px;border: 0px;vertical-align: baseline;line-height: inherit;font-family: Inter, Arial, Helvetica, sans-serif;color: #777777;background-color: #ffffff\">Galimi dyd\u017eiai: XXS-5XL.<\/p>\n<p>D\u0117l nesam\u0173 dyd\u017ei\u0173 ir spalv\u0173 kreiptis el. pa\u0161tu arba telefonu.<\/p>\n","protected":false},"featured_media":13229,"comment_status":"open","ping_status":"closed","template":"","meta":[],"product_brand":[],"product_cat":[240,155,54,48,15],"product_tag":[374],"class_list":{"0":"post-13224","1":"product","2":"type-product","3":"status-publish","4":"has-post-thumbnail","6":"product_cat-dydziu-lentele","7":"product_cat-katalogas","8":"product_cat-kelnes-moterims","9":"product_cat-moterims","10":"product_cat-uncategorized","11":"product_tag-be004-65","12":"pa_kolekcija-barco-essentials","14":"first","15":"instock","16":"shipping-taxable","17":"purchasable","18":"product-type-variable"},"yoast_head":"<!-- This site is optimized with the Yoast SEO plugin v27.4 - https:\/\/yoast.com\/product\/yoast-seo-wordpress\/ -->\n<title>BE004 Pant \u2013 65 Wine - uniform4baltic<\/title>\n<meta name=\"description\" content=\"Moteri\u0161kos keln\u0117s, 3 ki\u0161en\u0117s, auk\u0161tos temperat\u016bros skalbimas iki 70 laipsni\u0173. Med\u017eiaga: 65% poliesteris\u00a0 35% medviln\u0117 * Prek\u0117 yra padidinta vienu dyd\u017eiu. Jei d\u0117vite M dyd\u012f, m\u016bs\u0173 prek\u0119 reik\u0117t\u0173 rinktis S dyd\u017eio Galimi dyd\u017eiai: XXS-5XL. D\u0117l nesam\u0173 dyd\u017ei\u0173 ir spalv\u0173 kreiptis el. pa\u0161tu arba telefonu.\" \/>\n<meta name=\"robots\" content=\"index, follow, max-snippet:-1, max-image-preview:large, max-video-preview:-1\" \/>\n<link rel=\"canonical\" href=\"https:\/\/uniform4baltic.com\/parduotuve\/moterims\/kelnes-moterims\/be004-pant-65-wine\/\" \/>\n<meta property=\"og:locale\" content=\"en_US\" \/>\n<meta property=\"og:type\" content=\"article\" \/>\n<meta property=\"og:title\" content=\"BE004 Pant \u2013 65 Wine - uniform4baltic\" \/>\n<meta property=\"og:description\" content=\"Moteri\u0161kos keln\u0117s, 3 ki\u0161en\u0117s, auk\u0161tos temperat\u016bros skalbimas iki 70 laipsni\u0173. Med\u017eiaga: 65% poliesteris\u00a0 35% medviln\u0117 * Prek\u0117 yra padidinta vienu dyd\u017eiu. Jei d\u0117vite M dyd\u012f, m\u016bs\u0173 prek\u0119 reik\u0117t\u0173 rinktis S dyd\u017eio Galimi dyd\u017eiai: XXS-5XL. D\u0117l nesam\u0173 dyd\u017ei\u0173 ir spalv\u0173 kreiptis el. pa\u0161tu arba telefonu.\" \/>\n<meta property=\"og:url\" content=\"https:\/\/uniform4baltic.com\/parduotuve\/moterims\/kelnes-moterims\/be004-pant-65-wine\/\" \/>\n<meta property=\"og:site_name\" content=\"uniform4baltic\" \/>\n<meta property=\"article:modified_time\" content=\"2023-06-23T11:03:38+00:00\" \/>\n<meta property=\"og:image\" content=\"https:\/\/uniform4baltic.com\/wp-content\/uploads\/2021\/05\/m_BE004-65-scaled.jpg\" \/>\n\t<meta property=\"og:image:width\" content=\"1829\" \/>\n\t<meta property=\"og:image:height\" content=\"2560\" \/>\n\t<meta property=\"og:image:type\" content=\"image\/jpeg\" \/>\n<meta name=\"twitter:card\" content=\"summary_large_image\" \/>\n<script type=\"application\/ld+json\" class=\"yoast-schema-graph\">{\"@context\":\"https:\\\/\\\/schema.org\",\"@graph\":[{\"@type\":\"WebPage\",\"@id\":\"https:\\\/\\\/uniform4baltic.com\\\/parduotuve\\\/moterims\\\/kelnes-moterims\\\/be004-pant-65-wine\\\/\",\"url\":\"https:\\\/\\\/uniform4baltic.com\\\/parduotuve\\\/moterims\\\/kelnes-moterims\\\/be004-pant-65-wine\\\/\",\"name\":\"BE004 Pant \u2013 65 Wine - uniform4baltic\",\"isPartOf\":{\"@id\":\"https:\\\/\\\/www.uniform4baltic.com\\\/en\\\/#website\"},\"primaryImageOfPage\":{\"@id\":\"https:\\\/\\\/uniform4baltic.com\\\/parduotuve\\\/moterims\\\/kelnes-moterims\\\/be004-pant-65-wine\\\/#primaryimage\"},\"image\":{\"@id\":\"https:\\\/\\\/uniform4baltic.com\\\/parduotuve\\\/moterims\\\/kelnes-moterims\\\/be004-pant-65-wine\\\/#primaryimage\"},\"thumbnailUrl\":\"https:\\\/\\\/uniform4baltic.com\\\/wp-content\\\/uploads\\\/2021\\\/05\\\/m_BE004-65-scaled.jpg\",\"datePublished\":\"2021-05-20T12:58:48+00:00\",\"dateModified\":\"2023-06-23T11:03:38+00:00\",\"description\":\"Moteri\u0161kos keln\u0117s, 3 ki\u0161en\u0117s, auk\u0161tos temperat\u016bros skalbimas iki 70 laipsni\u0173. Med\u017eiaga: 65% poliesteris\u00a0 35% medviln\u0117 * Prek\u0117 yra padidinta vienu dyd\u017eiu. Jei d\u0117vite M dyd\u012f, m\u016bs\u0173 prek\u0119 reik\u0117t\u0173 rinktis S dyd\u017eio Galimi dyd\u017eiai: XXS-5XL. D\u0117l nesam\u0173 dyd\u017ei\u0173 ir spalv\u0173 kreiptis el. pa\u0161tu arba telefonu.\",\"breadcrumb\":{\"@id\":\"https:\\\/\\\/uniform4baltic.com\\\/parduotuve\\\/moterims\\\/kelnes-moterims\\\/be004-pant-65-wine\\\/#breadcrumb\"},\"inLanguage\":\"en-US\",\"potentialAction\":[{\"@type\":\"ReadAction\",\"target\":[\"https:\\\/\\\/uniform4baltic.com\\\/parduotuve\\\/moterims\\\/kelnes-moterims\\\/be004-pant-65-wine\\\/\"]}]},{\"@type\":\"ImageObject\",\"inLanguage\":\"en-US\",\"@id\":\"https:\\\/\\\/uniform4baltic.com\\\/parduotuve\\\/moterims\\\/kelnes-moterims\\\/be004-pant-65-wine\\\/#primaryimage\",\"url\":\"https:\\\/\\\/uniform4baltic.com\\\/wp-content\\\/uploads\\\/2021\\\/05\\\/m_BE004-65-scaled.jpg\",\"contentUrl\":\"https:\\\/\\\/uniform4baltic.com\\\/wp-content\\\/uploads\\\/2021\\\/05\\\/m_BE004-65-scaled.jpg\",\"width\":1829,\"height\":2560},{\"@type\":\"BreadcrumbList\",\"@id\":\"https:\\\/\\\/uniform4baltic.com\\\/parduotuve\\\/moterims\\\/kelnes-moterims\\\/be004-pant-65-wine\\\/#breadcrumb\",\"itemListElement\":[{\"@type\":\"ListItem\",\"position\":1,\"name\":\"Home\",\"item\":\"https:\\\/\\\/uniform4baltic.com\\\/en\\\/\"},{\"@type\":\"ListItem\",\"position\":2,\"name\":\"Shop\",\"item\":\"https:\\\/\\\/uniform4baltic.com\\\/en\\\/shop-2\\\/\"},{\"@type\":\"ListItem\",\"position\":3,\"name\":\"BE004 Pant \u2013 65 Wine\"}]},{\"@type\":\"WebSite\",\"@id\":\"https:\\\/\\\/www.uniform4baltic.com\\\/en\\\/#website\",\"url\":\"https:\\\/\\\/www.uniform4baltic.com\\\/en\\\/\",\"name\":\"uniform4baltic.com\",\"description\":\"Medicinin\u0117 apranga\",\"publisher\":{\"@id\":\"https:\\\/\\\/www.uniform4baltic.com\\\/en\\\/#organization\"},\"potentialAction\":[{\"@type\":\"SearchAction\",\"target\":{\"@type\":\"EntryPoint\",\"urlTemplate\":\"https:\\\/\\\/www.uniform4baltic.com\\\/en\\\/?s={search_term_string}\"},\"query-input\":{\"@type\":\"PropertyValueSpecification\",\"valueRequired\":true,\"valueName\":\"search_term_string\"}}],\"inLanguage\":\"en-US\"},{\"@type\":\"Organization\",\"@id\":\"https:\\\/\\\/www.uniform4baltic.com\\\/en\\\/#organization\",\"name\":\"Apranga medikams\",\"url\":\"https:\\\/\\\/www.uniform4baltic.com\\\/en\\\/\",\"logo\":{\"@type\":\"ImageObject\",\"inLanguage\":\"en-US\",\"@id\":\"https:\\\/\\\/www.uniform4baltic.com\\\/en\\\/#\\\/schema\\\/logo\\\/image\\\/\",\"url\":\"https:\\\/\\\/uniform4baltic.com\\\/wp-content\\\/uploads\\\/2020\\\/06\\\/logo-web-1.png\",\"contentUrl\":\"https:\\\/\\\/uniform4baltic.com\\\/wp-content\\\/uploads\\\/2020\\\/06\\\/logo-web-1.png\",\"width\":500,\"height\":215,\"caption\":\"Apranga medikams\"},\"image\":{\"@id\":\"https:\\\/\\\/www.uniform4baltic.com\\\/en\\\/#\\\/schema\\\/logo\\\/image\\\/\"}}]}<\/script>\n<!-- \/ Yoast SEO plugin. -->","yoast_head_json":{"title":"BE004 Pant \u2013 65 Wine - uniform4baltic","description":"Moteri\u0161kos keln\u0117s, 3 ki\u0161en\u0117s, auk\u0161tos temperat\u016bros skalbimas iki 70 laipsni\u0173. Med\u017eiaga: 65% poliesteris\u00a0 35% medviln\u0117 * Prek\u0117 yra padidinta vienu dyd\u017eiu. Jei d\u0117vite M dyd\u012f, m\u016bs\u0173 prek\u0119 reik\u0117t\u0173 rinktis S dyd\u017eio Galimi dyd\u017eiai: XXS-5XL. D\u0117l nesam\u0173 dyd\u017ei\u0173 ir spalv\u0173 kreiptis el. pa\u0161tu arba telefonu.","robots":{"index":"index","follow":"follow","max-snippet":"max-snippet:-1","max-image-preview":"max-image-preview:large","max-video-preview":"max-video-preview:-1"},"canonical":"https:\/\/uniform4baltic.com\/parduotuve\/moterims\/kelnes-moterims\/be004-pant-65-wine\/","og_locale":"en_US","og_type":"article","og_title":"BE004 Pant \u2013 65 Wine - uniform4baltic","og_description":"Moteri\u0161kos keln\u0117s, 3 ki\u0161en\u0117s, auk\u0161tos temperat\u016bros skalbimas iki 70 laipsni\u0173. Med\u017eiaga: 65% poliesteris\u00a0 35% medviln\u0117 * Prek\u0117 yra padidinta vienu dyd\u017eiu. Jei d\u0117vite M dyd\u012f, m\u016bs\u0173 prek\u0119 reik\u0117t\u0173 rinktis S dyd\u017eio Galimi dyd\u017eiai: XXS-5XL. D\u0117l nesam\u0173 dyd\u017ei\u0173 ir spalv\u0173 kreiptis el. pa\u0161tu arba telefonu.","og_url":"https:\/\/uniform4baltic.com\/parduotuve\/moterims\/kelnes-moterims\/be004-pant-65-wine\/","og_site_name":"uniform4baltic","article_modified_time":"2023-06-23T11:03:38+00:00","og_image":[{"width":1829,"height":2560,"url":"https:\/\/uniform4baltic.com\/wp-content\/uploads\/2021\/05\/m_BE004-65-scaled.jpg","type":"image\/jpeg"}],"twitter_card":"summary_large_image","schema":{"@context":"https:\/\/schema.org","@graph":[{"@type":"WebPage","@id":"https:\/\/uniform4baltic.com\/parduotuve\/moterims\/kelnes-moterims\/be004-pant-65-wine\/","url":"https:\/\/uniform4baltic.com\/parduotuve\/moterims\/kelnes-moterims\/be004-pant-65-wine\/","name":"BE004 Pant \u2013 65 Wine - uniform4baltic","isPartOf":{"@id":"https:\/\/www.uniform4baltic.com\/en\/#website"},"primaryImageOfPage":{"@id":"https:\/\/uniform4baltic.com\/parduotuve\/moterims\/kelnes-moterims\/be004-pant-65-wine\/#primaryimage"},"image":{"@id":"https:\/\/uniform4baltic.com\/parduotuve\/moterims\/kelnes-moterims\/be004-pant-65-wine\/#primaryimage"},"thumbnailUrl":"https:\/\/uniform4baltic.com\/wp-content\/uploads\/2021\/05\/m_BE004-65-scaled.jpg","datePublished":"2021-05-20T12:58:48+00:00","dateModified":"2023-06-23T11:03:38+00:00","description":"Moteri\u0161kos keln\u0117s, 3 ki\u0161en\u0117s, auk\u0161tos temperat\u016bros skalbimas iki 70 laipsni\u0173. Med\u017eiaga: 65% poliesteris\u00a0 35% medviln\u0117 * Prek\u0117 yra padidinta vienu dyd\u017eiu. Jei d\u0117vite M dyd\u012f, m\u016bs\u0173 prek\u0119 reik\u0117t\u0173 rinktis S dyd\u017eio Galimi dyd\u017eiai: XXS-5XL. D\u0117l nesam\u0173 dyd\u017ei\u0173 ir spalv\u0173 kreiptis el. pa\u0161tu arba telefonu.","breadcrumb":{"@id":"https:\/\/uniform4baltic.com\/parduotuve\/moterims\/kelnes-moterims\/be004-pant-65-wine\/#breadcrumb"},"inLanguage":"en-US","potentialAction":[{"@type":"ReadAction","target":["https:\/\/uniform4baltic.com\/parduotuve\/moterims\/kelnes-moterims\/be004-pant-65-wine\/"]}]},{"@type":"ImageObject","inLanguage":"en-US","@id":"https:\/\/uniform4baltic.com\/parduotuve\/moterims\/kelnes-moterims\/be004-pant-65-wine\/#primaryimage","url":"https:\/\/uniform4baltic.com\/wp-content\/uploads\/2021\/05\/m_BE004-65-scaled.jpg","contentUrl":"https:\/\/uniform4baltic.com\/wp-content\/uploads\/2021\/05\/m_BE004-65-scaled.jpg","width":1829,"height":2560},{"@type":"BreadcrumbList","@id":"https:\/\/uniform4baltic.com\/parduotuve\/moterims\/kelnes-moterims\/be004-pant-65-wine\/#breadcrumb","itemListElement":[{"@type":"ListItem","position":1,"name":"Home","item":"https:\/\/uniform4baltic.com\/en\/"},{"@type":"ListItem","position":2,"name":"Shop","item":"https:\/\/uniform4baltic.com\/en\/shop-2\/"},{"@type":"ListItem","position":3,"name":"BE004 Pant \u2013 65 Wine"}]},{"@type":"WebSite","@id":"https:\/\/www.uniform4baltic.com\/en\/#website","url":"https:\/\/www.uniform4baltic.com\/en\/","name":"uniform4baltic.com","description":"Medicinin\u0117 apranga","publisher":{"@id":"https:\/\/www.uniform4baltic.com\/en\/#organization"},"potentialAction":[{"@type":"SearchAction","target":{"@type":"EntryPoint","urlTemplate":"https:\/\/www.uniform4baltic.com\/en\/?s={search_term_string}"},"query-input":{"@type":"PropertyValueSpecification","valueRequired":true,"valueName":"search_term_string"}}],"inLanguage":"en-US"},{"@type":"Organization","@id":"https:\/\/www.uniform4baltic.com\/en\/#organization","name":"Apranga medikams","url":"https:\/\/www.uniform4baltic.com\/en\/","logo":{"@type":"ImageObject","inLanguage":"en-US","@id":"https:\/\/www.uniform4baltic.com\/en\/#\/schema\/logo\/image\/","url":"https:\/\/uniform4baltic.com\/wp-content\/uploads\/2020\/06\/logo-web-1.png","contentUrl":"https:\/\/uniform4baltic.com\/wp-content\/uploads\/2020\/06\/logo-web-1.png","width":500,"height":215,"caption":"Apranga medikams"},"image":{"@id":"https:\/\/www.uniform4baltic.com\/en\/#\/schema\/logo\/image\/"}}]}},"_links":{"self":[{"href":"https:\/\/uniform4baltic.com\/en\/wp-json\/wp\/v2\/product\/13224","targetHints":{"allow":["GET"]}}],"collection":[{"href":"https:\/\/uniform4baltic.com\/en\/wp-json\/wp\/v2\/product"}],"about":[{"href":"https:\/\/uniform4baltic.com\/en\/wp-json\/wp\/v2\/types\/product"}],"replies":[{"embeddable":true,"href":"https:\/\/uniform4baltic.com\/en\/wp-json\/wp\/v2\/comments?post=13224"}],"wp:featuredmedia":[{"embeddable":true,"href":"https:\/\/uniform4baltic.com\/en\/wp-json\/wp\/v2\/media\/13229"}],"wp:attachment":[{"href":"https:\/\/uniform4baltic.com\/en\/wp-json\/wp\/v2\/media?parent=13224"}],"wp:term":[{"taxonomy":"product_brand","embeddable":true,"href":"https:\/\/uniform4baltic.com\/en\/wp-json\/wp\/v2\/product_brand?post=13224"},{"taxonomy":"product_cat","embeddable":true,"href":"https:\/\/uniform4baltic.com\/en\/wp-json\/wp\/v2\/product_cat?post=13224"},{"taxonomy":"product_tag","embeddable":true,"href":"https:\/\/uniform4baltic.com\/en\/wp-json\/wp\/v2\/product_tag?post=13224"}],"curies":[{"name":"wp","href":"https:\/\/api.w.org\/{rel}","templated":true}]}}