{"id":16615,"date":"2022-03-31T09:34:41","date_gmt":"2022-03-31T11:34:41","guid":{"rendered":"https:\/\/uniform4baltic.com\/?post_type=product&#038;p=16615"},"modified":"2026-03-17T12:38:12","modified_gmt":"2026-03-17T14:38:12","slug":"grst079-mens-top-08-new-royal","status":"publish","type":"product","link":"https:\/\/uniform4baltic.com\/en\/parduotuve\/mens\/blouses-en\/grst079-mens-top-08-new-royal\/","title":{"rendered":"GRST079 Mens Top \u2013 08 New Royal"},"content":{"rendered":"","protected":false},"excerpt":{"rendered":"<p>Vyri\u0161ka palaidin\u0117 V formos kaklu, 2 ki\u0161en\u0117s.<\/p>\n<p>Deran\u010dios keln\u0117s: GRSP550<\/p>\n<p>Med\u017eiaga:<br \/>\n74% poliesteris, 23% viskoz\u0117, 3% elastanas.<\/p>\n<p>Galimi dyd\u017eiai: XS-5XL.<\/p>\n<p>D\u0117l nesam\u0173 dyd\u017ei\u0173 ar spalv\u0173 kreiptis el. pa\u0161tu arba telefonu.<\/p>\n","protected":false},"featured_media":36595,"comment_status":"open","ping_status":"closed","template":"","meta":[],"product_brand":[],"product_cat":[15,49,57],"product_tag":[656],"class_list":{"0":"post-16615","1":"product","2":"type-product","3":"status-publish","4":"has-post-thumbnail","6":"product_cat-uncategorized","7":"product_cat-vyrams","8":"product_cat-palaidines-vyrams","9":"product_tag-grst079-08","10":"pa_kolekcija-greys-anatomy-stretch","12":"first","13":"instock","14":"shipping-taxable","15":"purchasable","16":"product-type-variable"},"yoast_head":"<!-- This site is optimized with the Yoast SEO plugin v26.9 - https:\/\/yoast.com\/product\/yoast-seo-wordpress\/ -->\n<title>GRST079 Mens Top \u2013 08 New Royal - uniform4baltic<\/title>\n<meta name=\"description\" content=\"Vyri\u0161ka palaidin\u0117 V formos kaklu, 2 ki\u0161en\u0117s.  Deran\u010dios keln\u0117s: GRSP550  Med\u017eiaga: 74% poliesteris, 23% viskoz\u0117, 3% elastanas.  Galimi dyd\u017eiai: XS-5XL.  D\u0117l nesam\u0173 dyd\u017ei\u0173 ar spalv\u0173 kreiptis el. pa\u0161tu arba telefonu.\" \/>\n<meta name=\"robots\" content=\"index, follow, max-snippet:-1, max-image-preview:large, max-video-preview:-1\" \/>\n<link rel=\"canonical\" href=\"https:\/\/uniform4baltic.com\/parduotuve\/vyrams\/palaidines-vyrams\/grst079-mens-top-08-new-royal\/\" \/>\n<meta property=\"og:locale\" content=\"en_US\" \/>\n<meta property=\"og:type\" content=\"article\" \/>\n<meta property=\"og:title\" content=\"GRST079 Mens Top \u2013 08 New Royal - uniform4baltic\" \/>\n<meta property=\"og:description\" content=\"Vyri\u0161ka palaidin\u0117 V formos kaklu, 2 ki\u0161en\u0117s.  Deran\u010dios keln\u0117s: GRSP550  Med\u017eiaga: 74% poliesteris, 23% viskoz\u0117, 3% elastanas.  Galimi dyd\u017eiai: XS-5XL.  D\u0117l nesam\u0173 dyd\u017ei\u0173 ar spalv\u0173 kreiptis el. pa\u0161tu arba telefonu.\" \/>\n<meta property=\"og:url\" content=\"https:\/\/uniform4baltic.com\/parduotuve\/vyrams\/palaidines-vyrams\/grst079-mens-top-08-new-royal\/\" \/>\n<meta property=\"og:site_name\" content=\"uniform4baltic\" \/>\n<meta property=\"article:modified_time\" content=\"2026-03-17T14:38:12+00:00\" \/>\n<meta property=\"og:image\" content=\"https:\/\/uniform4baltic.com\/wp-content\/uploads\/2022\/03\/eywhpqfnoqiqaeqlakm2.jpg\" \/>\n\t<meta property=\"og:image:width\" content=\"415\" \/>\n\t<meta property=\"og:image:height\" content=\"600\" \/>\n\t<meta property=\"og:image:type\" content=\"image\/jpeg\" \/>\n<meta name=\"twitter:card\" content=\"summary_large_image\" \/>\n<meta name=\"twitter:label1\" content=\"Est. reading time\" \/>\n\t<meta name=\"twitter:data1\" content=\"1 minute\" \/>\n<script type=\"application\/ld+json\" class=\"yoast-schema-graph\">{\"@context\":\"https:\/\/schema.org\",\"@graph\":[{\"@type\":\"WebPage\",\"@id\":\"https:\/\/uniform4baltic.com\/parduotuve\/vyrams\/palaidines-vyrams\/grst079-mens-top-08-new-royal\/\",\"url\":\"https:\/\/uniform4baltic.com\/parduotuve\/vyrams\/palaidines-vyrams\/grst079-mens-top-08-new-royal\/\",\"name\":\"GRST079 Mens Top \u2013 08 New Royal - uniform4baltic\",\"isPartOf\":{\"@id\":\"https:\/\/www.uniform4baltic.com\/en\/#website\"},\"primaryImageOfPage\":{\"@id\":\"https:\/\/uniform4baltic.com\/parduotuve\/vyrams\/palaidines-vyrams\/grst079-mens-top-08-new-royal\/#primaryimage\"},\"image\":{\"@id\":\"https:\/\/uniform4baltic.com\/parduotuve\/vyrams\/palaidines-vyrams\/grst079-mens-top-08-new-royal\/#primaryimage\"},\"thumbnailUrl\":\"https:\/\/uniform4baltic.com\/wp-content\/uploads\/2022\/03\/eywhpqfnoqiqaeqlakm2.jpg\",\"datePublished\":\"2022-03-31T11:34:41+00:00\",\"dateModified\":\"2026-03-17T14:38:12+00:00\",\"description\":\"Vyri\u0161ka palaidin\u0117 V formos kaklu, 2 ki\u0161en\u0117s. Deran\u010dios keln\u0117s: GRSP550 Med\u017eiaga: 74% poliesteris, 23% viskoz\u0117, 3% elastanas. Galimi dyd\u017eiai: XS-5XL. D\u0117l nesam\u0173 dyd\u017ei\u0173 ar spalv\u0173 kreiptis el. pa\u0161tu arba telefonu.\",\"breadcrumb\":{\"@id\":\"https:\/\/uniform4baltic.com\/parduotuve\/vyrams\/palaidines-vyrams\/grst079-mens-top-08-new-royal\/#breadcrumb\"},\"inLanguage\":\"en-US\",\"potentialAction\":[{\"@type\":\"ReadAction\",\"target\":[\"https:\/\/uniform4baltic.com\/parduotuve\/vyrams\/palaidines-vyrams\/grst079-mens-top-08-new-royal\/\"]}]},{\"@type\":\"ImageObject\",\"inLanguage\":\"en-US\",\"@id\":\"https:\/\/uniform4baltic.com\/parduotuve\/vyrams\/palaidines-vyrams\/grst079-mens-top-08-new-royal\/#primaryimage\",\"url\":\"https:\/\/uniform4baltic.com\/wp-content\/uploads\/2022\/03\/eywhpqfnoqiqaeqlakm2.jpg\",\"contentUrl\":\"https:\/\/uniform4baltic.com\/wp-content\/uploads\/2022\/03\/eywhpqfnoqiqaeqlakm2.jpg\",\"width\":415,\"height\":600},{\"@type\":\"BreadcrumbList\",\"@id\":\"https:\/\/uniform4baltic.com\/parduotuve\/vyrams\/palaidines-vyrams\/grst079-mens-top-08-new-royal\/#breadcrumb\",\"itemListElement\":[{\"@type\":\"ListItem\",\"position\":1,\"name\":\"Home\",\"item\":\"https:\/\/uniform4baltic.com\/en\/\"},{\"@type\":\"ListItem\",\"position\":2,\"name\":\"Shop\",\"item\":\"https:\/\/uniform4baltic.com\/en\/shop-2\/\"},{\"@type\":\"ListItem\",\"position\":3,\"name\":\"GRST079 Mens Top \u2013 08 New Royal\"}]},{\"@type\":\"WebSite\",\"@id\":\"https:\/\/www.uniform4baltic.com\/en\/#website\",\"url\":\"https:\/\/www.uniform4baltic.com\/en\/\",\"name\":\"uniform4baltic.com\",\"description\":\"Medicinin\u0117 apranga\",\"publisher\":{\"@id\":\"https:\/\/www.uniform4baltic.com\/en\/#organization\"},\"potentialAction\":[{\"@type\":\"SearchAction\",\"target\":{\"@type\":\"EntryPoint\",\"urlTemplate\":\"https:\/\/www.uniform4baltic.com\/en\/?s={search_term_string}\"},\"query-input\":{\"@type\":\"PropertyValueSpecification\",\"valueRequired\":true,\"valueName\":\"search_term_string\"}}],\"inLanguage\":\"en-US\"},{\"@type\":\"Organization\",\"@id\":\"https:\/\/www.uniform4baltic.com\/en\/#organization\",\"name\":\"Apranga medikams\",\"url\":\"https:\/\/www.uniform4baltic.com\/en\/\",\"logo\":{\"@type\":\"ImageObject\",\"inLanguage\":\"en-US\",\"@id\":\"https:\/\/www.uniform4baltic.com\/en\/#\/schema\/logo\/image\/\",\"url\":\"https:\/\/uniform4baltic.com\/wp-content\/uploads\/2020\/06\/logo-web-1.png\",\"contentUrl\":\"https:\/\/uniform4baltic.com\/wp-content\/uploads\/2020\/06\/logo-web-1.png\",\"width\":500,\"height\":215,\"caption\":\"Apranga medikams\"},\"image\":{\"@id\":\"https:\/\/www.uniform4baltic.com\/en\/#\/schema\/logo\/image\/\"}}]}<\/script>\n<!-- \/ Yoast SEO plugin. -->","yoast_head_json":{"title":"GRST079 Mens Top \u2013 08 New Royal - uniform4baltic","description":"Vyri\u0161ka palaidin\u0117 V formos kaklu, 2 ki\u0161en\u0117s.  Deran\u010dios keln\u0117s: GRSP550  Med\u017eiaga: 74% poliesteris, 23% viskoz\u0117, 3% elastanas.  Galimi dyd\u017eiai: XS-5XL.  D\u0117l nesam\u0173 dyd\u017ei\u0173 ar spalv\u0173 kreiptis el. pa\u0161tu arba telefonu.","robots":{"index":"index","follow":"follow","max-snippet":"max-snippet:-1","max-image-preview":"max-image-preview:large","max-video-preview":"max-video-preview:-1"},"canonical":"https:\/\/uniform4baltic.com\/parduotuve\/vyrams\/palaidines-vyrams\/grst079-mens-top-08-new-royal\/","og_locale":"en_US","og_type":"article","og_title":"GRST079 Mens Top \u2013 08 New Royal - uniform4baltic","og_description":"Vyri\u0161ka palaidin\u0117 V formos kaklu, 2 ki\u0161en\u0117s.  Deran\u010dios keln\u0117s: GRSP550  Med\u017eiaga: 74% poliesteris, 23% viskoz\u0117, 3% elastanas.  Galimi dyd\u017eiai: XS-5XL.  D\u0117l nesam\u0173 dyd\u017ei\u0173 ar spalv\u0173 kreiptis el. pa\u0161tu arba telefonu.","og_url":"https:\/\/uniform4baltic.com\/parduotuve\/vyrams\/palaidines-vyrams\/grst079-mens-top-08-new-royal\/","og_site_name":"uniform4baltic","article_modified_time":"2026-03-17T14:38:12+00:00","og_image":[{"width":415,"height":600,"url":"https:\/\/uniform4baltic.com\/wp-content\/uploads\/2022\/03\/eywhpqfnoqiqaeqlakm2.jpg","type":"image\/jpeg"}],"twitter_card":"summary_large_image","twitter_misc":{"Est. reading time":"1 minute"},"schema":{"@context":"https:\/\/schema.org","@graph":[{"@type":"WebPage","@id":"https:\/\/uniform4baltic.com\/parduotuve\/vyrams\/palaidines-vyrams\/grst079-mens-top-08-new-royal\/","url":"https:\/\/uniform4baltic.com\/parduotuve\/vyrams\/palaidines-vyrams\/grst079-mens-top-08-new-royal\/","name":"GRST079 Mens Top \u2013 08 New Royal - uniform4baltic","isPartOf":{"@id":"https:\/\/www.uniform4baltic.com\/en\/#website"},"primaryImageOfPage":{"@id":"https:\/\/uniform4baltic.com\/parduotuve\/vyrams\/palaidines-vyrams\/grst079-mens-top-08-new-royal\/#primaryimage"},"image":{"@id":"https:\/\/uniform4baltic.com\/parduotuve\/vyrams\/palaidines-vyrams\/grst079-mens-top-08-new-royal\/#primaryimage"},"thumbnailUrl":"https:\/\/uniform4baltic.com\/wp-content\/uploads\/2022\/03\/eywhpqfnoqiqaeqlakm2.jpg","datePublished":"2022-03-31T11:34:41+00:00","dateModified":"2026-03-17T14:38:12+00:00","description":"Vyri\u0161ka palaidin\u0117 V formos kaklu, 2 ki\u0161en\u0117s. Deran\u010dios keln\u0117s: GRSP550 Med\u017eiaga: 74% poliesteris, 23% viskoz\u0117, 3% elastanas. Galimi dyd\u017eiai: XS-5XL. D\u0117l nesam\u0173 dyd\u017ei\u0173 ar spalv\u0173 kreiptis el. pa\u0161tu arba telefonu.","breadcrumb":{"@id":"https:\/\/uniform4baltic.com\/parduotuve\/vyrams\/palaidines-vyrams\/grst079-mens-top-08-new-royal\/#breadcrumb"},"inLanguage":"en-US","potentialAction":[{"@type":"ReadAction","target":["https:\/\/uniform4baltic.com\/parduotuve\/vyrams\/palaidines-vyrams\/grst079-mens-top-08-new-royal\/"]}]},{"@type":"ImageObject","inLanguage":"en-US","@id":"https:\/\/uniform4baltic.com\/parduotuve\/vyrams\/palaidines-vyrams\/grst079-mens-top-08-new-royal\/#primaryimage","url":"https:\/\/uniform4baltic.com\/wp-content\/uploads\/2022\/03\/eywhpqfnoqiqaeqlakm2.jpg","contentUrl":"https:\/\/uniform4baltic.com\/wp-content\/uploads\/2022\/03\/eywhpqfnoqiqaeqlakm2.jpg","width":415,"height":600},{"@type":"BreadcrumbList","@id":"https:\/\/uniform4baltic.com\/parduotuve\/vyrams\/palaidines-vyrams\/grst079-mens-top-08-new-royal\/#breadcrumb","itemListElement":[{"@type":"ListItem","position":1,"name":"Home","item":"https:\/\/uniform4baltic.com\/en\/"},{"@type":"ListItem","position":2,"name":"Shop","item":"https:\/\/uniform4baltic.com\/en\/shop-2\/"},{"@type":"ListItem","position":3,"name":"GRST079 Mens Top \u2013 08 New Royal"}]},{"@type":"WebSite","@id":"https:\/\/www.uniform4baltic.com\/en\/#website","url":"https:\/\/www.uniform4baltic.com\/en\/","name":"uniform4baltic.com","description":"Medicinin\u0117 apranga","publisher":{"@id":"https:\/\/www.uniform4baltic.com\/en\/#organization"},"potentialAction":[{"@type":"SearchAction","target":{"@type":"EntryPoint","urlTemplate":"https:\/\/www.uniform4baltic.com\/en\/?s={search_term_string}"},"query-input":{"@type":"PropertyValueSpecification","valueRequired":true,"valueName":"search_term_string"}}],"inLanguage":"en-US"},{"@type":"Organization","@id":"https:\/\/www.uniform4baltic.com\/en\/#organization","name":"Apranga medikams","url":"https:\/\/www.uniform4baltic.com\/en\/","logo":{"@type":"ImageObject","inLanguage":"en-US","@id":"https:\/\/www.uniform4baltic.com\/en\/#\/schema\/logo\/image\/","url":"https:\/\/uniform4baltic.com\/wp-content\/uploads\/2020\/06\/logo-web-1.png","contentUrl":"https:\/\/uniform4baltic.com\/wp-content\/uploads\/2020\/06\/logo-web-1.png","width":500,"height":215,"caption":"Apranga medikams"},"image":{"@id":"https:\/\/www.uniform4baltic.com\/en\/#\/schema\/logo\/image\/"}}]}},"_links":{"self":[{"href":"https:\/\/uniform4baltic.com\/en\/wp-json\/wp\/v2\/product\/16615","targetHints":{"allow":["GET"]}}],"collection":[{"href":"https:\/\/uniform4baltic.com\/en\/wp-json\/wp\/v2\/product"}],"about":[{"href":"https:\/\/uniform4baltic.com\/en\/wp-json\/wp\/v2\/types\/product"}],"replies":[{"embeddable":true,"href":"https:\/\/uniform4baltic.com\/en\/wp-json\/wp\/v2\/comments?post=16615"}],"wp:featuredmedia":[{"embeddable":true,"href":"https:\/\/uniform4baltic.com\/en\/wp-json\/wp\/v2\/media\/36595"}],"wp:attachment":[{"href":"https:\/\/uniform4baltic.com\/en\/wp-json\/wp\/v2\/media?parent=16615"}],"wp:term":[{"taxonomy":"product_brand","embeddable":true,"href":"https:\/\/uniform4baltic.com\/en\/wp-json\/wp\/v2\/product_brand?post=16615"},{"taxonomy":"product_cat","embeddable":true,"href":"https:\/\/uniform4baltic.com\/en\/wp-json\/wp\/v2\/product_cat?post=16615"},{"taxonomy":"product_tag","embeddable":true,"href":"https:\/\/uniform4baltic.com\/en\/wp-json\/wp\/v2\/product_tag?post=16615"}],"curies":[{"name":"wp","href":"https:\/\/api.w.org\/{rel}","templated":true}]}}