{"id":16776,"date":"2022-06-15T11:18:54","date_gmt":"2022-06-15T13:18:54","guid":{"rendered":"https:\/\/uniform4baltic.com\/?post_type=product&#038;p=16776"},"modified":"2025-12-16T11:32:49","modified_gmt":"2025-12-16T13:32:49","slug":"be003-37-unisex-jacket","status":"publish","type":"product","link":"https:\/\/uniform4baltic.com\/en\/parduotuve\/last-item\/womens-en\/be003-37-unisex-jacket\/","title":{"rendered":"BE003 \u2013 37 UNISEX JACKET"},"content":{"rendered":"","protected":false},"excerpt":{"rendered":"<p>\u0160varkelis su apvalia i\u0161kirpte, ilgomis rankov\u0117mis, priekyje u\u017esegamu u\u017etrauktuku, dviem priekin\u0117mis ki\u0161en\u0117mis ir trikota\u017einiais rankogaliais j\u016bs\u0173 kasdieniam patogumui ir na\u0161umui.<\/p>\n<p>65% poliesteris 35% medviln\u0117.<\/p>\n<p>&nbsp;<\/p>\n<p>D\u0117l spalv\u0173 ir dyd\u017ei\u0173 krepkit\u0117s \u012f el.pa\u0161t\u0105 arba telefonu.<\/p>\n","protected":false},"featured_media":16778,"comment_status":"open","ping_status":"closed","template":"","meta":[],"product_brand":[],"product_cat":[240,61,48,51,56,15],"product_tag":[678],"class_list":{"0":"post-16776","1":"product","2":"type-product","3":"status-publish","4":"has-post-thumbnail","6":"product_cat-dydziu-lentele","7":"product_cat-moterims-ispardavimas","8":"product_cat-moterims","9":"product_cat-paskutine-preke","10":"product_cat-svarkeliai","11":"product_cat-uncategorized","12":"product_tag-be003-37","13":"pa_kolekcija-barco-essentials","15":"first","16":"instock","17":"shipping-taxable","18":"purchasable","19":"product-type-variable"},"yoast_head":"<!-- This site is optimized with the Yoast SEO plugin v27.4 - https:\/\/yoast.com\/product\/yoast-seo-wordpress\/ -->\n<title>BE003 \u2013 37 UNISEX JACKET - uniform4baltic<\/title>\n<meta name=\"description\" content=\"\u0160varkelis su apvalia i\u0161kirpte, ilgomis rankov\u0117mis, priekyje u\u017esegamu u\u017etrauktuku, dviem priekin\u0117mis ki\u0161en\u0117mis ir trikota\u017einiais rankogaliais j\u016bs\u0173 kasdieniam patogumui ir na\u0161umui.  65% poliesteris 35% medviln\u0117.  &nbsp;  D\u0117l spalv\u0173 ir dyd\u017ei\u0173 krepkit\u0117s \u012f el.pa\u0161t\u0105 arba telefonu.\" \/>\n<meta name=\"robots\" content=\"index, follow, max-snippet:-1, max-image-preview:large, max-video-preview:-1\" \/>\n<link rel=\"canonical\" href=\"https:\/\/uniform4baltic.com\/parduotuve\/paskutine-preke\/moterims-ispardavimas\/be003-37-unisex-jacket\/\" \/>\n<meta property=\"og:locale\" content=\"en_US\" \/>\n<meta property=\"og:type\" content=\"article\" \/>\n<meta property=\"og:title\" content=\"BE003 \u2013 37 UNISEX JACKET - uniform4baltic\" \/>\n<meta property=\"og:description\" content=\"\u0160varkelis su apvalia i\u0161kirpte, ilgomis rankov\u0117mis, priekyje u\u017esegamu u\u017etrauktuku, dviem priekin\u0117mis ki\u0161en\u0117mis ir trikota\u017einiais rankogaliais j\u016bs\u0173 kasdieniam patogumui ir na\u0161umui.  65% poliesteris 35% medviln\u0117.  &nbsp;  D\u0117l spalv\u0173 ir dyd\u017ei\u0173 krepkit\u0117s \u012f el.pa\u0161t\u0105 arba telefonu.\" \/>\n<meta property=\"og:url\" content=\"https:\/\/uniform4baltic.com\/parduotuve\/paskutine-preke\/moterims-ispardavimas\/be003-37-unisex-jacket\/\" \/>\n<meta property=\"og:site_name\" content=\"uniform4baltic\" \/>\n<meta property=\"article:modified_time\" content=\"2025-12-16T13:32:49+00:00\" \/>\n<meta property=\"og:image\" content=\"https:\/\/uniform4baltic.com\/wp-content\/uploads\/2022\/06\/m_BE003-37.jpg\" \/>\n\t<meta property=\"og:image:width\" content=\"571\" \/>\n\t<meta property=\"og:image:height\" content=\"661\" \/>\n\t<meta property=\"og:image:type\" content=\"image\/jpeg\" \/>\n<meta name=\"twitter:card\" content=\"summary_large_image\" \/>\n<meta name=\"twitter:label1\" content=\"Est. reading time\" \/>\n\t<meta name=\"twitter:data1\" content=\"1 minute\" \/>\n<script type=\"application\/ld+json\" class=\"yoast-schema-graph\">{\"@context\":\"https:\\\/\\\/schema.org\",\"@graph\":[{\"@type\":\"WebPage\",\"@id\":\"https:\\\/\\\/uniform4baltic.com\\\/parduotuve\\\/paskutine-preke\\\/moterims-ispardavimas\\\/be003-37-unisex-jacket\\\/\",\"url\":\"https:\\\/\\\/uniform4baltic.com\\\/parduotuve\\\/paskutine-preke\\\/moterims-ispardavimas\\\/be003-37-unisex-jacket\\\/\",\"name\":\"BE003 \u2013 37 UNISEX JACKET - uniform4baltic\",\"isPartOf\":{\"@id\":\"https:\\\/\\\/www.uniform4baltic.com\\\/en\\\/#website\"},\"primaryImageOfPage\":{\"@id\":\"https:\\\/\\\/uniform4baltic.com\\\/parduotuve\\\/paskutine-preke\\\/moterims-ispardavimas\\\/be003-37-unisex-jacket\\\/#primaryimage\"},\"image\":{\"@id\":\"https:\\\/\\\/uniform4baltic.com\\\/parduotuve\\\/paskutine-preke\\\/moterims-ispardavimas\\\/be003-37-unisex-jacket\\\/#primaryimage\"},\"thumbnailUrl\":\"https:\\\/\\\/uniform4baltic.com\\\/wp-content\\\/uploads\\\/2022\\\/06\\\/m_BE003-37.jpg\",\"datePublished\":\"2022-06-15T13:18:54+00:00\",\"dateModified\":\"2025-12-16T13:32:49+00:00\",\"description\":\"\u0160varkelis su apvalia i\u0161kirpte, ilgomis rankov\u0117mis, priekyje u\u017esegamu u\u017etrauktuku, dviem priekin\u0117mis ki\u0161en\u0117mis ir trikota\u017einiais rankogaliais j\u016bs\u0173 kasdieniam patogumui ir na\u0161umui. 65% poliesteris 35% medviln\u0117. &nbsp; D\u0117l spalv\u0173 ir dyd\u017ei\u0173 krepkit\u0117s \u012f el.pa\u0161t\u0105 arba telefonu.\",\"breadcrumb\":{\"@id\":\"https:\\\/\\\/uniform4baltic.com\\\/parduotuve\\\/paskutine-preke\\\/moterims-ispardavimas\\\/be003-37-unisex-jacket\\\/#breadcrumb\"},\"inLanguage\":\"en-US\",\"potentialAction\":[{\"@type\":\"ReadAction\",\"target\":[\"https:\\\/\\\/uniform4baltic.com\\\/parduotuve\\\/paskutine-preke\\\/moterims-ispardavimas\\\/be003-37-unisex-jacket\\\/\"]}]},{\"@type\":\"ImageObject\",\"inLanguage\":\"en-US\",\"@id\":\"https:\\\/\\\/uniform4baltic.com\\\/parduotuve\\\/paskutine-preke\\\/moterims-ispardavimas\\\/be003-37-unisex-jacket\\\/#primaryimage\",\"url\":\"https:\\\/\\\/uniform4baltic.com\\\/wp-content\\\/uploads\\\/2022\\\/06\\\/m_BE003-37.jpg\",\"contentUrl\":\"https:\\\/\\\/uniform4baltic.com\\\/wp-content\\\/uploads\\\/2022\\\/06\\\/m_BE003-37.jpg\",\"width\":571,\"height\":661},{\"@type\":\"BreadcrumbList\",\"@id\":\"https:\\\/\\\/uniform4baltic.com\\\/parduotuve\\\/paskutine-preke\\\/moterims-ispardavimas\\\/be003-37-unisex-jacket\\\/#breadcrumb\",\"itemListElement\":[{\"@type\":\"ListItem\",\"position\":1,\"name\":\"Home\",\"item\":\"https:\\\/\\\/uniform4baltic.com\\\/en\\\/\"},{\"@type\":\"ListItem\",\"position\":2,\"name\":\"Shop\",\"item\":\"https:\\\/\\\/uniform4baltic.com\\\/en\\\/shop-2\\\/\"},{\"@type\":\"ListItem\",\"position\":3,\"name\":\"BE003 \u2013 37 UNISEX JACKET\"}]},{\"@type\":\"WebSite\",\"@id\":\"https:\\\/\\\/www.uniform4baltic.com\\\/en\\\/#website\",\"url\":\"https:\\\/\\\/www.uniform4baltic.com\\\/en\\\/\",\"name\":\"uniform4baltic.com\",\"description\":\"Medicinin\u0117 apranga\",\"publisher\":{\"@id\":\"https:\\\/\\\/www.uniform4baltic.com\\\/en\\\/#organization\"},\"potentialAction\":[{\"@type\":\"SearchAction\",\"target\":{\"@type\":\"EntryPoint\",\"urlTemplate\":\"https:\\\/\\\/www.uniform4baltic.com\\\/en\\\/?s={search_term_string}\"},\"query-input\":{\"@type\":\"PropertyValueSpecification\",\"valueRequired\":true,\"valueName\":\"search_term_string\"}}],\"inLanguage\":\"en-US\"},{\"@type\":\"Organization\",\"@id\":\"https:\\\/\\\/www.uniform4baltic.com\\\/en\\\/#organization\",\"name\":\"Apranga medikams\",\"url\":\"https:\\\/\\\/www.uniform4baltic.com\\\/en\\\/\",\"logo\":{\"@type\":\"ImageObject\",\"inLanguage\":\"en-US\",\"@id\":\"https:\\\/\\\/www.uniform4baltic.com\\\/en\\\/#\\\/schema\\\/logo\\\/image\\\/\",\"url\":\"https:\\\/\\\/uniform4baltic.com\\\/wp-content\\\/uploads\\\/2020\\\/06\\\/logo-web-1.png\",\"contentUrl\":\"https:\\\/\\\/uniform4baltic.com\\\/wp-content\\\/uploads\\\/2020\\\/06\\\/logo-web-1.png\",\"width\":500,\"height\":215,\"caption\":\"Apranga medikams\"},\"image\":{\"@id\":\"https:\\\/\\\/www.uniform4baltic.com\\\/en\\\/#\\\/schema\\\/logo\\\/image\\\/\"}}]}<\/script>\n<!-- \/ Yoast SEO plugin. -->","yoast_head_json":{"title":"BE003 \u2013 37 UNISEX JACKET - uniform4baltic","description":"\u0160varkelis su apvalia i\u0161kirpte, ilgomis rankov\u0117mis, priekyje u\u017esegamu u\u017etrauktuku, dviem priekin\u0117mis ki\u0161en\u0117mis ir trikota\u017einiais rankogaliais j\u016bs\u0173 kasdieniam patogumui ir na\u0161umui.  65% poliesteris 35% medviln\u0117.  &nbsp;  D\u0117l spalv\u0173 ir dyd\u017ei\u0173 krepkit\u0117s \u012f el.pa\u0161t\u0105 arba telefonu.","robots":{"index":"index","follow":"follow","max-snippet":"max-snippet:-1","max-image-preview":"max-image-preview:large","max-video-preview":"max-video-preview:-1"},"canonical":"https:\/\/uniform4baltic.com\/parduotuve\/paskutine-preke\/moterims-ispardavimas\/be003-37-unisex-jacket\/","og_locale":"en_US","og_type":"article","og_title":"BE003 \u2013 37 UNISEX JACKET - uniform4baltic","og_description":"\u0160varkelis su apvalia i\u0161kirpte, ilgomis rankov\u0117mis, priekyje u\u017esegamu u\u017etrauktuku, dviem priekin\u0117mis ki\u0161en\u0117mis ir trikota\u017einiais rankogaliais j\u016bs\u0173 kasdieniam patogumui ir na\u0161umui.  65% poliesteris 35% medviln\u0117.  &nbsp;  D\u0117l spalv\u0173 ir dyd\u017ei\u0173 krepkit\u0117s \u012f el.pa\u0161t\u0105 arba telefonu.","og_url":"https:\/\/uniform4baltic.com\/parduotuve\/paskutine-preke\/moterims-ispardavimas\/be003-37-unisex-jacket\/","og_site_name":"uniform4baltic","article_modified_time":"2025-12-16T13:32:49+00:00","og_image":[{"width":571,"height":661,"url":"https:\/\/uniform4baltic.com\/wp-content\/uploads\/2022\/06\/m_BE003-37.jpg","type":"image\/jpeg"}],"twitter_card":"summary_large_image","twitter_misc":{"Est. reading time":"1 minute"},"schema":{"@context":"https:\/\/schema.org","@graph":[{"@type":"WebPage","@id":"https:\/\/uniform4baltic.com\/parduotuve\/paskutine-preke\/moterims-ispardavimas\/be003-37-unisex-jacket\/","url":"https:\/\/uniform4baltic.com\/parduotuve\/paskutine-preke\/moterims-ispardavimas\/be003-37-unisex-jacket\/","name":"BE003 \u2013 37 UNISEX JACKET - uniform4baltic","isPartOf":{"@id":"https:\/\/www.uniform4baltic.com\/en\/#website"},"primaryImageOfPage":{"@id":"https:\/\/uniform4baltic.com\/parduotuve\/paskutine-preke\/moterims-ispardavimas\/be003-37-unisex-jacket\/#primaryimage"},"image":{"@id":"https:\/\/uniform4baltic.com\/parduotuve\/paskutine-preke\/moterims-ispardavimas\/be003-37-unisex-jacket\/#primaryimage"},"thumbnailUrl":"https:\/\/uniform4baltic.com\/wp-content\/uploads\/2022\/06\/m_BE003-37.jpg","datePublished":"2022-06-15T13:18:54+00:00","dateModified":"2025-12-16T13:32:49+00:00","description":"\u0160varkelis su apvalia i\u0161kirpte, ilgomis rankov\u0117mis, priekyje u\u017esegamu u\u017etrauktuku, dviem priekin\u0117mis ki\u0161en\u0117mis ir trikota\u017einiais rankogaliais j\u016bs\u0173 kasdieniam patogumui ir na\u0161umui. 65% poliesteris 35% medviln\u0117. &nbsp; D\u0117l spalv\u0173 ir dyd\u017ei\u0173 krepkit\u0117s \u012f el.pa\u0161t\u0105 arba telefonu.","breadcrumb":{"@id":"https:\/\/uniform4baltic.com\/parduotuve\/paskutine-preke\/moterims-ispardavimas\/be003-37-unisex-jacket\/#breadcrumb"},"inLanguage":"en-US","potentialAction":[{"@type":"ReadAction","target":["https:\/\/uniform4baltic.com\/parduotuve\/paskutine-preke\/moterims-ispardavimas\/be003-37-unisex-jacket\/"]}]},{"@type":"ImageObject","inLanguage":"en-US","@id":"https:\/\/uniform4baltic.com\/parduotuve\/paskutine-preke\/moterims-ispardavimas\/be003-37-unisex-jacket\/#primaryimage","url":"https:\/\/uniform4baltic.com\/wp-content\/uploads\/2022\/06\/m_BE003-37.jpg","contentUrl":"https:\/\/uniform4baltic.com\/wp-content\/uploads\/2022\/06\/m_BE003-37.jpg","width":571,"height":661},{"@type":"BreadcrumbList","@id":"https:\/\/uniform4baltic.com\/parduotuve\/paskutine-preke\/moterims-ispardavimas\/be003-37-unisex-jacket\/#breadcrumb","itemListElement":[{"@type":"ListItem","position":1,"name":"Home","item":"https:\/\/uniform4baltic.com\/en\/"},{"@type":"ListItem","position":2,"name":"Shop","item":"https:\/\/uniform4baltic.com\/en\/shop-2\/"},{"@type":"ListItem","position":3,"name":"BE003 \u2013 37 UNISEX JACKET"}]},{"@type":"WebSite","@id":"https:\/\/www.uniform4baltic.com\/en\/#website","url":"https:\/\/www.uniform4baltic.com\/en\/","name":"uniform4baltic.com","description":"Medicinin\u0117 apranga","publisher":{"@id":"https:\/\/www.uniform4baltic.com\/en\/#organization"},"potentialAction":[{"@type":"SearchAction","target":{"@type":"EntryPoint","urlTemplate":"https:\/\/www.uniform4baltic.com\/en\/?s={search_term_string}"},"query-input":{"@type":"PropertyValueSpecification","valueRequired":true,"valueName":"search_term_string"}}],"inLanguage":"en-US"},{"@type":"Organization","@id":"https:\/\/www.uniform4baltic.com\/en\/#organization","name":"Apranga medikams","url":"https:\/\/www.uniform4baltic.com\/en\/","logo":{"@type":"ImageObject","inLanguage":"en-US","@id":"https:\/\/www.uniform4baltic.com\/en\/#\/schema\/logo\/image\/","url":"https:\/\/uniform4baltic.com\/wp-content\/uploads\/2020\/06\/logo-web-1.png","contentUrl":"https:\/\/uniform4baltic.com\/wp-content\/uploads\/2020\/06\/logo-web-1.png","width":500,"height":215,"caption":"Apranga medikams"},"image":{"@id":"https:\/\/www.uniform4baltic.com\/en\/#\/schema\/logo\/image\/"}}]}},"_links":{"self":[{"href":"https:\/\/uniform4baltic.com\/en\/wp-json\/wp\/v2\/product\/16776","targetHints":{"allow":["GET"]}}],"collection":[{"href":"https:\/\/uniform4baltic.com\/en\/wp-json\/wp\/v2\/product"}],"about":[{"href":"https:\/\/uniform4baltic.com\/en\/wp-json\/wp\/v2\/types\/product"}],"replies":[{"embeddable":true,"href":"https:\/\/uniform4baltic.com\/en\/wp-json\/wp\/v2\/comments?post=16776"}],"wp:featuredmedia":[{"embeddable":true,"href":"https:\/\/uniform4baltic.com\/en\/wp-json\/wp\/v2\/media\/16778"}],"wp:attachment":[{"href":"https:\/\/uniform4baltic.com\/en\/wp-json\/wp\/v2\/media?parent=16776"}],"wp:term":[{"taxonomy":"product_brand","embeddable":true,"href":"https:\/\/uniform4baltic.com\/en\/wp-json\/wp\/v2\/product_brand?post=16776"},{"taxonomy":"product_cat","embeddable":true,"href":"https:\/\/uniform4baltic.com\/en\/wp-json\/wp\/v2\/product_cat?post=16776"},{"taxonomy":"product_tag","embeddable":true,"href":"https:\/\/uniform4baltic.com\/en\/wp-json\/wp\/v2\/product_tag?post=16776"}],"curies":[{"name":"wp","href":"https:\/\/api.w.org\/{rel}","templated":true}]}}