{"id":17058,"date":"2022-07-01T06:32:32","date_gmt":"2022-07-01T08:32:32","guid":{"rendered":"https:\/\/uniform4baltic.com\/?post_type=product&#038;p=17058"},"modified":"2025-03-28T09:05:00","modified_gmt":"2025-03-28T11:05:00","slug":"2218-olivia-pant-40-ciel-blue","status":"publish","type":"product","link":"https:\/\/uniform4baltic.com\/en\/parduotuve\/womens\/trousers\/2218-olivia-pant-40-ciel-blue\/","title":{"rendered":"2218 Olivia Pant \u2013 40 Ciel Blue"},"content":{"rendered":"","protected":false},"excerpt":{"rendered":"<p>Moteri\u0161kos keln\u0117s, vidutinio auk\u0161tumo juosmuo, u\u017eri\u0161amos rai\u0161teliais priekin\u0117je dalyje. 6 ki\u0161en\u0117s.<\/p>\n<p>Deranti palaidin\u0117: 2115<\/p>\n<p>Med\u017eiaga:<br \/>\n71% poliesteris, 24% viskoz\u0117, 5% elastanas.<\/p>\n<p>Galimi dyd\u017eiai: XXS-5XL.<\/p>\n<p>D\u0117l nesam\u0173 dyd\u017ei\u0173 ir spalv\u0173 kreiptis el. pa\u0161tu arba telefonu.<\/p>\n<p><span lang=\"LT\">* Prek\u0117 yra padidinta vienu dyd\u017eiu. Jei d\u0117vite M dyd\u012f, m\u016bs\u0173 prek\u0119 reik\u0117t\u0173 rinktis S dyd\u017eio.<\/span><\/p>\n","protected":false},"featured_media":17071,"comment_status":"open","ping_status":"closed","template":"","meta":[],"product_brand":[],"product_cat":[240,155,15,48,54],"product_tag":[700],"class_list":{"0":"post-17058","1":"product","2":"type-product","3":"status-publish","4":"has-post-thumbnail","6":"product_cat-dydziu-lentele","7":"product_cat-katalogas","8":"product_cat-uncategorized","9":"product_cat-moterims","10":"product_cat-kelnes-moterims","11":"product_tag-2218-40","12":"pa_kolekcija-greys-anatomy-signature","14":"first","15":"instock","16":"shipping-taxable","17":"purchasable","18":"product-type-variable"},"yoast_head":"<!-- This site is optimized with the Yoast SEO plugin v26.9 - https:\/\/yoast.com\/product\/yoast-seo-wordpress\/ -->\n<title>2218 Olivia Pant \u2013 40 Ciel Blue - uniform4baltic<\/title>\n<meta name=\"description\" content=\"Moteri\u0161kos keln\u0117s, vidutinio auk\u0161tumo juosmuo, u\u017eri\u0161amos rai\u0161teliais priekin\u0117je dalyje. 6 ki\u0161en\u0117s.  Deranti palaidin\u0117: 2115  Med\u017eiaga: 71% poliesteris, 24% viskoz\u0117, 5% elastanas.  Galimi dyd\u017eiai: XXS-5XL.  D\u0117l nesam\u0173 dyd\u017ei\u0173 ir spalv\u0173 kreiptis el. pa\u0161tu arba telefonu.  * Prek\u0117 yra padidinta vienu dyd\u017eiu. Jei d\u0117vite M dyd\u012f, m\u016bs\u0173 prek\u0119 reik\u0117t\u0173 rinktis S dyd\u017eio.\" \/>\n<meta name=\"robots\" content=\"index, follow, max-snippet:-1, max-image-preview:large, max-video-preview:-1\" \/>\n<link rel=\"canonical\" href=\"https:\/\/uniform4baltic.com\/en\/parduotuve\/moterims\/kelnes-moterims\/2218-olivia-pant-40-ciel-blue\/\" \/>\n<meta property=\"og:locale\" content=\"en_US\" \/>\n<meta property=\"og:type\" content=\"article\" \/>\n<meta property=\"og:title\" content=\"2218 Olivia Pant \u2013 40 Ciel Blue - uniform4baltic\" \/>\n<meta property=\"og:description\" content=\"Moteri\u0161kos keln\u0117s, vidutinio auk\u0161tumo juosmuo, u\u017eri\u0161amos rai\u0161teliais priekin\u0117je dalyje. 6 ki\u0161en\u0117s.  Deranti palaidin\u0117: 2115  Med\u017eiaga: 71% poliesteris, 24% viskoz\u0117, 5% elastanas.  Galimi dyd\u017eiai: XXS-5XL.  D\u0117l nesam\u0173 dyd\u017ei\u0173 ir spalv\u0173 kreiptis el. pa\u0161tu arba telefonu.  * Prek\u0117 yra padidinta vienu dyd\u017eiu. Jei d\u0117vite M dyd\u012f, m\u016bs\u0173 prek\u0119 reik\u0117t\u0173 rinktis S dyd\u017eio.\" \/>\n<meta property=\"og:url\" content=\"https:\/\/uniform4baltic.com\/en\/parduotuve\/moterims\/kelnes-moterims\/2218-olivia-pant-40-ciel-blue\/\" \/>\n<meta property=\"og:site_name\" content=\"uniform4baltic\" \/>\n<meta property=\"article:modified_time\" content=\"2025-03-28T11:05:00+00:00\" \/>\n<meta property=\"og:image\" content=\"https:\/\/uniform4baltic.com\/wp-content\/uploads\/2022\/07\/61HCGbaBt9L._AC_UL400_.jpg\" \/>\n\t<meta property=\"og:image:width\" content=\"193\" \/>\n\t<meta property=\"og:image:height\" content=\"400\" \/>\n\t<meta property=\"og:image:type\" content=\"image\/jpeg\" \/>\n<meta name=\"twitter:card\" content=\"summary_large_image\" \/>\n<script type=\"application\/ld+json\" class=\"yoast-schema-graph\">{\"@context\":\"https:\/\/schema.org\",\"@graph\":[{\"@type\":\"WebPage\",\"@id\":\"https:\/\/uniform4baltic.com\/en\/parduotuve\/moterims\/kelnes-moterims\/2218-olivia-pant-40-ciel-blue\/\",\"url\":\"https:\/\/uniform4baltic.com\/en\/parduotuve\/moterims\/kelnes-moterims\/2218-olivia-pant-40-ciel-blue\/\",\"name\":\"2218 Olivia Pant \u2013 40 Ciel Blue - uniform4baltic\",\"isPartOf\":{\"@id\":\"https:\/\/www.uniform4baltic.com\/en\/#website\"},\"primaryImageOfPage\":{\"@id\":\"https:\/\/uniform4baltic.com\/en\/parduotuve\/moterims\/kelnes-moterims\/2218-olivia-pant-40-ciel-blue\/#primaryimage\"},\"image\":{\"@id\":\"https:\/\/uniform4baltic.com\/en\/parduotuve\/moterims\/kelnes-moterims\/2218-olivia-pant-40-ciel-blue\/#primaryimage\"},\"thumbnailUrl\":\"https:\/\/uniform4baltic.com\/wp-content\/uploads\/2022\/07\/61HCGbaBt9L._AC_UL400_.jpg\",\"datePublished\":\"2022-07-01T08:32:32+00:00\",\"dateModified\":\"2025-03-28T11:05:00+00:00\",\"description\":\"Moteri\u0161kos keln\u0117s, vidutinio auk\u0161tumo juosmuo, u\u017eri\u0161amos rai\u0161teliais priekin\u0117je dalyje. 6 ki\u0161en\u0117s. Deranti palaidin\u0117: 2115 Med\u017eiaga: 71% poliesteris, 24% viskoz\u0117, 5% elastanas. Galimi dyd\u017eiai: XXS-5XL. D\u0117l nesam\u0173 dyd\u017ei\u0173 ir spalv\u0173 kreiptis el. pa\u0161tu arba telefonu. * Prek\u0117 yra padidinta vienu dyd\u017eiu. Jei d\u0117vite M dyd\u012f, m\u016bs\u0173 prek\u0119 reik\u0117t\u0173 rinktis S dyd\u017eio.\",\"breadcrumb\":{\"@id\":\"https:\/\/uniform4baltic.com\/en\/parduotuve\/moterims\/kelnes-moterims\/2218-olivia-pant-40-ciel-blue\/#breadcrumb\"},\"inLanguage\":\"en-US\",\"potentialAction\":[{\"@type\":\"ReadAction\",\"target\":[\"https:\/\/uniform4baltic.com\/en\/parduotuve\/moterims\/kelnes-moterims\/2218-olivia-pant-40-ciel-blue\/\"]}]},{\"@type\":\"ImageObject\",\"inLanguage\":\"en-US\",\"@id\":\"https:\/\/uniform4baltic.com\/en\/parduotuve\/moterims\/kelnes-moterims\/2218-olivia-pant-40-ciel-blue\/#primaryimage\",\"url\":\"https:\/\/uniform4baltic.com\/wp-content\/uploads\/2022\/07\/61HCGbaBt9L._AC_UL400_.jpg\",\"contentUrl\":\"https:\/\/uniform4baltic.com\/wp-content\/uploads\/2022\/07\/61HCGbaBt9L._AC_UL400_.jpg\",\"width\":193,\"height\":400},{\"@type\":\"BreadcrumbList\",\"@id\":\"https:\/\/uniform4baltic.com\/en\/parduotuve\/moterims\/kelnes-moterims\/2218-olivia-pant-40-ciel-blue\/#breadcrumb\",\"itemListElement\":[{\"@type\":\"ListItem\",\"position\":1,\"name\":\"Home\",\"item\":\"https:\/\/uniform4baltic.com\/en\/\"},{\"@type\":\"ListItem\",\"position\":2,\"name\":\"Shop\",\"item\":\"https:\/\/uniform4baltic.com\/en\/shop-2\/\"},{\"@type\":\"ListItem\",\"position\":3,\"name\":\"2218 Olivia Pant \u2013 40 Ciel Blue\"}]},{\"@type\":\"WebSite\",\"@id\":\"https:\/\/www.uniform4baltic.com\/en\/#website\",\"url\":\"https:\/\/www.uniform4baltic.com\/en\/\",\"name\":\"uniform4baltic.com\",\"description\":\"Medicinin\u0117 apranga\",\"publisher\":{\"@id\":\"https:\/\/www.uniform4baltic.com\/en\/#organization\"},\"potentialAction\":[{\"@type\":\"SearchAction\",\"target\":{\"@type\":\"EntryPoint\",\"urlTemplate\":\"https:\/\/www.uniform4baltic.com\/en\/?s={search_term_string}\"},\"query-input\":{\"@type\":\"PropertyValueSpecification\",\"valueRequired\":true,\"valueName\":\"search_term_string\"}}],\"inLanguage\":\"en-US\"},{\"@type\":\"Organization\",\"@id\":\"https:\/\/www.uniform4baltic.com\/en\/#organization\",\"name\":\"Apranga medikams\",\"url\":\"https:\/\/www.uniform4baltic.com\/en\/\",\"logo\":{\"@type\":\"ImageObject\",\"inLanguage\":\"en-US\",\"@id\":\"https:\/\/www.uniform4baltic.com\/en\/#\/schema\/logo\/image\/\",\"url\":\"https:\/\/uniform4baltic.com\/wp-content\/uploads\/2020\/06\/logo-web-1.png\",\"contentUrl\":\"https:\/\/uniform4baltic.com\/wp-content\/uploads\/2020\/06\/logo-web-1.png\",\"width\":500,\"height\":215,\"caption\":\"Apranga medikams\"},\"image\":{\"@id\":\"https:\/\/www.uniform4baltic.com\/en\/#\/schema\/logo\/image\/\"}}]}<\/script>\n<!-- \/ Yoast SEO plugin. -->","yoast_head_json":{"title":"2218 Olivia Pant \u2013 40 Ciel Blue - uniform4baltic","description":"Moteri\u0161kos keln\u0117s, vidutinio auk\u0161tumo juosmuo, u\u017eri\u0161amos rai\u0161teliais priekin\u0117je dalyje. 6 ki\u0161en\u0117s.  Deranti palaidin\u0117: 2115  Med\u017eiaga: 71% poliesteris, 24% viskoz\u0117, 5% elastanas.  Galimi dyd\u017eiai: XXS-5XL.  D\u0117l nesam\u0173 dyd\u017ei\u0173 ir spalv\u0173 kreiptis el. pa\u0161tu arba telefonu.  * Prek\u0117 yra padidinta vienu dyd\u017eiu. Jei d\u0117vite M dyd\u012f, m\u016bs\u0173 prek\u0119 reik\u0117t\u0173 rinktis S dyd\u017eio.","robots":{"index":"index","follow":"follow","max-snippet":"max-snippet:-1","max-image-preview":"max-image-preview:large","max-video-preview":"max-video-preview:-1"},"canonical":"https:\/\/uniform4baltic.com\/en\/parduotuve\/moterims\/kelnes-moterims\/2218-olivia-pant-40-ciel-blue\/","og_locale":"en_US","og_type":"article","og_title":"2218 Olivia Pant \u2013 40 Ciel Blue - uniform4baltic","og_description":"Moteri\u0161kos keln\u0117s, vidutinio auk\u0161tumo juosmuo, u\u017eri\u0161amos rai\u0161teliais priekin\u0117je dalyje. 6 ki\u0161en\u0117s.  Deranti palaidin\u0117: 2115  Med\u017eiaga: 71% poliesteris, 24% viskoz\u0117, 5% elastanas.  Galimi dyd\u017eiai: XXS-5XL.  D\u0117l nesam\u0173 dyd\u017ei\u0173 ir spalv\u0173 kreiptis el. pa\u0161tu arba telefonu.  * Prek\u0117 yra padidinta vienu dyd\u017eiu. Jei d\u0117vite M dyd\u012f, m\u016bs\u0173 prek\u0119 reik\u0117t\u0173 rinktis S dyd\u017eio.","og_url":"https:\/\/uniform4baltic.com\/en\/parduotuve\/moterims\/kelnes-moterims\/2218-olivia-pant-40-ciel-blue\/","og_site_name":"uniform4baltic","article_modified_time":"2025-03-28T11:05:00+00:00","og_image":[{"width":193,"height":400,"url":"https:\/\/uniform4baltic.com\/wp-content\/uploads\/2022\/07\/61HCGbaBt9L._AC_UL400_.jpg","type":"image\/jpeg"}],"twitter_card":"summary_large_image","schema":{"@context":"https:\/\/schema.org","@graph":[{"@type":"WebPage","@id":"https:\/\/uniform4baltic.com\/en\/parduotuve\/moterims\/kelnes-moterims\/2218-olivia-pant-40-ciel-blue\/","url":"https:\/\/uniform4baltic.com\/en\/parduotuve\/moterims\/kelnes-moterims\/2218-olivia-pant-40-ciel-blue\/","name":"2218 Olivia Pant \u2013 40 Ciel Blue - uniform4baltic","isPartOf":{"@id":"https:\/\/www.uniform4baltic.com\/en\/#website"},"primaryImageOfPage":{"@id":"https:\/\/uniform4baltic.com\/en\/parduotuve\/moterims\/kelnes-moterims\/2218-olivia-pant-40-ciel-blue\/#primaryimage"},"image":{"@id":"https:\/\/uniform4baltic.com\/en\/parduotuve\/moterims\/kelnes-moterims\/2218-olivia-pant-40-ciel-blue\/#primaryimage"},"thumbnailUrl":"https:\/\/uniform4baltic.com\/wp-content\/uploads\/2022\/07\/61HCGbaBt9L._AC_UL400_.jpg","datePublished":"2022-07-01T08:32:32+00:00","dateModified":"2025-03-28T11:05:00+00:00","description":"Moteri\u0161kos keln\u0117s, vidutinio auk\u0161tumo juosmuo, u\u017eri\u0161amos rai\u0161teliais priekin\u0117je dalyje. 6 ki\u0161en\u0117s. Deranti palaidin\u0117: 2115 Med\u017eiaga: 71% poliesteris, 24% viskoz\u0117, 5% elastanas. Galimi dyd\u017eiai: XXS-5XL. D\u0117l nesam\u0173 dyd\u017ei\u0173 ir spalv\u0173 kreiptis el. pa\u0161tu arba telefonu. * Prek\u0117 yra padidinta vienu dyd\u017eiu. Jei d\u0117vite M dyd\u012f, m\u016bs\u0173 prek\u0119 reik\u0117t\u0173 rinktis S dyd\u017eio.","breadcrumb":{"@id":"https:\/\/uniform4baltic.com\/en\/parduotuve\/moterims\/kelnes-moterims\/2218-olivia-pant-40-ciel-blue\/#breadcrumb"},"inLanguage":"en-US","potentialAction":[{"@type":"ReadAction","target":["https:\/\/uniform4baltic.com\/en\/parduotuve\/moterims\/kelnes-moterims\/2218-olivia-pant-40-ciel-blue\/"]}]},{"@type":"ImageObject","inLanguage":"en-US","@id":"https:\/\/uniform4baltic.com\/en\/parduotuve\/moterims\/kelnes-moterims\/2218-olivia-pant-40-ciel-blue\/#primaryimage","url":"https:\/\/uniform4baltic.com\/wp-content\/uploads\/2022\/07\/61HCGbaBt9L._AC_UL400_.jpg","contentUrl":"https:\/\/uniform4baltic.com\/wp-content\/uploads\/2022\/07\/61HCGbaBt9L._AC_UL400_.jpg","width":193,"height":400},{"@type":"BreadcrumbList","@id":"https:\/\/uniform4baltic.com\/en\/parduotuve\/moterims\/kelnes-moterims\/2218-olivia-pant-40-ciel-blue\/#breadcrumb","itemListElement":[{"@type":"ListItem","position":1,"name":"Home","item":"https:\/\/uniform4baltic.com\/en\/"},{"@type":"ListItem","position":2,"name":"Shop","item":"https:\/\/uniform4baltic.com\/en\/shop-2\/"},{"@type":"ListItem","position":3,"name":"2218 Olivia Pant \u2013 40 Ciel Blue"}]},{"@type":"WebSite","@id":"https:\/\/www.uniform4baltic.com\/en\/#website","url":"https:\/\/www.uniform4baltic.com\/en\/","name":"uniform4baltic.com","description":"Medicinin\u0117 apranga","publisher":{"@id":"https:\/\/www.uniform4baltic.com\/en\/#organization"},"potentialAction":[{"@type":"SearchAction","target":{"@type":"EntryPoint","urlTemplate":"https:\/\/www.uniform4baltic.com\/en\/?s={search_term_string}"},"query-input":{"@type":"PropertyValueSpecification","valueRequired":true,"valueName":"search_term_string"}}],"inLanguage":"en-US"},{"@type":"Organization","@id":"https:\/\/www.uniform4baltic.com\/en\/#organization","name":"Apranga medikams","url":"https:\/\/www.uniform4baltic.com\/en\/","logo":{"@type":"ImageObject","inLanguage":"en-US","@id":"https:\/\/www.uniform4baltic.com\/en\/#\/schema\/logo\/image\/","url":"https:\/\/uniform4baltic.com\/wp-content\/uploads\/2020\/06\/logo-web-1.png","contentUrl":"https:\/\/uniform4baltic.com\/wp-content\/uploads\/2020\/06\/logo-web-1.png","width":500,"height":215,"caption":"Apranga medikams"},"image":{"@id":"https:\/\/www.uniform4baltic.com\/en\/#\/schema\/logo\/image\/"}}]}},"_links":{"self":[{"href":"https:\/\/uniform4baltic.com\/en\/wp-json\/wp\/v2\/product\/17058","targetHints":{"allow":["GET"]}}],"collection":[{"href":"https:\/\/uniform4baltic.com\/en\/wp-json\/wp\/v2\/product"}],"about":[{"href":"https:\/\/uniform4baltic.com\/en\/wp-json\/wp\/v2\/types\/product"}],"replies":[{"embeddable":true,"href":"https:\/\/uniform4baltic.com\/en\/wp-json\/wp\/v2\/comments?post=17058"}],"wp:featuredmedia":[{"embeddable":true,"href":"https:\/\/uniform4baltic.com\/en\/wp-json\/wp\/v2\/media\/17071"}],"wp:attachment":[{"href":"https:\/\/uniform4baltic.com\/en\/wp-json\/wp\/v2\/media?parent=17058"}],"wp:term":[{"taxonomy":"product_brand","embeddable":true,"href":"https:\/\/uniform4baltic.com\/en\/wp-json\/wp\/v2\/product_brand?post=17058"},{"taxonomy":"product_cat","embeddable":true,"href":"https:\/\/uniform4baltic.com\/en\/wp-json\/wp\/v2\/product_cat?post=17058"},{"taxonomy":"product_tag","embeddable":true,"href":"https:\/\/uniform4baltic.com\/en\/wp-json\/wp\/v2\/product_tag?post=17058"}],"curies":[{"name":"wp","href":"https:\/\/api.w.org\/{rel}","templated":true}]}}