{"id":19506,"date":"2022-10-12T11:48:56","date_gmt":"2022-10-12T13:48:56","guid":{"rendered":"https:\/\/uniform4baltic.com\/?post_type=product&#038;p=19506"},"modified":"2025-12-18T11:59:34","modified_gmt":"2025-12-18T13:59:34","slug":"jaanuu-pant-j95117-crbt","status":"publish","type":"product","link":"https:\/\/uniform4baltic.com\/en\/parduotuve\/womens\/trousers\/jaanuu-pant-j95117-crbt\/","title":{"rendered":"JAANUU Pant-J95117-CRBT"},"content":{"rendered":"","protected":false},"excerpt":{"rendered":"<p>SPINryx\u2122 \u2013 \u0161velniausias megztas audinys.<\/p>\n<p>Pagamintas maksimaliai tamprus, \u00a0kad b\u016bt\u0173 lengva jud\u0117ti.<\/p>\n<p>Apdorotas Silvadur\u2122 antimikrobine danga, kad b\u016bt\u0173 u\u017etikrintas papildomas apsaugos sluoksnis, u\u017etikrina temperat\u016bros reguliavim\u0105 ir komfort\u0105 vis\u0105 dien\u0105.<\/p>\n<p>&nbsp;<\/p>\n<p>Keln\u0117s u\u017eri\u0161amos rai\u0161teliais vidin\u0117je dalyje.<\/p>\n<p>Vidutinio auk\u0161\u010dio liemuo.<\/p>\n<p>Siaurinta apa\u010dia, apa\u010dioje guma.<\/p>\n<p>10 ki\u0161eni\u0173, kad j\u016bs\u0173 b\u016btiniausi daiktai b\u016bt\u0173 saug\u016bs ir visada po ranka.<\/p>\n<p>&nbsp;<\/p>\n<p>65% viskoz\u0117, 30% nailonas, 5% elastanas<\/p>\n<p>Skalbti ma\u0161inoje ir d\u017eiovinti d\u017eiovykl\u0117je.<\/p>\n","protected":false},"featured_media":19514,"comment_status":"open","ping_status":"closed","template":"","meta":[],"product_brand":[],"product_cat":[240,155,54,48,15],"product_tag":[1010],"class_list":{"0":"post-19506","1":"product","2":"type-product","3":"status-publish","4":"has-post-thumbnail","6":"product_cat-dydziu-lentele","7":"product_cat-katalogas","8":"product_cat-kelnes-moterims","9":"product_cat-moterims","10":"product_cat-uncategorized","11":"product_tag-j95117-crbt","13":"first","14":"instock","15":"shipping-taxable","16":"purchasable","17":"product-type-variable"},"yoast_head":"<!-- This site is optimized with the Yoast SEO plugin v27.4 - https:\/\/yoast.com\/product\/yoast-seo-wordpress\/ -->\n<title>JAANUU Pant-J95117-CRBT - uniform4baltic<\/title>\n<meta name=\"description\" content=\"SPINryx\u2122 \u2013 \u0161velniausias megztas audinys.  Pagamintas maksimaliai tamprus, \u00a0kad b\u016bt\u0173 lengva jud\u0117ti.  Apdorotas Silvadur\u2122 antimikrobine danga, kad b\u016bt\u0173 u\u017etikrintas papildomas apsaugos sluoksnis, u\u017etikrina temperat\u016bros reguliavim\u0105 ir komfort\u0105 vis\u0105 dien\u0105.  &nbsp;  Keln\u0117s u\u017eri\u0161amos rai\u0161teliais vidin\u0117je dalyje.  Vidutinio auk\u0161\u010dio liemuo.  Siaurinta apa\u010dia, apa\u010dioje guma.  10 ki\u0161eni\u0173, kad j\u016bs\u0173 b\u016btiniausi daiktai b\u016bt\u0173 saug\u016bs ir visada po ranka.  &nbsp;  65% viskoz\u0117, 30% nailonas, 5% elastanas  Skalbti ma\u0161inoje ir d\u017eiovinti d\u017eiovykl\u0117je.\" \/>\n<meta name=\"robots\" content=\"index, follow, max-snippet:-1, max-image-preview:large, max-video-preview:-1\" \/>\n<link rel=\"canonical\" href=\"https:\/\/uniform4baltic.com\/parduotuve\/moterims\/kelnes-moterims\/jaanuu-pant-j95117-crbt\/\" \/>\n<meta property=\"og:locale\" content=\"en_US\" \/>\n<meta property=\"og:type\" content=\"article\" \/>\n<meta property=\"og:title\" content=\"JAANUU Pant-J95117-CRBT - uniform4baltic\" \/>\n<meta property=\"og:description\" content=\"SPINryx\u2122 \u2013 \u0161velniausias megztas audinys.  Pagamintas maksimaliai tamprus, \u00a0kad b\u016bt\u0173 lengva jud\u0117ti.  Apdorotas Silvadur\u2122 antimikrobine danga, kad b\u016bt\u0173 u\u017etikrintas papildomas apsaugos sluoksnis, u\u017etikrina temperat\u016bros reguliavim\u0105 ir komfort\u0105 vis\u0105 dien\u0105.  &nbsp;  Keln\u0117s u\u017eri\u0161amos rai\u0161teliais vidin\u0117je dalyje.  Vidutinio auk\u0161\u010dio liemuo.  Siaurinta apa\u010dia, apa\u010dioje guma.  10 ki\u0161eni\u0173, kad j\u016bs\u0173 b\u016btiniausi daiktai b\u016bt\u0173 saug\u016bs ir visada po ranka.  &nbsp;  65% viskoz\u0117, 30% nailonas, 5% elastanas  Skalbti ma\u0161inoje ir d\u017eiovinti d\u017eiovykl\u0117je.\" \/>\n<meta property=\"og:url\" content=\"https:\/\/uniform4baltic.com\/parduotuve\/moterims\/kelnes-moterims\/jaanuu-pant-j95117-crbt\/\" \/>\n<meta property=\"og:site_name\" content=\"uniform4baltic\" \/>\n<meta property=\"article:modified_time\" content=\"2025-12-18T13:59:34+00:00\" \/>\n<meta property=\"og:image\" content=\"https:\/\/uniform4baltic.com\/wp-content\/uploads\/2022\/10\/Ekrano-kopija-128.png\" \/>\n\t<meta property=\"og:image:width\" content=\"579\" \/>\n\t<meta property=\"og:image:height\" content=\"806\" \/>\n\t<meta property=\"og:image:type\" content=\"image\/png\" \/>\n<meta name=\"twitter:card\" content=\"summary_large_image\" \/>\n<meta name=\"twitter:label1\" content=\"Est. reading time\" \/>\n\t<meta name=\"twitter:data1\" content=\"1 minute\" \/>\n<script type=\"application\/ld+json\" class=\"yoast-schema-graph\">{\"@context\":\"https:\\\/\\\/schema.org\",\"@graph\":[{\"@type\":\"WebPage\",\"@id\":\"https:\\\/\\\/uniform4baltic.com\\\/parduotuve\\\/moterims\\\/kelnes-moterims\\\/jaanuu-pant-j95117-crbt\\\/\",\"url\":\"https:\\\/\\\/uniform4baltic.com\\\/parduotuve\\\/moterims\\\/kelnes-moterims\\\/jaanuu-pant-j95117-crbt\\\/\",\"name\":\"JAANUU Pant-J95117-CRBT - uniform4baltic\",\"isPartOf\":{\"@id\":\"https:\\\/\\\/www.uniform4baltic.com\\\/en\\\/#website\"},\"primaryImageOfPage\":{\"@id\":\"https:\\\/\\\/uniform4baltic.com\\\/parduotuve\\\/moterims\\\/kelnes-moterims\\\/jaanuu-pant-j95117-crbt\\\/#primaryimage\"},\"image\":{\"@id\":\"https:\\\/\\\/uniform4baltic.com\\\/parduotuve\\\/moterims\\\/kelnes-moterims\\\/jaanuu-pant-j95117-crbt\\\/#primaryimage\"},\"thumbnailUrl\":\"https:\\\/\\\/uniform4baltic.com\\\/wp-content\\\/uploads\\\/2022\\\/10\\\/Ekrano-kopija-128.png\",\"datePublished\":\"2022-10-12T13:48:56+00:00\",\"dateModified\":\"2025-12-18T13:59:34+00:00\",\"description\":\"SPINryx\u2122 \u2013 \u0161velniausias megztas audinys. Pagamintas maksimaliai tamprus, \u00a0kad b\u016bt\u0173 lengva jud\u0117ti. Apdorotas Silvadur\u2122 antimikrobine danga, kad b\u016bt\u0173 u\u017etikrintas papildomas apsaugos sluoksnis, u\u017etikrina temperat\u016bros reguliavim\u0105 ir komfort\u0105 vis\u0105 dien\u0105. &nbsp; Keln\u0117s u\u017eri\u0161amos rai\u0161teliais vidin\u0117je dalyje. Vidutinio auk\u0161\u010dio liemuo. Siaurinta apa\u010dia, apa\u010dioje guma. 10 ki\u0161eni\u0173, kad j\u016bs\u0173 b\u016btiniausi daiktai b\u016bt\u0173 saug\u016bs ir visada po ranka. &nbsp; 65% viskoz\u0117, 30% nailonas, 5% elastanas Skalbti ma\u0161inoje ir d\u017eiovinti d\u017eiovykl\u0117je.\",\"breadcrumb\":{\"@id\":\"https:\\\/\\\/uniform4baltic.com\\\/parduotuve\\\/moterims\\\/kelnes-moterims\\\/jaanuu-pant-j95117-crbt\\\/#breadcrumb\"},\"inLanguage\":\"en-US\",\"potentialAction\":[{\"@type\":\"ReadAction\",\"target\":[\"https:\\\/\\\/uniform4baltic.com\\\/parduotuve\\\/moterims\\\/kelnes-moterims\\\/jaanuu-pant-j95117-crbt\\\/\"]}]},{\"@type\":\"ImageObject\",\"inLanguage\":\"en-US\",\"@id\":\"https:\\\/\\\/uniform4baltic.com\\\/parduotuve\\\/moterims\\\/kelnes-moterims\\\/jaanuu-pant-j95117-crbt\\\/#primaryimage\",\"url\":\"https:\\\/\\\/uniform4baltic.com\\\/wp-content\\\/uploads\\\/2022\\\/10\\\/Ekrano-kopija-128.png\",\"contentUrl\":\"https:\\\/\\\/uniform4baltic.com\\\/wp-content\\\/uploads\\\/2022\\\/10\\\/Ekrano-kopija-128.png\",\"width\":579,\"height\":806},{\"@type\":\"BreadcrumbList\",\"@id\":\"https:\\\/\\\/uniform4baltic.com\\\/parduotuve\\\/moterims\\\/kelnes-moterims\\\/jaanuu-pant-j95117-crbt\\\/#breadcrumb\",\"itemListElement\":[{\"@type\":\"ListItem\",\"position\":1,\"name\":\"Home\",\"item\":\"https:\\\/\\\/uniform4baltic.com\\\/en\\\/\"},{\"@type\":\"ListItem\",\"position\":2,\"name\":\"Shop\",\"item\":\"https:\\\/\\\/uniform4baltic.com\\\/en\\\/shop-2\\\/\"},{\"@type\":\"ListItem\",\"position\":3,\"name\":\"JAANUU Pant-J95117-CRBT\"}]},{\"@type\":\"WebSite\",\"@id\":\"https:\\\/\\\/www.uniform4baltic.com\\\/en\\\/#website\",\"url\":\"https:\\\/\\\/www.uniform4baltic.com\\\/en\\\/\",\"name\":\"uniform4baltic.com\",\"description\":\"Medicinin\u0117 apranga\",\"publisher\":{\"@id\":\"https:\\\/\\\/www.uniform4baltic.com\\\/en\\\/#organization\"},\"potentialAction\":[{\"@type\":\"SearchAction\",\"target\":{\"@type\":\"EntryPoint\",\"urlTemplate\":\"https:\\\/\\\/www.uniform4baltic.com\\\/en\\\/?s={search_term_string}\"},\"query-input\":{\"@type\":\"PropertyValueSpecification\",\"valueRequired\":true,\"valueName\":\"search_term_string\"}}],\"inLanguage\":\"en-US\"},{\"@type\":\"Organization\",\"@id\":\"https:\\\/\\\/www.uniform4baltic.com\\\/en\\\/#organization\",\"name\":\"Apranga medikams\",\"url\":\"https:\\\/\\\/www.uniform4baltic.com\\\/en\\\/\",\"logo\":{\"@type\":\"ImageObject\",\"inLanguage\":\"en-US\",\"@id\":\"https:\\\/\\\/www.uniform4baltic.com\\\/en\\\/#\\\/schema\\\/logo\\\/image\\\/\",\"url\":\"https:\\\/\\\/uniform4baltic.com\\\/wp-content\\\/uploads\\\/2020\\\/06\\\/logo-web-1.png\",\"contentUrl\":\"https:\\\/\\\/uniform4baltic.com\\\/wp-content\\\/uploads\\\/2020\\\/06\\\/logo-web-1.png\",\"width\":500,\"height\":215,\"caption\":\"Apranga medikams\"},\"image\":{\"@id\":\"https:\\\/\\\/www.uniform4baltic.com\\\/en\\\/#\\\/schema\\\/logo\\\/image\\\/\"}}]}<\/script>\n<!-- \/ Yoast SEO plugin. -->","yoast_head_json":{"title":"JAANUU Pant-J95117-CRBT - uniform4baltic","description":"SPINryx\u2122 \u2013 \u0161velniausias megztas audinys.  Pagamintas maksimaliai tamprus, \u00a0kad b\u016bt\u0173 lengva jud\u0117ti.  Apdorotas Silvadur\u2122 antimikrobine danga, kad b\u016bt\u0173 u\u017etikrintas papildomas apsaugos sluoksnis, u\u017etikrina temperat\u016bros reguliavim\u0105 ir komfort\u0105 vis\u0105 dien\u0105.  &nbsp;  Keln\u0117s u\u017eri\u0161amos rai\u0161teliais vidin\u0117je dalyje.  Vidutinio auk\u0161\u010dio liemuo.  Siaurinta apa\u010dia, apa\u010dioje guma.  10 ki\u0161eni\u0173, kad j\u016bs\u0173 b\u016btiniausi daiktai b\u016bt\u0173 saug\u016bs ir visada po ranka.  &nbsp;  65% viskoz\u0117, 30% nailonas, 5% elastanas  Skalbti ma\u0161inoje ir d\u017eiovinti d\u017eiovykl\u0117je.","robots":{"index":"index","follow":"follow","max-snippet":"max-snippet:-1","max-image-preview":"max-image-preview:large","max-video-preview":"max-video-preview:-1"},"canonical":"https:\/\/uniform4baltic.com\/parduotuve\/moterims\/kelnes-moterims\/jaanuu-pant-j95117-crbt\/","og_locale":"en_US","og_type":"article","og_title":"JAANUU Pant-J95117-CRBT - uniform4baltic","og_description":"SPINryx\u2122 \u2013 \u0161velniausias megztas audinys.  Pagamintas maksimaliai tamprus, \u00a0kad b\u016bt\u0173 lengva jud\u0117ti.  Apdorotas Silvadur\u2122 antimikrobine danga, kad b\u016bt\u0173 u\u017etikrintas papildomas apsaugos sluoksnis, u\u017etikrina temperat\u016bros reguliavim\u0105 ir komfort\u0105 vis\u0105 dien\u0105.  &nbsp;  Keln\u0117s u\u017eri\u0161amos rai\u0161teliais vidin\u0117je dalyje.  Vidutinio auk\u0161\u010dio liemuo.  Siaurinta apa\u010dia, apa\u010dioje guma.  10 ki\u0161eni\u0173, kad j\u016bs\u0173 b\u016btiniausi daiktai b\u016bt\u0173 saug\u016bs ir visada po ranka.  &nbsp;  65% viskoz\u0117, 30% nailonas, 5% elastanas  Skalbti ma\u0161inoje ir d\u017eiovinti d\u017eiovykl\u0117je.","og_url":"https:\/\/uniform4baltic.com\/parduotuve\/moterims\/kelnes-moterims\/jaanuu-pant-j95117-crbt\/","og_site_name":"uniform4baltic","article_modified_time":"2025-12-18T13:59:34+00:00","og_image":[{"width":579,"height":806,"url":"https:\/\/uniform4baltic.com\/wp-content\/uploads\/2022\/10\/Ekrano-kopija-128.png","type":"image\/png"}],"twitter_card":"summary_large_image","twitter_misc":{"Est. reading time":"1 minute"},"schema":{"@context":"https:\/\/schema.org","@graph":[{"@type":"WebPage","@id":"https:\/\/uniform4baltic.com\/parduotuve\/moterims\/kelnes-moterims\/jaanuu-pant-j95117-crbt\/","url":"https:\/\/uniform4baltic.com\/parduotuve\/moterims\/kelnes-moterims\/jaanuu-pant-j95117-crbt\/","name":"JAANUU Pant-J95117-CRBT - uniform4baltic","isPartOf":{"@id":"https:\/\/www.uniform4baltic.com\/en\/#website"},"primaryImageOfPage":{"@id":"https:\/\/uniform4baltic.com\/parduotuve\/moterims\/kelnes-moterims\/jaanuu-pant-j95117-crbt\/#primaryimage"},"image":{"@id":"https:\/\/uniform4baltic.com\/parduotuve\/moterims\/kelnes-moterims\/jaanuu-pant-j95117-crbt\/#primaryimage"},"thumbnailUrl":"https:\/\/uniform4baltic.com\/wp-content\/uploads\/2022\/10\/Ekrano-kopija-128.png","datePublished":"2022-10-12T13:48:56+00:00","dateModified":"2025-12-18T13:59:34+00:00","description":"SPINryx\u2122 \u2013 \u0161velniausias megztas audinys. Pagamintas maksimaliai tamprus, \u00a0kad b\u016bt\u0173 lengva jud\u0117ti. Apdorotas Silvadur\u2122 antimikrobine danga, kad b\u016bt\u0173 u\u017etikrintas papildomas apsaugos sluoksnis, u\u017etikrina temperat\u016bros reguliavim\u0105 ir komfort\u0105 vis\u0105 dien\u0105. &nbsp; Keln\u0117s u\u017eri\u0161amos rai\u0161teliais vidin\u0117je dalyje. Vidutinio auk\u0161\u010dio liemuo. Siaurinta apa\u010dia, apa\u010dioje guma. 10 ki\u0161eni\u0173, kad j\u016bs\u0173 b\u016btiniausi daiktai b\u016bt\u0173 saug\u016bs ir visada po ranka. &nbsp; 65% viskoz\u0117, 30% nailonas, 5% elastanas Skalbti ma\u0161inoje ir d\u017eiovinti d\u017eiovykl\u0117je.","breadcrumb":{"@id":"https:\/\/uniform4baltic.com\/parduotuve\/moterims\/kelnes-moterims\/jaanuu-pant-j95117-crbt\/#breadcrumb"},"inLanguage":"en-US","potentialAction":[{"@type":"ReadAction","target":["https:\/\/uniform4baltic.com\/parduotuve\/moterims\/kelnes-moterims\/jaanuu-pant-j95117-crbt\/"]}]},{"@type":"ImageObject","inLanguage":"en-US","@id":"https:\/\/uniform4baltic.com\/parduotuve\/moterims\/kelnes-moterims\/jaanuu-pant-j95117-crbt\/#primaryimage","url":"https:\/\/uniform4baltic.com\/wp-content\/uploads\/2022\/10\/Ekrano-kopija-128.png","contentUrl":"https:\/\/uniform4baltic.com\/wp-content\/uploads\/2022\/10\/Ekrano-kopija-128.png","width":579,"height":806},{"@type":"BreadcrumbList","@id":"https:\/\/uniform4baltic.com\/parduotuve\/moterims\/kelnes-moterims\/jaanuu-pant-j95117-crbt\/#breadcrumb","itemListElement":[{"@type":"ListItem","position":1,"name":"Home","item":"https:\/\/uniform4baltic.com\/en\/"},{"@type":"ListItem","position":2,"name":"Shop","item":"https:\/\/uniform4baltic.com\/en\/shop-2\/"},{"@type":"ListItem","position":3,"name":"JAANUU Pant-J95117-CRBT"}]},{"@type":"WebSite","@id":"https:\/\/www.uniform4baltic.com\/en\/#website","url":"https:\/\/www.uniform4baltic.com\/en\/","name":"uniform4baltic.com","description":"Medicinin\u0117 apranga","publisher":{"@id":"https:\/\/www.uniform4baltic.com\/en\/#organization"},"potentialAction":[{"@type":"SearchAction","target":{"@type":"EntryPoint","urlTemplate":"https:\/\/www.uniform4baltic.com\/en\/?s={search_term_string}"},"query-input":{"@type":"PropertyValueSpecification","valueRequired":true,"valueName":"search_term_string"}}],"inLanguage":"en-US"},{"@type":"Organization","@id":"https:\/\/www.uniform4baltic.com\/en\/#organization","name":"Apranga medikams","url":"https:\/\/www.uniform4baltic.com\/en\/","logo":{"@type":"ImageObject","inLanguage":"en-US","@id":"https:\/\/www.uniform4baltic.com\/en\/#\/schema\/logo\/image\/","url":"https:\/\/uniform4baltic.com\/wp-content\/uploads\/2020\/06\/logo-web-1.png","contentUrl":"https:\/\/uniform4baltic.com\/wp-content\/uploads\/2020\/06\/logo-web-1.png","width":500,"height":215,"caption":"Apranga medikams"},"image":{"@id":"https:\/\/www.uniform4baltic.com\/en\/#\/schema\/logo\/image\/"}}]}},"_links":{"self":[{"href":"https:\/\/uniform4baltic.com\/en\/wp-json\/wp\/v2\/product\/19506","targetHints":{"allow":["GET"]}}],"collection":[{"href":"https:\/\/uniform4baltic.com\/en\/wp-json\/wp\/v2\/product"}],"about":[{"href":"https:\/\/uniform4baltic.com\/en\/wp-json\/wp\/v2\/types\/product"}],"replies":[{"embeddable":true,"href":"https:\/\/uniform4baltic.com\/en\/wp-json\/wp\/v2\/comments?post=19506"}],"wp:featuredmedia":[{"embeddable":true,"href":"https:\/\/uniform4baltic.com\/en\/wp-json\/wp\/v2\/media\/19514"}],"wp:attachment":[{"href":"https:\/\/uniform4baltic.com\/en\/wp-json\/wp\/v2\/media?parent=19506"}],"wp:term":[{"taxonomy":"product_brand","embeddable":true,"href":"https:\/\/uniform4baltic.com\/en\/wp-json\/wp\/v2\/product_brand?post=19506"},{"taxonomy":"product_cat","embeddable":true,"href":"https:\/\/uniform4baltic.com\/en\/wp-json\/wp\/v2\/product_cat?post=19506"},{"taxonomy":"product_tag","embeddable":true,"href":"https:\/\/uniform4baltic.com\/en\/wp-json\/wp\/v2\/product_tag?post=19506"}],"curies":[{"name":"wp","href":"https:\/\/api.w.org\/{rel}","templated":true}]}}