{"id":20695,"date":"2022-12-29T12:41:33","date_gmt":"2022-12-29T14:41:33","guid":{"rendered":"https:\/\/uniform4baltic.com\/?post_type=product&#038;p=20695"},"modified":"2025-12-18T11:46:51","modified_gmt":"2025-12-18T13:46:51","slug":"jaanuu-pant-j95164-navw","status":"publish","type":"product","link":"https:\/\/uniform4baltic.com\/en\/parduotuve\/womens\/trousers\/jaanuu-pant-j95164-navw\/","title":{"rendered":"JAANUU Pant-J95164-NAVW"},"content":{"rendered":"","protected":false},"excerpt":{"rendered":"<p>FUSEryx\u2122 audinys yra sukurtas taip, kad b\u016bt\u0173 tamprus visomis kryptimis, u\u017etikrinant komfort\u0105 ir patvarum\u0105 vis\u0105 dien\u0105.<\/p>\n<p>Apdorotas Silvadur\u2122 antimikrobine danga, kad b\u016bt\u0173 u\u017etikrintas papildomas apsaugos sluoksnis, u\u017etikrina temperat\u016bros reguliavim\u0105 ir komfort\u0105 vis\u0105 dien\u0105. Lengva prie\u017ei\u016bra, nesilamdanti med\u017eiaga.<\/p>\n<p>Keln\u0117s u\u017eri\u0161amos rai\u0161teliais.<\/p>\n<p>Vidutinio auk\u0161\u010dio liemuo.<\/p>\n<p>Siaurinta apa\u010dia, apa\u010dioje guma, yra u\u017etrauktukai.<\/p>\n<p>6 ki\u0161en\u0117s, viena ki\u0161en\u0117 pasl\u0117pta \u017eiedui.<\/p>\n<p>76% poliesteris, 18% viskoz\u0117, 6% elastanas<\/p>\n<p>Skalbti ma\u0161inoje ir d\u017eiovinti d\u017eiovykl\u0117je.<\/p>\n","protected":false},"featured_media":20699,"comment_status":"open","ping_status":"closed","template":"","meta":[],"product_brand":[],"product_cat":[240,155,54,48,15],"product_tag":[1107],"class_list":{"0":"post-20695","1":"product","2":"type-product","3":"status-publish","4":"has-post-thumbnail","6":"product_cat-dydziu-lentele","7":"product_cat-katalogas","8":"product_cat-kelnes-moterims","9":"product_cat-moterims","10":"product_cat-uncategorized","11":"product_tag-j95164-navw","13":"first","14":"instock","15":"shipping-taxable","16":"purchasable","17":"product-type-variable"},"yoast_head":"<!-- This site is optimized with the Yoast SEO plugin v27.4 - https:\/\/yoast.com\/product\/yoast-seo-wordpress\/ -->\n<title>JAANUU Pant-J95164-NAVW - uniform4baltic<\/title>\n<meta name=\"description\" content=\"FUSEryx\u2122 audinys yra sukurtas taip, kad b\u016bt\u0173 tamprus visomis kryptimis, u\u017etikrinant komfort\u0105 ir patvarum\u0105 vis\u0105 dien\u0105.  Apdorotas Silvadur\u2122 antimikrobine danga, kad b\u016bt\u0173 u\u017etikrintas papildomas apsaugos sluoksnis, u\u017etikrina temperat\u016bros reguliavim\u0105 ir komfort\u0105 vis\u0105 dien\u0105. Lengva prie\u017ei\u016bra, nesilamdanti med\u017eiaga.  Keln\u0117s u\u017eri\u0161amos rai\u0161teliais.  Vidutinio auk\u0161\u010dio liemuo.  Siaurinta apa\u010dia, apa\u010dioje guma, yra u\u017etrauktukai.  6 ki\u0161en\u0117s, viena ki\u0161en\u0117 pasl\u0117pta \u017eiedui.  76% poliesteris, 18% viskoz\u0117, 6% elastanas  Skalbti ma\u0161inoje ir d\u017eiovinti d\u017eiovykl\u0117je.\" \/>\n<meta name=\"robots\" content=\"index, follow, max-snippet:-1, max-image-preview:large, max-video-preview:-1\" \/>\n<link rel=\"canonical\" href=\"https:\/\/uniform4baltic.com\/parduotuve\/moterims\/kelnes-moterims\/jaanuu-pant-j95164-navw\/\" \/>\n<meta property=\"og:locale\" content=\"en_US\" \/>\n<meta property=\"og:type\" content=\"article\" \/>\n<meta property=\"og:title\" content=\"JAANUU Pant-J95164-NAVW - uniform4baltic\" \/>\n<meta property=\"og:description\" content=\"FUSEryx\u2122 audinys yra sukurtas taip, kad b\u016bt\u0173 tamprus visomis kryptimis, u\u017etikrinant komfort\u0105 ir patvarum\u0105 vis\u0105 dien\u0105.  Apdorotas Silvadur\u2122 antimikrobine danga, kad b\u016bt\u0173 u\u017etikrintas papildomas apsaugos sluoksnis, u\u017etikrina temperat\u016bros reguliavim\u0105 ir komfort\u0105 vis\u0105 dien\u0105. Lengva prie\u017ei\u016bra, nesilamdanti med\u017eiaga.  Keln\u0117s u\u017eri\u0161amos rai\u0161teliais.  Vidutinio auk\u0161\u010dio liemuo.  Siaurinta apa\u010dia, apa\u010dioje guma, yra u\u017etrauktukai.  6 ki\u0161en\u0117s, viena ki\u0161en\u0117 pasl\u0117pta \u017eiedui.  76% poliesteris, 18% viskoz\u0117, 6% elastanas  Skalbti ma\u0161inoje ir d\u017eiovinti d\u017eiovykl\u0117je.\" \/>\n<meta property=\"og:url\" content=\"https:\/\/uniform4baltic.com\/parduotuve\/moterims\/kelnes-moterims\/jaanuu-pant-j95164-navw\/\" \/>\n<meta property=\"og:site_name\" content=\"uniform4baltic\" \/>\n<meta property=\"article:modified_time\" content=\"2025-12-18T13:46:51+00:00\" \/>\n<meta property=\"og:image\" content=\"https:\/\/uniform4baltic.com\/wp-content\/uploads\/2022\/12\/J95164-NAVY-M.png\" \/>\n\t<meta property=\"og:image:width\" content=\"1600\" \/>\n\t<meta property=\"og:image:height\" content=\"2074\" \/>\n\t<meta property=\"og:image:type\" content=\"image\/png\" \/>\n<meta name=\"twitter:card\" content=\"summary_large_image\" \/>\n<meta name=\"twitter:label1\" content=\"Est. reading time\" \/>\n\t<meta name=\"twitter:data1\" content=\"1 minute\" \/>\n<script type=\"application\/ld+json\" class=\"yoast-schema-graph\">{\"@context\":\"https:\\\/\\\/schema.org\",\"@graph\":[{\"@type\":\"WebPage\",\"@id\":\"https:\\\/\\\/uniform4baltic.com\\\/parduotuve\\\/moterims\\\/kelnes-moterims\\\/jaanuu-pant-j95164-navw\\\/\",\"url\":\"https:\\\/\\\/uniform4baltic.com\\\/parduotuve\\\/moterims\\\/kelnes-moterims\\\/jaanuu-pant-j95164-navw\\\/\",\"name\":\"JAANUU Pant-J95164-NAVW - uniform4baltic\",\"isPartOf\":{\"@id\":\"https:\\\/\\\/www.uniform4baltic.com\\\/en\\\/#website\"},\"primaryImageOfPage\":{\"@id\":\"https:\\\/\\\/uniform4baltic.com\\\/parduotuve\\\/moterims\\\/kelnes-moterims\\\/jaanuu-pant-j95164-navw\\\/#primaryimage\"},\"image\":{\"@id\":\"https:\\\/\\\/uniform4baltic.com\\\/parduotuve\\\/moterims\\\/kelnes-moterims\\\/jaanuu-pant-j95164-navw\\\/#primaryimage\"},\"thumbnailUrl\":\"https:\\\/\\\/uniform4baltic.com\\\/wp-content\\\/uploads\\\/2022\\\/12\\\/J95164-NAVY-M.png\",\"datePublished\":\"2022-12-29T14:41:33+00:00\",\"dateModified\":\"2025-12-18T13:46:51+00:00\",\"description\":\"FUSEryx\u2122 audinys yra sukurtas taip, kad b\u016bt\u0173 tamprus visomis kryptimis, u\u017etikrinant komfort\u0105 ir patvarum\u0105 vis\u0105 dien\u0105. Apdorotas Silvadur\u2122 antimikrobine danga, kad b\u016bt\u0173 u\u017etikrintas papildomas apsaugos sluoksnis, u\u017etikrina temperat\u016bros reguliavim\u0105 ir komfort\u0105 vis\u0105 dien\u0105. Lengva prie\u017ei\u016bra, nesilamdanti med\u017eiaga. Keln\u0117s u\u017eri\u0161amos rai\u0161teliais. Vidutinio auk\u0161\u010dio liemuo. Siaurinta apa\u010dia, apa\u010dioje guma, yra u\u017etrauktukai. 6 ki\u0161en\u0117s, viena ki\u0161en\u0117 pasl\u0117pta \u017eiedui. 76% poliesteris, 18% viskoz\u0117, 6% elastanas Skalbti ma\u0161inoje ir d\u017eiovinti d\u017eiovykl\u0117je.\",\"breadcrumb\":{\"@id\":\"https:\\\/\\\/uniform4baltic.com\\\/parduotuve\\\/moterims\\\/kelnes-moterims\\\/jaanuu-pant-j95164-navw\\\/#breadcrumb\"},\"inLanguage\":\"en-US\",\"potentialAction\":[{\"@type\":\"ReadAction\",\"target\":[\"https:\\\/\\\/uniform4baltic.com\\\/parduotuve\\\/moterims\\\/kelnes-moterims\\\/jaanuu-pant-j95164-navw\\\/\"]}]},{\"@type\":\"ImageObject\",\"inLanguage\":\"en-US\",\"@id\":\"https:\\\/\\\/uniform4baltic.com\\\/parduotuve\\\/moterims\\\/kelnes-moterims\\\/jaanuu-pant-j95164-navw\\\/#primaryimage\",\"url\":\"https:\\\/\\\/uniform4baltic.com\\\/wp-content\\\/uploads\\\/2022\\\/12\\\/J95164-NAVY-M.png\",\"contentUrl\":\"https:\\\/\\\/uniform4baltic.com\\\/wp-content\\\/uploads\\\/2022\\\/12\\\/J95164-NAVY-M.png\",\"width\":1600,\"height\":2074},{\"@type\":\"BreadcrumbList\",\"@id\":\"https:\\\/\\\/uniform4baltic.com\\\/parduotuve\\\/moterims\\\/kelnes-moterims\\\/jaanuu-pant-j95164-navw\\\/#breadcrumb\",\"itemListElement\":[{\"@type\":\"ListItem\",\"position\":1,\"name\":\"Home\",\"item\":\"https:\\\/\\\/uniform4baltic.com\\\/en\\\/\"},{\"@type\":\"ListItem\",\"position\":2,\"name\":\"Shop\",\"item\":\"https:\\\/\\\/uniform4baltic.com\\\/en\\\/shop-2\\\/\"},{\"@type\":\"ListItem\",\"position\":3,\"name\":\"JAANUU Pant-J95164-NAVW\"}]},{\"@type\":\"WebSite\",\"@id\":\"https:\\\/\\\/www.uniform4baltic.com\\\/en\\\/#website\",\"url\":\"https:\\\/\\\/www.uniform4baltic.com\\\/en\\\/\",\"name\":\"uniform4baltic.com\",\"description\":\"Medicinin\u0117 apranga\",\"publisher\":{\"@id\":\"https:\\\/\\\/www.uniform4baltic.com\\\/en\\\/#organization\"},\"potentialAction\":[{\"@type\":\"SearchAction\",\"target\":{\"@type\":\"EntryPoint\",\"urlTemplate\":\"https:\\\/\\\/www.uniform4baltic.com\\\/en\\\/?s={search_term_string}\"},\"query-input\":{\"@type\":\"PropertyValueSpecification\",\"valueRequired\":true,\"valueName\":\"search_term_string\"}}],\"inLanguage\":\"en-US\"},{\"@type\":\"Organization\",\"@id\":\"https:\\\/\\\/www.uniform4baltic.com\\\/en\\\/#organization\",\"name\":\"Apranga medikams\",\"url\":\"https:\\\/\\\/www.uniform4baltic.com\\\/en\\\/\",\"logo\":{\"@type\":\"ImageObject\",\"inLanguage\":\"en-US\",\"@id\":\"https:\\\/\\\/www.uniform4baltic.com\\\/en\\\/#\\\/schema\\\/logo\\\/image\\\/\",\"url\":\"https:\\\/\\\/uniform4baltic.com\\\/wp-content\\\/uploads\\\/2020\\\/06\\\/logo-web-1.png\",\"contentUrl\":\"https:\\\/\\\/uniform4baltic.com\\\/wp-content\\\/uploads\\\/2020\\\/06\\\/logo-web-1.png\",\"width\":500,\"height\":215,\"caption\":\"Apranga medikams\"},\"image\":{\"@id\":\"https:\\\/\\\/www.uniform4baltic.com\\\/en\\\/#\\\/schema\\\/logo\\\/image\\\/\"}}]}<\/script>\n<!-- \/ Yoast SEO plugin. -->","yoast_head_json":{"title":"JAANUU Pant-J95164-NAVW - uniform4baltic","description":"FUSEryx\u2122 audinys yra sukurtas taip, kad b\u016bt\u0173 tamprus visomis kryptimis, u\u017etikrinant komfort\u0105 ir patvarum\u0105 vis\u0105 dien\u0105.  Apdorotas Silvadur\u2122 antimikrobine danga, kad b\u016bt\u0173 u\u017etikrintas papildomas apsaugos sluoksnis, u\u017etikrina temperat\u016bros reguliavim\u0105 ir komfort\u0105 vis\u0105 dien\u0105. Lengva prie\u017ei\u016bra, nesilamdanti med\u017eiaga.  Keln\u0117s u\u017eri\u0161amos rai\u0161teliais.  Vidutinio auk\u0161\u010dio liemuo.  Siaurinta apa\u010dia, apa\u010dioje guma, yra u\u017etrauktukai.  6 ki\u0161en\u0117s, viena ki\u0161en\u0117 pasl\u0117pta \u017eiedui.  76% poliesteris, 18% viskoz\u0117, 6% elastanas  Skalbti ma\u0161inoje ir d\u017eiovinti d\u017eiovykl\u0117je.","robots":{"index":"index","follow":"follow","max-snippet":"max-snippet:-1","max-image-preview":"max-image-preview:large","max-video-preview":"max-video-preview:-1"},"canonical":"https:\/\/uniform4baltic.com\/parduotuve\/moterims\/kelnes-moterims\/jaanuu-pant-j95164-navw\/","og_locale":"en_US","og_type":"article","og_title":"JAANUU Pant-J95164-NAVW - uniform4baltic","og_description":"FUSEryx\u2122 audinys yra sukurtas taip, kad b\u016bt\u0173 tamprus visomis kryptimis, u\u017etikrinant komfort\u0105 ir patvarum\u0105 vis\u0105 dien\u0105.  Apdorotas Silvadur\u2122 antimikrobine danga, kad b\u016bt\u0173 u\u017etikrintas papildomas apsaugos sluoksnis, u\u017etikrina temperat\u016bros reguliavim\u0105 ir komfort\u0105 vis\u0105 dien\u0105. Lengva prie\u017ei\u016bra, nesilamdanti med\u017eiaga.  Keln\u0117s u\u017eri\u0161amos rai\u0161teliais.  Vidutinio auk\u0161\u010dio liemuo.  Siaurinta apa\u010dia, apa\u010dioje guma, yra u\u017etrauktukai.  6 ki\u0161en\u0117s, viena ki\u0161en\u0117 pasl\u0117pta \u017eiedui.  76% poliesteris, 18% viskoz\u0117, 6% elastanas  Skalbti ma\u0161inoje ir d\u017eiovinti d\u017eiovykl\u0117je.","og_url":"https:\/\/uniform4baltic.com\/parduotuve\/moterims\/kelnes-moterims\/jaanuu-pant-j95164-navw\/","og_site_name":"uniform4baltic","article_modified_time":"2025-12-18T13:46:51+00:00","og_image":[{"width":1600,"height":2074,"url":"https:\/\/uniform4baltic.com\/wp-content\/uploads\/2022\/12\/J95164-NAVY-M.png","type":"image\/png"}],"twitter_card":"summary_large_image","twitter_misc":{"Est. reading time":"1 minute"},"schema":{"@context":"https:\/\/schema.org","@graph":[{"@type":"WebPage","@id":"https:\/\/uniform4baltic.com\/parduotuve\/moterims\/kelnes-moterims\/jaanuu-pant-j95164-navw\/","url":"https:\/\/uniform4baltic.com\/parduotuve\/moterims\/kelnes-moterims\/jaanuu-pant-j95164-navw\/","name":"JAANUU Pant-J95164-NAVW - uniform4baltic","isPartOf":{"@id":"https:\/\/www.uniform4baltic.com\/en\/#website"},"primaryImageOfPage":{"@id":"https:\/\/uniform4baltic.com\/parduotuve\/moterims\/kelnes-moterims\/jaanuu-pant-j95164-navw\/#primaryimage"},"image":{"@id":"https:\/\/uniform4baltic.com\/parduotuve\/moterims\/kelnes-moterims\/jaanuu-pant-j95164-navw\/#primaryimage"},"thumbnailUrl":"https:\/\/uniform4baltic.com\/wp-content\/uploads\/2022\/12\/J95164-NAVY-M.png","datePublished":"2022-12-29T14:41:33+00:00","dateModified":"2025-12-18T13:46:51+00:00","description":"FUSEryx\u2122 audinys yra sukurtas taip, kad b\u016bt\u0173 tamprus visomis kryptimis, u\u017etikrinant komfort\u0105 ir patvarum\u0105 vis\u0105 dien\u0105. Apdorotas Silvadur\u2122 antimikrobine danga, kad b\u016bt\u0173 u\u017etikrintas papildomas apsaugos sluoksnis, u\u017etikrina temperat\u016bros reguliavim\u0105 ir komfort\u0105 vis\u0105 dien\u0105. Lengva prie\u017ei\u016bra, nesilamdanti med\u017eiaga. Keln\u0117s u\u017eri\u0161amos rai\u0161teliais. Vidutinio auk\u0161\u010dio liemuo. Siaurinta apa\u010dia, apa\u010dioje guma, yra u\u017etrauktukai. 6 ki\u0161en\u0117s, viena ki\u0161en\u0117 pasl\u0117pta \u017eiedui. 76% poliesteris, 18% viskoz\u0117, 6% elastanas Skalbti ma\u0161inoje ir d\u017eiovinti d\u017eiovykl\u0117je.","breadcrumb":{"@id":"https:\/\/uniform4baltic.com\/parduotuve\/moterims\/kelnes-moterims\/jaanuu-pant-j95164-navw\/#breadcrumb"},"inLanguage":"en-US","potentialAction":[{"@type":"ReadAction","target":["https:\/\/uniform4baltic.com\/parduotuve\/moterims\/kelnes-moterims\/jaanuu-pant-j95164-navw\/"]}]},{"@type":"ImageObject","inLanguage":"en-US","@id":"https:\/\/uniform4baltic.com\/parduotuve\/moterims\/kelnes-moterims\/jaanuu-pant-j95164-navw\/#primaryimage","url":"https:\/\/uniform4baltic.com\/wp-content\/uploads\/2022\/12\/J95164-NAVY-M.png","contentUrl":"https:\/\/uniform4baltic.com\/wp-content\/uploads\/2022\/12\/J95164-NAVY-M.png","width":1600,"height":2074},{"@type":"BreadcrumbList","@id":"https:\/\/uniform4baltic.com\/parduotuve\/moterims\/kelnes-moterims\/jaanuu-pant-j95164-navw\/#breadcrumb","itemListElement":[{"@type":"ListItem","position":1,"name":"Home","item":"https:\/\/uniform4baltic.com\/en\/"},{"@type":"ListItem","position":2,"name":"Shop","item":"https:\/\/uniform4baltic.com\/en\/shop-2\/"},{"@type":"ListItem","position":3,"name":"JAANUU Pant-J95164-NAVW"}]},{"@type":"WebSite","@id":"https:\/\/www.uniform4baltic.com\/en\/#website","url":"https:\/\/www.uniform4baltic.com\/en\/","name":"uniform4baltic.com","description":"Medicinin\u0117 apranga","publisher":{"@id":"https:\/\/www.uniform4baltic.com\/en\/#organization"},"potentialAction":[{"@type":"SearchAction","target":{"@type":"EntryPoint","urlTemplate":"https:\/\/www.uniform4baltic.com\/en\/?s={search_term_string}"},"query-input":{"@type":"PropertyValueSpecification","valueRequired":true,"valueName":"search_term_string"}}],"inLanguage":"en-US"},{"@type":"Organization","@id":"https:\/\/www.uniform4baltic.com\/en\/#organization","name":"Apranga medikams","url":"https:\/\/www.uniform4baltic.com\/en\/","logo":{"@type":"ImageObject","inLanguage":"en-US","@id":"https:\/\/www.uniform4baltic.com\/en\/#\/schema\/logo\/image\/","url":"https:\/\/uniform4baltic.com\/wp-content\/uploads\/2020\/06\/logo-web-1.png","contentUrl":"https:\/\/uniform4baltic.com\/wp-content\/uploads\/2020\/06\/logo-web-1.png","width":500,"height":215,"caption":"Apranga medikams"},"image":{"@id":"https:\/\/www.uniform4baltic.com\/en\/#\/schema\/logo\/image\/"}}]}},"_links":{"self":[{"href":"https:\/\/uniform4baltic.com\/en\/wp-json\/wp\/v2\/product\/20695","targetHints":{"allow":["GET"]}}],"collection":[{"href":"https:\/\/uniform4baltic.com\/en\/wp-json\/wp\/v2\/product"}],"about":[{"href":"https:\/\/uniform4baltic.com\/en\/wp-json\/wp\/v2\/types\/product"}],"replies":[{"embeddable":true,"href":"https:\/\/uniform4baltic.com\/en\/wp-json\/wp\/v2\/comments?post=20695"}],"wp:featuredmedia":[{"embeddable":true,"href":"https:\/\/uniform4baltic.com\/en\/wp-json\/wp\/v2\/media\/20699"}],"wp:attachment":[{"href":"https:\/\/uniform4baltic.com\/en\/wp-json\/wp\/v2\/media?parent=20695"}],"wp:term":[{"taxonomy":"product_brand","embeddable":true,"href":"https:\/\/uniform4baltic.com\/en\/wp-json\/wp\/v2\/product_brand?post=20695"},{"taxonomy":"product_cat","embeddable":true,"href":"https:\/\/uniform4baltic.com\/en\/wp-json\/wp\/v2\/product_cat?post=20695"},{"taxonomy":"product_tag","embeddable":true,"href":"https:\/\/uniform4baltic.com\/en\/wp-json\/wp\/v2\/product_tag?post=20695"}],"curies":[{"name":"wp","href":"https:\/\/api.w.org\/{rel}","templated":true}]}}