{"id":20816,"date":"2022-12-30T06:30:15","date_gmt":"2022-12-30T08:30:15","guid":{"rendered":"https:\/\/uniform4baltic.com\/?post_type=product&#038;p=20816"},"modified":"2025-12-19T05:23:51","modified_gmt":"2025-12-19T07:23:51","slug":"jaanuu-top-j86055-cblw","status":"publish","type":"product","link":"https:\/\/uniform4baltic.com\/en\/parduotuve\/mens\/blouses-en\/jaanuu-top-j86055-cblw\/","title":{"rendered":"JAANUU-Top-J86055-CBLW"},"content":{"rendered":"","protected":false},"excerpt":{"rendered":"<p>FUSEryx\u2122 audinys yra sukurtas taip, kad b\u016bt\u0173 tamprus visomis kryptimis, u\u017etikrinant komfort\u0105 ir patvarum\u0105 vis\u0105 dien\u0105.<\/p>\n<p>Apdorotas Silvadur\u2122 antimikrobine danga, kad b\u016bt\u0173 u\u017etikrintas papildomas apsaugos sluoksnis, u\u017etikrina temperat\u016bros reguliavim\u0105 ir komfort\u0105 vis\u0105 dien\u0105. Lengva prie\u017ei\u016bra, nesilamdanti med\u017eiaga.<\/p>\n<p>V formos i\u0161kirpt\u0117.<\/p>\n<p>2 ki\u0161en\u0117s kr\u016btin\u0117s srityje, viena pasl\u0117pta tu\u0161inuko ki\u0161en\u0117.<\/p>\n<p>76% poliesteris, 18% viskoz\u0117, 6% elastanas<\/p>\n<p>Skalbti ma\u0161inoje ir d\u017eiovinti d\u017eiovykl\u0117je.<\/p>\n","protected":false},"featured_media":20821,"comment_status":"open","ping_status":"closed","template":"","meta":[],"product_brand":[],"product_cat":[240,155,57,15,49],"product_tag":[1117],"class_list":{"0":"post-20816","1":"product","2":"type-product","3":"status-publish","4":"has-post-thumbnail","6":"product_cat-dydziu-lentele","7":"product_cat-katalogas","8":"product_cat-palaidines-vyrams","9":"product_cat-uncategorized","10":"product_cat-vyrams","11":"product_tag-j86055-cblw","13":"first","14":"instock","15":"shipping-taxable","16":"purchasable","17":"product-type-variable"},"yoast_head":"<!-- This site is optimized with the Yoast SEO plugin v27.4 - https:\/\/yoast.com\/product\/yoast-seo-wordpress\/ -->\n<title>JAANUU-Top-J86055-CBLW - uniform4baltic<\/title>\n<meta name=\"description\" content=\"FUSEryx\u2122 audinys yra sukurtas taip, kad b\u016bt\u0173 tamprus visomis kryptimis, u\u017etikrinant komfort\u0105 ir patvarum\u0105 vis\u0105 dien\u0105.  Apdorotas Silvadur\u2122 antimikrobine danga, kad b\u016bt\u0173 u\u017etikrintas papildomas apsaugos sluoksnis, u\u017etikrina temperat\u016bros reguliavim\u0105 ir komfort\u0105 vis\u0105 dien\u0105. Lengva prie\u017ei\u016bra, nesilamdanti med\u017eiaga.  V formos i\u0161kirpt\u0117.  2 ki\u0161en\u0117s kr\u016btin\u0117s srityje, viena pasl\u0117pta tu\u0161inuko ki\u0161en\u0117.  76% poliesteris, 18% viskoz\u0117, 6% elastanas  Skalbti ma\u0161inoje ir d\u017eiovinti d\u017eiovykl\u0117je.\" \/>\n<meta name=\"robots\" content=\"index, follow, max-snippet:-1, max-image-preview:large, max-video-preview:-1\" \/>\n<link rel=\"canonical\" href=\"https:\/\/uniform4baltic.com\/parduotuve\/vyrams\/palaidines-vyrams\/jaanuu-top-j86055-cblw\/\" \/>\n<meta property=\"og:locale\" content=\"en_US\" \/>\n<meta property=\"og:type\" content=\"article\" \/>\n<meta property=\"og:title\" content=\"JAANUU-Top-J86055-CBLW - uniform4baltic\" \/>\n<meta property=\"og:description\" content=\"FUSEryx\u2122 audinys yra sukurtas taip, kad b\u016bt\u0173 tamprus visomis kryptimis, u\u017etikrinant komfort\u0105 ir patvarum\u0105 vis\u0105 dien\u0105.  Apdorotas Silvadur\u2122 antimikrobine danga, kad b\u016bt\u0173 u\u017etikrintas papildomas apsaugos sluoksnis, u\u017etikrina temperat\u016bros reguliavim\u0105 ir komfort\u0105 vis\u0105 dien\u0105. Lengva prie\u017ei\u016bra, nesilamdanti med\u017eiaga.  V formos i\u0161kirpt\u0117.  2 ki\u0161en\u0117s kr\u016btin\u0117s srityje, viena pasl\u0117pta tu\u0161inuko ki\u0161en\u0117.  76% poliesteris, 18% viskoz\u0117, 6% elastanas  Skalbti ma\u0161inoje ir d\u017eiovinti d\u017eiovykl\u0117je.\" \/>\n<meta property=\"og:url\" content=\"https:\/\/uniform4baltic.com\/parduotuve\/vyrams\/palaidines-vyrams\/jaanuu-top-j86055-cblw\/\" \/>\n<meta property=\"og:site_name\" content=\"uniform4baltic\" \/>\n<meta property=\"article:modified_time\" content=\"2025-12-19T07:23:51+00:00\" \/>\n<meta property=\"og:image\" content=\"https:\/\/uniform4baltic.com\/wp-content\/uploads\/2022\/12\/J86055-CBLW-794x1024.png\" \/>\n\t<meta property=\"og:image:width\" content=\"794\" \/>\n\t<meta property=\"og:image:height\" content=\"1024\" \/>\n\t<meta property=\"og:image:type\" content=\"image\/png\" \/>\n<meta name=\"twitter:card\" content=\"summary_large_image\" \/>\n<meta name=\"twitter:label1\" content=\"Est. reading time\" \/>\n\t<meta name=\"twitter:data1\" content=\"1 minute\" \/>\n<script type=\"application\/ld+json\" class=\"yoast-schema-graph\">{\"@context\":\"https:\\\/\\\/schema.org\",\"@graph\":[{\"@type\":\"WebPage\",\"@id\":\"https:\\\/\\\/uniform4baltic.com\\\/parduotuve\\\/vyrams\\\/palaidines-vyrams\\\/jaanuu-top-j86055-cblw\\\/\",\"url\":\"https:\\\/\\\/uniform4baltic.com\\\/parduotuve\\\/vyrams\\\/palaidines-vyrams\\\/jaanuu-top-j86055-cblw\\\/\",\"name\":\"JAANUU-Top-J86055-CBLW - uniform4baltic\",\"isPartOf\":{\"@id\":\"https:\\\/\\\/www.uniform4baltic.com\\\/en\\\/#website\"},\"primaryImageOfPage\":{\"@id\":\"https:\\\/\\\/uniform4baltic.com\\\/parduotuve\\\/vyrams\\\/palaidines-vyrams\\\/jaanuu-top-j86055-cblw\\\/#primaryimage\"},\"image\":{\"@id\":\"https:\\\/\\\/uniform4baltic.com\\\/parduotuve\\\/vyrams\\\/palaidines-vyrams\\\/jaanuu-top-j86055-cblw\\\/#primaryimage\"},\"thumbnailUrl\":\"https:\\\/\\\/uniform4baltic.com\\\/wp-content\\\/uploads\\\/2022\\\/12\\\/J86055-CBLW.png\",\"datePublished\":\"2022-12-30T08:30:15+00:00\",\"dateModified\":\"2025-12-19T07:23:51+00:00\",\"description\":\"FUSEryx\u2122 audinys yra sukurtas taip, kad b\u016bt\u0173 tamprus visomis kryptimis, u\u017etikrinant komfort\u0105 ir patvarum\u0105 vis\u0105 dien\u0105. Apdorotas Silvadur\u2122 antimikrobine danga, kad b\u016bt\u0173 u\u017etikrintas papildomas apsaugos sluoksnis, u\u017etikrina temperat\u016bros reguliavim\u0105 ir komfort\u0105 vis\u0105 dien\u0105. Lengva prie\u017ei\u016bra, nesilamdanti med\u017eiaga. V formos i\u0161kirpt\u0117. 2 ki\u0161en\u0117s kr\u016btin\u0117s srityje, viena pasl\u0117pta tu\u0161inuko ki\u0161en\u0117. 76% poliesteris, 18% viskoz\u0117, 6% elastanas Skalbti ma\u0161inoje ir d\u017eiovinti d\u017eiovykl\u0117je.\",\"breadcrumb\":{\"@id\":\"https:\\\/\\\/uniform4baltic.com\\\/parduotuve\\\/vyrams\\\/palaidines-vyrams\\\/jaanuu-top-j86055-cblw\\\/#breadcrumb\"},\"inLanguage\":\"en-US\",\"potentialAction\":[{\"@type\":\"ReadAction\",\"target\":[\"https:\\\/\\\/uniform4baltic.com\\\/parduotuve\\\/vyrams\\\/palaidines-vyrams\\\/jaanuu-top-j86055-cblw\\\/\"]}]},{\"@type\":\"ImageObject\",\"inLanguage\":\"en-US\",\"@id\":\"https:\\\/\\\/uniform4baltic.com\\\/parduotuve\\\/vyrams\\\/palaidines-vyrams\\\/jaanuu-top-j86055-cblw\\\/#primaryimage\",\"url\":\"https:\\\/\\\/uniform4baltic.com\\\/wp-content\\\/uploads\\\/2022\\\/12\\\/J86055-CBLW.png\",\"contentUrl\":\"https:\\\/\\\/uniform4baltic.com\\\/wp-content\\\/uploads\\\/2022\\\/12\\\/J86055-CBLW.png\",\"width\":1605,\"height\":2070},{\"@type\":\"BreadcrumbList\",\"@id\":\"https:\\\/\\\/uniform4baltic.com\\\/parduotuve\\\/vyrams\\\/palaidines-vyrams\\\/jaanuu-top-j86055-cblw\\\/#breadcrumb\",\"itemListElement\":[{\"@type\":\"ListItem\",\"position\":1,\"name\":\"Home\",\"item\":\"https:\\\/\\\/uniform4baltic.com\\\/en\\\/\"},{\"@type\":\"ListItem\",\"position\":2,\"name\":\"Shop\",\"item\":\"https:\\\/\\\/uniform4baltic.com\\\/en\\\/shop-2\\\/\"},{\"@type\":\"ListItem\",\"position\":3,\"name\":\"JAANUU-Top-J86055-CBLW\"}]},{\"@type\":\"WebSite\",\"@id\":\"https:\\\/\\\/www.uniform4baltic.com\\\/en\\\/#website\",\"url\":\"https:\\\/\\\/www.uniform4baltic.com\\\/en\\\/\",\"name\":\"uniform4baltic.com\",\"description\":\"Medicinin\u0117 apranga\",\"publisher\":{\"@id\":\"https:\\\/\\\/www.uniform4baltic.com\\\/en\\\/#organization\"},\"potentialAction\":[{\"@type\":\"SearchAction\",\"target\":{\"@type\":\"EntryPoint\",\"urlTemplate\":\"https:\\\/\\\/www.uniform4baltic.com\\\/en\\\/?s={search_term_string}\"},\"query-input\":{\"@type\":\"PropertyValueSpecification\",\"valueRequired\":true,\"valueName\":\"search_term_string\"}}],\"inLanguage\":\"en-US\"},{\"@type\":\"Organization\",\"@id\":\"https:\\\/\\\/www.uniform4baltic.com\\\/en\\\/#organization\",\"name\":\"Apranga medikams\",\"url\":\"https:\\\/\\\/www.uniform4baltic.com\\\/en\\\/\",\"logo\":{\"@type\":\"ImageObject\",\"inLanguage\":\"en-US\",\"@id\":\"https:\\\/\\\/www.uniform4baltic.com\\\/en\\\/#\\\/schema\\\/logo\\\/image\\\/\",\"url\":\"https:\\\/\\\/uniform4baltic.com\\\/wp-content\\\/uploads\\\/2020\\\/06\\\/logo-web-1.png\",\"contentUrl\":\"https:\\\/\\\/uniform4baltic.com\\\/wp-content\\\/uploads\\\/2020\\\/06\\\/logo-web-1.png\",\"width\":500,\"height\":215,\"caption\":\"Apranga medikams\"},\"image\":{\"@id\":\"https:\\\/\\\/www.uniform4baltic.com\\\/en\\\/#\\\/schema\\\/logo\\\/image\\\/\"}}]}<\/script>\n<!-- \/ Yoast SEO plugin. -->","yoast_head_json":{"title":"JAANUU-Top-J86055-CBLW - uniform4baltic","description":"FUSEryx\u2122 audinys yra sukurtas taip, kad b\u016bt\u0173 tamprus visomis kryptimis, u\u017etikrinant komfort\u0105 ir patvarum\u0105 vis\u0105 dien\u0105.  Apdorotas Silvadur\u2122 antimikrobine danga, kad b\u016bt\u0173 u\u017etikrintas papildomas apsaugos sluoksnis, u\u017etikrina temperat\u016bros reguliavim\u0105 ir komfort\u0105 vis\u0105 dien\u0105. Lengva prie\u017ei\u016bra, nesilamdanti med\u017eiaga.  V formos i\u0161kirpt\u0117.  2 ki\u0161en\u0117s kr\u016btin\u0117s srityje, viena pasl\u0117pta tu\u0161inuko ki\u0161en\u0117.  76% poliesteris, 18% viskoz\u0117, 6% elastanas  Skalbti ma\u0161inoje ir d\u017eiovinti d\u017eiovykl\u0117je.","robots":{"index":"index","follow":"follow","max-snippet":"max-snippet:-1","max-image-preview":"max-image-preview:large","max-video-preview":"max-video-preview:-1"},"canonical":"https:\/\/uniform4baltic.com\/parduotuve\/vyrams\/palaidines-vyrams\/jaanuu-top-j86055-cblw\/","og_locale":"en_US","og_type":"article","og_title":"JAANUU-Top-J86055-CBLW - uniform4baltic","og_description":"FUSEryx\u2122 audinys yra sukurtas taip, kad b\u016bt\u0173 tamprus visomis kryptimis, u\u017etikrinant komfort\u0105 ir patvarum\u0105 vis\u0105 dien\u0105.  Apdorotas Silvadur\u2122 antimikrobine danga, kad b\u016bt\u0173 u\u017etikrintas papildomas apsaugos sluoksnis, u\u017etikrina temperat\u016bros reguliavim\u0105 ir komfort\u0105 vis\u0105 dien\u0105. Lengva prie\u017ei\u016bra, nesilamdanti med\u017eiaga.  V formos i\u0161kirpt\u0117.  2 ki\u0161en\u0117s kr\u016btin\u0117s srityje, viena pasl\u0117pta tu\u0161inuko ki\u0161en\u0117.  76% poliesteris, 18% viskoz\u0117, 6% elastanas  Skalbti ma\u0161inoje ir d\u017eiovinti d\u017eiovykl\u0117je.","og_url":"https:\/\/uniform4baltic.com\/parduotuve\/vyrams\/palaidines-vyrams\/jaanuu-top-j86055-cblw\/","og_site_name":"uniform4baltic","article_modified_time":"2025-12-19T07:23:51+00:00","og_image":[{"width":794,"height":1024,"url":"https:\/\/uniform4baltic.com\/wp-content\/uploads\/2022\/12\/J86055-CBLW-794x1024.png","type":"image\/png"}],"twitter_card":"summary_large_image","twitter_misc":{"Est. reading time":"1 minute"},"schema":{"@context":"https:\/\/schema.org","@graph":[{"@type":"WebPage","@id":"https:\/\/uniform4baltic.com\/parduotuve\/vyrams\/palaidines-vyrams\/jaanuu-top-j86055-cblw\/","url":"https:\/\/uniform4baltic.com\/parduotuve\/vyrams\/palaidines-vyrams\/jaanuu-top-j86055-cblw\/","name":"JAANUU-Top-J86055-CBLW - uniform4baltic","isPartOf":{"@id":"https:\/\/www.uniform4baltic.com\/en\/#website"},"primaryImageOfPage":{"@id":"https:\/\/uniform4baltic.com\/parduotuve\/vyrams\/palaidines-vyrams\/jaanuu-top-j86055-cblw\/#primaryimage"},"image":{"@id":"https:\/\/uniform4baltic.com\/parduotuve\/vyrams\/palaidines-vyrams\/jaanuu-top-j86055-cblw\/#primaryimage"},"thumbnailUrl":"https:\/\/uniform4baltic.com\/wp-content\/uploads\/2022\/12\/J86055-CBLW.png","datePublished":"2022-12-30T08:30:15+00:00","dateModified":"2025-12-19T07:23:51+00:00","description":"FUSEryx\u2122 audinys yra sukurtas taip, kad b\u016bt\u0173 tamprus visomis kryptimis, u\u017etikrinant komfort\u0105 ir patvarum\u0105 vis\u0105 dien\u0105. Apdorotas Silvadur\u2122 antimikrobine danga, kad b\u016bt\u0173 u\u017etikrintas papildomas apsaugos sluoksnis, u\u017etikrina temperat\u016bros reguliavim\u0105 ir komfort\u0105 vis\u0105 dien\u0105. Lengva prie\u017ei\u016bra, nesilamdanti med\u017eiaga. V formos i\u0161kirpt\u0117. 2 ki\u0161en\u0117s kr\u016btin\u0117s srityje, viena pasl\u0117pta tu\u0161inuko ki\u0161en\u0117. 76% poliesteris, 18% viskoz\u0117, 6% elastanas Skalbti ma\u0161inoje ir d\u017eiovinti d\u017eiovykl\u0117je.","breadcrumb":{"@id":"https:\/\/uniform4baltic.com\/parduotuve\/vyrams\/palaidines-vyrams\/jaanuu-top-j86055-cblw\/#breadcrumb"},"inLanguage":"en-US","potentialAction":[{"@type":"ReadAction","target":["https:\/\/uniform4baltic.com\/parduotuve\/vyrams\/palaidines-vyrams\/jaanuu-top-j86055-cblw\/"]}]},{"@type":"ImageObject","inLanguage":"en-US","@id":"https:\/\/uniform4baltic.com\/parduotuve\/vyrams\/palaidines-vyrams\/jaanuu-top-j86055-cblw\/#primaryimage","url":"https:\/\/uniform4baltic.com\/wp-content\/uploads\/2022\/12\/J86055-CBLW.png","contentUrl":"https:\/\/uniform4baltic.com\/wp-content\/uploads\/2022\/12\/J86055-CBLW.png","width":1605,"height":2070},{"@type":"BreadcrumbList","@id":"https:\/\/uniform4baltic.com\/parduotuve\/vyrams\/palaidines-vyrams\/jaanuu-top-j86055-cblw\/#breadcrumb","itemListElement":[{"@type":"ListItem","position":1,"name":"Home","item":"https:\/\/uniform4baltic.com\/en\/"},{"@type":"ListItem","position":2,"name":"Shop","item":"https:\/\/uniform4baltic.com\/en\/shop-2\/"},{"@type":"ListItem","position":3,"name":"JAANUU-Top-J86055-CBLW"}]},{"@type":"WebSite","@id":"https:\/\/www.uniform4baltic.com\/en\/#website","url":"https:\/\/www.uniform4baltic.com\/en\/","name":"uniform4baltic.com","description":"Medicinin\u0117 apranga","publisher":{"@id":"https:\/\/www.uniform4baltic.com\/en\/#organization"},"potentialAction":[{"@type":"SearchAction","target":{"@type":"EntryPoint","urlTemplate":"https:\/\/www.uniform4baltic.com\/en\/?s={search_term_string}"},"query-input":{"@type":"PropertyValueSpecification","valueRequired":true,"valueName":"search_term_string"}}],"inLanguage":"en-US"},{"@type":"Organization","@id":"https:\/\/www.uniform4baltic.com\/en\/#organization","name":"Apranga medikams","url":"https:\/\/www.uniform4baltic.com\/en\/","logo":{"@type":"ImageObject","inLanguage":"en-US","@id":"https:\/\/www.uniform4baltic.com\/en\/#\/schema\/logo\/image\/","url":"https:\/\/uniform4baltic.com\/wp-content\/uploads\/2020\/06\/logo-web-1.png","contentUrl":"https:\/\/uniform4baltic.com\/wp-content\/uploads\/2020\/06\/logo-web-1.png","width":500,"height":215,"caption":"Apranga medikams"},"image":{"@id":"https:\/\/www.uniform4baltic.com\/en\/#\/schema\/logo\/image\/"}}]}},"_links":{"self":[{"href":"https:\/\/uniform4baltic.com\/en\/wp-json\/wp\/v2\/product\/20816","targetHints":{"allow":["GET"]}}],"collection":[{"href":"https:\/\/uniform4baltic.com\/en\/wp-json\/wp\/v2\/product"}],"about":[{"href":"https:\/\/uniform4baltic.com\/en\/wp-json\/wp\/v2\/types\/product"}],"replies":[{"embeddable":true,"href":"https:\/\/uniform4baltic.com\/en\/wp-json\/wp\/v2\/comments?post=20816"}],"wp:featuredmedia":[{"embeddable":true,"href":"https:\/\/uniform4baltic.com\/en\/wp-json\/wp\/v2\/media\/20821"}],"wp:attachment":[{"href":"https:\/\/uniform4baltic.com\/en\/wp-json\/wp\/v2\/media?parent=20816"}],"wp:term":[{"taxonomy":"product_brand","embeddable":true,"href":"https:\/\/uniform4baltic.com\/en\/wp-json\/wp\/v2\/product_brand?post=20816"},{"taxonomy":"product_cat","embeddable":true,"href":"https:\/\/uniform4baltic.com\/en\/wp-json\/wp\/v2\/product_cat?post=20816"},{"taxonomy":"product_tag","embeddable":true,"href":"https:\/\/uniform4baltic.com\/en\/wp-json\/wp\/v2\/product_tag?post=20816"}],"curies":[{"name":"wp","href":"https:\/\/api.w.org\/{rel}","templated":true}]}}