{"id":25348,"date":"2024-04-10T05:35:53","date_gmt":"2024-04-10T07:35:53","guid":{"rendered":"https:\/\/uniform4baltic.com\/?post_type=product&#038;p=25348"},"modified":"2024-11-08T10:23:24","modified_gmt":"2024-11-08T12:23:24","slug":"bok804-underscrub-2330-grey-heather","status":"publish","type":"product","link":"https:\/\/uniform4baltic.com\/en\/parduotuve\/mens\/blouses-en\/bok804-underscrub-2330-grey-heather\/","title":{"rendered":"BOK803 Underscrub -2330 Grey heather"},"content":{"rendered":"","protected":false},"excerpt":{"rendered":"<p>Vyri\u0161ka palaidin\u0117, ilgomis rankov\u0117mis.<br \/>\nPuikiai dera su bet kuriuo m\u016bs\u0173 \u201eBarco\u201c prek\u0117s \u017eenklo apranga ir yra puikus ilgoms pamainoms.<br \/>\nMed\u017eiaga : 46% perdirbtas poliesteris, 42% poliesteris, 12% elastanas.<br \/>\nGalimi dyd\u017eiai: XXS-5XL.<\/p>\n<p>D\u0117l nesam\u0173 dyd\u017ei\u0173 ir spalv\u0173 kreiptis el. pa\u0161tu arba telefonu.<\/p>\n","protected":false},"featured_media":25360,"comment_status":"open","ping_status":"closed","template":"..\/public\/views\/revslider-page-template.php","meta":[],"product_brand":[],"product_cat":[240,155,57,15,49],"product_tag":[1452],"class_list":{"0":"post-25348","1":"product","2":"type-product","3":"status-publish","4":"has-post-thumbnail","6":"product_cat-dydziu-lentele","7":"product_cat-katalogas","8":"product_cat-palaidines-vyrams","9":"product_cat-uncategorized","10":"product_cat-vyrams","11":"product_tag-bok803-2330","12":"pa_kolekcija-barco-one","14":"first","15":"instock","16":"shipping-taxable","17":"product-type-variable"},"yoast_head":"<!-- This site is optimized with the Yoast SEO plugin v27.4 - https:\/\/yoast.com\/product\/yoast-seo-wordpress\/ -->\n<title>BOK803 Underscrub -2330 Grey heather - uniform4baltic<\/title>\n<meta name=\"description\" content=\"Vyri\u0161ka palaidin\u0117, ilgomis rankov\u0117mis. Puikiai dera su bet kuriuo m\u016bs\u0173 \u201eBarco\u201c prek\u0117s \u017eenklo apranga ir yra puikus ilgoms pamainoms. Med\u017eiaga : 46% perdirbtas poliesteris, 42% poliesteris, 12% elastanas. Galimi dyd\u017eiai: XXS-5XL.  D\u0117l nesam\u0173 dyd\u017ei\u0173 ir spalv\u0173 kreiptis el. pa\u0161tu arba telefonu.\" \/>\n<meta name=\"robots\" content=\"index, follow, max-snippet:-1, max-image-preview:large, max-video-preview:-1\" \/>\n<link rel=\"canonical\" href=\"https:\/\/uniform4baltic.com\/ru\/parduotuve\/vyrams\/palaidines-vyrams\/bok804-underscrub-2330-grey-heather\/\" \/>\n<meta property=\"og:locale\" content=\"en_US\" \/>\n<meta property=\"og:type\" content=\"article\" \/>\n<meta property=\"og:title\" content=\"BOK803 Underscrub -2330 Grey heather - uniform4baltic\" \/>\n<meta property=\"og:description\" content=\"Vyri\u0161ka palaidin\u0117, ilgomis rankov\u0117mis. Puikiai dera su bet kuriuo m\u016bs\u0173 \u201eBarco\u201c prek\u0117s \u017eenklo apranga ir yra puikus ilgoms pamainoms. Med\u017eiaga : 46% perdirbtas poliesteris, 42% poliesteris, 12% elastanas. Galimi dyd\u017eiai: XXS-5XL.  D\u0117l nesam\u0173 dyd\u017ei\u0173 ir spalv\u0173 kreiptis el. pa\u0161tu arba telefonu.\" \/>\n<meta property=\"og:url\" content=\"https:\/\/uniform4baltic.com\/ru\/parduotuve\/vyrams\/palaidines-vyrams\/bok804-underscrub-2330-grey-heather\/\" \/>\n<meta property=\"og:site_name\" content=\"uniform4baltic\" \/>\n<meta property=\"article:modified_time\" content=\"2024-11-08T12:23:24+00:00\" \/>\n<meta property=\"og:image\" content=\"https:\/\/uniform4baltic.com\/wp-content\/uploads\/2024\/04\/vfnvrekvtfsf7v9zpdkp.jpg\" \/>\n\t<meta property=\"og:image:width\" content=\"415\" \/>\n\t<meta property=\"og:image:height\" content=\"600\" \/>\n\t<meta property=\"og:image:type\" content=\"image\/jpeg\" \/>\n<meta name=\"twitter:card\" content=\"summary_large_image\" \/>\n<meta name=\"twitter:label1\" content=\"Est. reading time\" \/>\n\t<meta name=\"twitter:data1\" content=\"1 minute\" \/>\n<script type=\"application\/ld+json\" class=\"yoast-schema-graph\">{\"@context\":\"https:\\\/\\\/schema.org\",\"@graph\":[{\"@type\":\"WebPage\",\"@id\":\"https:\\\/\\\/uniform4baltic.com\\\/ru\\\/parduotuve\\\/vyrams\\\/palaidines-vyrams\\\/bok804-underscrub-2330-grey-heather\\\/\",\"url\":\"https:\\\/\\\/uniform4baltic.com\\\/ru\\\/parduotuve\\\/vyrams\\\/palaidines-vyrams\\\/bok804-underscrub-2330-grey-heather\\\/\",\"name\":\"BOK803 Underscrub -2330 Grey heather - uniform4baltic\",\"isPartOf\":{\"@id\":\"https:\\\/\\\/www.uniform4baltic.com\\\/en\\\/#website\"},\"primaryImageOfPage\":{\"@id\":\"https:\\\/\\\/uniform4baltic.com\\\/ru\\\/parduotuve\\\/vyrams\\\/palaidines-vyrams\\\/bok804-underscrub-2330-grey-heather\\\/#primaryimage\"},\"image\":{\"@id\":\"https:\\\/\\\/uniform4baltic.com\\\/ru\\\/parduotuve\\\/vyrams\\\/palaidines-vyrams\\\/bok804-underscrub-2330-grey-heather\\\/#primaryimage\"},\"thumbnailUrl\":\"https:\\\/\\\/uniform4baltic.com\\\/wp-content\\\/uploads\\\/2024\\\/04\\\/vfnvrekvtfsf7v9zpdkp.jpg\",\"datePublished\":\"2024-04-10T07:35:53+00:00\",\"dateModified\":\"2024-11-08T12:23:24+00:00\",\"description\":\"Vyri\u0161ka palaidin\u0117, ilgomis rankov\u0117mis. Puikiai dera su bet kuriuo m\u016bs\u0173 \u201eBarco\u201c prek\u0117s \u017eenklo apranga ir yra puikus ilgoms pamainoms. Med\u017eiaga : 46% perdirbtas poliesteris, 42% poliesteris, 12% elastanas. Galimi dyd\u017eiai: XXS-5XL. D\u0117l nesam\u0173 dyd\u017ei\u0173 ir spalv\u0173 kreiptis el. pa\u0161tu arba telefonu.\",\"breadcrumb\":{\"@id\":\"https:\\\/\\\/uniform4baltic.com\\\/ru\\\/parduotuve\\\/vyrams\\\/palaidines-vyrams\\\/bok804-underscrub-2330-grey-heather\\\/#breadcrumb\"},\"inLanguage\":\"en-US\",\"potentialAction\":[{\"@type\":\"ReadAction\",\"target\":[\"https:\\\/\\\/uniform4baltic.com\\\/ru\\\/parduotuve\\\/vyrams\\\/palaidines-vyrams\\\/bok804-underscrub-2330-grey-heather\\\/\"]}]},{\"@type\":\"ImageObject\",\"inLanguage\":\"en-US\",\"@id\":\"https:\\\/\\\/uniform4baltic.com\\\/ru\\\/parduotuve\\\/vyrams\\\/palaidines-vyrams\\\/bok804-underscrub-2330-grey-heather\\\/#primaryimage\",\"url\":\"https:\\\/\\\/uniform4baltic.com\\\/wp-content\\\/uploads\\\/2024\\\/04\\\/vfnvrekvtfsf7v9zpdkp.jpg\",\"contentUrl\":\"https:\\\/\\\/uniform4baltic.com\\\/wp-content\\\/uploads\\\/2024\\\/04\\\/vfnvrekvtfsf7v9zpdkp.jpg\",\"width\":415,\"height\":600},{\"@type\":\"BreadcrumbList\",\"@id\":\"https:\\\/\\\/uniform4baltic.com\\\/ru\\\/parduotuve\\\/vyrams\\\/palaidines-vyrams\\\/bok804-underscrub-2330-grey-heather\\\/#breadcrumb\",\"itemListElement\":[{\"@type\":\"ListItem\",\"position\":1,\"name\":\"Home\",\"item\":\"https:\\\/\\\/uniform4baltic.com\\\/en\\\/\"},{\"@type\":\"ListItem\",\"position\":2,\"name\":\"Shop\",\"item\":\"https:\\\/\\\/uniform4baltic.com\\\/en\\\/shop-2\\\/\"},{\"@type\":\"ListItem\",\"position\":3,\"name\":\"BOK803 Underscrub -2330 Grey heather\"}]},{\"@type\":\"WebSite\",\"@id\":\"https:\\\/\\\/www.uniform4baltic.com\\\/en\\\/#website\",\"url\":\"https:\\\/\\\/www.uniform4baltic.com\\\/en\\\/\",\"name\":\"uniform4baltic.com\",\"description\":\"Medicinin\u0117 apranga\",\"publisher\":{\"@id\":\"https:\\\/\\\/www.uniform4baltic.com\\\/en\\\/#organization\"},\"potentialAction\":[{\"@type\":\"SearchAction\",\"target\":{\"@type\":\"EntryPoint\",\"urlTemplate\":\"https:\\\/\\\/www.uniform4baltic.com\\\/en\\\/?s={search_term_string}\"},\"query-input\":{\"@type\":\"PropertyValueSpecification\",\"valueRequired\":true,\"valueName\":\"search_term_string\"}}],\"inLanguage\":\"en-US\"},{\"@type\":\"Organization\",\"@id\":\"https:\\\/\\\/www.uniform4baltic.com\\\/en\\\/#organization\",\"name\":\"Apranga medikams\",\"url\":\"https:\\\/\\\/www.uniform4baltic.com\\\/en\\\/\",\"logo\":{\"@type\":\"ImageObject\",\"inLanguage\":\"en-US\",\"@id\":\"https:\\\/\\\/www.uniform4baltic.com\\\/en\\\/#\\\/schema\\\/logo\\\/image\\\/\",\"url\":\"https:\\\/\\\/uniform4baltic.com\\\/wp-content\\\/uploads\\\/2020\\\/06\\\/logo-web-1.png\",\"contentUrl\":\"https:\\\/\\\/uniform4baltic.com\\\/wp-content\\\/uploads\\\/2020\\\/06\\\/logo-web-1.png\",\"width\":500,\"height\":215,\"caption\":\"Apranga medikams\"},\"image\":{\"@id\":\"https:\\\/\\\/www.uniform4baltic.com\\\/en\\\/#\\\/schema\\\/logo\\\/image\\\/\"}}]}<\/script>\n<!-- \/ Yoast SEO plugin. -->","yoast_head_json":{"title":"BOK803 Underscrub -2330 Grey heather - uniform4baltic","description":"Vyri\u0161ka palaidin\u0117, ilgomis rankov\u0117mis. Puikiai dera su bet kuriuo m\u016bs\u0173 \u201eBarco\u201c prek\u0117s \u017eenklo apranga ir yra puikus ilgoms pamainoms. Med\u017eiaga : 46% perdirbtas poliesteris, 42% poliesteris, 12% elastanas. Galimi dyd\u017eiai: XXS-5XL.  D\u0117l nesam\u0173 dyd\u017ei\u0173 ir spalv\u0173 kreiptis el. pa\u0161tu arba telefonu.","robots":{"index":"index","follow":"follow","max-snippet":"max-snippet:-1","max-image-preview":"max-image-preview:large","max-video-preview":"max-video-preview:-1"},"canonical":"https:\/\/uniform4baltic.com\/ru\/parduotuve\/vyrams\/palaidines-vyrams\/bok804-underscrub-2330-grey-heather\/","og_locale":"en_US","og_type":"article","og_title":"BOK803 Underscrub -2330 Grey heather - uniform4baltic","og_description":"Vyri\u0161ka palaidin\u0117, ilgomis rankov\u0117mis. Puikiai dera su bet kuriuo m\u016bs\u0173 \u201eBarco\u201c prek\u0117s \u017eenklo apranga ir yra puikus ilgoms pamainoms. Med\u017eiaga : 46% perdirbtas poliesteris, 42% poliesteris, 12% elastanas. Galimi dyd\u017eiai: XXS-5XL.  D\u0117l nesam\u0173 dyd\u017ei\u0173 ir spalv\u0173 kreiptis el. pa\u0161tu arba telefonu.","og_url":"https:\/\/uniform4baltic.com\/ru\/parduotuve\/vyrams\/palaidines-vyrams\/bok804-underscrub-2330-grey-heather\/","og_site_name":"uniform4baltic","article_modified_time":"2024-11-08T12:23:24+00:00","og_image":[{"width":415,"height":600,"url":"https:\/\/uniform4baltic.com\/wp-content\/uploads\/2024\/04\/vfnvrekvtfsf7v9zpdkp.jpg","type":"image\/jpeg"}],"twitter_card":"summary_large_image","twitter_misc":{"Est. reading time":"1 minute"},"schema":{"@context":"https:\/\/schema.org","@graph":[{"@type":"WebPage","@id":"https:\/\/uniform4baltic.com\/ru\/parduotuve\/vyrams\/palaidines-vyrams\/bok804-underscrub-2330-grey-heather\/","url":"https:\/\/uniform4baltic.com\/ru\/parduotuve\/vyrams\/palaidines-vyrams\/bok804-underscrub-2330-grey-heather\/","name":"BOK803 Underscrub -2330 Grey heather - uniform4baltic","isPartOf":{"@id":"https:\/\/www.uniform4baltic.com\/en\/#website"},"primaryImageOfPage":{"@id":"https:\/\/uniform4baltic.com\/ru\/parduotuve\/vyrams\/palaidines-vyrams\/bok804-underscrub-2330-grey-heather\/#primaryimage"},"image":{"@id":"https:\/\/uniform4baltic.com\/ru\/parduotuve\/vyrams\/palaidines-vyrams\/bok804-underscrub-2330-grey-heather\/#primaryimage"},"thumbnailUrl":"https:\/\/uniform4baltic.com\/wp-content\/uploads\/2024\/04\/vfnvrekvtfsf7v9zpdkp.jpg","datePublished":"2024-04-10T07:35:53+00:00","dateModified":"2024-11-08T12:23:24+00:00","description":"Vyri\u0161ka palaidin\u0117, ilgomis rankov\u0117mis. Puikiai dera su bet kuriuo m\u016bs\u0173 \u201eBarco\u201c prek\u0117s \u017eenklo apranga ir yra puikus ilgoms pamainoms. Med\u017eiaga : 46% perdirbtas poliesteris, 42% poliesteris, 12% elastanas. Galimi dyd\u017eiai: XXS-5XL. D\u0117l nesam\u0173 dyd\u017ei\u0173 ir spalv\u0173 kreiptis el. pa\u0161tu arba telefonu.","breadcrumb":{"@id":"https:\/\/uniform4baltic.com\/ru\/parduotuve\/vyrams\/palaidines-vyrams\/bok804-underscrub-2330-grey-heather\/#breadcrumb"},"inLanguage":"en-US","potentialAction":[{"@type":"ReadAction","target":["https:\/\/uniform4baltic.com\/ru\/parduotuve\/vyrams\/palaidines-vyrams\/bok804-underscrub-2330-grey-heather\/"]}]},{"@type":"ImageObject","inLanguage":"en-US","@id":"https:\/\/uniform4baltic.com\/ru\/parduotuve\/vyrams\/palaidines-vyrams\/bok804-underscrub-2330-grey-heather\/#primaryimage","url":"https:\/\/uniform4baltic.com\/wp-content\/uploads\/2024\/04\/vfnvrekvtfsf7v9zpdkp.jpg","contentUrl":"https:\/\/uniform4baltic.com\/wp-content\/uploads\/2024\/04\/vfnvrekvtfsf7v9zpdkp.jpg","width":415,"height":600},{"@type":"BreadcrumbList","@id":"https:\/\/uniform4baltic.com\/ru\/parduotuve\/vyrams\/palaidines-vyrams\/bok804-underscrub-2330-grey-heather\/#breadcrumb","itemListElement":[{"@type":"ListItem","position":1,"name":"Home","item":"https:\/\/uniform4baltic.com\/en\/"},{"@type":"ListItem","position":2,"name":"Shop","item":"https:\/\/uniform4baltic.com\/en\/shop-2\/"},{"@type":"ListItem","position":3,"name":"BOK803 Underscrub -2330 Grey heather"}]},{"@type":"WebSite","@id":"https:\/\/www.uniform4baltic.com\/en\/#website","url":"https:\/\/www.uniform4baltic.com\/en\/","name":"uniform4baltic.com","description":"Medicinin\u0117 apranga","publisher":{"@id":"https:\/\/www.uniform4baltic.com\/en\/#organization"},"potentialAction":[{"@type":"SearchAction","target":{"@type":"EntryPoint","urlTemplate":"https:\/\/www.uniform4baltic.com\/en\/?s={search_term_string}"},"query-input":{"@type":"PropertyValueSpecification","valueRequired":true,"valueName":"search_term_string"}}],"inLanguage":"en-US"},{"@type":"Organization","@id":"https:\/\/www.uniform4baltic.com\/en\/#organization","name":"Apranga medikams","url":"https:\/\/www.uniform4baltic.com\/en\/","logo":{"@type":"ImageObject","inLanguage":"en-US","@id":"https:\/\/www.uniform4baltic.com\/en\/#\/schema\/logo\/image\/","url":"https:\/\/uniform4baltic.com\/wp-content\/uploads\/2020\/06\/logo-web-1.png","contentUrl":"https:\/\/uniform4baltic.com\/wp-content\/uploads\/2020\/06\/logo-web-1.png","width":500,"height":215,"caption":"Apranga medikams"},"image":{"@id":"https:\/\/www.uniform4baltic.com\/en\/#\/schema\/logo\/image\/"}}]}},"_links":{"self":[{"href":"https:\/\/uniform4baltic.com\/en\/wp-json\/wp\/v2\/product\/25348","targetHints":{"allow":["GET"]}}],"collection":[{"href":"https:\/\/uniform4baltic.com\/en\/wp-json\/wp\/v2\/product"}],"about":[{"href":"https:\/\/uniform4baltic.com\/en\/wp-json\/wp\/v2\/types\/product"}],"replies":[{"embeddable":true,"href":"https:\/\/uniform4baltic.com\/en\/wp-json\/wp\/v2\/comments?post=25348"}],"wp:featuredmedia":[{"embeddable":true,"href":"https:\/\/uniform4baltic.com\/en\/wp-json\/wp\/v2\/media\/25360"}],"wp:attachment":[{"href":"https:\/\/uniform4baltic.com\/en\/wp-json\/wp\/v2\/media?parent=25348"}],"wp:term":[{"taxonomy":"product_brand","embeddable":true,"href":"https:\/\/uniform4baltic.com\/en\/wp-json\/wp\/v2\/product_brand?post=25348"},{"taxonomy":"product_cat","embeddable":true,"href":"https:\/\/uniform4baltic.com\/en\/wp-json\/wp\/v2\/product_cat?post=25348"},{"taxonomy":"product_tag","embeddable":true,"href":"https:\/\/uniform4baltic.com\/en\/wp-json\/wp\/v2\/product_tag?post=25348"}],"curies":[{"name":"wp","href":"https:\/\/api.w.org\/{rel}","templated":true}]}}