{"id":31778,"date":"2021-03-18T11:19:29","date_gmt":"2021-03-18T13:19:29","guid":{"rendered":"https:\/\/uniform4baltic.com\/parduotuve\/uncategorized\/barco-medicinine-apranga-darbo\/"},"modified":"2025-01-06T09:55:53","modified_gmt":"2025-01-06T11:55:53","slug":"barco-medicinine-apranga-darbo","status":"publish","type":"product","link":"https:\/\/uniform4baltic.com\/en\/parduotuve\/womens\/blouses\/barco-medicinine-apranga-darbo\/","title":{"rendered":"GRT049 Kira Top &#8211; 23 Indigo"},"content":{"rendered":"","protected":false},"excerpt":{"rendered":"<p>V-neck. Front pocket with zipper \u201clove\u201d. Two front pockets and one back pocket.<\/p>\n<p>&nbsp;<\/p>\n<p>Matching pants: 4232, GRP534<\/p>\n<p>&nbsp;<\/p>\n<p>Fabric Material: 77% polyester, 23% rayon<\/p>\n<p>&nbsp;<\/p>\n<p>Available sizes: XS-3XL.<\/p>\n<p>&nbsp;<\/p>\n<p>For unavailable sizes or colors, please contact us by e-mail or phone.<\/p>\n","protected":false},"featured_media":12726,"comment_status":"open","ping_status":"closed","template":"","meta":[],"product_brand":[],"product_cat":[98,171,168,646,170],"product_tag":[2583],"class_list":{"0":"post-31778","1":"product","2":"type-product","3":"status-publish","4":"has-post-thumbnail","6":"product_cat-uncategorized-2","7":"product_cat-blouses","8":"product_cat-catalogue","9":"product_cat-size-table","10":"product_cat-womens","11":"product_tag-grt049-23-en","12":"pa_kolekcija-greys-anatomy-en","14":"first","15":"instock","16":"shipping-taxable","17":"purchasable","18":"product-type-variable"},"yoast_head":"<!-- This site is optimized with the Yoast SEO plugin v27.4 - https:\/\/yoast.com\/product\/yoast-seo-wordpress\/ -->\n<title>GRT049 Kira Top - 23 Indigo - uniform4baltic<\/title>\n<meta name=\"description\" content=\"V-neck. Front pocket with zipper \u201clove\u201d. Two front pockets and one back pocket.  &nbsp;  Matching pants: 4232, GRP534  &nbsp;  Fabric Material: 77% polyester, 23% rayon  &nbsp;  Available sizes: XS-3XL.  &nbsp;  For unavailable sizes or colors, please contact us by e-mail or phone. USA prekinio \u017eenklo medicinin\u0117 apranga medicinos, veterinarijos ir gro\u017eio srityje dirban\u010diam personalui. Gra\u017eu, patogu, stilinga.\" \/>\n<meta name=\"robots\" content=\"index, follow, max-snippet:-1, max-image-preview:large, max-video-preview:-1\" \/>\n<link rel=\"canonical\" href=\"https:\/\/uniform4baltic.com\/en\/parduotuve\/womens\/blouses\/barco-medicinine-apranga-darbo\/\" \/>\n<meta property=\"og:locale\" content=\"en_US\" \/>\n<meta property=\"og:type\" content=\"article\" \/>\n<meta property=\"og:title\" content=\"GRT049 Kira Top - 23 Indigo - uniform4baltic\" \/>\n<meta property=\"og:description\" content=\"V-neck. Front pocket with zipper \u201clove\u201d. Two front pockets and one back pocket.  &nbsp;  Matching pants: 4232, GRP534  &nbsp;  Fabric Material: 77% polyester, 23% rayon  &nbsp;  Available sizes: XS-3XL.  &nbsp;  For unavailable sizes or colors, please contact us by e-mail or phone. USA prekinio \u017eenklo medicinin\u0117 apranga medicinos, veterinarijos ir gro\u017eio srityje dirban\u010diam personalui. Gra\u017eu, patogu, stilinga.\" \/>\n<meta property=\"og:url\" content=\"https:\/\/uniform4baltic.com\/en\/parduotuve\/womens\/blouses\/barco-medicinine-apranga-darbo\/\" \/>\n<meta property=\"og:site_name\" content=\"uniform4baltic\" \/>\n<meta property=\"article:modified_time\" content=\"2025-01-06T11:55:53+00:00\" \/>\n<meta property=\"og:image\" content=\"https:\/\/uniform4baltic.com\/wp-content\/uploads\/2021\/03\/m_GRT049-23.jpg\" \/>\n\t<meta property=\"og:image:width\" content=\"571\" \/>\n\t<meta property=\"og:image:height\" content=\"661\" \/>\n\t<meta property=\"og:image:type\" content=\"image\/jpeg\" \/>\n<meta name=\"twitter:card\" content=\"summary_large_image\" \/>\n<meta name=\"twitter:label1\" content=\"Est. reading time\" \/>\n\t<meta name=\"twitter:data1\" content=\"1 minute\" \/>\n<script type=\"application\/ld+json\" class=\"yoast-schema-graph\">{\"@context\":\"https:\\\/\\\/schema.org\",\"@graph\":[{\"@type\":\"WebPage\",\"@id\":\"https:\\\/\\\/uniform4baltic.com\\\/en\\\/parduotuve\\\/womens\\\/blouses\\\/barco-medicinine-apranga-darbo\\\/\",\"url\":\"https:\\\/\\\/uniform4baltic.com\\\/en\\\/parduotuve\\\/womens\\\/blouses\\\/barco-medicinine-apranga-darbo\\\/\",\"name\":\"GRT049 Kira Top - 23 Indigo - uniform4baltic\",\"isPartOf\":{\"@id\":\"https:\\\/\\\/www.uniform4baltic.com\\\/en\\\/#website\"},\"primaryImageOfPage\":{\"@id\":\"https:\\\/\\\/uniform4baltic.com\\\/en\\\/parduotuve\\\/womens\\\/blouses\\\/barco-medicinine-apranga-darbo\\\/#primaryimage\"},\"image\":{\"@id\":\"https:\\\/\\\/uniform4baltic.com\\\/en\\\/parduotuve\\\/womens\\\/blouses\\\/barco-medicinine-apranga-darbo\\\/#primaryimage\"},\"thumbnailUrl\":\"https:\\\/\\\/uniform4baltic.com\\\/wp-content\\\/uploads\\\/2021\\\/03\\\/m_GRT049-23.jpg\",\"datePublished\":\"2021-03-18T13:19:29+00:00\",\"dateModified\":\"2025-01-06T11:55:53+00:00\",\"description\":\"V-neck. Front pocket with zipper \u201clove\u201d. Two front pockets and one back pocket. &nbsp; Matching pants: 4232, GRP534 &nbsp; Fabric Material: 77% polyester, 23% rayon &nbsp; Available sizes: XS-3XL. &nbsp; For unavailable sizes or colors, please contact us by e-mail or phone. USA prekinio \u017eenklo medicinin\u0117 apranga medicinos, veterinarijos ir gro\u017eio srityje dirban\u010diam personalui. Gra\u017eu, patogu, stilinga.\",\"breadcrumb\":{\"@id\":\"https:\\\/\\\/uniform4baltic.com\\\/en\\\/parduotuve\\\/womens\\\/blouses\\\/barco-medicinine-apranga-darbo\\\/#breadcrumb\"},\"inLanguage\":\"en-US\",\"potentialAction\":[{\"@type\":\"ReadAction\",\"target\":[\"https:\\\/\\\/uniform4baltic.com\\\/en\\\/parduotuve\\\/womens\\\/blouses\\\/barco-medicinine-apranga-darbo\\\/\"]}]},{\"@type\":\"ImageObject\",\"inLanguage\":\"en-US\",\"@id\":\"https:\\\/\\\/uniform4baltic.com\\\/en\\\/parduotuve\\\/womens\\\/blouses\\\/barco-medicinine-apranga-darbo\\\/#primaryimage\",\"url\":\"https:\\\/\\\/uniform4baltic.com\\\/wp-content\\\/uploads\\\/2021\\\/03\\\/m_GRT049-23.jpg\",\"contentUrl\":\"https:\\\/\\\/uniform4baltic.com\\\/wp-content\\\/uploads\\\/2021\\\/03\\\/m_GRT049-23.jpg\",\"width\":571,\"height\":661},{\"@type\":\"BreadcrumbList\",\"@id\":\"https:\\\/\\\/uniform4baltic.com\\\/en\\\/parduotuve\\\/womens\\\/blouses\\\/barco-medicinine-apranga-darbo\\\/#breadcrumb\",\"itemListElement\":[{\"@type\":\"ListItem\",\"position\":1,\"name\":\"Home\",\"item\":\"https:\\\/\\\/uniform4baltic.com\\\/en\\\/\"},{\"@type\":\"ListItem\",\"position\":2,\"name\":\"Shop\",\"item\":\"https:\\\/\\\/uniform4baltic.com\\\/en\\\/shop-2\\\/\"},{\"@type\":\"ListItem\",\"position\":3,\"name\":\"GRT049 Kira Top &#8211; 23 Indigo\"}]},{\"@type\":\"WebSite\",\"@id\":\"https:\\\/\\\/www.uniform4baltic.com\\\/en\\\/#website\",\"url\":\"https:\\\/\\\/www.uniform4baltic.com\\\/en\\\/\",\"name\":\"uniform4baltic.com\",\"description\":\"Medicinin\u0117 apranga\",\"publisher\":{\"@id\":\"https:\\\/\\\/www.uniform4baltic.com\\\/en\\\/#organization\"},\"potentialAction\":[{\"@type\":\"SearchAction\",\"target\":{\"@type\":\"EntryPoint\",\"urlTemplate\":\"https:\\\/\\\/www.uniform4baltic.com\\\/en\\\/?s={search_term_string}\"},\"query-input\":{\"@type\":\"PropertyValueSpecification\",\"valueRequired\":true,\"valueName\":\"search_term_string\"}}],\"inLanguage\":\"en-US\"},{\"@type\":\"Organization\",\"@id\":\"https:\\\/\\\/www.uniform4baltic.com\\\/en\\\/#organization\",\"name\":\"Apranga medikams\",\"url\":\"https:\\\/\\\/www.uniform4baltic.com\\\/en\\\/\",\"logo\":{\"@type\":\"ImageObject\",\"inLanguage\":\"en-US\",\"@id\":\"https:\\\/\\\/www.uniform4baltic.com\\\/en\\\/#\\\/schema\\\/logo\\\/image\\\/\",\"url\":\"https:\\\/\\\/uniform4baltic.com\\\/wp-content\\\/uploads\\\/2020\\\/06\\\/logo-web-1.png\",\"contentUrl\":\"https:\\\/\\\/uniform4baltic.com\\\/wp-content\\\/uploads\\\/2020\\\/06\\\/logo-web-1.png\",\"width\":500,\"height\":215,\"caption\":\"Apranga medikams\"},\"image\":{\"@id\":\"https:\\\/\\\/www.uniform4baltic.com\\\/en\\\/#\\\/schema\\\/logo\\\/image\\\/\"}}]}<\/script>\n<!-- \/ Yoast SEO plugin. -->","yoast_head_json":{"title":"GRT049 Kira Top - 23 Indigo - uniform4baltic","description":"V-neck. Front pocket with zipper \u201clove\u201d. Two front pockets and one back pocket.  &nbsp;  Matching pants: 4232, GRP534  &nbsp;  Fabric Material: 77% polyester, 23% rayon  &nbsp;  Available sizes: XS-3XL.  &nbsp;  For unavailable sizes or colors, please contact us by e-mail or phone. USA prekinio \u017eenklo medicinin\u0117 apranga medicinos, veterinarijos ir gro\u017eio srityje dirban\u010diam personalui. Gra\u017eu, patogu, stilinga.","robots":{"index":"index","follow":"follow","max-snippet":"max-snippet:-1","max-image-preview":"max-image-preview:large","max-video-preview":"max-video-preview:-1"},"canonical":"https:\/\/uniform4baltic.com\/en\/parduotuve\/womens\/blouses\/barco-medicinine-apranga-darbo\/","og_locale":"en_US","og_type":"article","og_title":"GRT049 Kira Top - 23 Indigo - uniform4baltic","og_description":"V-neck. Front pocket with zipper \u201clove\u201d. Two front pockets and one back pocket.  &nbsp;  Matching pants: 4232, GRP534  &nbsp;  Fabric Material: 77% polyester, 23% rayon  &nbsp;  Available sizes: XS-3XL.  &nbsp;  For unavailable sizes or colors, please contact us by e-mail or phone. USA prekinio \u017eenklo medicinin\u0117 apranga medicinos, veterinarijos ir gro\u017eio srityje dirban\u010diam personalui. Gra\u017eu, patogu, stilinga.","og_url":"https:\/\/uniform4baltic.com\/en\/parduotuve\/womens\/blouses\/barco-medicinine-apranga-darbo\/","og_site_name":"uniform4baltic","article_modified_time":"2025-01-06T11:55:53+00:00","og_image":[{"width":571,"height":661,"url":"https:\/\/uniform4baltic.com\/wp-content\/uploads\/2021\/03\/m_GRT049-23.jpg","type":"image\/jpeg"}],"twitter_card":"summary_large_image","twitter_misc":{"Est. reading time":"1 minute"},"schema":{"@context":"https:\/\/schema.org","@graph":[{"@type":"WebPage","@id":"https:\/\/uniform4baltic.com\/en\/parduotuve\/womens\/blouses\/barco-medicinine-apranga-darbo\/","url":"https:\/\/uniform4baltic.com\/en\/parduotuve\/womens\/blouses\/barco-medicinine-apranga-darbo\/","name":"GRT049 Kira Top - 23 Indigo - uniform4baltic","isPartOf":{"@id":"https:\/\/www.uniform4baltic.com\/en\/#website"},"primaryImageOfPage":{"@id":"https:\/\/uniform4baltic.com\/en\/parduotuve\/womens\/blouses\/barco-medicinine-apranga-darbo\/#primaryimage"},"image":{"@id":"https:\/\/uniform4baltic.com\/en\/parduotuve\/womens\/blouses\/barco-medicinine-apranga-darbo\/#primaryimage"},"thumbnailUrl":"https:\/\/uniform4baltic.com\/wp-content\/uploads\/2021\/03\/m_GRT049-23.jpg","datePublished":"2021-03-18T13:19:29+00:00","dateModified":"2025-01-06T11:55:53+00:00","description":"V-neck. Front pocket with zipper \u201clove\u201d. Two front pockets and one back pocket. &nbsp; Matching pants: 4232, GRP534 &nbsp; Fabric Material: 77% polyester, 23% rayon &nbsp; Available sizes: XS-3XL. &nbsp; For unavailable sizes or colors, please contact us by e-mail or phone. USA prekinio \u017eenklo medicinin\u0117 apranga medicinos, veterinarijos ir gro\u017eio srityje dirban\u010diam personalui. Gra\u017eu, patogu, stilinga.","breadcrumb":{"@id":"https:\/\/uniform4baltic.com\/en\/parduotuve\/womens\/blouses\/barco-medicinine-apranga-darbo\/#breadcrumb"},"inLanguage":"en-US","potentialAction":[{"@type":"ReadAction","target":["https:\/\/uniform4baltic.com\/en\/parduotuve\/womens\/blouses\/barco-medicinine-apranga-darbo\/"]}]},{"@type":"ImageObject","inLanguage":"en-US","@id":"https:\/\/uniform4baltic.com\/en\/parduotuve\/womens\/blouses\/barco-medicinine-apranga-darbo\/#primaryimage","url":"https:\/\/uniform4baltic.com\/wp-content\/uploads\/2021\/03\/m_GRT049-23.jpg","contentUrl":"https:\/\/uniform4baltic.com\/wp-content\/uploads\/2021\/03\/m_GRT049-23.jpg","width":571,"height":661},{"@type":"BreadcrumbList","@id":"https:\/\/uniform4baltic.com\/en\/parduotuve\/womens\/blouses\/barco-medicinine-apranga-darbo\/#breadcrumb","itemListElement":[{"@type":"ListItem","position":1,"name":"Home","item":"https:\/\/uniform4baltic.com\/en\/"},{"@type":"ListItem","position":2,"name":"Shop","item":"https:\/\/uniform4baltic.com\/en\/shop-2\/"},{"@type":"ListItem","position":3,"name":"GRT049 Kira Top &#8211; 23 Indigo"}]},{"@type":"WebSite","@id":"https:\/\/www.uniform4baltic.com\/en\/#website","url":"https:\/\/www.uniform4baltic.com\/en\/","name":"uniform4baltic.com","description":"Medicinin\u0117 apranga","publisher":{"@id":"https:\/\/www.uniform4baltic.com\/en\/#organization"},"potentialAction":[{"@type":"SearchAction","target":{"@type":"EntryPoint","urlTemplate":"https:\/\/www.uniform4baltic.com\/en\/?s={search_term_string}"},"query-input":{"@type":"PropertyValueSpecification","valueRequired":true,"valueName":"search_term_string"}}],"inLanguage":"en-US"},{"@type":"Organization","@id":"https:\/\/www.uniform4baltic.com\/en\/#organization","name":"Apranga medikams","url":"https:\/\/www.uniform4baltic.com\/en\/","logo":{"@type":"ImageObject","inLanguage":"en-US","@id":"https:\/\/www.uniform4baltic.com\/en\/#\/schema\/logo\/image\/","url":"https:\/\/uniform4baltic.com\/wp-content\/uploads\/2020\/06\/logo-web-1.png","contentUrl":"https:\/\/uniform4baltic.com\/wp-content\/uploads\/2020\/06\/logo-web-1.png","width":500,"height":215,"caption":"Apranga medikams"},"image":{"@id":"https:\/\/www.uniform4baltic.com\/en\/#\/schema\/logo\/image\/"}}]}},"_links":{"self":[{"href":"https:\/\/uniform4baltic.com\/en\/wp-json\/wp\/v2\/product\/31778","targetHints":{"allow":["GET"]}}],"collection":[{"href":"https:\/\/uniform4baltic.com\/en\/wp-json\/wp\/v2\/product"}],"about":[{"href":"https:\/\/uniform4baltic.com\/en\/wp-json\/wp\/v2\/types\/product"}],"replies":[{"embeddable":true,"href":"https:\/\/uniform4baltic.com\/en\/wp-json\/wp\/v2\/comments?post=31778"}],"wp:featuredmedia":[{"embeddable":true,"href":"https:\/\/uniform4baltic.com\/en\/wp-json\/wp\/v2\/media\/12726"}],"wp:attachment":[{"href":"https:\/\/uniform4baltic.com\/en\/wp-json\/wp\/v2\/media?parent=31778"}],"wp:term":[{"taxonomy":"product_brand","embeddable":true,"href":"https:\/\/uniform4baltic.com\/en\/wp-json\/wp\/v2\/product_brand?post=31778"},{"taxonomy":"product_cat","embeddable":true,"href":"https:\/\/uniform4baltic.com\/en\/wp-json\/wp\/v2\/product_cat?post=31778"},{"taxonomy":"product_tag","embeddable":true,"href":"https:\/\/uniform4baltic.com\/en\/wp-json\/wp\/v2\/product_tag?post=31778"}],"curies":[{"name":"wp","href":"https:\/\/api.w.org\/{rel}","templated":true}]}}