{"id":3197,"date":"2020-06-15T11:53:55","date_gmt":"2020-06-15T13:53:55","guid":{"rendered":"https:\/\/uniform4baltic.com\/?post_type=product&#038;p=3197"},"modified":"2026-01-08T11:53:01","modified_gmt":"2026-01-08T13:53:01","slug":"grst011-emma-top","status":"publish","type":"product","link":"https:\/\/uniform4baltic.com\/en\/parduotuve\/womens\/blouses\/grst011-emma-top\/","title":{"rendered":"GRST011 Emma Top &#8211; 10 White"},"content":{"rendered":"","protected":false},"excerpt":{"rendered":"<p>Palaidin\u0117 V formos kaklu, 4 ki\u0161en\u0117s.<\/p>\n<p>Deran\u010dios keln\u0117s: GRSP500, GRSP526<\/p>\n<p>Med\u017eiaga:<br \/>\n74% poliesteris, 23% viskoz\u0117, 3% elastanas.<\/p>\n<p>Galimi dyd\u017eiai: XXS-5XL.<\/p>\n<p>D\u0117l nesam\u0173 dyd\u017ei\u0173 ar spalv\u0173 kreiptis el. pa\u0161tu arba telefonu.<\/p>\n<p>* Prek\u0117 yra padidinta vienu dyd\u017eiu. Jei d\u0117vite M dyd\u012f, m\u016bs\u0173 prek\u0119 reik\u0117t\u0173 rinktis S dyd\u017eio.<\/p>\n","protected":false},"featured_media":35839,"comment_status":"open","ping_status":"closed","template":"","meta":[],"product_brand":[],"product_cat":[155,48,53],"product_tag":[],"class_list":{"0":"post-3197","1":"product","2":"type-product","3":"status-publish","4":"has-post-thumbnail","6":"product_cat-katalogas","7":"product_cat-moterims","8":"product_cat-palaidines","9":"pa_kolekcija-greys-anatomy-stretch","11":"first","12":"instock","13":"shipping-taxable","14":"purchasable","15":"product-type-variable"},"yoast_head":"<!-- This site is optimized with the Yoast SEO plugin v27.4 - https:\/\/yoast.com\/product\/yoast-seo-wordpress\/ -->\n<title>GRST011 Emma Top - 10 White - uniform4baltic<\/title>\n<meta name=\"description\" content=\"Palaidin\u0117 V formos kaklu, 4 ki\u0161en\u0117s.  Deran\u010dios keln\u0117s: GRSP500, GRSP526  Med\u017eiaga: 74% poliesteris, 23% viskoz\u0117, 3% elastanas.  Galimi dyd\u017eiai: XXS-5XL.  D\u0117l nesam\u0173 dyd\u017ei\u0173 ar spalv\u0173 kreiptis el. pa\u0161tu arba telefonu.  * Prek\u0117 yra padidinta vienu dyd\u017eiu. Jei d\u0117vite M dyd\u012f, m\u016bs\u0173 prek\u0119 reik\u0117t\u0173 rinktis S dyd\u017eio.\" \/>\n<meta name=\"robots\" content=\"index, follow, max-snippet:-1, max-image-preview:large, max-video-preview:-1\" \/>\n<link rel=\"canonical\" href=\"https:\/\/uniform4baltic.com\/parduotuve\/moterims\/palaidines\/grst011-emma-top\/\" \/>\n<meta property=\"og:locale\" content=\"en_US\" \/>\n<meta property=\"og:type\" content=\"article\" \/>\n<meta property=\"og:title\" content=\"GRST011 Emma Top - 10 White - uniform4baltic\" \/>\n<meta property=\"og:description\" content=\"Palaidin\u0117 V formos kaklu, 4 ki\u0161en\u0117s.  Deran\u010dios keln\u0117s: GRSP500, GRSP526  Med\u017eiaga: 74% poliesteris, 23% viskoz\u0117, 3% elastanas.  Galimi dyd\u017eiai: XXS-5XL.  D\u0117l nesam\u0173 dyd\u017ei\u0173 ar spalv\u0173 kreiptis el. pa\u0161tu arba telefonu.  * Prek\u0117 yra padidinta vienu dyd\u017eiu. Jei d\u0117vite M dyd\u012f, m\u016bs\u0173 prek\u0119 reik\u0117t\u0173 rinktis S dyd\u017eio.\" \/>\n<meta property=\"og:url\" content=\"https:\/\/uniform4baltic.com\/parduotuve\/moterims\/palaidines\/grst011-emma-top\/\" \/>\n<meta property=\"og:site_name\" content=\"uniform4baltic\" \/>\n<meta property=\"article:modified_time\" content=\"2026-01-08T13:53:01+00:00\" \/>\n<meta property=\"og:image\" content=\"https:\/\/uniform4baltic.com\/wp-content\/uploads\/2020\/06\/cnfji19niq9zdzqlwoi5.jpg\" \/>\n\t<meta property=\"og:image:width\" content=\"415\" \/>\n\t<meta property=\"og:image:height\" content=\"600\" \/>\n\t<meta property=\"og:image:type\" content=\"image\/jpeg\" \/>\n<meta name=\"twitter:card\" content=\"summary_large_image\" \/>\n<meta name=\"twitter:label1\" content=\"Est. reading time\" \/>\n\t<meta name=\"twitter:data1\" content=\"1 minute\" \/>\n<script type=\"application\/ld+json\" class=\"yoast-schema-graph\">{\"@context\":\"https:\\\/\\\/schema.org\",\"@graph\":[{\"@type\":\"WebPage\",\"@id\":\"https:\\\/\\\/uniform4baltic.com\\\/parduotuve\\\/moterims\\\/palaidines\\\/grst011-emma-top\\\/\",\"url\":\"https:\\\/\\\/uniform4baltic.com\\\/parduotuve\\\/moterims\\\/palaidines\\\/grst011-emma-top\\\/\",\"name\":\"GRST011 Emma Top - 10 White - uniform4baltic\",\"isPartOf\":{\"@id\":\"https:\\\/\\\/www.uniform4baltic.com\\\/en\\\/#website\"},\"primaryImageOfPage\":{\"@id\":\"https:\\\/\\\/uniform4baltic.com\\\/parduotuve\\\/moterims\\\/palaidines\\\/grst011-emma-top\\\/#primaryimage\"},\"image\":{\"@id\":\"https:\\\/\\\/uniform4baltic.com\\\/parduotuve\\\/moterims\\\/palaidines\\\/grst011-emma-top\\\/#primaryimage\"},\"thumbnailUrl\":\"https:\\\/\\\/uniform4baltic.com\\\/wp-content\\\/uploads\\\/2020\\\/06\\\/cnfji19niq9zdzqlwoi5.jpg\",\"datePublished\":\"2020-06-15T13:53:55+00:00\",\"dateModified\":\"2026-01-08T13:53:01+00:00\",\"description\":\"Palaidin\u0117 V formos kaklu, 4 ki\u0161en\u0117s. Deran\u010dios keln\u0117s: GRSP500, GRSP526 Med\u017eiaga: 74% poliesteris, 23% viskoz\u0117, 3% elastanas. Galimi dyd\u017eiai: XXS-5XL. D\u0117l nesam\u0173 dyd\u017ei\u0173 ar spalv\u0173 kreiptis el. pa\u0161tu arba telefonu. * Prek\u0117 yra padidinta vienu dyd\u017eiu. Jei d\u0117vite M dyd\u012f, m\u016bs\u0173 prek\u0119 reik\u0117t\u0173 rinktis S dyd\u017eio.\",\"breadcrumb\":{\"@id\":\"https:\\\/\\\/uniform4baltic.com\\\/parduotuve\\\/moterims\\\/palaidines\\\/grst011-emma-top\\\/#breadcrumb\"},\"inLanguage\":\"en-US\",\"potentialAction\":[{\"@type\":\"ReadAction\",\"target\":[\"https:\\\/\\\/uniform4baltic.com\\\/parduotuve\\\/moterims\\\/palaidines\\\/grst011-emma-top\\\/\"]}]},{\"@type\":\"ImageObject\",\"inLanguage\":\"en-US\",\"@id\":\"https:\\\/\\\/uniform4baltic.com\\\/parduotuve\\\/moterims\\\/palaidines\\\/grst011-emma-top\\\/#primaryimage\",\"url\":\"https:\\\/\\\/uniform4baltic.com\\\/wp-content\\\/uploads\\\/2020\\\/06\\\/cnfji19niq9zdzqlwoi5.jpg\",\"contentUrl\":\"https:\\\/\\\/uniform4baltic.com\\\/wp-content\\\/uploads\\\/2020\\\/06\\\/cnfji19niq9zdzqlwoi5.jpg\",\"width\":415,\"height\":600},{\"@type\":\"BreadcrumbList\",\"@id\":\"https:\\\/\\\/uniform4baltic.com\\\/parduotuve\\\/moterims\\\/palaidines\\\/grst011-emma-top\\\/#breadcrumb\",\"itemListElement\":[{\"@type\":\"ListItem\",\"position\":1,\"name\":\"Home\",\"item\":\"https:\\\/\\\/uniform4baltic.com\\\/en\\\/\"},{\"@type\":\"ListItem\",\"position\":2,\"name\":\"Shop\",\"item\":\"https:\\\/\\\/uniform4baltic.com\\\/en\\\/shop-2\\\/\"},{\"@type\":\"ListItem\",\"position\":3,\"name\":\"GRST011 Emma Top &#8211; 10 White\"}]},{\"@type\":\"WebSite\",\"@id\":\"https:\\\/\\\/www.uniform4baltic.com\\\/en\\\/#website\",\"url\":\"https:\\\/\\\/www.uniform4baltic.com\\\/en\\\/\",\"name\":\"uniform4baltic.com\",\"description\":\"Medicinin\u0117 apranga\",\"publisher\":{\"@id\":\"https:\\\/\\\/www.uniform4baltic.com\\\/en\\\/#organization\"},\"potentialAction\":[{\"@type\":\"SearchAction\",\"target\":{\"@type\":\"EntryPoint\",\"urlTemplate\":\"https:\\\/\\\/www.uniform4baltic.com\\\/en\\\/?s={search_term_string}\"},\"query-input\":{\"@type\":\"PropertyValueSpecification\",\"valueRequired\":true,\"valueName\":\"search_term_string\"}}],\"inLanguage\":\"en-US\"},{\"@type\":\"Organization\",\"@id\":\"https:\\\/\\\/www.uniform4baltic.com\\\/en\\\/#organization\",\"name\":\"Apranga medikams\",\"url\":\"https:\\\/\\\/www.uniform4baltic.com\\\/en\\\/\",\"logo\":{\"@type\":\"ImageObject\",\"inLanguage\":\"en-US\",\"@id\":\"https:\\\/\\\/www.uniform4baltic.com\\\/en\\\/#\\\/schema\\\/logo\\\/image\\\/\",\"url\":\"https:\\\/\\\/uniform4baltic.com\\\/wp-content\\\/uploads\\\/2020\\\/06\\\/logo-web-1.png\",\"contentUrl\":\"https:\\\/\\\/uniform4baltic.com\\\/wp-content\\\/uploads\\\/2020\\\/06\\\/logo-web-1.png\",\"width\":500,\"height\":215,\"caption\":\"Apranga medikams\"},\"image\":{\"@id\":\"https:\\\/\\\/www.uniform4baltic.com\\\/en\\\/#\\\/schema\\\/logo\\\/image\\\/\"}}]}<\/script>\n<!-- \/ Yoast SEO plugin. -->","yoast_head_json":{"title":"GRST011 Emma Top - 10 White - uniform4baltic","description":"Palaidin\u0117 V formos kaklu, 4 ki\u0161en\u0117s.  Deran\u010dios keln\u0117s: GRSP500, GRSP526  Med\u017eiaga: 74% poliesteris, 23% viskoz\u0117, 3% elastanas.  Galimi dyd\u017eiai: XXS-5XL.  D\u0117l nesam\u0173 dyd\u017ei\u0173 ar spalv\u0173 kreiptis el. pa\u0161tu arba telefonu.  * Prek\u0117 yra padidinta vienu dyd\u017eiu. Jei d\u0117vite M dyd\u012f, m\u016bs\u0173 prek\u0119 reik\u0117t\u0173 rinktis S dyd\u017eio.","robots":{"index":"index","follow":"follow","max-snippet":"max-snippet:-1","max-image-preview":"max-image-preview:large","max-video-preview":"max-video-preview:-1"},"canonical":"https:\/\/uniform4baltic.com\/parduotuve\/moterims\/palaidines\/grst011-emma-top\/","og_locale":"en_US","og_type":"article","og_title":"GRST011 Emma Top - 10 White - uniform4baltic","og_description":"Palaidin\u0117 V formos kaklu, 4 ki\u0161en\u0117s.  Deran\u010dios keln\u0117s: GRSP500, GRSP526  Med\u017eiaga: 74% poliesteris, 23% viskoz\u0117, 3% elastanas.  Galimi dyd\u017eiai: XXS-5XL.  D\u0117l nesam\u0173 dyd\u017ei\u0173 ar spalv\u0173 kreiptis el. pa\u0161tu arba telefonu.  * Prek\u0117 yra padidinta vienu dyd\u017eiu. Jei d\u0117vite M dyd\u012f, m\u016bs\u0173 prek\u0119 reik\u0117t\u0173 rinktis S dyd\u017eio.","og_url":"https:\/\/uniform4baltic.com\/parduotuve\/moterims\/palaidines\/grst011-emma-top\/","og_site_name":"uniform4baltic","article_modified_time":"2026-01-08T13:53:01+00:00","og_image":[{"width":415,"height":600,"url":"https:\/\/uniform4baltic.com\/wp-content\/uploads\/2020\/06\/cnfji19niq9zdzqlwoi5.jpg","type":"image\/jpeg"}],"twitter_card":"summary_large_image","twitter_misc":{"Est. reading time":"1 minute"},"schema":{"@context":"https:\/\/schema.org","@graph":[{"@type":"WebPage","@id":"https:\/\/uniform4baltic.com\/parduotuve\/moterims\/palaidines\/grst011-emma-top\/","url":"https:\/\/uniform4baltic.com\/parduotuve\/moterims\/palaidines\/grst011-emma-top\/","name":"GRST011 Emma Top - 10 White - uniform4baltic","isPartOf":{"@id":"https:\/\/www.uniform4baltic.com\/en\/#website"},"primaryImageOfPage":{"@id":"https:\/\/uniform4baltic.com\/parduotuve\/moterims\/palaidines\/grst011-emma-top\/#primaryimage"},"image":{"@id":"https:\/\/uniform4baltic.com\/parduotuve\/moterims\/palaidines\/grst011-emma-top\/#primaryimage"},"thumbnailUrl":"https:\/\/uniform4baltic.com\/wp-content\/uploads\/2020\/06\/cnfji19niq9zdzqlwoi5.jpg","datePublished":"2020-06-15T13:53:55+00:00","dateModified":"2026-01-08T13:53:01+00:00","description":"Palaidin\u0117 V formos kaklu, 4 ki\u0161en\u0117s. Deran\u010dios keln\u0117s: GRSP500, GRSP526 Med\u017eiaga: 74% poliesteris, 23% viskoz\u0117, 3% elastanas. Galimi dyd\u017eiai: XXS-5XL. D\u0117l nesam\u0173 dyd\u017ei\u0173 ar spalv\u0173 kreiptis el. pa\u0161tu arba telefonu. * Prek\u0117 yra padidinta vienu dyd\u017eiu. Jei d\u0117vite M dyd\u012f, m\u016bs\u0173 prek\u0119 reik\u0117t\u0173 rinktis S dyd\u017eio.","breadcrumb":{"@id":"https:\/\/uniform4baltic.com\/parduotuve\/moterims\/palaidines\/grst011-emma-top\/#breadcrumb"},"inLanguage":"en-US","potentialAction":[{"@type":"ReadAction","target":["https:\/\/uniform4baltic.com\/parduotuve\/moterims\/palaidines\/grst011-emma-top\/"]}]},{"@type":"ImageObject","inLanguage":"en-US","@id":"https:\/\/uniform4baltic.com\/parduotuve\/moterims\/palaidines\/grst011-emma-top\/#primaryimage","url":"https:\/\/uniform4baltic.com\/wp-content\/uploads\/2020\/06\/cnfji19niq9zdzqlwoi5.jpg","contentUrl":"https:\/\/uniform4baltic.com\/wp-content\/uploads\/2020\/06\/cnfji19niq9zdzqlwoi5.jpg","width":415,"height":600},{"@type":"BreadcrumbList","@id":"https:\/\/uniform4baltic.com\/parduotuve\/moterims\/palaidines\/grst011-emma-top\/#breadcrumb","itemListElement":[{"@type":"ListItem","position":1,"name":"Home","item":"https:\/\/uniform4baltic.com\/en\/"},{"@type":"ListItem","position":2,"name":"Shop","item":"https:\/\/uniform4baltic.com\/en\/shop-2\/"},{"@type":"ListItem","position":3,"name":"GRST011 Emma Top &#8211; 10 White"}]},{"@type":"WebSite","@id":"https:\/\/www.uniform4baltic.com\/en\/#website","url":"https:\/\/www.uniform4baltic.com\/en\/","name":"uniform4baltic.com","description":"Medicinin\u0117 apranga","publisher":{"@id":"https:\/\/www.uniform4baltic.com\/en\/#organization"},"potentialAction":[{"@type":"SearchAction","target":{"@type":"EntryPoint","urlTemplate":"https:\/\/www.uniform4baltic.com\/en\/?s={search_term_string}"},"query-input":{"@type":"PropertyValueSpecification","valueRequired":true,"valueName":"search_term_string"}}],"inLanguage":"en-US"},{"@type":"Organization","@id":"https:\/\/www.uniform4baltic.com\/en\/#organization","name":"Apranga medikams","url":"https:\/\/www.uniform4baltic.com\/en\/","logo":{"@type":"ImageObject","inLanguage":"en-US","@id":"https:\/\/www.uniform4baltic.com\/en\/#\/schema\/logo\/image\/","url":"https:\/\/uniform4baltic.com\/wp-content\/uploads\/2020\/06\/logo-web-1.png","contentUrl":"https:\/\/uniform4baltic.com\/wp-content\/uploads\/2020\/06\/logo-web-1.png","width":500,"height":215,"caption":"Apranga medikams"},"image":{"@id":"https:\/\/www.uniform4baltic.com\/en\/#\/schema\/logo\/image\/"}}]}},"_links":{"self":[{"href":"https:\/\/uniform4baltic.com\/en\/wp-json\/wp\/v2\/product\/3197","targetHints":{"allow":["GET"]}}],"collection":[{"href":"https:\/\/uniform4baltic.com\/en\/wp-json\/wp\/v2\/product"}],"about":[{"href":"https:\/\/uniform4baltic.com\/en\/wp-json\/wp\/v2\/types\/product"}],"replies":[{"embeddable":true,"href":"https:\/\/uniform4baltic.com\/en\/wp-json\/wp\/v2\/comments?post=3197"}],"wp:featuredmedia":[{"embeddable":true,"href":"https:\/\/uniform4baltic.com\/en\/wp-json\/wp\/v2\/media\/35839"}],"wp:attachment":[{"href":"https:\/\/uniform4baltic.com\/en\/wp-json\/wp\/v2\/media?parent=3197"}],"wp:term":[{"taxonomy":"product_brand","embeddable":true,"href":"https:\/\/uniform4baltic.com\/en\/wp-json\/wp\/v2\/product_brand?post=3197"},{"taxonomy":"product_cat","embeddable":true,"href":"https:\/\/uniform4baltic.com\/en\/wp-json\/wp\/v2\/product_cat?post=3197"},{"taxonomy":"product_tag","embeddable":true,"href":"https:\/\/uniform4baltic.com\/en\/wp-json\/wp\/v2\/product_tag?post=3197"}],"curies":[{"name":"wp","href":"https:\/\/api.w.org\/{rel}","templated":true}]}}