{"id":32990,"date":"2025-01-17T10:00:11","date_gmt":"2025-01-17T12:00:11","guid":{"rendered":"https:\/\/uniform4baltic.com\/parduotuve\/uncategorized\/bot216-flux-top-23-indigo\/"},"modified":"2025-01-17T10:00:11","modified_gmt":"2025-01-17T12:00:11","slug":"bot216-flux-top-23-indigo","status":"publish","type":"product","link":"https:\/\/uniform4baltic.com\/en\/parduotuve\/new\/women\/bot216-flux-top-23-indigo\/","title":{"rendered":"BOT216 Flux Top &#8211; 23 Indigo"},"content":{"rendered":"","protected":false},"excerpt":{"rendered":"<p>Moteri\u0161ka palaidin\u0117 apvaliu kaklu ir u\u017etrauktuku, 2 ki\u0161en\u0117s.<\/p>\n<p>Deran\u010dios keln\u0117s: BOP597, BOP513<br \/>\nMed\u017eiaga: 50% poliesteris, 43% perdirbtas poliesteris, 7% elastanas.<\/p>\n<p>Galimi dyd\u017eiai: XXS-5XL.<\/p>\n<p>D\u0117l nesam\u0173 dyd\u017ei\u0173 ir spalv\u0173 kreiptis el. pa\u0161tu arba telefonu.<\/p>\n","protected":false},"featured_media":32859,"comment_status":"open","ping_status":"closed","template":"","meta":[],"product_brand":[],"product_cat":[98,171,168,241,646,242,170],"product_tag":[2795],"class_list":{"0":"post-32990","1":"product","2":"type-product","3":"status-publish","4":"has-post-thumbnail","6":"product_cat-uncategorized-2","7":"product_cat-blouses","8":"product_cat-catalogue","9":"product_cat-new","10":"product_cat-size-table","11":"product_cat-women","12":"product_cat-womens","13":"product_tag-bot216-23-en","14":"pa_kolekcija-barco-one-en","16":"first","17":"instock","18":"shipping-taxable","19":"purchasable","20":"product-type-variable"},"yoast_head":"<!-- This site is optimized with the Yoast SEO plugin v27.4 - https:\/\/yoast.com\/product\/yoast-seo-wordpress\/ -->\n<title>BOT216 Flux Top - 23 Indigo - uniform4baltic<\/title>\n<meta name=\"description\" content=\"Moteri\u0161ka palaidin\u0117 apvaliu kaklu ir u\u017etrauktuku, 2 ki\u0161en\u0117s.  Deran\u010dios keln\u0117s: BOP597, BOP513 Med\u017eiaga: 50% poliesteris, 43% perdirbtas poliesteris, 7% elastanas.  Galimi dyd\u017eiai: XXS-5XL.  D\u0117l nesam\u0173 dyd\u017ei\u0173 ir spalv\u0173 kreiptis el. pa\u0161tu arba telefonu.\" \/>\n<meta name=\"robots\" content=\"index, follow, max-snippet:-1, max-image-preview:large, max-video-preview:-1\" \/>\n<link rel=\"canonical\" href=\"https:\/\/www.uniform4baltic.com\/en\/parduotuve\/new\/women\/bot216-flux-top-23-indigo\/\" \/>\n<meta property=\"og:locale\" content=\"en_US\" \/>\n<meta property=\"og:type\" content=\"article\" \/>\n<meta property=\"og:title\" content=\"BOT216 Flux Top - 23 Indigo - uniform4baltic\" \/>\n<meta property=\"og:description\" content=\"Moteri\u0161ka palaidin\u0117 apvaliu kaklu ir u\u017etrauktuku, 2 ki\u0161en\u0117s.  Deran\u010dios keln\u0117s: BOP597, BOP513 Med\u017eiaga: 50% poliesteris, 43% perdirbtas poliesteris, 7% elastanas.  Galimi dyd\u017eiai: XXS-5XL.  D\u0117l nesam\u0173 dyd\u017ei\u0173 ir spalv\u0173 kreiptis el. pa\u0161tu arba telefonu.\" \/>\n<meta property=\"og:url\" content=\"https:\/\/www.uniform4baltic.com\/en\/parduotuve\/new\/women\/bot216-flux-top-23-indigo\/\" \/>\n<meta property=\"og:site_name\" content=\"uniform4baltic\" \/>\n<meta property=\"og:image\" content=\"https:\/\/www.uniform4baltic.com\/wp-content\/uploads\/2025\/01\/twm9dnpo4wny8q84jsju.jpg\" \/>\n\t<meta property=\"og:image:width\" content=\"415\" \/>\n\t<meta property=\"og:image:height\" content=\"600\" \/>\n\t<meta property=\"og:image:type\" content=\"image\/jpeg\" \/>\n<meta name=\"twitter:card\" content=\"summary_large_image\" \/>\n<meta name=\"twitter:label1\" content=\"Est. reading time\" \/>\n\t<meta name=\"twitter:data1\" content=\"1 minute\" \/>\n<script type=\"application\/ld+json\" class=\"yoast-schema-graph\">{\"@context\":\"https:\\\/\\\/schema.org\",\"@graph\":[{\"@type\":\"WebPage\",\"@id\":\"https:\\\/\\\/www.uniform4baltic.com\\\/en\\\/parduotuve\\\/new\\\/women\\\/bot216-flux-top-23-indigo\\\/\",\"url\":\"https:\\\/\\\/www.uniform4baltic.com\\\/en\\\/parduotuve\\\/new\\\/women\\\/bot216-flux-top-23-indigo\\\/\",\"name\":\"BOT216 Flux Top - 23 Indigo - uniform4baltic\",\"isPartOf\":{\"@id\":\"https:\\\/\\\/www.uniform4baltic.com\\\/en\\\/#website\"},\"primaryImageOfPage\":{\"@id\":\"https:\\\/\\\/www.uniform4baltic.com\\\/en\\\/parduotuve\\\/new\\\/women\\\/bot216-flux-top-23-indigo\\\/#primaryimage\"},\"image\":{\"@id\":\"https:\\\/\\\/www.uniform4baltic.com\\\/en\\\/parduotuve\\\/new\\\/women\\\/bot216-flux-top-23-indigo\\\/#primaryimage\"},\"thumbnailUrl\":\"https:\\\/\\\/uniform4baltic.com\\\/wp-content\\\/uploads\\\/2025\\\/01\\\/twm9dnpo4wny8q84jsju.jpg\",\"datePublished\":\"2025-01-17T12:00:11+00:00\",\"description\":\"Moteri\u0161ka palaidin\u0117 apvaliu kaklu ir u\u017etrauktuku, 2 ki\u0161en\u0117s. Deran\u010dios keln\u0117s: BOP597, BOP513 Med\u017eiaga: 50% poliesteris, 43% perdirbtas poliesteris, 7% elastanas. Galimi dyd\u017eiai: XXS-5XL. D\u0117l nesam\u0173 dyd\u017ei\u0173 ir spalv\u0173 kreiptis el. pa\u0161tu arba telefonu.\",\"breadcrumb\":{\"@id\":\"https:\\\/\\\/www.uniform4baltic.com\\\/en\\\/parduotuve\\\/new\\\/women\\\/bot216-flux-top-23-indigo\\\/#breadcrumb\"},\"inLanguage\":\"en-US\",\"potentialAction\":[{\"@type\":\"ReadAction\",\"target\":[\"https:\\\/\\\/www.uniform4baltic.com\\\/en\\\/parduotuve\\\/new\\\/women\\\/bot216-flux-top-23-indigo\\\/\"]}]},{\"@type\":\"ImageObject\",\"inLanguage\":\"en-US\",\"@id\":\"https:\\\/\\\/www.uniform4baltic.com\\\/en\\\/parduotuve\\\/new\\\/women\\\/bot216-flux-top-23-indigo\\\/#primaryimage\",\"url\":\"https:\\\/\\\/uniform4baltic.com\\\/wp-content\\\/uploads\\\/2025\\\/01\\\/twm9dnpo4wny8q84jsju.jpg\",\"contentUrl\":\"https:\\\/\\\/uniform4baltic.com\\\/wp-content\\\/uploads\\\/2025\\\/01\\\/twm9dnpo4wny8q84jsju.jpg\",\"width\":415,\"height\":600},{\"@type\":\"BreadcrumbList\",\"@id\":\"https:\\\/\\\/www.uniform4baltic.com\\\/en\\\/parduotuve\\\/new\\\/women\\\/bot216-flux-top-23-indigo\\\/#breadcrumb\",\"itemListElement\":[{\"@type\":\"ListItem\",\"position\":1,\"name\":\"Home\",\"item\":\"https:\\\/\\\/uniform4baltic.com\\\/en\\\/\"},{\"@type\":\"ListItem\",\"position\":2,\"name\":\"Shop\",\"item\":\"https:\\\/\\\/uniform4baltic.com\\\/en\\\/shop-2\\\/\"},{\"@type\":\"ListItem\",\"position\":3,\"name\":\"BOT216 Flux Top &#8211; 23 Indigo\"}]},{\"@type\":\"WebSite\",\"@id\":\"https:\\\/\\\/www.uniform4baltic.com\\\/en\\\/#website\",\"url\":\"https:\\\/\\\/www.uniform4baltic.com\\\/en\\\/\",\"name\":\"uniform4baltic.com\",\"description\":\"Medicinin\u0117 apranga\",\"publisher\":{\"@id\":\"https:\\\/\\\/www.uniform4baltic.com\\\/en\\\/#organization\"},\"potentialAction\":[{\"@type\":\"SearchAction\",\"target\":{\"@type\":\"EntryPoint\",\"urlTemplate\":\"https:\\\/\\\/www.uniform4baltic.com\\\/en\\\/?s={search_term_string}\"},\"query-input\":{\"@type\":\"PropertyValueSpecification\",\"valueRequired\":true,\"valueName\":\"search_term_string\"}}],\"inLanguage\":\"en-US\"},{\"@type\":\"Organization\",\"@id\":\"https:\\\/\\\/www.uniform4baltic.com\\\/en\\\/#organization\",\"name\":\"Apranga medikams\",\"url\":\"https:\\\/\\\/www.uniform4baltic.com\\\/en\\\/\",\"logo\":{\"@type\":\"ImageObject\",\"inLanguage\":\"en-US\",\"@id\":\"https:\\\/\\\/www.uniform4baltic.com\\\/en\\\/#\\\/schema\\\/logo\\\/image\\\/\",\"url\":\"https:\\\/\\\/uniform4baltic.com\\\/wp-content\\\/uploads\\\/2020\\\/06\\\/logo-web-1.png\",\"contentUrl\":\"https:\\\/\\\/uniform4baltic.com\\\/wp-content\\\/uploads\\\/2020\\\/06\\\/logo-web-1.png\",\"width\":500,\"height\":215,\"caption\":\"Apranga medikams\"},\"image\":{\"@id\":\"https:\\\/\\\/www.uniform4baltic.com\\\/en\\\/#\\\/schema\\\/logo\\\/image\\\/\"}}]}<\/script>\n<!-- \/ Yoast SEO plugin. -->","yoast_head_json":{"title":"BOT216 Flux Top - 23 Indigo - uniform4baltic","description":"Moteri\u0161ka palaidin\u0117 apvaliu kaklu ir u\u017etrauktuku, 2 ki\u0161en\u0117s.  Deran\u010dios keln\u0117s: BOP597, BOP513 Med\u017eiaga: 50% poliesteris, 43% perdirbtas poliesteris, 7% elastanas.  Galimi dyd\u017eiai: XXS-5XL.  D\u0117l nesam\u0173 dyd\u017ei\u0173 ir spalv\u0173 kreiptis el. pa\u0161tu arba telefonu.","robots":{"index":"index","follow":"follow","max-snippet":"max-snippet:-1","max-image-preview":"max-image-preview:large","max-video-preview":"max-video-preview:-1"},"canonical":"https:\/\/www.uniform4baltic.com\/en\/parduotuve\/new\/women\/bot216-flux-top-23-indigo\/","og_locale":"en_US","og_type":"article","og_title":"BOT216 Flux Top - 23 Indigo - uniform4baltic","og_description":"Moteri\u0161ka palaidin\u0117 apvaliu kaklu ir u\u017etrauktuku, 2 ki\u0161en\u0117s.  Deran\u010dios keln\u0117s: BOP597, BOP513 Med\u017eiaga: 50% poliesteris, 43% perdirbtas poliesteris, 7% elastanas.  Galimi dyd\u017eiai: XXS-5XL.  D\u0117l nesam\u0173 dyd\u017ei\u0173 ir spalv\u0173 kreiptis el. pa\u0161tu arba telefonu.","og_url":"https:\/\/www.uniform4baltic.com\/en\/parduotuve\/new\/women\/bot216-flux-top-23-indigo\/","og_site_name":"uniform4baltic","og_image":[{"width":415,"height":600,"url":"https:\/\/www.uniform4baltic.com\/wp-content\/uploads\/2025\/01\/twm9dnpo4wny8q84jsju.jpg","type":"image\/jpeg"}],"twitter_card":"summary_large_image","twitter_misc":{"Est. reading time":"1 minute"},"schema":{"@context":"https:\/\/schema.org","@graph":[{"@type":"WebPage","@id":"https:\/\/www.uniform4baltic.com\/en\/parduotuve\/new\/women\/bot216-flux-top-23-indigo\/","url":"https:\/\/www.uniform4baltic.com\/en\/parduotuve\/new\/women\/bot216-flux-top-23-indigo\/","name":"BOT216 Flux Top - 23 Indigo - uniform4baltic","isPartOf":{"@id":"https:\/\/www.uniform4baltic.com\/en\/#website"},"primaryImageOfPage":{"@id":"https:\/\/www.uniform4baltic.com\/en\/parduotuve\/new\/women\/bot216-flux-top-23-indigo\/#primaryimage"},"image":{"@id":"https:\/\/www.uniform4baltic.com\/en\/parduotuve\/new\/women\/bot216-flux-top-23-indigo\/#primaryimage"},"thumbnailUrl":"https:\/\/uniform4baltic.com\/wp-content\/uploads\/2025\/01\/twm9dnpo4wny8q84jsju.jpg","datePublished":"2025-01-17T12:00:11+00:00","description":"Moteri\u0161ka palaidin\u0117 apvaliu kaklu ir u\u017etrauktuku, 2 ki\u0161en\u0117s. Deran\u010dios keln\u0117s: BOP597, BOP513 Med\u017eiaga: 50% poliesteris, 43% perdirbtas poliesteris, 7% elastanas. Galimi dyd\u017eiai: XXS-5XL. D\u0117l nesam\u0173 dyd\u017ei\u0173 ir spalv\u0173 kreiptis el. pa\u0161tu arba telefonu.","breadcrumb":{"@id":"https:\/\/www.uniform4baltic.com\/en\/parduotuve\/new\/women\/bot216-flux-top-23-indigo\/#breadcrumb"},"inLanguage":"en-US","potentialAction":[{"@type":"ReadAction","target":["https:\/\/www.uniform4baltic.com\/en\/parduotuve\/new\/women\/bot216-flux-top-23-indigo\/"]}]},{"@type":"ImageObject","inLanguage":"en-US","@id":"https:\/\/www.uniform4baltic.com\/en\/parduotuve\/new\/women\/bot216-flux-top-23-indigo\/#primaryimage","url":"https:\/\/uniform4baltic.com\/wp-content\/uploads\/2025\/01\/twm9dnpo4wny8q84jsju.jpg","contentUrl":"https:\/\/uniform4baltic.com\/wp-content\/uploads\/2025\/01\/twm9dnpo4wny8q84jsju.jpg","width":415,"height":600},{"@type":"BreadcrumbList","@id":"https:\/\/www.uniform4baltic.com\/en\/parduotuve\/new\/women\/bot216-flux-top-23-indigo\/#breadcrumb","itemListElement":[{"@type":"ListItem","position":1,"name":"Home","item":"https:\/\/uniform4baltic.com\/en\/"},{"@type":"ListItem","position":2,"name":"Shop","item":"https:\/\/uniform4baltic.com\/en\/shop-2\/"},{"@type":"ListItem","position":3,"name":"BOT216 Flux Top &#8211; 23 Indigo"}]},{"@type":"WebSite","@id":"https:\/\/www.uniform4baltic.com\/en\/#website","url":"https:\/\/www.uniform4baltic.com\/en\/","name":"uniform4baltic.com","description":"Medicinin\u0117 apranga","publisher":{"@id":"https:\/\/www.uniform4baltic.com\/en\/#organization"},"potentialAction":[{"@type":"SearchAction","target":{"@type":"EntryPoint","urlTemplate":"https:\/\/www.uniform4baltic.com\/en\/?s={search_term_string}"},"query-input":{"@type":"PropertyValueSpecification","valueRequired":true,"valueName":"search_term_string"}}],"inLanguage":"en-US"},{"@type":"Organization","@id":"https:\/\/www.uniform4baltic.com\/en\/#organization","name":"Apranga medikams","url":"https:\/\/www.uniform4baltic.com\/en\/","logo":{"@type":"ImageObject","inLanguage":"en-US","@id":"https:\/\/www.uniform4baltic.com\/en\/#\/schema\/logo\/image\/","url":"https:\/\/uniform4baltic.com\/wp-content\/uploads\/2020\/06\/logo-web-1.png","contentUrl":"https:\/\/uniform4baltic.com\/wp-content\/uploads\/2020\/06\/logo-web-1.png","width":500,"height":215,"caption":"Apranga medikams"},"image":{"@id":"https:\/\/www.uniform4baltic.com\/en\/#\/schema\/logo\/image\/"}}]}},"_links":{"self":[{"href":"https:\/\/uniform4baltic.com\/en\/wp-json\/wp\/v2\/product\/32990","targetHints":{"allow":["GET"]}}],"collection":[{"href":"https:\/\/uniform4baltic.com\/en\/wp-json\/wp\/v2\/product"}],"about":[{"href":"https:\/\/uniform4baltic.com\/en\/wp-json\/wp\/v2\/types\/product"}],"replies":[{"embeddable":true,"href":"https:\/\/uniform4baltic.com\/en\/wp-json\/wp\/v2\/comments?post=32990"}],"wp:featuredmedia":[{"embeddable":true,"href":"https:\/\/uniform4baltic.com\/en\/wp-json\/wp\/v2\/media\/32859"}],"wp:attachment":[{"href":"https:\/\/uniform4baltic.com\/en\/wp-json\/wp\/v2\/media?parent=32990"}],"wp:term":[{"taxonomy":"product_brand","embeddable":true,"href":"https:\/\/uniform4baltic.com\/en\/wp-json\/wp\/v2\/product_brand?post=32990"},{"taxonomy":"product_cat","embeddable":true,"href":"https:\/\/uniform4baltic.com\/en\/wp-json\/wp\/v2\/product_cat?post=32990"},{"taxonomy":"product_tag","embeddable":true,"href":"https:\/\/uniform4baltic.com\/en\/wp-json\/wp\/v2\/product_tag?post=32990"}],"curies":[{"name":"wp","href":"https:\/\/api.w.org\/{rel}","templated":true}]}}