{"id":33623,"date":"2025-01-30T04:54:14","date_gmt":"2025-01-30T06:54:14","guid":{"rendered":"https:\/\/uniform4baltic.com\/?post_type=product&#038;p=33623"},"modified":"2026-01-08T07:32:36","modified_gmt":"2026-01-08T09:32:36","slug":"balti-medicininiai-batai-anywear-unisex","status":"publish","type":"product","link":"https:\/\/uniform4baltic.com\/en\/parduotuve\/new\/women\/balti-medicininiai-batai-anywear-unisex\/","title":{"rendered":"Balti medicininiai batai ANYWEAR unisex"},"content":{"rendered":"","protected":false},"excerpt":{"rendered":"<p>Slydimui atsparus guminis padas. I\u0161imamas EVA vidpadis su ventiliacijos angomis.<br \/>\n&#8211; Padas i\u0161skirtinai amortizuoja ir sugeria sm\u016bgius.<br \/>\nAnywear logotipai i\u0161oriniame profilyje ir atspausdinti ant vidpad\u017eio pamu\u0161alo.<br \/>\n&#8211; Vidus mink\u0161tas, apvalus, patogiam prigludimui.<br \/>\n&#8211; Certainty\u00ae antimikrobinis vidpad\u017eio pamu\u0161alas, ma\u017einantis kvap\u0105 sukelian\u010dias bakterijas.<br \/>\n&#8211; V\u0117dinimo angos \u0161oniniame skydelyje leid\u017eia orui tek\u0117ti \u012f bato vid\u0173.<br \/>\n&#8211; Lengva valyti su muilu ir \u0161iltu vandeniu.<\/p>\n","protected":false},"featured_media":33642,"comment_status":"open","ping_status":"closed","template":"","meta":[],"product_brand":[],"product_cat":[155,236,237,15],"product_tag":[2964],"class_list":{"0":"post-33623","1":"product","2":"type-product","3":"status-publish","4":"has-post-thumbnail","6":"product_cat-katalogas","7":"product_cat-moterims-naujos-prekes","8":"product_cat-vyrams-naujos-prekes","9":"product_cat-uncategorized","10":"product_tag-batai","12":"first","13":"instock","14":"shipping-taxable","15":"purchasable","16":"product-type-variable"},"yoast_head":"<!-- This site is optimized with the Yoast SEO plugin v26.9 - https:\/\/yoast.com\/product\/yoast-seo-wordpress\/ -->\n<title>Balti medicininiai batai ANYWEAR unisex - uniform4baltic<\/title>\n<meta name=\"description\" content=\"Slydimui atsparus guminis padas. I\u0161imamas EVA vidpadis su ventiliacijos angomis. - Padas i\u0161skirtinai amortizuoja ir sugeria sm\u016bgius. Anywear logotipai i\u0161oriniame profilyje ir atspausdinti ant vidpad\u017eio pamu\u0161alo. - Vidus mink\u0161tas, apvalus, patogiam prigludimui. - Certainty\u00ae antimikrobinis vidpad\u017eio pamu\u0161alas, ma\u017einantis kvap\u0105 sukelian\u010dias bakterijas. - V\u0117dinimo angos \u0161oniniame skydelyje leid\u017eia orui tek\u0117ti \u012f bato vid\u0173. - Lengva valyti su muilu ir \u0161iltu vandeniu.\" \/>\n<meta name=\"robots\" content=\"index, follow, max-snippet:-1, max-image-preview:large, max-video-preview:-1\" \/>\n<link rel=\"canonical\" href=\"https:\/\/uniform4baltic.com\/parduotuve\/naujos-prekes\/moterims-naujos-prekes\/balti-medicininiai-batai-anywear-unisex\/\" \/>\n<meta property=\"og:locale\" content=\"en_US\" \/>\n<meta property=\"og:type\" content=\"article\" \/>\n<meta property=\"og:title\" content=\"Balti medicininiai batai ANYWEAR unisex - uniform4baltic\" \/>\n<meta property=\"og:description\" content=\"Slydimui atsparus guminis padas. I\u0161imamas EVA vidpadis su ventiliacijos angomis. - Padas i\u0161skirtinai amortizuoja ir sugeria sm\u016bgius. Anywear logotipai i\u0161oriniame profilyje ir atspausdinti ant vidpad\u017eio pamu\u0161alo. - Vidus mink\u0161tas, apvalus, patogiam prigludimui. - Certainty\u00ae antimikrobinis vidpad\u017eio pamu\u0161alas, ma\u017einantis kvap\u0105 sukelian\u010dias bakterijas. - V\u0117dinimo angos \u0161oniniame skydelyje leid\u017eia orui tek\u0117ti \u012f bato vid\u0173. - Lengva valyti su muilu ir \u0161iltu vandeniu.\" \/>\n<meta property=\"og:url\" content=\"https:\/\/uniform4baltic.com\/parduotuve\/naujos-prekes\/moterims-naujos-prekes\/balti-medicininiai-batai-anywear-unisex\/\" \/>\n<meta property=\"og:site_name\" content=\"uniform4baltic\" \/>\n<meta property=\"article:modified_time\" content=\"2026-01-08T09:32:36+00:00\" \/>\n<meta property=\"og:image\" content=\"https:\/\/uniform4baltic.com\/wp-content\/uploads\/2025\/01\/c127161b-f5a2-4917-b574-177ee18eb4c7.jpg\" \/>\n\t<meta property=\"og:image:width\" content=\"1199\" \/>\n\t<meta property=\"og:image:height\" content=\"1788\" \/>\n\t<meta property=\"og:image:type\" content=\"image\/jpeg\" \/>\n<meta name=\"twitter:card\" content=\"summary_large_image\" \/>\n<meta name=\"twitter:label1\" content=\"Est. reading time\" \/>\n\t<meta name=\"twitter:data1\" content=\"1 minute\" \/>\n<script type=\"application\/ld+json\" class=\"yoast-schema-graph\">{\"@context\":\"https:\/\/schema.org\",\"@graph\":[{\"@type\":\"WebPage\",\"@id\":\"https:\/\/uniform4baltic.com\/parduotuve\/naujos-prekes\/moterims-naujos-prekes\/balti-medicininiai-batai-anywear-unisex\/\",\"url\":\"https:\/\/uniform4baltic.com\/parduotuve\/naujos-prekes\/moterims-naujos-prekes\/balti-medicininiai-batai-anywear-unisex\/\",\"name\":\"Balti medicininiai batai ANYWEAR unisex - uniform4baltic\",\"isPartOf\":{\"@id\":\"https:\/\/www.uniform4baltic.com\/en\/#website\"},\"primaryImageOfPage\":{\"@id\":\"https:\/\/uniform4baltic.com\/parduotuve\/naujos-prekes\/moterims-naujos-prekes\/balti-medicininiai-batai-anywear-unisex\/#primaryimage\"},\"image\":{\"@id\":\"https:\/\/uniform4baltic.com\/parduotuve\/naujos-prekes\/moterims-naujos-prekes\/balti-medicininiai-batai-anywear-unisex\/#primaryimage\"},\"thumbnailUrl\":\"https:\/\/uniform4baltic.com\/wp-content\/uploads\/2025\/01\/c127161b-f5a2-4917-b574-177ee18eb4c7.jpg\",\"datePublished\":\"2025-01-30T06:54:14+00:00\",\"dateModified\":\"2026-01-08T09:32:36+00:00\",\"description\":\"Slydimui atsparus guminis padas. I\u0161imamas EVA vidpadis su ventiliacijos angomis. - Padas i\u0161skirtinai amortizuoja ir sugeria sm\u016bgius. Anywear logotipai i\u0161oriniame profilyje ir atspausdinti ant vidpad\u017eio pamu\u0161alo. - Vidus mink\u0161tas, apvalus, patogiam prigludimui. - Certainty\u00ae antimikrobinis vidpad\u017eio pamu\u0161alas, ma\u017einantis kvap\u0105 sukelian\u010dias bakterijas. - V\u0117dinimo angos \u0161oniniame skydelyje leid\u017eia orui tek\u0117ti \u012f bato vid\u0173. - Lengva valyti su muilu ir \u0161iltu vandeniu.\",\"breadcrumb\":{\"@id\":\"https:\/\/uniform4baltic.com\/parduotuve\/naujos-prekes\/moterims-naujos-prekes\/balti-medicininiai-batai-anywear-unisex\/#breadcrumb\"},\"inLanguage\":\"en-US\",\"potentialAction\":[{\"@type\":\"ReadAction\",\"target\":[\"https:\/\/uniform4baltic.com\/parduotuve\/naujos-prekes\/moterims-naujos-prekes\/balti-medicininiai-batai-anywear-unisex\/\"]}]},{\"@type\":\"ImageObject\",\"inLanguage\":\"en-US\",\"@id\":\"https:\/\/uniform4baltic.com\/parduotuve\/naujos-prekes\/moterims-naujos-prekes\/balti-medicininiai-batai-anywear-unisex\/#primaryimage\",\"url\":\"https:\/\/uniform4baltic.com\/wp-content\/uploads\/2025\/01\/c127161b-f5a2-4917-b574-177ee18eb4c7.jpg\",\"contentUrl\":\"https:\/\/uniform4baltic.com\/wp-content\/uploads\/2025\/01\/c127161b-f5a2-4917-b574-177ee18eb4c7.jpg\",\"width\":1199,\"height\":1788},{\"@type\":\"BreadcrumbList\",\"@id\":\"https:\/\/uniform4baltic.com\/parduotuve\/naujos-prekes\/moterims-naujos-prekes\/balti-medicininiai-batai-anywear-unisex\/#breadcrumb\",\"itemListElement\":[{\"@type\":\"ListItem\",\"position\":1,\"name\":\"Home\",\"item\":\"https:\/\/uniform4baltic.com\/en\/\"},{\"@type\":\"ListItem\",\"position\":2,\"name\":\"Shop\",\"item\":\"https:\/\/uniform4baltic.com\/en\/shop-2\/\"},{\"@type\":\"ListItem\",\"position\":3,\"name\":\"Balti medicininiai batai ANYWEAR unisex\"}]},{\"@type\":\"WebSite\",\"@id\":\"https:\/\/www.uniform4baltic.com\/en\/#website\",\"url\":\"https:\/\/www.uniform4baltic.com\/en\/\",\"name\":\"uniform4baltic.com\",\"description\":\"Medicinin\u0117 apranga\",\"publisher\":{\"@id\":\"https:\/\/www.uniform4baltic.com\/en\/#organization\"},\"potentialAction\":[{\"@type\":\"SearchAction\",\"target\":{\"@type\":\"EntryPoint\",\"urlTemplate\":\"https:\/\/www.uniform4baltic.com\/en\/?s={search_term_string}\"},\"query-input\":{\"@type\":\"PropertyValueSpecification\",\"valueRequired\":true,\"valueName\":\"search_term_string\"}}],\"inLanguage\":\"en-US\"},{\"@type\":\"Organization\",\"@id\":\"https:\/\/www.uniform4baltic.com\/en\/#organization\",\"name\":\"Apranga medikams\",\"url\":\"https:\/\/www.uniform4baltic.com\/en\/\",\"logo\":{\"@type\":\"ImageObject\",\"inLanguage\":\"en-US\",\"@id\":\"https:\/\/www.uniform4baltic.com\/en\/#\/schema\/logo\/image\/\",\"url\":\"https:\/\/uniform4baltic.com\/wp-content\/uploads\/2020\/06\/logo-web-1.png\",\"contentUrl\":\"https:\/\/uniform4baltic.com\/wp-content\/uploads\/2020\/06\/logo-web-1.png\",\"width\":500,\"height\":215,\"caption\":\"Apranga medikams\"},\"image\":{\"@id\":\"https:\/\/www.uniform4baltic.com\/en\/#\/schema\/logo\/image\/\"}}]}<\/script>\n<!-- \/ Yoast SEO plugin. -->","yoast_head_json":{"title":"Balti medicininiai batai ANYWEAR unisex - uniform4baltic","description":"Slydimui atsparus guminis padas. I\u0161imamas EVA vidpadis su ventiliacijos angomis. - Padas i\u0161skirtinai amortizuoja ir sugeria sm\u016bgius. Anywear logotipai i\u0161oriniame profilyje ir atspausdinti ant vidpad\u017eio pamu\u0161alo. - Vidus mink\u0161tas, apvalus, patogiam prigludimui. - Certainty\u00ae antimikrobinis vidpad\u017eio pamu\u0161alas, ma\u017einantis kvap\u0105 sukelian\u010dias bakterijas. - V\u0117dinimo angos \u0161oniniame skydelyje leid\u017eia orui tek\u0117ti \u012f bato vid\u0173. - Lengva valyti su muilu ir \u0161iltu vandeniu.","robots":{"index":"index","follow":"follow","max-snippet":"max-snippet:-1","max-image-preview":"max-image-preview:large","max-video-preview":"max-video-preview:-1"},"canonical":"https:\/\/uniform4baltic.com\/parduotuve\/naujos-prekes\/moterims-naujos-prekes\/balti-medicininiai-batai-anywear-unisex\/","og_locale":"en_US","og_type":"article","og_title":"Balti medicininiai batai ANYWEAR unisex - uniform4baltic","og_description":"Slydimui atsparus guminis padas. I\u0161imamas EVA vidpadis su ventiliacijos angomis. - Padas i\u0161skirtinai amortizuoja ir sugeria sm\u016bgius. Anywear logotipai i\u0161oriniame profilyje ir atspausdinti ant vidpad\u017eio pamu\u0161alo. - Vidus mink\u0161tas, apvalus, patogiam prigludimui. - Certainty\u00ae antimikrobinis vidpad\u017eio pamu\u0161alas, ma\u017einantis kvap\u0105 sukelian\u010dias bakterijas. - V\u0117dinimo angos \u0161oniniame skydelyje leid\u017eia orui tek\u0117ti \u012f bato vid\u0173. - Lengva valyti su muilu ir \u0161iltu vandeniu.","og_url":"https:\/\/uniform4baltic.com\/parduotuve\/naujos-prekes\/moterims-naujos-prekes\/balti-medicininiai-batai-anywear-unisex\/","og_site_name":"uniform4baltic","article_modified_time":"2026-01-08T09:32:36+00:00","og_image":[{"width":1199,"height":1788,"url":"https:\/\/uniform4baltic.com\/wp-content\/uploads\/2025\/01\/c127161b-f5a2-4917-b574-177ee18eb4c7.jpg","type":"image\/jpeg"}],"twitter_card":"summary_large_image","twitter_misc":{"Est. reading time":"1 minute"},"schema":{"@context":"https:\/\/schema.org","@graph":[{"@type":"WebPage","@id":"https:\/\/uniform4baltic.com\/parduotuve\/naujos-prekes\/moterims-naujos-prekes\/balti-medicininiai-batai-anywear-unisex\/","url":"https:\/\/uniform4baltic.com\/parduotuve\/naujos-prekes\/moterims-naujos-prekes\/balti-medicininiai-batai-anywear-unisex\/","name":"Balti medicininiai batai ANYWEAR unisex - uniform4baltic","isPartOf":{"@id":"https:\/\/www.uniform4baltic.com\/en\/#website"},"primaryImageOfPage":{"@id":"https:\/\/uniform4baltic.com\/parduotuve\/naujos-prekes\/moterims-naujos-prekes\/balti-medicininiai-batai-anywear-unisex\/#primaryimage"},"image":{"@id":"https:\/\/uniform4baltic.com\/parduotuve\/naujos-prekes\/moterims-naujos-prekes\/balti-medicininiai-batai-anywear-unisex\/#primaryimage"},"thumbnailUrl":"https:\/\/uniform4baltic.com\/wp-content\/uploads\/2025\/01\/c127161b-f5a2-4917-b574-177ee18eb4c7.jpg","datePublished":"2025-01-30T06:54:14+00:00","dateModified":"2026-01-08T09:32:36+00:00","description":"Slydimui atsparus guminis padas. I\u0161imamas EVA vidpadis su ventiliacijos angomis. - Padas i\u0161skirtinai amortizuoja ir sugeria sm\u016bgius. Anywear logotipai i\u0161oriniame profilyje ir atspausdinti ant vidpad\u017eio pamu\u0161alo. - Vidus mink\u0161tas, apvalus, patogiam prigludimui. - Certainty\u00ae antimikrobinis vidpad\u017eio pamu\u0161alas, ma\u017einantis kvap\u0105 sukelian\u010dias bakterijas. - V\u0117dinimo angos \u0161oniniame skydelyje leid\u017eia orui tek\u0117ti \u012f bato vid\u0173. - Lengva valyti su muilu ir \u0161iltu vandeniu.","breadcrumb":{"@id":"https:\/\/uniform4baltic.com\/parduotuve\/naujos-prekes\/moterims-naujos-prekes\/balti-medicininiai-batai-anywear-unisex\/#breadcrumb"},"inLanguage":"en-US","potentialAction":[{"@type":"ReadAction","target":["https:\/\/uniform4baltic.com\/parduotuve\/naujos-prekes\/moterims-naujos-prekes\/balti-medicininiai-batai-anywear-unisex\/"]}]},{"@type":"ImageObject","inLanguage":"en-US","@id":"https:\/\/uniform4baltic.com\/parduotuve\/naujos-prekes\/moterims-naujos-prekes\/balti-medicininiai-batai-anywear-unisex\/#primaryimage","url":"https:\/\/uniform4baltic.com\/wp-content\/uploads\/2025\/01\/c127161b-f5a2-4917-b574-177ee18eb4c7.jpg","contentUrl":"https:\/\/uniform4baltic.com\/wp-content\/uploads\/2025\/01\/c127161b-f5a2-4917-b574-177ee18eb4c7.jpg","width":1199,"height":1788},{"@type":"BreadcrumbList","@id":"https:\/\/uniform4baltic.com\/parduotuve\/naujos-prekes\/moterims-naujos-prekes\/balti-medicininiai-batai-anywear-unisex\/#breadcrumb","itemListElement":[{"@type":"ListItem","position":1,"name":"Home","item":"https:\/\/uniform4baltic.com\/en\/"},{"@type":"ListItem","position":2,"name":"Shop","item":"https:\/\/uniform4baltic.com\/en\/shop-2\/"},{"@type":"ListItem","position":3,"name":"Balti medicininiai batai ANYWEAR unisex"}]},{"@type":"WebSite","@id":"https:\/\/www.uniform4baltic.com\/en\/#website","url":"https:\/\/www.uniform4baltic.com\/en\/","name":"uniform4baltic.com","description":"Medicinin\u0117 apranga","publisher":{"@id":"https:\/\/www.uniform4baltic.com\/en\/#organization"},"potentialAction":[{"@type":"SearchAction","target":{"@type":"EntryPoint","urlTemplate":"https:\/\/www.uniform4baltic.com\/en\/?s={search_term_string}"},"query-input":{"@type":"PropertyValueSpecification","valueRequired":true,"valueName":"search_term_string"}}],"inLanguage":"en-US"},{"@type":"Organization","@id":"https:\/\/www.uniform4baltic.com\/en\/#organization","name":"Apranga medikams","url":"https:\/\/www.uniform4baltic.com\/en\/","logo":{"@type":"ImageObject","inLanguage":"en-US","@id":"https:\/\/www.uniform4baltic.com\/en\/#\/schema\/logo\/image\/","url":"https:\/\/uniform4baltic.com\/wp-content\/uploads\/2020\/06\/logo-web-1.png","contentUrl":"https:\/\/uniform4baltic.com\/wp-content\/uploads\/2020\/06\/logo-web-1.png","width":500,"height":215,"caption":"Apranga medikams"},"image":{"@id":"https:\/\/www.uniform4baltic.com\/en\/#\/schema\/logo\/image\/"}}]}},"_links":{"self":[{"href":"https:\/\/uniform4baltic.com\/en\/wp-json\/wp\/v2\/product\/33623","targetHints":{"allow":["GET"]}}],"collection":[{"href":"https:\/\/uniform4baltic.com\/en\/wp-json\/wp\/v2\/product"}],"about":[{"href":"https:\/\/uniform4baltic.com\/en\/wp-json\/wp\/v2\/types\/product"}],"replies":[{"embeddable":true,"href":"https:\/\/uniform4baltic.com\/en\/wp-json\/wp\/v2\/comments?post=33623"}],"wp:featuredmedia":[{"embeddable":true,"href":"https:\/\/uniform4baltic.com\/en\/wp-json\/wp\/v2\/media\/33642"}],"wp:attachment":[{"href":"https:\/\/uniform4baltic.com\/en\/wp-json\/wp\/v2\/media?parent=33623"}],"wp:term":[{"taxonomy":"product_brand","embeddable":true,"href":"https:\/\/uniform4baltic.com\/en\/wp-json\/wp\/v2\/product_brand?post=33623"},{"taxonomy":"product_cat","embeddable":true,"href":"https:\/\/uniform4baltic.com\/en\/wp-json\/wp\/v2\/product_cat?post=33623"},{"taxonomy":"product_tag","embeddable":true,"href":"https:\/\/uniform4baltic.com\/en\/wp-json\/wp\/v2\/product_tag?post=33623"}],"curies":[{"name":"wp","href":"https:\/\/api.w.org\/{rel}","templated":true}]}}