{"id":33646,"date":"2021-05-05T05:03:34","date_gmt":"2021-05-05T07:03:34","guid":{"rendered":"https:\/\/uniform4baltic.com\/parduotuve\/uncategorized\/41435-top-black-spring-pear-moonstruck\/"},"modified":"2025-01-30T05:48:30","modified_gmt":"2025-01-30T07:48:30","slug":"41435-top-black-spring-pear-moonstruck","status":"publish","type":"product","link":"https:\/\/uniform4baltic.com\/en\/parduotuve\/womens\/blouses\/41435-top-black-spring-pear-moonstruck\/","title":{"rendered":"41435 Top &#8211; Black\/Spring\/Pear\/Moonstruck"},"content":{"rendered":"","protected":false},"excerpt":{"rendered":"<p>Moteri\u0161ka palaidin\u0117 V formos kaklas, 3 ki\u0161en\u0117s.<\/p>\n<p>Med\u017eiaga: 77% poliesteris, 23% viskoz\u0117.<\/p>\n<p>Deran\u010dios keln\u0117s: GRP119 &#8211; 1016<\/p>\n<p>Galimi dyd\u017eiai: XXS-3XL.<\/p>\n<p>D\u0117l nesam\u0173 dyd\u017ei\u0173 ir spalv\u0173 kreiptis el. pa\u0161tu arba telefonu.<\/p>\n<div class=\"woocommerce-product-details__short-description\">\n<p>* Prek\u0117 yra padidinta vienu dyd\u017eiu. Jei d\u0117vite M dyd\u012f, m\u016bs\u0173 prek\u0119 reik\u0117t\u0173 rinktis S dyd\u017eio.<\/p>\n<\/div>\n","protected":false},"featured_media":33662,"comment_status":"open","ping_status":"closed","template":"","meta":[],"product_brand":[],"product_cat":[98,171,168,646,170],"product_tag":[2965],"class_list":{"0":"post-33646","1":"product","2":"type-product","3":"status-publish","4":"has-post-thumbnail","6":"product_cat-uncategorized-2","7":"product_cat-blouses","8":"product_cat-catalogue","9":"product_cat-size-table","10":"product_cat-womens","11":"product_tag-41435-bspm-en","12":"pa_kolekcija-greys-anatomy-stretch-en","14":"first","15":"instock","16":"sale","17":"shipping-taxable","18":"purchasable","19":"product-type-variable","20":"has-default-attributes"},"yoast_head":"<!-- This site is optimized with the Yoast SEO plugin v27.4 - https:\/\/yoast.com\/product\/yoast-seo-wordpress\/ -->\n<title>41435 Top - Black\/Spring\/Pear\/Moonstruck - uniform4baltic<\/title>\n<meta name=\"description\" content=\"Moteri\u0161ka palaidin\u0117 V formos kaklas, 3 ki\u0161en\u0117s.  Med\u017eiaga: 77% poliesteris, 23% viskoz\u0117.  Deran\u010dios keln\u0117s: GRP119 - 1016  Galimi dyd\u017eiai: XXS-3XL.  D\u0117l nesam\u0173 dyd\u017ei\u0173 ir spalv\u0173 kreiptis el. pa\u0161tu arba telefonu.   * Prek\u0117 yra padidinta vienu dyd\u017eiu. Jei d\u0117vite M dyd\u012f, m\u016bs\u0173 prek\u0119 reik\u0117t\u0173 rinktis S dyd\u017eio.\" \/>\n<meta name=\"robots\" content=\"index, follow, max-snippet:-1, max-image-preview:large, max-video-preview:-1\" \/>\n<link rel=\"canonical\" href=\"https:\/\/uniform4baltic.com\/en\/parduotuve\/womens\/blouses\/41435-top-black-spring-pear-moonstruck\/\" \/>\n<meta property=\"og:locale\" content=\"en_US\" \/>\n<meta property=\"og:type\" content=\"article\" \/>\n<meta property=\"og:title\" content=\"41435 Top - Black\/Spring\/Pear\/Moonstruck - uniform4baltic\" \/>\n<meta property=\"og:description\" content=\"Moteri\u0161ka palaidin\u0117 V formos kaklas, 3 ki\u0161en\u0117s.  Med\u017eiaga: 77% poliesteris, 23% viskoz\u0117.  Deran\u010dios keln\u0117s: GRP119 - 1016  Galimi dyd\u017eiai: XXS-3XL.  D\u0117l nesam\u0173 dyd\u017ei\u0173 ir spalv\u0173 kreiptis el. pa\u0161tu arba telefonu.   * Prek\u0117 yra padidinta vienu dyd\u017eiu. Jei d\u0117vite M dyd\u012f, m\u016bs\u0173 prek\u0119 reik\u0117t\u0173 rinktis S dyd\u017eio.\" \/>\n<meta property=\"og:url\" content=\"https:\/\/uniform4baltic.com\/en\/parduotuve\/womens\/blouses\/41435-top-black-spring-pear-moonstruck\/\" \/>\n<meta property=\"og:site_name\" content=\"uniform4baltic\" \/>\n<meta property=\"article:modified_time\" content=\"2025-01-30T07:48:30+00:00\" \/>\n<meta property=\"og:image\" content=\"https:\/\/uniform4baltic.com\/wp-content\/uploads\/2021\/05\/0fa33a51-fb59-4192-aa42-e2e6f8e6bb63.jpg\" \/>\n\t<meta property=\"og:image:width\" content=\"1536\" \/>\n\t<meta property=\"og:image:height\" content=\"2048\" \/>\n\t<meta property=\"og:image:type\" content=\"image\/jpeg\" \/>\n<meta name=\"twitter:card\" content=\"summary_large_image\" \/>\n<script type=\"application\/ld+json\" class=\"yoast-schema-graph\">{\"@context\":\"https:\\\/\\\/schema.org\",\"@graph\":[{\"@type\":\"WebPage\",\"@id\":\"https:\\\/\\\/uniform4baltic.com\\\/en\\\/parduotuve\\\/womens\\\/blouses\\\/41435-top-black-spring-pear-moonstruck\\\/\",\"url\":\"https:\\\/\\\/uniform4baltic.com\\\/en\\\/parduotuve\\\/womens\\\/blouses\\\/41435-top-black-spring-pear-moonstruck\\\/\",\"name\":\"41435 Top - Black\\\/Spring\\\/Pear\\\/Moonstruck - uniform4baltic\",\"isPartOf\":{\"@id\":\"https:\\\/\\\/www.uniform4baltic.com\\\/en\\\/#website\"},\"primaryImageOfPage\":{\"@id\":\"https:\\\/\\\/uniform4baltic.com\\\/en\\\/parduotuve\\\/womens\\\/blouses\\\/41435-top-black-spring-pear-moonstruck\\\/#primaryimage\"},\"image\":{\"@id\":\"https:\\\/\\\/uniform4baltic.com\\\/en\\\/parduotuve\\\/womens\\\/blouses\\\/41435-top-black-spring-pear-moonstruck\\\/#primaryimage\"},\"thumbnailUrl\":\"https:\\\/\\\/uniform4baltic.com\\\/wp-content\\\/uploads\\\/2021\\\/05\\\/0fa33a51-fb59-4192-aa42-e2e6f8e6bb63.jpg\",\"datePublished\":\"2021-05-05T07:03:34+00:00\",\"dateModified\":\"2025-01-30T07:48:30+00:00\",\"description\":\"Moteri\u0161ka palaidin\u0117 V formos kaklas, 3 ki\u0161en\u0117s. Med\u017eiaga: 77% poliesteris, 23% viskoz\u0117. Deran\u010dios keln\u0117s: GRP119 - 1016 Galimi dyd\u017eiai: XXS-3XL. D\u0117l nesam\u0173 dyd\u017ei\u0173 ir spalv\u0173 kreiptis el. pa\u0161tu arba telefonu. * Prek\u0117 yra padidinta vienu dyd\u017eiu. Jei d\u0117vite M dyd\u012f, m\u016bs\u0173 prek\u0119 reik\u0117t\u0173 rinktis S dyd\u017eio.\",\"breadcrumb\":{\"@id\":\"https:\\\/\\\/uniform4baltic.com\\\/en\\\/parduotuve\\\/womens\\\/blouses\\\/41435-top-black-spring-pear-moonstruck\\\/#breadcrumb\"},\"inLanguage\":\"en-US\",\"potentialAction\":[{\"@type\":\"ReadAction\",\"target\":[\"https:\\\/\\\/uniform4baltic.com\\\/en\\\/parduotuve\\\/womens\\\/blouses\\\/41435-top-black-spring-pear-moonstruck\\\/\"]}]},{\"@type\":\"ImageObject\",\"inLanguage\":\"en-US\",\"@id\":\"https:\\\/\\\/uniform4baltic.com\\\/en\\\/parduotuve\\\/womens\\\/blouses\\\/41435-top-black-spring-pear-moonstruck\\\/#primaryimage\",\"url\":\"https:\\\/\\\/uniform4baltic.com\\\/wp-content\\\/uploads\\\/2021\\\/05\\\/0fa33a51-fb59-4192-aa42-e2e6f8e6bb63.jpg\",\"contentUrl\":\"https:\\\/\\\/uniform4baltic.com\\\/wp-content\\\/uploads\\\/2021\\\/05\\\/0fa33a51-fb59-4192-aa42-e2e6f8e6bb63.jpg\",\"width\":1536,\"height\":2048},{\"@type\":\"BreadcrumbList\",\"@id\":\"https:\\\/\\\/uniform4baltic.com\\\/en\\\/parduotuve\\\/womens\\\/blouses\\\/41435-top-black-spring-pear-moonstruck\\\/#breadcrumb\",\"itemListElement\":[{\"@type\":\"ListItem\",\"position\":1,\"name\":\"Home\",\"item\":\"https:\\\/\\\/uniform4baltic.com\\\/en\\\/\"},{\"@type\":\"ListItem\",\"position\":2,\"name\":\"Shop\",\"item\":\"https:\\\/\\\/uniform4baltic.com\\\/en\\\/shop-2\\\/\"},{\"@type\":\"ListItem\",\"position\":3,\"name\":\"41435 Top &#8211; Black\\\/Spring\\\/Pear\\\/Moonstruck\"}]},{\"@type\":\"WebSite\",\"@id\":\"https:\\\/\\\/www.uniform4baltic.com\\\/en\\\/#website\",\"url\":\"https:\\\/\\\/www.uniform4baltic.com\\\/en\\\/\",\"name\":\"uniform4baltic.com\",\"description\":\"Medicinin\u0117 apranga\",\"publisher\":{\"@id\":\"https:\\\/\\\/www.uniform4baltic.com\\\/en\\\/#organization\"},\"potentialAction\":[{\"@type\":\"SearchAction\",\"target\":{\"@type\":\"EntryPoint\",\"urlTemplate\":\"https:\\\/\\\/www.uniform4baltic.com\\\/en\\\/?s={search_term_string}\"},\"query-input\":{\"@type\":\"PropertyValueSpecification\",\"valueRequired\":true,\"valueName\":\"search_term_string\"}}],\"inLanguage\":\"en-US\"},{\"@type\":\"Organization\",\"@id\":\"https:\\\/\\\/www.uniform4baltic.com\\\/en\\\/#organization\",\"name\":\"Apranga medikams\",\"url\":\"https:\\\/\\\/www.uniform4baltic.com\\\/en\\\/\",\"logo\":{\"@type\":\"ImageObject\",\"inLanguage\":\"en-US\",\"@id\":\"https:\\\/\\\/www.uniform4baltic.com\\\/en\\\/#\\\/schema\\\/logo\\\/image\\\/\",\"url\":\"https:\\\/\\\/uniform4baltic.com\\\/wp-content\\\/uploads\\\/2020\\\/06\\\/logo-web-1.png\",\"contentUrl\":\"https:\\\/\\\/uniform4baltic.com\\\/wp-content\\\/uploads\\\/2020\\\/06\\\/logo-web-1.png\",\"width\":500,\"height\":215,\"caption\":\"Apranga medikams\"},\"image\":{\"@id\":\"https:\\\/\\\/www.uniform4baltic.com\\\/en\\\/#\\\/schema\\\/logo\\\/image\\\/\"}}]}<\/script>\n<!-- \/ Yoast SEO plugin. -->","yoast_head_json":{"title":"41435 Top - Black\/Spring\/Pear\/Moonstruck - uniform4baltic","description":"Moteri\u0161ka palaidin\u0117 V formos kaklas, 3 ki\u0161en\u0117s.  Med\u017eiaga: 77% poliesteris, 23% viskoz\u0117.  Deran\u010dios keln\u0117s: GRP119 - 1016  Galimi dyd\u017eiai: XXS-3XL.  D\u0117l nesam\u0173 dyd\u017ei\u0173 ir spalv\u0173 kreiptis el. pa\u0161tu arba telefonu.   * Prek\u0117 yra padidinta vienu dyd\u017eiu. Jei d\u0117vite M dyd\u012f, m\u016bs\u0173 prek\u0119 reik\u0117t\u0173 rinktis S dyd\u017eio.","robots":{"index":"index","follow":"follow","max-snippet":"max-snippet:-1","max-image-preview":"max-image-preview:large","max-video-preview":"max-video-preview:-1"},"canonical":"https:\/\/uniform4baltic.com\/en\/parduotuve\/womens\/blouses\/41435-top-black-spring-pear-moonstruck\/","og_locale":"en_US","og_type":"article","og_title":"41435 Top - Black\/Spring\/Pear\/Moonstruck - uniform4baltic","og_description":"Moteri\u0161ka palaidin\u0117 V formos kaklas, 3 ki\u0161en\u0117s.  Med\u017eiaga: 77% poliesteris, 23% viskoz\u0117.  Deran\u010dios keln\u0117s: GRP119 - 1016  Galimi dyd\u017eiai: XXS-3XL.  D\u0117l nesam\u0173 dyd\u017ei\u0173 ir spalv\u0173 kreiptis el. pa\u0161tu arba telefonu.   * Prek\u0117 yra padidinta vienu dyd\u017eiu. Jei d\u0117vite M dyd\u012f, m\u016bs\u0173 prek\u0119 reik\u0117t\u0173 rinktis S dyd\u017eio.","og_url":"https:\/\/uniform4baltic.com\/en\/parduotuve\/womens\/blouses\/41435-top-black-spring-pear-moonstruck\/","og_site_name":"uniform4baltic","article_modified_time":"2025-01-30T07:48:30+00:00","og_image":[{"width":1536,"height":2048,"url":"https:\/\/uniform4baltic.com\/wp-content\/uploads\/2021\/05\/0fa33a51-fb59-4192-aa42-e2e6f8e6bb63.jpg","type":"image\/jpeg"}],"twitter_card":"summary_large_image","schema":{"@context":"https:\/\/schema.org","@graph":[{"@type":"WebPage","@id":"https:\/\/uniform4baltic.com\/en\/parduotuve\/womens\/blouses\/41435-top-black-spring-pear-moonstruck\/","url":"https:\/\/uniform4baltic.com\/en\/parduotuve\/womens\/blouses\/41435-top-black-spring-pear-moonstruck\/","name":"41435 Top - Black\/Spring\/Pear\/Moonstruck - uniform4baltic","isPartOf":{"@id":"https:\/\/www.uniform4baltic.com\/en\/#website"},"primaryImageOfPage":{"@id":"https:\/\/uniform4baltic.com\/en\/parduotuve\/womens\/blouses\/41435-top-black-spring-pear-moonstruck\/#primaryimage"},"image":{"@id":"https:\/\/uniform4baltic.com\/en\/parduotuve\/womens\/blouses\/41435-top-black-spring-pear-moonstruck\/#primaryimage"},"thumbnailUrl":"https:\/\/uniform4baltic.com\/wp-content\/uploads\/2021\/05\/0fa33a51-fb59-4192-aa42-e2e6f8e6bb63.jpg","datePublished":"2021-05-05T07:03:34+00:00","dateModified":"2025-01-30T07:48:30+00:00","description":"Moteri\u0161ka palaidin\u0117 V formos kaklas, 3 ki\u0161en\u0117s. Med\u017eiaga: 77% poliesteris, 23% viskoz\u0117. Deran\u010dios keln\u0117s: GRP119 - 1016 Galimi dyd\u017eiai: XXS-3XL. D\u0117l nesam\u0173 dyd\u017ei\u0173 ir spalv\u0173 kreiptis el. pa\u0161tu arba telefonu. * Prek\u0117 yra padidinta vienu dyd\u017eiu. Jei d\u0117vite M dyd\u012f, m\u016bs\u0173 prek\u0119 reik\u0117t\u0173 rinktis S dyd\u017eio.","breadcrumb":{"@id":"https:\/\/uniform4baltic.com\/en\/parduotuve\/womens\/blouses\/41435-top-black-spring-pear-moonstruck\/#breadcrumb"},"inLanguage":"en-US","potentialAction":[{"@type":"ReadAction","target":["https:\/\/uniform4baltic.com\/en\/parduotuve\/womens\/blouses\/41435-top-black-spring-pear-moonstruck\/"]}]},{"@type":"ImageObject","inLanguage":"en-US","@id":"https:\/\/uniform4baltic.com\/en\/parduotuve\/womens\/blouses\/41435-top-black-spring-pear-moonstruck\/#primaryimage","url":"https:\/\/uniform4baltic.com\/wp-content\/uploads\/2021\/05\/0fa33a51-fb59-4192-aa42-e2e6f8e6bb63.jpg","contentUrl":"https:\/\/uniform4baltic.com\/wp-content\/uploads\/2021\/05\/0fa33a51-fb59-4192-aa42-e2e6f8e6bb63.jpg","width":1536,"height":2048},{"@type":"BreadcrumbList","@id":"https:\/\/uniform4baltic.com\/en\/parduotuve\/womens\/blouses\/41435-top-black-spring-pear-moonstruck\/#breadcrumb","itemListElement":[{"@type":"ListItem","position":1,"name":"Home","item":"https:\/\/uniform4baltic.com\/en\/"},{"@type":"ListItem","position":2,"name":"Shop","item":"https:\/\/uniform4baltic.com\/en\/shop-2\/"},{"@type":"ListItem","position":3,"name":"41435 Top &#8211; Black\/Spring\/Pear\/Moonstruck"}]},{"@type":"WebSite","@id":"https:\/\/www.uniform4baltic.com\/en\/#website","url":"https:\/\/www.uniform4baltic.com\/en\/","name":"uniform4baltic.com","description":"Medicinin\u0117 apranga","publisher":{"@id":"https:\/\/www.uniform4baltic.com\/en\/#organization"},"potentialAction":[{"@type":"SearchAction","target":{"@type":"EntryPoint","urlTemplate":"https:\/\/www.uniform4baltic.com\/en\/?s={search_term_string}"},"query-input":{"@type":"PropertyValueSpecification","valueRequired":true,"valueName":"search_term_string"}}],"inLanguage":"en-US"},{"@type":"Organization","@id":"https:\/\/www.uniform4baltic.com\/en\/#organization","name":"Apranga medikams","url":"https:\/\/www.uniform4baltic.com\/en\/","logo":{"@type":"ImageObject","inLanguage":"en-US","@id":"https:\/\/www.uniform4baltic.com\/en\/#\/schema\/logo\/image\/","url":"https:\/\/uniform4baltic.com\/wp-content\/uploads\/2020\/06\/logo-web-1.png","contentUrl":"https:\/\/uniform4baltic.com\/wp-content\/uploads\/2020\/06\/logo-web-1.png","width":500,"height":215,"caption":"Apranga medikams"},"image":{"@id":"https:\/\/www.uniform4baltic.com\/en\/#\/schema\/logo\/image\/"}}]}},"_links":{"self":[{"href":"https:\/\/uniform4baltic.com\/en\/wp-json\/wp\/v2\/product\/33646","targetHints":{"allow":["GET"]}}],"collection":[{"href":"https:\/\/uniform4baltic.com\/en\/wp-json\/wp\/v2\/product"}],"about":[{"href":"https:\/\/uniform4baltic.com\/en\/wp-json\/wp\/v2\/types\/product"}],"replies":[{"embeddable":true,"href":"https:\/\/uniform4baltic.com\/en\/wp-json\/wp\/v2\/comments?post=33646"}],"wp:featuredmedia":[{"embeddable":true,"href":"https:\/\/uniform4baltic.com\/en\/wp-json\/wp\/v2\/media\/33662"}],"wp:attachment":[{"href":"https:\/\/uniform4baltic.com\/en\/wp-json\/wp\/v2\/media?parent=33646"}],"wp:term":[{"taxonomy":"product_brand","embeddable":true,"href":"https:\/\/uniform4baltic.com\/en\/wp-json\/wp\/v2\/product_brand?post=33646"},{"taxonomy":"product_cat","embeddable":true,"href":"https:\/\/uniform4baltic.com\/en\/wp-json\/wp\/v2\/product_cat?post=33646"},{"taxonomy":"product_tag","embeddable":true,"href":"https:\/\/uniform4baltic.com\/en\/wp-json\/wp\/v2\/product_tag?post=33646"}],"curies":[{"name":"wp","href":"https:\/\/api.w.org\/{rel}","templated":true}]}}