{"id":34376,"date":"2025-04-10T09:54:11","date_gmt":"2025-04-10T11:54:11","guid":{"rendered":"https:\/\/uniform4baltic.com\/?post_type=product&#038;p=34376"},"modified":"2026-03-16T12:04:59","modified_gmt":"2026-03-16T14:04:59","slug":"bop645-sprint-knit-pant-2464-dusty-lavender","status":"publish","type":"product","link":"https:\/\/uniform4baltic.com\/en\/parduotuve\/womens\/trousers\/bop645-sprint-knit-pant-2464-dusty-lavender\/","title":{"rendered":"BOP645 Sprint Knit Pant &#8211; 2464 Dusty lavender"},"content":{"rendered":"","protected":false},"excerpt":{"rendered":"<p>Klio\u0161in\u0117s moteri\u0161kos keln\u0117s, 7 ki\u0161en\u0117s<\/p>\n<p>Deranti palaidin\u0117: BOT210<\/p>\n<p>Med\u017eiaga: 80% perdirbtas poliesteris, 20% elastanas.<\/p>\n<p>Galimi dyd\u017eiai: XXS-5XL.<\/p>\n<p>D\u0117l nesam\u0173 dyd\u017ei\u0173 ir spalv\u0173 kreiptis el. pa\u0161tu arba telefonu.<\/p>\n","protected":false},"featured_media":34377,"comment_status":"open","ping_status":"closed","template":"","meta":[],"product_brand":[],"product_cat":[54,48,15],"product_tag":[3054],"class_list":{"0":"post-34376","1":"product","2":"type-product","3":"status-publish","4":"has-post-thumbnail","6":"product_cat-kelnes-moterims","7":"product_cat-moterims","8":"product_cat-uncategorized","9":"product_tag-bop645-2464","10":"pa_kolekcija-barco-one","12":"first","13":"instock","14":"shipping-taxable","15":"purchasable","16":"product-type-variable"},"yoast_head":"<!-- This site is optimized with the Yoast SEO plugin v27.4 - https:\/\/yoast.com\/product\/yoast-seo-wordpress\/ -->\n<title>BOP645 Sprint Knit Pant - 2464 Dusty lavender - uniform4baltic<\/title>\n<meta name=\"description\" content=\"Klio\u0161in\u0117s moteri\u0161kos keln\u0117s, 7 ki\u0161en\u0117s  Deranti palaidin\u0117: BOT210  Med\u017eiaga: 80% perdirbtas poliesteris, 20% elastanas.  Galimi dyd\u017eiai: XXS-5XL.  D\u0117l nesam\u0173 dyd\u017ei\u0173 ir spalv\u0173 kreiptis el. pa\u0161tu arba telefonu.\" \/>\n<meta name=\"robots\" content=\"index, follow, max-snippet:-1, max-image-preview:large, max-video-preview:-1\" \/>\n<link rel=\"canonical\" href=\"https:\/\/uniform4baltic.com\/parduotuve\/moterims\/kelnes-moterims\/bop645-sprint-knit-pant-2464-dusty-lavender\/\" \/>\n<meta property=\"og:locale\" content=\"en_US\" \/>\n<meta property=\"og:type\" content=\"article\" \/>\n<meta property=\"og:title\" content=\"BOP645 Sprint Knit Pant - 2464 Dusty lavender - uniform4baltic\" \/>\n<meta property=\"og:description\" content=\"Klio\u0161in\u0117s moteri\u0161kos keln\u0117s, 7 ki\u0161en\u0117s  Deranti palaidin\u0117: BOT210  Med\u017eiaga: 80% perdirbtas poliesteris, 20% elastanas.  Galimi dyd\u017eiai: XXS-5XL.  D\u0117l nesam\u0173 dyd\u017ei\u0173 ir spalv\u0173 kreiptis el. pa\u0161tu arba telefonu.\" \/>\n<meta property=\"og:url\" content=\"https:\/\/uniform4baltic.com\/parduotuve\/moterims\/kelnes-moterims\/bop645-sprint-knit-pant-2464-dusty-lavender\/\" \/>\n<meta property=\"og:site_name\" content=\"uniform4baltic\" \/>\n<meta property=\"article:modified_time\" content=\"2026-03-16T14:04:59+00:00\" \/>\n<meta property=\"og:image\" content=\"https:\/\/uniform4baltic.com\/wp-content\/uploads\/2025\/04\/hgn7ku01k4p0ydtya2hc.jpg\" \/>\n\t<meta property=\"og:image:width\" content=\"415\" \/>\n\t<meta property=\"og:image:height\" content=\"600\" \/>\n\t<meta property=\"og:image:type\" content=\"image\/jpeg\" \/>\n<meta name=\"twitter:card\" content=\"summary_large_image\" \/>\n<meta name=\"twitter:label1\" content=\"Est. reading time\" \/>\n\t<meta name=\"twitter:data1\" content=\"1 minute\" \/>\n<script type=\"application\/ld+json\" class=\"yoast-schema-graph\">{\"@context\":\"https:\\\/\\\/schema.org\",\"@graph\":[{\"@type\":\"WebPage\",\"@id\":\"https:\\\/\\\/uniform4baltic.com\\\/parduotuve\\\/moterims\\\/kelnes-moterims\\\/bop645-sprint-knit-pant-2464-dusty-lavender\\\/\",\"url\":\"https:\\\/\\\/uniform4baltic.com\\\/parduotuve\\\/moterims\\\/kelnes-moterims\\\/bop645-sprint-knit-pant-2464-dusty-lavender\\\/\",\"name\":\"BOP645 Sprint Knit Pant - 2464 Dusty lavender - uniform4baltic\",\"isPartOf\":{\"@id\":\"https:\\\/\\\/www.uniform4baltic.com\\\/en\\\/#website\"},\"primaryImageOfPage\":{\"@id\":\"https:\\\/\\\/uniform4baltic.com\\\/parduotuve\\\/moterims\\\/kelnes-moterims\\\/bop645-sprint-knit-pant-2464-dusty-lavender\\\/#primaryimage\"},\"image\":{\"@id\":\"https:\\\/\\\/uniform4baltic.com\\\/parduotuve\\\/moterims\\\/kelnes-moterims\\\/bop645-sprint-knit-pant-2464-dusty-lavender\\\/#primaryimage\"},\"thumbnailUrl\":\"https:\\\/\\\/uniform4baltic.com\\\/wp-content\\\/uploads\\\/2025\\\/04\\\/hgn7ku01k4p0ydtya2hc.jpg\",\"datePublished\":\"2025-04-10T11:54:11+00:00\",\"dateModified\":\"2026-03-16T14:04:59+00:00\",\"description\":\"Klio\u0161in\u0117s moteri\u0161kos keln\u0117s, 7 ki\u0161en\u0117s Deranti palaidin\u0117: BOT210 Med\u017eiaga: 80% perdirbtas poliesteris, 20% elastanas. Galimi dyd\u017eiai: XXS-5XL. D\u0117l nesam\u0173 dyd\u017ei\u0173 ir spalv\u0173 kreiptis el. pa\u0161tu arba telefonu.\",\"breadcrumb\":{\"@id\":\"https:\\\/\\\/uniform4baltic.com\\\/parduotuve\\\/moterims\\\/kelnes-moterims\\\/bop645-sprint-knit-pant-2464-dusty-lavender\\\/#breadcrumb\"},\"inLanguage\":\"en-US\",\"potentialAction\":[{\"@type\":\"ReadAction\",\"target\":[\"https:\\\/\\\/uniform4baltic.com\\\/parduotuve\\\/moterims\\\/kelnes-moterims\\\/bop645-sprint-knit-pant-2464-dusty-lavender\\\/\"]}]},{\"@type\":\"ImageObject\",\"inLanguage\":\"en-US\",\"@id\":\"https:\\\/\\\/uniform4baltic.com\\\/parduotuve\\\/moterims\\\/kelnes-moterims\\\/bop645-sprint-knit-pant-2464-dusty-lavender\\\/#primaryimage\",\"url\":\"https:\\\/\\\/uniform4baltic.com\\\/wp-content\\\/uploads\\\/2025\\\/04\\\/hgn7ku01k4p0ydtya2hc.jpg\",\"contentUrl\":\"https:\\\/\\\/uniform4baltic.com\\\/wp-content\\\/uploads\\\/2025\\\/04\\\/hgn7ku01k4p0ydtya2hc.jpg\",\"width\":415,\"height\":600},{\"@type\":\"BreadcrumbList\",\"@id\":\"https:\\\/\\\/uniform4baltic.com\\\/parduotuve\\\/moterims\\\/kelnes-moterims\\\/bop645-sprint-knit-pant-2464-dusty-lavender\\\/#breadcrumb\",\"itemListElement\":[{\"@type\":\"ListItem\",\"position\":1,\"name\":\"Home\",\"item\":\"https:\\\/\\\/uniform4baltic.com\\\/en\\\/\"},{\"@type\":\"ListItem\",\"position\":2,\"name\":\"Shop\",\"item\":\"https:\\\/\\\/uniform4baltic.com\\\/en\\\/shop-2\\\/\"},{\"@type\":\"ListItem\",\"position\":3,\"name\":\"BOP645 Sprint Knit Pant &#8211; 2464 Dusty lavender\"}]},{\"@type\":\"WebSite\",\"@id\":\"https:\\\/\\\/www.uniform4baltic.com\\\/en\\\/#website\",\"url\":\"https:\\\/\\\/www.uniform4baltic.com\\\/en\\\/\",\"name\":\"uniform4baltic.com\",\"description\":\"Medicinin\u0117 apranga\",\"publisher\":{\"@id\":\"https:\\\/\\\/www.uniform4baltic.com\\\/en\\\/#organization\"},\"potentialAction\":[{\"@type\":\"SearchAction\",\"target\":{\"@type\":\"EntryPoint\",\"urlTemplate\":\"https:\\\/\\\/www.uniform4baltic.com\\\/en\\\/?s={search_term_string}\"},\"query-input\":{\"@type\":\"PropertyValueSpecification\",\"valueRequired\":true,\"valueName\":\"search_term_string\"}}],\"inLanguage\":\"en-US\"},{\"@type\":\"Organization\",\"@id\":\"https:\\\/\\\/www.uniform4baltic.com\\\/en\\\/#organization\",\"name\":\"Apranga medikams\",\"url\":\"https:\\\/\\\/www.uniform4baltic.com\\\/en\\\/\",\"logo\":{\"@type\":\"ImageObject\",\"inLanguage\":\"en-US\",\"@id\":\"https:\\\/\\\/www.uniform4baltic.com\\\/en\\\/#\\\/schema\\\/logo\\\/image\\\/\",\"url\":\"https:\\\/\\\/uniform4baltic.com\\\/wp-content\\\/uploads\\\/2020\\\/06\\\/logo-web-1.png\",\"contentUrl\":\"https:\\\/\\\/uniform4baltic.com\\\/wp-content\\\/uploads\\\/2020\\\/06\\\/logo-web-1.png\",\"width\":500,\"height\":215,\"caption\":\"Apranga medikams\"},\"image\":{\"@id\":\"https:\\\/\\\/www.uniform4baltic.com\\\/en\\\/#\\\/schema\\\/logo\\\/image\\\/\"}}]}<\/script>\n<!-- \/ Yoast SEO plugin. -->","yoast_head_json":{"title":"BOP645 Sprint Knit Pant - 2464 Dusty lavender - uniform4baltic","description":"Klio\u0161in\u0117s moteri\u0161kos keln\u0117s, 7 ki\u0161en\u0117s  Deranti palaidin\u0117: BOT210  Med\u017eiaga: 80% perdirbtas poliesteris, 20% elastanas.  Galimi dyd\u017eiai: XXS-5XL.  D\u0117l nesam\u0173 dyd\u017ei\u0173 ir spalv\u0173 kreiptis el. pa\u0161tu arba telefonu.","robots":{"index":"index","follow":"follow","max-snippet":"max-snippet:-1","max-image-preview":"max-image-preview:large","max-video-preview":"max-video-preview:-1"},"canonical":"https:\/\/uniform4baltic.com\/parduotuve\/moterims\/kelnes-moterims\/bop645-sprint-knit-pant-2464-dusty-lavender\/","og_locale":"en_US","og_type":"article","og_title":"BOP645 Sprint Knit Pant - 2464 Dusty lavender - uniform4baltic","og_description":"Klio\u0161in\u0117s moteri\u0161kos keln\u0117s, 7 ki\u0161en\u0117s  Deranti palaidin\u0117: BOT210  Med\u017eiaga: 80% perdirbtas poliesteris, 20% elastanas.  Galimi dyd\u017eiai: XXS-5XL.  D\u0117l nesam\u0173 dyd\u017ei\u0173 ir spalv\u0173 kreiptis el. pa\u0161tu arba telefonu.","og_url":"https:\/\/uniform4baltic.com\/parduotuve\/moterims\/kelnes-moterims\/bop645-sprint-knit-pant-2464-dusty-lavender\/","og_site_name":"uniform4baltic","article_modified_time":"2026-03-16T14:04:59+00:00","og_image":[{"width":415,"height":600,"url":"https:\/\/uniform4baltic.com\/wp-content\/uploads\/2025\/04\/hgn7ku01k4p0ydtya2hc.jpg","type":"image\/jpeg"}],"twitter_card":"summary_large_image","twitter_misc":{"Est. reading time":"1 minute"},"schema":{"@context":"https:\/\/schema.org","@graph":[{"@type":"WebPage","@id":"https:\/\/uniform4baltic.com\/parduotuve\/moterims\/kelnes-moterims\/bop645-sprint-knit-pant-2464-dusty-lavender\/","url":"https:\/\/uniform4baltic.com\/parduotuve\/moterims\/kelnes-moterims\/bop645-sprint-knit-pant-2464-dusty-lavender\/","name":"BOP645 Sprint Knit Pant - 2464 Dusty lavender - uniform4baltic","isPartOf":{"@id":"https:\/\/www.uniform4baltic.com\/en\/#website"},"primaryImageOfPage":{"@id":"https:\/\/uniform4baltic.com\/parduotuve\/moterims\/kelnes-moterims\/bop645-sprint-knit-pant-2464-dusty-lavender\/#primaryimage"},"image":{"@id":"https:\/\/uniform4baltic.com\/parduotuve\/moterims\/kelnes-moterims\/bop645-sprint-knit-pant-2464-dusty-lavender\/#primaryimage"},"thumbnailUrl":"https:\/\/uniform4baltic.com\/wp-content\/uploads\/2025\/04\/hgn7ku01k4p0ydtya2hc.jpg","datePublished":"2025-04-10T11:54:11+00:00","dateModified":"2026-03-16T14:04:59+00:00","description":"Klio\u0161in\u0117s moteri\u0161kos keln\u0117s, 7 ki\u0161en\u0117s Deranti palaidin\u0117: BOT210 Med\u017eiaga: 80% perdirbtas poliesteris, 20% elastanas. Galimi dyd\u017eiai: XXS-5XL. D\u0117l nesam\u0173 dyd\u017ei\u0173 ir spalv\u0173 kreiptis el. pa\u0161tu arba telefonu.","breadcrumb":{"@id":"https:\/\/uniform4baltic.com\/parduotuve\/moterims\/kelnes-moterims\/bop645-sprint-knit-pant-2464-dusty-lavender\/#breadcrumb"},"inLanguage":"en-US","potentialAction":[{"@type":"ReadAction","target":["https:\/\/uniform4baltic.com\/parduotuve\/moterims\/kelnes-moterims\/bop645-sprint-knit-pant-2464-dusty-lavender\/"]}]},{"@type":"ImageObject","inLanguage":"en-US","@id":"https:\/\/uniform4baltic.com\/parduotuve\/moterims\/kelnes-moterims\/bop645-sprint-knit-pant-2464-dusty-lavender\/#primaryimage","url":"https:\/\/uniform4baltic.com\/wp-content\/uploads\/2025\/04\/hgn7ku01k4p0ydtya2hc.jpg","contentUrl":"https:\/\/uniform4baltic.com\/wp-content\/uploads\/2025\/04\/hgn7ku01k4p0ydtya2hc.jpg","width":415,"height":600},{"@type":"BreadcrumbList","@id":"https:\/\/uniform4baltic.com\/parduotuve\/moterims\/kelnes-moterims\/bop645-sprint-knit-pant-2464-dusty-lavender\/#breadcrumb","itemListElement":[{"@type":"ListItem","position":1,"name":"Home","item":"https:\/\/uniform4baltic.com\/en\/"},{"@type":"ListItem","position":2,"name":"Shop","item":"https:\/\/uniform4baltic.com\/en\/shop-2\/"},{"@type":"ListItem","position":3,"name":"BOP645 Sprint Knit Pant &#8211; 2464 Dusty lavender"}]},{"@type":"WebSite","@id":"https:\/\/www.uniform4baltic.com\/en\/#website","url":"https:\/\/www.uniform4baltic.com\/en\/","name":"uniform4baltic.com","description":"Medicinin\u0117 apranga","publisher":{"@id":"https:\/\/www.uniform4baltic.com\/en\/#organization"},"potentialAction":[{"@type":"SearchAction","target":{"@type":"EntryPoint","urlTemplate":"https:\/\/www.uniform4baltic.com\/en\/?s={search_term_string}"},"query-input":{"@type":"PropertyValueSpecification","valueRequired":true,"valueName":"search_term_string"}}],"inLanguage":"en-US"},{"@type":"Organization","@id":"https:\/\/www.uniform4baltic.com\/en\/#organization","name":"Apranga medikams","url":"https:\/\/www.uniform4baltic.com\/en\/","logo":{"@type":"ImageObject","inLanguage":"en-US","@id":"https:\/\/www.uniform4baltic.com\/en\/#\/schema\/logo\/image\/","url":"https:\/\/uniform4baltic.com\/wp-content\/uploads\/2020\/06\/logo-web-1.png","contentUrl":"https:\/\/uniform4baltic.com\/wp-content\/uploads\/2020\/06\/logo-web-1.png","width":500,"height":215,"caption":"Apranga medikams"},"image":{"@id":"https:\/\/www.uniform4baltic.com\/en\/#\/schema\/logo\/image\/"}}]}},"_links":{"self":[{"href":"https:\/\/uniform4baltic.com\/en\/wp-json\/wp\/v2\/product\/34376","targetHints":{"allow":["GET"]}}],"collection":[{"href":"https:\/\/uniform4baltic.com\/en\/wp-json\/wp\/v2\/product"}],"about":[{"href":"https:\/\/uniform4baltic.com\/en\/wp-json\/wp\/v2\/types\/product"}],"replies":[{"embeddable":true,"href":"https:\/\/uniform4baltic.com\/en\/wp-json\/wp\/v2\/comments?post=34376"}],"wp:featuredmedia":[{"embeddable":true,"href":"https:\/\/uniform4baltic.com\/en\/wp-json\/wp\/v2\/media\/34377"}],"wp:attachment":[{"href":"https:\/\/uniform4baltic.com\/en\/wp-json\/wp\/v2\/media?parent=34376"}],"wp:term":[{"taxonomy":"product_brand","embeddable":true,"href":"https:\/\/uniform4baltic.com\/en\/wp-json\/wp\/v2\/product_brand?post=34376"},{"taxonomy":"product_cat","embeddable":true,"href":"https:\/\/uniform4baltic.com\/en\/wp-json\/wp\/v2\/product_cat?post=34376"},{"taxonomy":"product_tag","embeddable":true,"href":"https:\/\/uniform4baltic.com\/en\/wp-json\/wp\/v2\/product_tag?post=34376"}],"curies":[{"name":"wp","href":"https:\/\/api.w.org\/{rel}","templated":true}]}}