{"id":34988,"date":"2025-08-11T09:07:05","date_gmt":"2025-08-11T11:07:05","guid":{"rendered":"https:\/\/uniform4baltic.com\/?post_type=product&#038;p=34988"},"modified":"2025-08-11T09:07:05","modified_gmt":"2025-08-11T11:07:05","slug":"gssp649-highland-pant-1295-true-red","status":"publish","type":"product","link":"https:\/\/uniform4baltic.com\/en\/parduotuve\/new\/mens-en-2\/gssp649-highland-pant-1295-true-red\/","title":{"rendered":"GSSP649 Highland Pant &#8211; 1295 True red"},"content":{"rendered":"","protected":false},"excerpt":{"rendered":"<p>Vyri\u0161kos keln\u0117s priekyje ri\u0161amos rai\u0161teliais, 5 ki\u0161en\u0117s<\/p>\n<p>Deranti palaidin\u0117: GSST179<\/p>\n<p>Sud\u0117tis: 48% CiCLO\u00c2\u00ae poliesteris, 44% perdirbtas poliesteris, 8% elastanas<\/p>\n<p>Galimi dyd\u017eiai: XXS-5XL<\/p>\n<p>D\u0117l nesam\u0173 dyd\u017ei\u0173 ir spalv\u0173 kreiptis el. pa\u0161tu arba telefonu.<\/p>\n","protected":false},"featured_media":34989,"comment_status":"open","ping_status":"closed","template":"","meta":[],"product_brand":[],"product_cat":[240,155,235,237,15,49,58,51,62],"product_tag":[3102],"class_list":{"0":"post-34988","1":"product","2":"type-product","3":"status-publish","4":"has-post-thumbnail","6":"product_cat-dydziu-lentele","7":"product_cat-katalogas","8":"product_cat-naujos-prekes","9":"product_cat-vyrams-naujos-prekes","10":"product_cat-uncategorized","11":"product_cat-vyrams","12":"product_cat-kelnes-vyrams","13":"product_cat-paskutine-preke","14":"product_cat-vyrams-ispardavimas","15":"product_tag-gssp649-1295","16":"pa_kolekcija-evolve","18":"first","19":"instock","20":"shipping-taxable","21":"purchasable","22":"product-type-variable"},"yoast_head":"<!-- This site is optimized with the Yoast SEO plugin v27.4 - https:\/\/yoast.com\/product\/yoast-seo-wordpress\/ -->\n<title>GSSP649 Highland Pant - 1295 True red - uniform4baltic<\/title>\n<meta name=\"description\" content=\"Vyri\u0161kos keln\u0117s priekyje ri\u0161amos rai\u0161teliais, 5 ki\u0161en\u0117s  Deranti palaidin\u0117: GSST179  Sud\u0117tis: 48% CiCLO\u00c2\u00ae poliesteris, 44% perdirbtas poliesteris, 8% elastanas  Galimi dyd\u017eiai: XXS-5XL  D\u0117l nesam\u0173 dyd\u017ei\u0173 ir spalv\u0173 kreiptis el. pa\u0161tu arba telefonu.\" \/>\n<meta name=\"robots\" content=\"index, follow, max-snippet:-1, max-image-preview:large, max-video-preview:-1\" \/>\n<link rel=\"canonical\" href=\"https:\/\/uniform4baltic.com\/parduotuve\/naujos-prekes\/vyrams-naujos-prekes\/gssp649-highland-pant-1295-true-red\/\" \/>\n<meta property=\"og:locale\" content=\"en_US\" \/>\n<meta property=\"og:type\" content=\"article\" \/>\n<meta property=\"og:title\" content=\"GSSP649 Highland Pant - 1295 True red - uniform4baltic\" \/>\n<meta property=\"og:description\" content=\"Vyri\u0161kos keln\u0117s priekyje ri\u0161amos rai\u0161teliais, 5 ki\u0161en\u0117s  Deranti palaidin\u0117: GSST179  Sud\u0117tis: 48% CiCLO\u00c2\u00ae poliesteris, 44% perdirbtas poliesteris, 8% elastanas  Galimi dyd\u017eiai: XXS-5XL  D\u0117l nesam\u0173 dyd\u017ei\u0173 ir spalv\u0173 kreiptis el. pa\u0161tu arba telefonu.\" \/>\n<meta property=\"og:url\" content=\"https:\/\/uniform4baltic.com\/parduotuve\/naujos-prekes\/vyrams-naujos-prekes\/gssp649-highland-pant-1295-true-red\/\" \/>\n<meta property=\"og:site_name\" content=\"uniform4baltic\" \/>\n<meta property=\"og:image\" content=\"https:\/\/uniform4baltic.com\/wp-content\/uploads\/2025\/08\/roqulrtddinowxel7ywx.jpg\" \/>\n\t<meta property=\"og:image:width\" content=\"415\" \/>\n\t<meta property=\"og:image:height\" content=\"600\" \/>\n\t<meta property=\"og:image:type\" content=\"image\/jpeg\" \/>\n<meta name=\"twitter:card\" content=\"summary_large_image\" \/>\n<meta name=\"twitter:label1\" content=\"Est. reading time\" \/>\n\t<meta name=\"twitter:data1\" content=\"1 minute\" \/>\n<script type=\"application\/ld+json\" class=\"yoast-schema-graph\">{\"@context\":\"https:\\\/\\\/schema.org\",\"@graph\":[{\"@type\":\"WebPage\",\"@id\":\"https:\\\/\\\/uniform4baltic.com\\\/parduotuve\\\/naujos-prekes\\\/vyrams-naujos-prekes\\\/gssp649-highland-pant-1295-true-red\\\/\",\"url\":\"https:\\\/\\\/uniform4baltic.com\\\/parduotuve\\\/naujos-prekes\\\/vyrams-naujos-prekes\\\/gssp649-highland-pant-1295-true-red\\\/\",\"name\":\"GSSP649 Highland Pant - 1295 True red - uniform4baltic\",\"isPartOf\":{\"@id\":\"https:\\\/\\\/www.uniform4baltic.com\\\/en\\\/#website\"},\"primaryImageOfPage\":{\"@id\":\"https:\\\/\\\/uniform4baltic.com\\\/parduotuve\\\/naujos-prekes\\\/vyrams-naujos-prekes\\\/gssp649-highland-pant-1295-true-red\\\/#primaryimage\"},\"image\":{\"@id\":\"https:\\\/\\\/uniform4baltic.com\\\/parduotuve\\\/naujos-prekes\\\/vyrams-naujos-prekes\\\/gssp649-highland-pant-1295-true-red\\\/#primaryimage\"},\"thumbnailUrl\":\"https:\\\/\\\/uniform4baltic.com\\\/wp-content\\\/uploads\\\/2025\\\/08\\\/roqulrtddinowxel7ywx.jpg\",\"datePublished\":\"2025-08-11T11:07:05+00:00\",\"description\":\"Vyri\u0161kos keln\u0117s priekyje ri\u0161amos rai\u0161teliais, 5 ki\u0161en\u0117s Deranti palaidin\u0117: GSST179 Sud\u0117tis: 48% CiCLO\u00c2\u00ae poliesteris, 44% perdirbtas poliesteris, 8% elastanas Galimi dyd\u017eiai: XXS-5XL D\u0117l nesam\u0173 dyd\u017ei\u0173 ir spalv\u0173 kreiptis el. pa\u0161tu arba telefonu.\",\"breadcrumb\":{\"@id\":\"https:\\\/\\\/uniform4baltic.com\\\/parduotuve\\\/naujos-prekes\\\/vyrams-naujos-prekes\\\/gssp649-highland-pant-1295-true-red\\\/#breadcrumb\"},\"inLanguage\":\"en-US\",\"potentialAction\":[{\"@type\":\"ReadAction\",\"target\":[\"https:\\\/\\\/uniform4baltic.com\\\/parduotuve\\\/naujos-prekes\\\/vyrams-naujos-prekes\\\/gssp649-highland-pant-1295-true-red\\\/\"]}]},{\"@type\":\"ImageObject\",\"inLanguage\":\"en-US\",\"@id\":\"https:\\\/\\\/uniform4baltic.com\\\/parduotuve\\\/naujos-prekes\\\/vyrams-naujos-prekes\\\/gssp649-highland-pant-1295-true-red\\\/#primaryimage\",\"url\":\"https:\\\/\\\/uniform4baltic.com\\\/wp-content\\\/uploads\\\/2025\\\/08\\\/roqulrtddinowxel7ywx.jpg\",\"contentUrl\":\"https:\\\/\\\/uniform4baltic.com\\\/wp-content\\\/uploads\\\/2025\\\/08\\\/roqulrtddinowxel7ywx.jpg\",\"width\":415,\"height\":600},{\"@type\":\"BreadcrumbList\",\"@id\":\"https:\\\/\\\/uniform4baltic.com\\\/parduotuve\\\/naujos-prekes\\\/vyrams-naujos-prekes\\\/gssp649-highland-pant-1295-true-red\\\/#breadcrumb\",\"itemListElement\":[{\"@type\":\"ListItem\",\"position\":1,\"name\":\"Home\",\"item\":\"https:\\\/\\\/uniform4baltic.com\\\/en\\\/\"},{\"@type\":\"ListItem\",\"position\":2,\"name\":\"Shop\",\"item\":\"https:\\\/\\\/uniform4baltic.com\\\/en\\\/shop-2\\\/\"},{\"@type\":\"ListItem\",\"position\":3,\"name\":\"GSSP649 Highland Pant &#8211; 1295 True red\"}]},{\"@type\":\"WebSite\",\"@id\":\"https:\\\/\\\/www.uniform4baltic.com\\\/en\\\/#website\",\"url\":\"https:\\\/\\\/www.uniform4baltic.com\\\/en\\\/\",\"name\":\"uniform4baltic.com\",\"description\":\"Medicinin\u0117 apranga\",\"publisher\":{\"@id\":\"https:\\\/\\\/www.uniform4baltic.com\\\/en\\\/#organization\"},\"potentialAction\":[{\"@type\":\"SearchAction\",\"target\":{\"@type\":\"EntryPoint\",\"urlTemplate\":\"https:\\\/\\\/www.uniform4baltic.com\\\/en\\\/?s={search_term_string}\"},\"query-input\":{\"@type\":\"PropertyValueSpecification\",\"valueRequired\":true,\"valueName\":\"search_term_string\"}}],\"inLanguage\":\"en-US\"},{\"@type\":\"Organization\",\"@id\":\"https:\\\/\\\/www.uniform4baltic.com\\\/en\\\/#organization\",\"name\":\"Apranga medikams\",\"url\":\"https:\\\/\\\/www.uniform4baltic.com\\\/en\\\/\",\"logo\":{\"@type\":\"ImageObject\",\"inLanguage\":\"en-US\",\"@id\":\"https:\\\/\\\/www.uniform4baltic.com\\\/en\\\/#\\\/schema\\\/logo\\\/image\\\/\",\"url\":\"https:\\\/\\\/uniform4baltic.com\\\/wp-content\\\/uploads\\\/2020\\\/06\\\/logo-web-1.png\",\"contentUrl\":\"https:\\\/\\\/uniform4baltic.com\\\/wp-content\\\/uploads\\\/2020\\\/06\\\/logo-web-1.png\",\"width\":500,\"height\":215,\"caption\":\"Apranga medikams\"},\"image\":{\"@id\":\"https:\\\/\\\/www.uniform4baltic.com\\\/en\\\/#\\\/schema\\\/logo\\\/image\\\/\"}}]}<\/script>\n<!-- \/ Yoast SEO plugin. -->","yoast_head_json":{"title":"GSSP649 Highland Pant - 1295 True red - uniform4baltic","description":"Vyri\u0161kos keln\u0117s priekyje ri\u0161amos rai\u0161teliais, 5 ki\u0161en\u0117s  Deranti palaidin\u0117: GSST179  Sud\u0117tis: 48% CiCLO\u00c2\u00ae poliesteris, 44% perdirbtas poliesteris, 8% elastanas  Galimi dyd\u017eiai: XXS-5XL  D\u0117l nesam\u0173 dyd\u017ei\u0173 ir spalv\u0173 kreiptis el. pa\u0161tu arba telefonu.","robots":{"index":"index","follow":"follow","max-snippet":"max-snippet:-1","max-image-preview":"max-image-preview:large","max-video-preview":"max-video-preview:-1"},"canonical":"https:\/\/uniform4baltic.com\/parduotuve\/naujos-prekes\/vyrams-naujos-prekes\/gssp649-highland-pant-1295-true-red\/","og_locale":"en_US","og_type":"article","og_title":"GSSP649 Highland Pant - 1295 True red - uniform4baltic","og_description":"Vyri\u0161kos keln\u0117s priekyje ri\u0161amos rai\u0161teliais, 5 ki\u0161en\u0117s  Deranti palaidin\u0117: GSST179  Sud\u0117tis: 48% CiCLO\u00c2\u00ae poliesteris, 44% perdirbtas poliesteris, 8% elastanas  Galimi dyd\u017eiai: XXS-5XL  D\u0117l nesam\u0173 dyd\u017ei\u0173 ir spalv\u0173 kreiptis el. pa\u0161tu arba telefonu.","og_url":"https:\/\/uniform4baltic.com\/parduotuve\/naujos-prekes\/vyrams-naujos-prekes\/gssp649-highland-pant-1295-true-red\/","og_site_name":"uniform4baltic","og_image":[{"width":415,"height":600,"url":"https:\/\/uniform4baltic.com\/wp-content\/uploads\/2025\/08\/roqulrtddinowxel7ywx.jpg","type":"image\/jpeg"}],"twitter_card":"summary_large_image","twitter_misc":{"Est. reading time":"1 minute"},"schema":{"@context":"https:\/\/schema.org","@graph":[{"@type":"WebPage","@id":"https:\/\/uniform4baltic.com\/parduotuve\/naujos-prekes\/vyrams-naujos-prekes\/gssp649-highland-pant-1295-true-red\/","url":"https:\/\/uniform4baltic.com\/parduotuve\/naujos-prekes\/vyrams-naujos-prekes\/gssp649-highland-pant-1295-true-red\/","name":"GSSP649 Highland Pant - 1295 True red - uniform4baltic","isPartOf":{"@id":"https:\/\/www.uniform4baltic.com\/en\/#website"},"primaryImageOfPage":{"@id":"https:\/\/uniform4baltic.com\/parduotuve\/naujos-prekes\/vyrams-naujos-prekes\/gssp649-highland-pant-1295-true-red\/#primaryimage"},"image":{"@id":"https:\/\/uniform4baltic.com\/parduotuve\/naujos-prekes\/vyrams-naujos-prekes\/gssp649-highland-pant-1295-true-red\/#primaryimage"},"thumbnailUrl":"https:\/\/uniform4baltic.com\/wp-content\/uploads\/2025\/08\/roqulrtddinowxel7ywx.jpg","datePublished":"2025-08-11T11:07:05+00:00","description":"Vyri\u0161kos keln\u0117s priekyje ri\u0161amos rai\u0161teliais, 5 ki\u0161en\u0117s Deranti palaidin\u0117: GSST179 Sud\u0117tis: 48% CiCLO\u00c2\u00ae poliesteris, 44% perdirbtas poliesteris, 8% elastanas Galimi dyd\u017eiai: XXS-5XL D\u0117l nesam\u0173 dyd\u017ei\u0173 ir spalv\u0173 kreiptis el. pa\u0161tu arba telefonu.","breadcrumb":{"@id":"https:\/\/uniform4baltic.com\/parduotuve\/naujos-prekes\/vyrams-naujos-prekes\/gssp649-highland-pant-1295-true-red\/#breadcrumb"},"inLanguage":"en-US","potentialAction":[{"@type":"ReadAction","target":["https:\/\/uniform4baltic.com\/parduotuve\/naujos-prekes\/vyrams-naujos-prekes\/gssp649-highland-pant-1295-true-red\/"]}]},{"@type":"ImageObject","inLanguage":"en-US","@id":"https:\/\/uniform4baltic.com\/parduotuve\/naujos-prekes\/vyrams-naujos-prekes\/gssp649-highland-pant-1295-true-red\/#primaryimage","url":"https:\/\/uniform4baltic.com\/wp-content\/uploads\/2025\/08\/roqulrtddinowxel7ywx.jpg","contentUrl":"https:\/\/uniform4baltic.com\/wp-content\/uploads\/2025\/08\/roqulrtddinowxel7ywx.jpg","width":415,"height":600},{"@type":"BreadcrumbList","@id":"https:\/\/uniform4baltic.com\/parduotuve\/naujos-prekes\/vyrams-naujos-prekes\/gssp649-highland-pant-1295-true-red\/#breadcrumb","itemListElement":[{"@type":"ListItem","position":1,"name":"Home","item":"https:\/\/uniform4baltic.com\/en\/"},{"@type":"ListItem","position":2,"name":"Shop","item":"https:\/\/uniform4baltic.com\/en\/shop-2\/"},{"@type":"ListItem","position":3,"name":"GSSP649 Highland Pant &#8211; 1295 True red"}]},{"@type":"WebSite","@id":"https:\/\/www.uniform4baltic.com\/en\/#website","url":"https:\/\/www.uniform4baltic.com\/en\/","name":"uniform4baltic.com","description":"Medicinin\u0117 apranga","publisher":{"@id":"https:\/\/www.uniform4baltic.com\/en\/#organization"},"potentialAction":[{"@type":"SearchAction","target":{"@type":"EntryPoint","urlTemplate":"https:\/\/www.uniform4baltic.com\/en\/?s={search_term_string}"},"query-input":{"@type":"PropertyValueSpecification","valueRequired":true,"valueName":"search_term_string"}}],"inLanguage":"en-US"},{"@type":"Organization","@id":"https:\/\/www.uniform4baltic.com\/en\/#organization","name":"Apranga medikams","url":"https:\/\/www.uniform4baltic.com\/en\/","logo":{"@type":"ImageObject","inLanguage":"en-US","@id":"https:\/\/www.uniform4baltic.com\/en\/#\/schema\/logo\/image\/","url":"https:\/\/uniform4baltic.com\/wp-content\/uploads\/2020\/06\/logo-web-1.png","contentUrl":"https:\/\/uniform4baltic.com\/wp-content\/uploads\/2020\/06\/logo-web-1.png","width":500,"height":215,"caption":"Apranga medikams"},"image":{"@id":"https:\/\/www.uniform4baltic.com\/en\/#\/schema\/logo\/image\/"}}]}},"_links":{"self":[{"href":"https:\/\/uniform4baltic.com\/en\/wp-json\/wp\/v2\/product\/34988","targetHints":{"allow":["GET"]}}],"collection":[{"href":"https:\/\/uniform4baltic.com\/en\/wp-json\/wp\/v2\/product"}],"about":[{"href":"https:\/\/uniform4baltic.com\/en\/wp-json\/wp\/v2\/types\/product"}],"replies":[{"embeddable":true,"href":"https:\/\/uniform4baltic.com\/en\/wp-json\/wp\/v2\/comments?post=34988"}],"wp:featuredmedia":[{"embeddable":true,"href":"https:\/\/uniform4baltic.com\/en\/wp-json\/wp\/v2\/media\/34989"}],"wp:attachment":[{"href":"https:\/\/uniform4baltic.com\/en\/wp-json\/wp\/v2\/media?parent=34988"}],"wp:term":[{"taxonomy":"product_brand","embeddable":true,"href":"https:\/\/uniform4baltic.com\/en\/wp-json\/wp\/v2\/product_brand?post=34988"},{"taxonomy":"product_cat","embeddable":true,"href":"https:\/\/uniform4baltic.com\/en\/wp-json\/wp\/v2\/product_cat?post=34988"},{"taxonomy":"product_tag","embeddable":true,"href":"https:\/\/uniform4baltic.com\/en\/wp-json\/wp\/v2\/product_tag?post=34988"}],"curies":[{"name":"wp","href":"https:\/\/api.w.org\/{rel}","templated":true}]}}