{"id":35338,"date":"2025-11-12T06:12:18","date_gmt":"2025-11-12T08:12:18","guid":{"rendered":"https:\/\/uniform4baltic.com\/?post_type=product&#038;p=35338"},"modified":"2026-02-25T05:20:40","modified_gmt":"2026-02-25T07:20:40","slug":"skt021-top-travel-retrievers","status":"publish","type":"product","link":"https:\/\/uniform4baltic.com\/en\/parduotuve\/new\/women\/skt021-top-travel-retrievers\/","title":{"rendered":"SKT021 Top \u2013 Travel retrievers"},"content":{"rendered":"","protected":false},"excerpt":{"rendered":"<p>Moteri\u0161ka palaidin\u0117 V formos kaklu, 3 ki\u0161en\u0117s.<\/p>\n<p>Deran\u010dios keln\u0117s : SK202, SK201, SKP552.<\/p>\n<p>Med\u017eiaga: 54% poliesteris, 40% perdirbtas poliesteris, 6% elastanas.<\/p>\n<p>Galimi dyd\u017eiai: XXS-5XL.<\/p>\n<p>D\u0117l nesam\u0173 dyd\u017ei\u0173 ir spalv\u0173 kreiptis el. pa\u0161tu arba telefonu.<\/p>\n","protected":false},"featured_media":35344,"comment_status":"open","ping_status":"closed","template":"","meta":[],"product_brand":[],"product_cat":[155,236,235,15,48,53],"product_tag":[3122],"class_list":{"0":"post-35338","1":"product","2":"type-product","3":"status-publish","4":"has-post-thumbnail","6":"product_cat-katalogas","7":"product_cat-moterims-naujos-prekes","8":"product_cat-naujos-prekes","9":"product_cat-uncategorized","10":"product_cat-moterims","11":"product_cat-palaidines","12":"product_tag-skt021-trrt","13":"pa_kolekcija-skechers","15":"first","16":"instock","17":"shipping-taxable","18":"purchasable","19":"product-type-variable"},"yoast_head":"<!-- This site is optimized with the Yoast SEO plugin v26.9 - https:\/\/yoast.com\/product\/yoast-seo-wordpress\/ -->\n<title>SKT021 Top \u2013 Travel retrievers - uniform4baltic<\/title>\n<meta name=\"description\" content=\"Moteri\u0161ka palaidin\u0117 V formos kaklu, 3 ki\u0161en\u0117s.  Deran\u010dios keln\u0117s : SK202, SK201, SKP552.  Med\u017eiaga: 54% poliesteris, 40% perdirbtas poliesteris, 6% elastanas.  Galimi dyd\u017eiai: XXS-5XL.  D\u0117l nesam\u0173 dyd\u017ei\u0173 ir spalv\u0173 kreiptis el. pa\u0161tu arba telefonu.\" \/>\n<meta name=\"robots\" content=\"index, follow, max-snippet:-1, max-image-preview:large, max-video-preview:-1\" \/>\n<link rel=\"canonical\" href=\"https:\/\/uniform4baltic.com\/parduotuve\/naujos-prekes\/moterims-naujos-prekes\/skt021-top-travel-retrievers\/\" \/>\n<meta property=\"og:locale\" content=\"en_US\" \/>\n<meta property=\"og:type\" content=\"article\" \/>\n<meta property=\"og:title\" content=\"SKT021 Top \u2013 Travel retrievers - uniform4baltic\" \/>\n<meta property=\"og:description\" content=\"Moteri\u0161ka palaidin\u0117 V formos kaklu, 3 ki\u0161en\u0117s.  Deran\u010dios keln\u0117s : SK202, SK201, SKP552.  Med\u017eiaga: 54% poliesteris, 40% perdirbtas poliesteris, 6% elastanas.  Galimi dyd\u017eiai: XXS-5XL.  D\u0117l nesam\u0173 dyd\u017ei\u0173 ir spalv\u0173 kreiptis el. pa\u0161tu arba telefonu.\" \/>\n<meta property=\"og:url\" content=\"https:\/\/uniform4baltic.com\/parduotuve\/naujos-prekes\/moterims-naujos-prekes\/skt021-top-travel-retrievers\/\" \/>\n<meta property=\"og:site_name\" content=\"uniform4baltic\" \/>\n<meta property=\"article:modified_time\" content=\"2026-02-25T07:20:40+00:00\" \/>\n<meta property=\"og:image\" content=\"https:\/\/uniform4baltic.com\/wp-content\/uploads\/2025\/11\/m_SKT021-TRRT.jpg\" \/>\n\t<meta property=\"og:image:width\" content=\"300\" \/>\n\t<meta property=\"og:image:height\" content=\"500\" \/>\n\t<meta property=\"og:image:type\" content=\"image\/jpeg\" \/>\n<meta name=\"twitter:card\" content=\"summary_large_image\" \/>\n<meta name=\"twitter:label1\" content=\"Est. reading time\" \/>\n\t<meta name=\"twitter:data1\" content=\"1 minute\" \/>\n<script type=\"application\/ld+json\" class=\"yoast-schema-graph\">{\"@context\":\"https:\/\/schema.org\",\"@graph\":[{\"@type\":\"WebPage\",\"@id\":\"https:\/\/uniform4baltic.com\/parduotuve\/naujos-prekes\/moterims-naujos-prekes\/skt021-top-travel-retrievers\/\",\"url\":\"https:\/\/uniform4baltic.com\/parduotuve\/naujos-prekes\/moterims-naujos-prekes\/skt021-top-travel-retrievers\/\",\"name\":\"SKT021 Top \u2013 Travel retrievers - uniform4baltic\",\"isPartOf\":{\"@id\":\"https:\/\/www.uniform4baltic.com\/en\/#website\"},\"primaryImageOfPage\":{\"@id\":\"https:\/\/uniform4baltic.com\/parduotuve\/naujos-prekes\/moterims-naujos-prekes\/skt021-top-travel-retrievers\/#primaryimage\"},\"image\":{\"@id\":\"https:\/\/uniform4baltic.com\/parduotuve\/naujos-prekes\/moterims-naujos-prekes\/skt021-top-travel-retrievers\/#primaryimage\"},\"thumbnailUrl\":\"https:\/\/uniform4baltic.com\/wp-content\/uploads\/2025\/11\/m_SKT021-TRRT.jpg\",\"datePublished\":\"2025-11-12T08:12:18+00:00\",\"dateModified\":\"2026-02-25T07:20:40+00:00\",\"description\":\"Moteri\u0161ka palaidin\u0117 V formos kaklu, 3 ki\u0161en\u0117s. Deran\u010dios keln\u0117s : SK202, SK201, SKP552. Med\u017eiaga: 54% poliesteris, 40% perdirbtas poliesteris, 6% elastanas. Galimi dyd\u017eiai: XXS-5XL. D\u0117l nesam\u0173 dyd\u017ei\u0173 ir spalv\u0173 kreiptis el. pa\u0161tu arba telefonu.\",\"breadcrumb\":{\"@id\":\"https:\/\/uniform4baltic.com\/parduotuve\/naujos-prekes\/moterims-naujos-prekes\/skt021-top-travel-retrievers\/#breadcrumb\"},\"inLanguage\":\"en-US\",\"potentialAction\":[{\"@type\":\"ReadAction\",\"target\":[\"https:\/\/uniform4baltic.com\/parduotuve\/naujos-prekes\/moterims-naujos-prekes\/skt021-top-travel-retrievers\/\"]}]},{\"@type\":\"ImageObject\",\"inLanguage\":\"en-US\",\"@id\":\"https:\/\/uniform4baltic.com\/parduotuve\/naujos-prekes\/moterims-naujos-prekes\/skt021-top-travel-retrievers\/#primaryimage\",\"url\":\"https:\/\/uniform4baltic.com\/wp-content\/uploads\/2025\/11\/m_SKT021-TRRT.jpg\",\"contentUrl\":\"https:\/\/uniform4baltic.com\/wp-content\/uploads\/2025\/11\/m_SKT021-TRRT.jpg\",\"width\":300,\"height\":500},{\"@type\":\"BreadcrumbList\",\"@id\":\"https:\/\/uniform4baltic.com\/parduotuve\/naujos-prekes\/moterims-naujos-prekes\/skt021-top-travel-retrievers\/#breadcrumb\",\"itemListElement\":[{\"@type\":\"ListItem\",\"position\":1,\"name\":\"Home\",\"item\":\"https:\/\/uniform4baltic.com\/en\/\"},{\"@type\":\"ListItem\",\"position\":2,\"name\":\"Shop\",\"item\":\"https:\/\/uniform4baltic.com\/en\/shop-2\/\"},{\"@type\":\"ListItem\",\"position\":3,\"name\":\"SKT021 Top \u2013 Travel retrievers\"}]},{\"@type\":\"WebSite\",\"@id\":\"https:\/\/www.uniform4baltic.com\/en\/#website\",\"url\":\"https:\/\/www.uniform4baltic.com\/en\/\",\"name\":\"uniform4baltic.com\",\"description\":\"Medicinin\u0117 apranga\",\"publisher\":{\"@id\":\"https:\/\/www.uniform4baltic.com\/en\/#organization\"},\"potentialAction\":[{\"@type\":\"SearchAction\",\"target\":{\"@type\":\"EntryPoint\",\"urlTemplate\":\"https:\/\/www.uniform4baltic.com\/en\/?s={search_term_string}\"},\"query-input\":{\"@type\":\"PropertyValueSpecification\",\"valueRequired\":true,\"valueName\":\"search_term_string\"}}],\"inLanguage\":\"en-US\"},{\"@type\":\"Organization\",\"@id\":\"https:\/\/www.uniform4baltic.com\/en\/#organization\",\"name\":\"Apranga medikams\",\"url\":\"https:\/\/www.uniform4baltic.com\/en\/\",\"logo\":{\"@type\":\"ImageObject\",\"inLanguage\":\"en-US\",\"@id\":\"https:\/\/www.uniform4baltic.com\/en\/#\/schema\/logo\/image\/\",\"url\":\"https:\/\/uniform4baltic.com\/wp-content\/uploads\/2020\/06\/logo-web-1.png\",\"contentUrl\":\"https:\/\/uniform4baltic.com\/wp-content\/uploads\/2020\/06\/logo-web-1.png\",\"width\":500,\"height\":215,\"caption\":\"Apranga medikams\"},\"image\":{\"@id\":\"https:\/\/www.uniform4baltic.com\/en\/#\/schema\/logo\/image\/\"}}]}<\/script>\n<!-- \/ Yoast SEO plugin. -->","yoast_head_json":{"title":"SKT021 Top \u2013 Travel retrievers - uniform4baltic","description":"Moteri\u0161ka palaidin\u0117 V formos kaklu, 3 ki\u0161en\u0117s.  Deran\u010dios keln\u0117s : SK202, SK201, SKP552.  Med\u017eiaga: 54% poliesteris, 40% perdirbtas poliesteris, 6% elastanas.  Galimi dyd\u017eiai: XXS-5XL.  D\u0117l nesam\u0173 dyd\u017ei\u0173 ir spalv\u0173 kreiptis el. pa\u0161tu arba telefonu.","robots":{"index":"index","follow":"follow","max-snippet":"max-snippet:-1","max-image-preview":"max-image-preview:large","max-video-preview":"max-video-preview:-1"},"canonical":"https:\/\/uniform4baltic.com\/parduotuve\/naujos-prekes\/moterims-naujos-prekes\/skt021-top-travel-retrievers\/","og_locale":"en_US","og_type":"article","og_title":"SKT021 Top \u2013 Travel retrievers - uniform4baltic","og_description":"Moteri\u0161ka palaidin\u0117 V formos kaklu, 3 ki\u0161en\u0117s.  Deran\u010dios keln\u0117s : SK202, SK201, SKP552.  Med\u017eiaga: 54% poliesteris, 40% perdirbtas poliesteris, 6% elastanas.  Galimi dyd\u017eiai: XXS-5XL.  D\u0117l nesam\u0173 dyd\u017ei\u0173 ir spalv\u0173 kreiptis el. pa\u0161tu arba telefonu.","og_url":"https:\/\/uniform4baltic.com\/parduotuve\/naujos-prekes\/moterims-naujos-prekes\/skt021-top-travel-retrievers\/","og_site_name":"uniform4baltic","article_modified_time":"2026-02-25T07:20:40+00:00","og_image":[{"width":300,"height":500,"url":"https:\/\/uniform4baltic.com\/wp-content\/uploads\/2025\/11\/m_SKT021-TRRT.jpg","type":"image\/jpeg"}],"twitter_card":"summary_large_image","twitter_misc":{"Est. reading time":"1 minute"},"schema":{"@context":"https:\/\/schema.org","@graph":[{"@type":"WebPage","@id":"https:\/\/uniform4baltic.com\/parduotuve\/naujos-prekes\/moterims-naujos-prekes\/skt021-top-travel-retrievers\/","url":"https:\/\/uniform4baltic.com\/parduotuve\/naujos-prekes\/moterims-naujos-prekes\/skt021-top-travel-retrievers\/","name":"SKT021 Top \u2013 Travel retrievers - uniform4baltic","isPartOf":{"@id":"https:\/\/www.uniform4baltic.com\/en\/#website"},"primaryImageOfPage":{"@id":"https:\/\/uniform4baltic.com\/parduotuve\/naujos-prekes\/moterims-naujos-prekes\/skt021-top-travel-retrievers\/#primaryimage"},"image":{"@id":"https:\/\/uniform4baltic.com\/parduotuve\/naujos-prekes\/moterims-naujos-prekes\/skt021-top-travel-retrievers\/#primaryimage"},"thumbnailUrl":"https:\/\/uniform4baltic.com\/wp-content\/uploads\/2025\/11\/m_SKT021-TRRT.jpg","datePublished":"2025-11-12T08:12:18+00:00","dateModified":"2026-02-25T07:20:40+00:00","description":"Moteri\u0161ka palaidin\u0117 V formos kaklu, 3 ki\u0161en\u0117s. Deran\u010dios keln\u0117s : SK202, SK201, SKP552. Med\u017eiaga: 54% poliesteris, 40% perdirbtas poliesteris, 6% elastanas. Galimi dyd\u017eiai: XXS-5XL. D\u0117l nesam\u0173 dyd\u017ei\u0173 ir spalv\u0173 kreiptis el. pa\u0161tu arba telefonu.","breadcrumb":{"@id":"https:\/\/uniform4baltic.com\/parduotuve\/naujos-prekes\/moterims-naujos-prekes\/skt021-top-travel-retrievers\/#breadcrumb"},"inLanguage":"en-US","potentialAction":[{"@type":"ReadAction","target":["https:\/\/uniform4baltic.com\/parduotuve\/naujos-prekes\/moterims-naujos-prekes\/skt021-top-travel-retrievers\/"]}]},{"@type":"ImageObject","inLanguage":"en-US","@id":"https:\/\/uniform4baltic.com\/parduotuve\/naujos-prekes\/moterims-naujos-prekes\/skt021-top-travel-retrievers\/#primaryimage","url":"https:\/\/uniform4baltic.com\/wp-content\/uploads\/2025\/11\/m_SKT021-TRRT.jpg","contentUrl":"https:\/\/uniform4baltic.com\/wp-content\/uploads\/2025\/11\/m_SKT021-TRRT.jpg","width":300,"height":500},{"@type":"BreadcrumbList","@id":"https:\/\/uniform4baltic.com\/parduotuve\/naujos-prekes\/moterims-naujos-prekes\/skt021-top-travel-retrievers\/#breadcrumb","itemListElement":[{"@type":"ListItem","position":1,"name":"Home","item":"https:\/\/uniform4baltic.com\/en\/"},{"@type":"ListItem","position":2,"name":"Shop","item":"https:\/\/uniform4baltic.com\/en\/shop-2\/"},{"@type":"ListItem","position":3,"name":"SKT021 Top \u2013 Travel retrievers"}]},{"@type":"WebSite","@id":"https:\/\/www.uniform4baltic.com\/en\/#website","url":"https:\/\/www.uniform4baltic.com\/en\/","name":"uniform4baltic.com","description":"Medicinin\u0117 apranga","publisher":{"@id":"https:\/\/www.uniform4baltic.com\/en\/#organization"},"potentialAction":[{"@type":"SearchAction","target":{"@type":"EntryPoint","urlTemplate":"https:\/\/www.uniform4baltic.com\/en\/?s={search_term_string}"},"query-input":{"@type":"PropertyValueSpecification","valueRequired":true,"valueName":"search_term_string"}}],"inLanguage":"en-US"},{"@type":"Organization","@id":"https:\/\/www.uniform4baltic.com\/en\/#organization","name":"Apranga medikams","url":"https:\/\/www.uniform4baltic.com\/en\/","logo":{"@type":"ImageObject","inLanguage":"en-US","@id":"https:\/\/www.uniform4baltic.com\/en\/#\/schema\/logo\/image\/","url":"https:\/\/uniform4baltic.com\/wp-content\/uploads\/2020\/06\/logo-web-1.png","contentUrl":"https:\/\/uniform4baltic.com\/wp-content\/uploads\/2020\/06\/logo-web-1.png","width":500,"height":215,"caption":"Apranga medikams"},"image":{"@id":"https:\/\/www.uniform4baltic.com\/en\/#\/schema\/logo\/image\/"}}]}},"_links":{"self":[{"href":"https:\/\/uniform4baltic.com\/en\/wp-json\/wp\/v2\/product\/35338","targetHints":{"allow":["GET"]}}],"collection":[{"href":"https:\/\/uniform4baltic.com\/en\/wp-json\/wp\/v2\/product"}],"about":[{"href":"https:\/\/uniform4baltic.com\/en\/wp-json\/wp\/v2\/types\/product"}],"replies":[{"embeddable":true,"href":"https:\/\/uniform4baltic.com\/en\/wp-json\/wp\/v2\/comments?post=35338"}],"wp:featuredmedia":[{"embeddable":true,"href":"https:\/\/uniform4baltic.com\/en\/wp-json\/wp\/v2\/media\/35344"}],"wp:attachment":[{"href":"https:\/\/uniform4baltic.com\/en\/wp-json\/wp\/v2\/media?parent=35338"}],"wp:term":[{"taxonomy":"product_brand","embeddable":true,"href":"https:\/\/uniform4baltic.com\/en\/wp-json\/wp\/v2\/product_brand?post=35338"},{"taxonomy":"product_cat","embeddable":true,"href":"https:\/\/uniform4baltic.com\/en\/wp-json\/wp\/v2\/product_cat?post=35338"},{"taxonomy":"product_tag","embeddable":true,"href":"https:\/\/uniform4baltic.com\/en\/wp-json\/wp\/v2\/product_tag?post=35338"}],"curies":[{"name":"wp","href":"https:\/\/api.w.org\/{rel}","templated":true}]}}