{"id":35560,"date":"2025-12-16T10:03:57","date_gmt":"2025-12-16T12:03:57","guid":{"rendered":"https:\/\/uniform4baltic.com\/?post_type=product&#038;p=35560"},"modified":"2026-02-17T04:15:07","modified_gmt":"2026-02-17T06:15:07","slug":"rim504-flisas-06-olive","status":"publish","type":"product","link":"https:\/\/uniform4baltic.com\/en\/parduotuve\/new\/women\/rim504-flisas-06-olive\/","title":{"rendered":"RIM504 Flisas &#8211; 06 Olive"},"content":{"rendered":"","protected":false},"excerpt":{"rendered":"<p>Flisinis d\u017eemperis.<br \/>\n\u0160iam modeliui naudojamas auk\u0161tos kokyb\u0117s poliesteris.<\/p>\n<p>Savyb\u0117s: Audinys itin vertinamas d\u0117l \u0161ilumos izoliacini\u0173 savybi\u0173;<br \/>\nGreitai i\u0161garina dr\u0117gm\u0119 ir sulaiko \u0161ilum\u0105, net kai audinys dr\u0117gnas;<br \/>\nAudinys atsparus v\u0117limuisi;<br \/>\nBliuzonas turi dvi \u0161onines ki\u0161enes su u\u017etrauktukais;<br \/>\nJuosmuo reguliuojamas elastine virvele;<br \/>\nRankovi\u0173 galuose \u012fsi\u016bta elastin\u0117 juosta<\/p>\n","protected":false},"featured_media":35562,"comment_status":"open","ping_status":"closed","template":"","meta":[],"product_brand":[],"product_cat":[155,48,236,235,56],"product_tag":[3143],"class_list":{"0":"post-35560","1":"product","2":"type-product","3":"status-publish","4":"has-post-thumbnail","6":"product_cat-katalogas","7":"product_cat-moterims","8":"product_cat-moterims-naujos-prekes","9":"product_cat-naujos-prekes","10":"product_cat-svarkeliai","11":"product_tag-rim504-06","13":"first","14":"instock","15":"shipping-taxable","16":"product-type-variable"},"yoast_head":"<!-- This site is optimized with the Yoast SEO plugin v27.4 - https:\/\/yoast.com\/product\/yoast-seo-wordpress\/ -->\n<title>RIM504 Flisas - 06 Olive - uniform4baltic<\/title>\n<meta name=\"description\" content=\"Flisinis d\u017eemperis. \u0160iam modeliui naudojamas auk\u0161tos kokyb\u0117s poliesteris.  Savyb\u0117s: Audinys itin vertinamas d\u0117l \u0161ilumos izoliacini\u0173 savybi\u0173; Greitai i\u0161garina dr\u0117gm\u0119 ir sulaiko \u0161ilum\u0105, net kai audinys dr\u0117gnas; Audinys atsparus v\u0117limuisi; Bliuzonas turi dvi \u0161onines ki\u0161enes su u\u017etrauktukais; Juosmuo reguliuojamas elastine virvele; Rankovi\u0173 galuose \u012fsi\u016bta elastin\u0117 juosta\" \/>\n<meta name=\"robots\" content=\"index, follow, max-snippet:-1, max-image-preview:large, max-video-preview:-1\" \/>\n<link rel=\"canonical\" href=\"https:\/\/uniform4baltic.com\/parduotuve\/naujos-prekes\/moterims-naujos-prekes\/rim504-flisas-06-olive\/\" \/>\n<meta property=\"og:locale\" content=\"en_US\" \/>\n<meta property=\"og:type\" content=\"article\" \/>\n<meta property=\"og:title\" content=\"RIM504 Flisas - 06 Olive - uniform4baltic\" \/>\n<meta property=\"og:description\" content=\"Flisinis d\u017eemperis. \u0160iam modeliui naudojamas auk\u0161tos kokyb\u0117s poliesteris.  Savyb\u0117s: Audinys itin vertinamas d\u0117l \u0161ilumos izoliacini\u0173 savybi\u0173; Greitai i\u0161garina dr\u0117gm\u0119 ir sulaiko \u0161ilum\u0105, net kai audinys dr\u0117gnas; Audinys atsparus v\u0117limuisi; Bliuzonas turi dvi \u0161onines ki\u0161enes su u\u017etrauktukais; Juosmuo reguliuojamas elastine virvele; Rankovi\u0173 galuose \u012fsi\u016bta elastin\u0117 juosta\" \/>\n<meta property=\"og:url\" content=\"https:\/\/uniform4baltic.com\/parduotuve\/naujos-prekes\/moterims-naujos-prekes\/rim504-flisas-06-olive\/\" \/>\n<meta property=\"og:site_name\" content=\"uniform4baltic\" \/>\n<meta property=\"article:modified_time\" content=\"2026-02-17T06:15:07+00:00\" \/>\n<meta property=\"og:image\" content=\"https:\/\/uniform4baltic.com\/wp-content\/uploads\/2025\/12\/d6a1c3a43750bc1b631c2da19feaf389.png\" \/>\n\t<meta property=\"og:image:width\" content=\"640\" \/>\n\t<meta property=\"og:image:height\" content=\"640\" \/>\n\t<meta property=\"og:image:type\" content=\"image\/png\" \/>\n<meta name=\"twitter:card\" content=\"summary_large_image\" \/>\n<meta name=\"twitter:label1\" content=\"Est. reading time\" \/>\n\t<meta name=\"twitter:data1\" content=\"1 minute\" \/>\n<script type=\"application\/ld+json\" class=\"yoast-schema-graph\">{\"@context\":\"https:\\\/\\\/schema.org\",\"@graph\":[{\"@type\":\"WebPage\",\"@id\":\"https:\\\/\\\/uniform4baltic.com\\\/parduotuve\\\/naujos-prekes\\\/moterims-naujos-prekes\\\/rim504-flisas-06-olive\\\/\",\"url\":\"https:\\\/\\\/uniform4baltic.com\\\/parduotuve\\\/naujos-prekes\\\/moterims-naujos-prekes\\\/rim504-flisas-06-olive\\\/\",\"name\":\"RIM504 Flisas - 06 Olive - uniform4baltic\",\"isPartOf\":{\"@id\":\"https:\\\/\\\/www.uniform4baltic.com\\\/en\\\/#website\"},\"primaryImageOfPage\":{\"@id\":\"https:\\\/\\\/uniform4baltic.com\\\/parduotuve\\\/naujos-prekes\\\/moterims-naujos-prekes\\\/rim504-flisas-06-olive\\\/#primaryimage\"},\"image\":{\"@id\":\"https:\\\/\\\/uniform4baltic.com\\\/parduotuve\\\/naujos-prekes\\\/moterims-naujos-prekes\\\/rim504-flisas-06-olive\\\/#primaryimage\"},\"thumbnailUrl\":\"https:\\\/\\\/uniform4baltic.com\\\/wp-content\\\/uploads\\\/2025\\\/12\\\/d6a1c3a43750bc1b631c2da19feaf389.png\",\"datePublished\":\"2025-12-16T12:03:57+00:00\",\"dateModified\":\"2026-02-17T06:15:07+00:00\",\"description\":\"Flisinis d\u017eemperis. \u0160iam modeliui naudojamas auk\u0161tos kokyb\u0117s poliesteris. Savyb\u0117s: Audinys itin vertinamas d\u0117l \u0161ilumos izoliacini\u0173 savybi\u0173; Greitai i\u0161garina dr\u0117gm\u0119 ir sulaiko \u0161ilum\u0105, net kai audinys dr\u0117gnas; Audinys atsparus v\u0117limuisi; Bliuzonas turi dvi \u0161onines ki\u0161enes su u\u017etrauktukais; Juosmuo reguliuojamas elastine virvele; Rankovi\u0173 galuose \u012fsi\u016bta elastin\u0117 juosta\",\"breadcrumb\":{\"@id\":\"https:\\\/\\\/uniform4baltic.com\\\/parduotuve\\\/naujos-prekes\\\/moterims-naujos-prekes\\\/rim504-flisas-06-olive\\\/#breadcrumb\"},\"inLanguage\":\"en-US\",\"potentialAction\":[{\"@type\":\"ReadAction\",\"target\":[\"https:\\\/\\\/uniform4baltic.com\\\/parduotuve\\\/naujos-prekes\\\/moterims-naujos-prekes\\\/rim504-flisas-06-olive\\\/\"]}]},{\"@type\":\"ImageObject\",\"inLanguage\":\"en-US\",\"@id\":\"https:\\\/\\\/uniform4baltic.com\\\/parduotuve\\\/naujos-prekes\\\/moterims-naujos-prekes\\\/rim504-flisas-06-olive\\\/#primaryimage\",\"url\":\"https:\\\/\\\/uniform4baltic.com\\\/wp-content\\\/uploads\\\/2025\\\/12\\\/d6a1c3a43750bc1b631c2da19feaf389.png\",\"contentUrl\":\"https:\\\/\\\/uniform4baltic.com\\\/wp-content\\\/uploads\\\/2025\\\/12\\\/d6a1c3a43750bc1b631c2da19feaf389.png\",\"width\":640,\"height\":640},{\"@type\":\"BreadcrumbList\",\"@id\":\"https:\\\/\\\/uniform4baltic.com\\\/parduotuve\\\/naujos-prekes\\\/moterims-naujos-prekes\\\/rim504-flisas-06-olive\\\/#breadcrumb\",\"itemListElement\":[{\"@type\":\"ListItem\",\"position\":1,\"name\":\"Home\",\"item\":\"https:\\\/\\\/uniform4baltic.com\\\/en\\\/\"},{\"@type\":\"ListItem\",\"position\":2,\"name\":\"Shop\",\"item\":\"https:\\\/\\\/uniform4baltic.com\\\/en\\\/shop-2\\\/\"},{\"@type\":\"ListItem\",\"position\":3,\"name\":\"RIM504 Flisas &#8211; 06 Olive\"}]},{\"@type\":\"WebSite\",\"@id\":\"https:\\\/\\\/www.uniform4baltic.com\\\/en\\\/#website\",\"url\":\"https:\\\/\\\/www.uniform4baltic.com\\\/en\\\/\",\"name\":\"uniform4baltic.com\",\"description\":\"Medicinin\u0117 apranga\",\"publisher\":{\"@id\":\"https:\\\/\\\/www.uniform4baltic.com\\\/en\\\/#organization\"},\"potentialAction\":[{\"@type\":\"SearchAction\",\"target\":{\"@type\":\"EntryPoint\",\"urlTemplate\":\"https:\\\/\\\/www.uniform4baltic.com\\\/en\\\/?s={search_term_string}\"},\"query-input\":{\"@type\":\"PropertyValueSpecification\",\"valueRequired\":true,\"valueName\":\"search_term_string\"}}],\"inLanguage\":\"en-US\"},{\"@type\":\"Organization\",\"@id\":\"https:\\\/\\\/www.uniform4baltic.com\\\/en\\\/#organization\",\"name\":\"Apranga medikams\",\"url\":\"https:\\\/\\\/www.uniform4baltic.com\\\/en\\\/\",\"logo\":{\"@type\":\"ImageObject\",\"inLanguage\":\"en-US\",\"@id\":\"https:\\\/\\\/www.uniform4baltic.com\\\/en\\\/#\\\/schema\\\/logo\\\/image\\\/\",\"url\":\"https:\\\/\\\/uniform4baltic.com\\\/wp-content\\\/uploads\\\/2020\\\/06\\\/logo-web-1.png\",\"contentUrl\":\"https:\\\/\\\/uniform4baltic.com\\\/wp-content\\\/uploads\\\/2020\\\/06\\\/logo-web-1.png\",\"width\":500,\"height\":215,\"caption\":\"Apranga medikams\"},\"image\":{\"@id\":\"https:\\\/\\\/www.uniform4baltic.com\\\/en\\\/#\\\/schema\\\/logo\\\/image\\\/\"}}]}<\/script>\n<!-- \/ Yoast SEO plugin. -->","yoast_head_json":{"title":"RIM504 Flisas - 06 Olive - uniform4baltic","description":"Flisinis d\u017eemperis. \u0160iam modeliui naudojamas auk\u0161tos kokyb\u0117s poliesteris.  Savyb\u0117s: Audinys itin vertinamas d\u0117l \u0161ilumos izoliacini\u0173 savybi\u0173; Greitai i\u0161garina dr\u0117gm\u0119 ir sulaiko \u0161ilum\u0105, net kai audinys dr\u0117gnas; Audinys atsparus v\u0117limuisi; Bliuzonas turi dvi \u0161onines ki\u0161enes su u\u017etrauktukais; Juosmuo reguliuojamas elastine virvele; Rankovi\u0173 galuose \u012fsi\u016bta elastin\u0117 juosta","robots":{"index":"index","follow":"follow","max-snippet":"max-snippet:-1","max-image-preview":"max-image-preview:large","max-video-preview":"max-video-preview:-1"},"canonical":"https:\/\/uniform4baltic.com\/parduotuve\/naujos-prekes\/moterims-naujos-prekes\/rim504-flisas-06-olive\/","og_locale":"en_US","og_type":"article","og_title":"RIM504 Flisas - 06 Olive - uniform4baltic","og_description":"Flisinis d\u017eemperis. \u0160iam modeliui naudojamas auk\u0161tos kokyb\u0117s poliesteris.  Savyb\u0117s: Audinys itin vertinamas d\u0117l \u0161ilumos izoliacini\u0173 savybi\u0173; Greitai i\u0161garina dr\u0117gm\u0119 ir sulaiko \u0161ilum\u0105, net kai audinys dr\u0117gnas; Audinys atsparus v\u0117limuisi; Bliuzonas turi dvi \u0161onines ki\u0161enes su u\u017etrauktukais; Juosmuo reguliuojamas elastine virvele; Rankovi\u0173 galuose \u012fsi\u016bta elastin\u0117 juosta","og_url":"https:\/\/uniform4baltic.com\/parduotuve\/naujos-prekes\/moterims-naujos-prekes\/rim504-flisas-06-olive\/","og_site_name":"uniform4baltic","article_modified_time":"2026-02-17T06:15:07+00:00","og_image":[{"width":640,"height":640,"url":"https:\/\/uniform4baltic.com\/wp-content\/uploads\/2025\/12\/d6a1c3a43750bc1b631c2da19feaf389.png","type":"image\/png"}],"twitter_card":"summary_large_image","twitter_misc":{"Est. reading time":"1 minute"},"schema":{"@context":"https:\/\/schema.org","@graph":[{"@type":"WebPage","@id":"https:\/\/uniform4baltic.com\/parduotuve\/naujos-prekes\/moterims-naujos-prekes\/rim504-flisas-06-olive\/","url":"https:\/\/uniform4baltic.com\/parduotuve\/naujos-prekes\/moterims-naujos-prekes\/rim504-flisas-06-olive\/","name":"RIM504 Flisas - 06 Olive - uniform4baltic","isPartOf":{"@id":"https:\/\/www.uniform4baltic.com\/en\/#website"},"primaryImageOfPage":{"@id":"https:\/\/uniform4baltic.com\/parduotuve\/naujos-prekes\/moterims-naujos-prekes\/rim504-flisas-06-olive\/#primaryimage"},"image":{"@id":"https:\/\/uniform4baltic.com\/parduotuve\/naujos-prekes\/moterims-naujos-prekes\/rim504-flisas-06-olive\/#primaryimage"},"thumbnailUrl":"https:\/\/uniform4baltic.com\/wp-content\/uploads\/2025\/12\/d6a1c3a43750bc1b631c2da19feaf389.png","datePublished":"2025-12-16T12:03:57+00:00","dateModified":"2026-02-17T06:15:07+00:00","description":"Flisinis d\u017eemperis. \u0160iam modeliui naudojamas auk\u0161tos kokyb\u0117s poliesteris. Savyb\u0117s: Audinys itin vertinamas d\u0117l \u0161ilumos izoliacini\u0173 savybi\u0173; Greitai i\u0161garina dr\u0117gm\u0119 ir sulaiko \u0161ilum\u0105, net kai audinys dr\u0117gnas; Audinys atsparus v\u0117limuisi; Bliuzonas turi dvi \u0161onines ki\u0161enes su u\u017etrauktukais; Juosmuo reguliuojamas elastine virvele; Rankovi\u0173 galuose \u012fsi\u016bta elastin\u0117 juosta","breadcrumb":{"@id":"https:\/\/uniform4baltic.com\/parduotuve\/naujos-prekes\/moterims-naujos-prekes\/rim504-flisas-06-olive\/#breadcrumb"},"inLanguage":"en-US","potentialAction":[{"@type":"ReadAction","target":["https:\/\/uniform4baltic.com\/parduotuve\/naujos-prekes\/moterims-naujos-prekes\/rim504-flisas-06-olive\/"]}]},{"@type":"ImageObject","inLanguage":"en-US","@id":"https:\/\/uniform4baltic.com\/parduotuve\/naujos-prekes\/moterims-naujos-prekes\/rim504-flisas-06-olive\/#primaryimage","url":"https:\/\/uniform4baltic.com\/wp-content\/uploads\/2025\/12\/d6a1c3a43750bc1b631c2da19feaf389.png","contentUrl":"https:\/\/uniform4baltic.com\/wp-content\/uploads\/2025\/12\/d6a1c3a43750bc1b631c2da19feaf389.png","width":640,"height":640},{"@type":"BreadcrumbList","@id":"https:\/\/uniform4baltic.com\/parduotuve\/naujos-prekes\/moterims-naujos-prekes\/rim504-flisas-06-olive\/#breadcrumb","itemListElement":[{"@type":"ListItem","position":1,"name":"Home","item":"https:\/\/uniform4baltic.com\/en\/"},{"@type":"ListItem","position":2,"name":"Shop","item":"https:\/\/uniform4baltic.com\/en\/shop-2\/"},{"@type":"ListItem","position":3,"name":"RIM504 Flisas &#8211; 06 Olive"}]},{"@type":"WebSite","@id":"https:\/\/www.uniform4baltic.com\/en\/#website","url":"https:\/\/www.uniform4baltic.com\/en\/","name":"uniform4baltic.com","description":"Medicinin\u0117 apranga","publisher":{"@id":"https:\/\/www.uniform4baltic.com\/en\/#organization"},"potentialAction":[{"@type":"SearchAction","target":{"@type":"EntryPoint","urlTemplate":"https:\/\/www.uniform4baltic.com\/en\/?s={search_term_string}"},"query-input":{"@type":"PropertyValueSpecification","valueRequired":true,"valueName":"search_term_string"}}],"inLanguage":"en-US"},{"@type":"Organization","@id":"https:\/\/www.uniform4baltic.com\/en\/#organization","name":"Apranga medikams","url":"https:\/\/www.uniform4baltic.com\/en\/","logo":{"@type":"ImageObject","inLanguage":"en-US","@id":"https:\/\/www.uniform4baltic.com\/en\/#\/schema\/logo\/image\/","url":"https:\/\/uniform4baltic.com\/wp-content\/uploads\/2020\/06\/logo-web-1.png","contentUrl":"https:\/\/uniform4baltic.com\/wp-content\/uploads\/2020\/06\/logo-web-1.png","width":500,"height":215,"caption":"Apranga medikams"},"image":{"@id":"https:\/\/www.uniform4baltic.com\/en\/#\/schema\/logo\/image\/"}}]}},"_links":{"self":[{"href":"https:\/\/uniform4baltic.com\/en\/wp-json\/wp\/v2\/product\/35560","targetHints":{"allow":["GET"]}}],"collection":[{"href":"https:\/\/uniform4baltic.com\/en\/wp-json\/wp\/v2\/product"}],"about":[{"href":"https:\/\/uniform4baltic.com\/en\/wp-json\/wp\/v2\/types\/product"}],"replies":[{"embeddable":true,"href":"https:\/\/uniform4baltic.com\/en\/wp-json\/wp\/v2\/comments?post=35560"}],"wp:featuredmedia":[{"embeddable":true,"href":"https:\/\/uniform4baltic.com\/en\/wp-json\/wp\/v2\/media\/35562"}],"wp:attachment":[{"href":"https:\/\/uniform4baltic.com\/en\/wp-json\/wp\/v2\/media?parent=35560"}],"wp:term":[{"taxonomy":"product_brand","embeddable":true,"href":"https:\/\/uniform4baltic.com\/en\/wp-json\/wp\/v2\/product_brand?post=35560"},{"taxonomy":"product_cat","embeddable":true,"href":"https:\/\/uniform4baltic.com\/en\/wp-json\/wp\/v2\/product_cat?post=35560"},{"taxonomy":"product_tag","embeddable":true,"href":"https:\/\/uniform4baltic.com\/en\/wp-json\/wp\/v2\/product_tag?post=35560"}],"curies":[{"name":"wp","href":"https:\/\/api.w.org\/{rel}","templated":true}]}}