{"id":36242,"date":"2026-01-19T07:36:53","date_gmt":"2026-01-19T09:36:53","guid":{"rendered":"https:\/\/uniform4baltic.com\/?post_type=product&#038;p=36242"},"modified":"2026-01-19T07:36:53","modified_gmt":"2026-01-19T09:36:53","slug":"gssp625-terra-jogger-2593-misty-pink","status":"publish","type":"product","link":"https:\/\/uniform4baltic.com\/en\/parduotuve\/new\/women\/gssp625-terra-jogger-2593-misty-pink\/","title":{"rendered":"GSSP625 Terra Jogger \u2013 2593 Misty pink"},"content":{"rendered":"","protected":false},"excerpt":{"rendered":"<p>Moteri\u0161kos keln\u0117s priekyje ri\u0161amos rai\u0161teliais, 6 ki\u0161en\u0117s<\/p>\n<p>Deranti palaidin\u0117: GSST180<\/p>\n<p>Sud\u0117tis: 48% CiCLO\u00c2\u00ae poliesteris, 44% perdirbtas poliesteris, 8% elastanas<\/p>\n<p>Galimi dyd\u017eiai: XXS-5XL<\/p>\n<p>D\u0117l nesam\u0173 dyd\u017ei\u0173 ir spalv\u0173 kreiptis el. pa\u0161tu arba telefonu.<\/p>\n","protected":false},"featured_media":36245,"comment_status":"open","ping_status":"closed","template":"","meta":[],"product_brand":[],"product_cat":[155,236,235,15,48,54],"product_tag":[3179],"class_list":{"0":"post-36242","1":"product","2":"type-product","3":"status-publish","4":"has-post-thumbnail","6":"product_cat-katalogas","7":"product_cat-moterims-naujos-prekes","8":"product_cat-naujos-prekes","9":"product_cat-uncategorized","10":"product_cat-moterims","11":"product_cat-kelnes-moterims","12":"product_tag-gssp625-2593","13":"pa_kolekcija-evolve","15":"first","16":"instock","17":"shipping-taxable","18":"purchasable","19":"product-type-variable"},"yoast_head":"<!-- This site is optimized with the Yoast SEO plugin v27.4 - https:\/\/yoast.com\/product\/yoast-seo-wordpress\/ -->\n<title>GSSP625 Terra Jogger \u2013 2593 Misty pink - uniform4baltic<\/title>\n<meta name=\"description\" content=\"Moteri\u0161kos keln\u0117s priekyje ri\u0161amos rai\u0161teliais, 6 ki\u0161en\u0117s  Deranti palaidin\u0117: GSST180  Sud\u0117tis: 48% CiCLO\u00c2\u00ae poliesteris, 44% perdirbtas poliesteris, 8% elastanas  Galimi dyd\u017eiai: XXS-5XL  D\u0117l nesam\u0173 dyd\u017ei\u0173 ir spalv\u0173 kreiptis el. pa\u0161tu arba telefonu.\" \/>\n<meta name=\"robots\" content=\"index, follow, max-snippet:-1, max-image-preview:large, max-video-preview:-1\" \/>\n<link rel=\"canonical\" href=\"https:\/\/uniform4baltic.com\/parduotuve\/naujos-prekes\/moterims-naujos-prekes\/gssp625-terra-jogger-2593-misty-pink\/\" \/>\n<meta property=\"og:locale\" content=\"en_US\" \/>\n<meta property=\"og:type\" content=\"article\" \/>\n<meta property=\"og:title\" content=\"GSSP625 Terra Jogger \u2013 2593 Misty pink - uniform4baltic\" \/>\n<meta property=\"og:description\" content=\"Moteri\u0161kos keln\u0117s priekyje ri\u0161amos rai\u0161teliais, 6 ki\u0161en\u0117s  Deranti palaidin\u0117: GSST180  Sud\u0117tis: 48% CiCLO\u00c2\u00ae poliesteris, 44% perdirbtas poliesteris, 8% elastanas  Galimi dyd\u017eiai: XXS-5XL  D\u0117l nesam\u0173 dyd\u017ei\u0173 ir spalv\u0173 kreiptis el. pa\u0161tu arba telefonu.\" \/>\n<meta property=\"og:url\" content=\"https:\/\/uniform4baltic.com\/parduotuve\/naujos-prekes\/moterims-naujos-prekes\/gssp625-terra-jogger-2593-misty-pink\/\" \/>\n<meta property=\"og:site_name\" content=\"uniform4baltic\" \/>\n<meta property=\"og:image\" content=\"https:\/\/uniform4baltic.com\/wp-content\/uploads\/2026\/01\/tqqcmjrge67wttdc0nlf.jpg\" \/>\n\t<meta property=\"og:image:width\" content=\"415\" \/>\n\t<meta property=\"og:image:height\" content=\"600\" \/>\n\t<meta property=\"og:image:type\" content=\"image\/jpeg\" \/>\n<meta name=\"twitter:card\" content=\"summary_large_image\" \/>\n<meta name=\"twitter:label1\" content=\"Est. reading time\" \/>\n\t<meta name=\"twitter:data1\" content=\"1 minute\" \/>\n<script type=\"application\/ld+json\" class=\"yoast-schema-graph\">{\"@context\":\"https:\\\/\\\/schema.org\",\"@graph\":[{\"@type\":\"WebPage\",\"@id\":\"https:\\\/\\\/uniform4baltic.com\\\/parduotuve\\\/naujos-prekes\\\/moterims-naujos-prekes\\\/gssp625-terra-jogger-2593-misty-pink\\\/\",\"url\":\"https:\\\/\\\/uniform4baltic.com\\\/parduotuve\\\/naujos-prekes\\\/moterims-naujos-prekes\\\/gssp625-terra-jogger-2593-misty-pink\\\/\",\"name\":\"GSSP625 Terra Jogger \u2013 2593 Misty pink - uniform4baltic\",\"isPartOf\":{\"@id\":\"https:\\\/\\\/www.uniform4baltic.com\\\/en\\\/#website\"},\"primaryImageOfPage\":{\"@id\":\"https:\\\/\\\/uniform4baltic.com\\\/parduotuve\\\/naujos-prekes\\\/moterims-naujos-prekes\\\/gssp625-terra-jogger-2593-misty-pink\\\/#primaryimage\"},\"image\":{\"@id\":\"https:\\\/\\\/uniform4baltic.com\\\/parduotuve\\\/naujos-prekes\\\/moterims-naujos-prekes\\\/gssp625-terra-jogger-2593-misty-pink\\\/#primaryimage\"},\"thumbnailUrl\":\"https:\\\/\\\/uniform4baltic.com\\\/wp-content\\\/uploads\\\/2026\\\/01\\\/tqqcmjrge67wttdc0nlf.jpg\",\"datePublished\":\"2026-01-19T09:36:53+00:00\",\"description\":\"Moteri\u0161kos keln\u0117s priekyje ri\u0161amos rai\u0161teliais, 6 ki\u0161en\u0117s Deranti palaidin\u0117: GSST180 Sud\u0117tis: 48% CiCLO\u00c2\u00ae poliesteris, 44% perdirbtas poliesteris, 8% elastanas Galimi dyd\u017eiai: XXS-5XL D\u0117l nesam\u0173 dyd\u017ei\u0173 ir spalv\u0173 kreiptis el. pa\u0161tu arba telefonu.\",\"breadcrumb\":{\"@id\":\"https:\\\/\\\/uniform4baltic.com\\\/parduotuve\\\/naujos-prekes\\\/moterims-naujos-prekes\\\/gssp625-terra-jogger-2593-misty-pink\\\/#breadcrumb\"},\"inLanguage\":\"en-US\",\"potentialAction\":[{\"@type\":\"ReadAction\",\"target\":[\"https:\\\/\\\/uniform4baltic.com\\\/parduotuve\\\/naujos-prekes\\\/moterims-naujos-prekes\\\/gssp625-terra-jogger-2593-misty-pink\\\/\"]}]},{\"@type\":\"ImageObject\",\"inLanguage\":\"en-US\",\"@id\":\"https:\\\/\\\/uniform4baltic.com\\\/parduotuve\\\/naujos-prekes\\\/moterims-naujos-prekes\\\/gssp625-terra-jogger-2593-misty-pink\\\/#primaryimage\",\"url\":\"https:\\\/\\\/uniform4baltic.com\\\/wp-content\\\/uploads\\\/2026\\\/01\\\/tqqcmjrge67wttdc0nlf.jpg\",\"contentUrl\":\"https:\\\/\\\/uniform4baltic.com\\\/wp-content\\\/uploads\\\/2026\\\/01\\\/tqqcmjrge67wttdc0nlf.jpg\",\"width\":415,\"height\":600},{\"@type\":\"BreadcrumbList\",\"@id\":\"https:\\\/\\\/uniform4baltic.com\\\/parduotuve\\\/naujos-prekes\\\/moterims-naujos-prekes\\\/gssp625-terra-jogger-2593-misty-pink\\\/#breadcrumb\",\"itemListElement\":[{\"@type\":\"ListItem\",\"position\":1,\"name\":\"Home\",\"item\":\"https:\\\/\\\/uniform4baltic.com\\\/en\\\/\"},{\"@type\":\"ListItem\",\"position\":2,\"name\":\"Shop\",\"item\":\"https:\\\/\\\/uniform4baltic.com\\\/en\\\/shop-2\\\/\"},{\"@type\":\"ListItem\",\"position\":3,\"name\":\"GSSP625 Terra Jogger \u2013 2593 Misty pink\"}]},{\"@type\":\"WebSite\",\"@id\":\"https:\\\/\\\/www.uniform4baltic.com\\\/en\\\/#website\",\"url\":\"https:\\\/\\\/www.uniform4baltic.com\\\/en\\\/\",\"name\":\"uniform4baltic.com\",\"description\":\"Medicinin\u0117 apranga\",\"publisher\":{\"@id\":\"https:\\\/\\\/www.uniform4baltic.com\\\/en\\\/#organization\"},\"potentialAction\":[{\"@type\":\"SearchAction\",\"target\":{\"@type\":\"EntryPoint\",\"urlTemplate\":\"https:\\\/\\\/www.uniform4baltic.com\\\/en\\\/?s={search_term_string}\"},\"query-input\":{\"@type\":\"PropertyValueSpecification\",\"valueRequired\":true,\"valueName\":\"search_term_string\"}}],\"inLanguage\":\"en-US\"},{\"@type\":\"Organization\",\"@id\":\"https:\\\/\\\/www.uniform4baltic.com\\\/en\\\/#organization\",\"name\":\"Apranga medikams\",\"url\":\"https:\\\/\\\/www.uniform4baltic.com\\\/en\\\/\",\"logo\":{\"@type\":\"ImageObject\",\"inLanguage\":\"en-US\",\"@id\":\"https:\\\/\\\/www.uniform4baltic.com\\\/en\\\/#\\\/schema\\\/logo\\\/image\\\/\",\"url\":\"https:\\\/\\\/uniform4baltic.com\\\/wp-content\\\/uploads\\\/2020\\\/06\\\/logo-web-1.png\",\"contentUrl\":\"https:\\\/\\\/uniform4baltic.com\\\/wp-content\\\/uploads\\\/2020\\\/06\\\/logo-web-1.png\",\"width\":500,\"height\":215,\"caption\":\"Apranga medikams\"},\"image\":{\"@id\":\"https:\\\/\\\/www.uniform4baltic.com\\\/en\\\/#\\\/schema\\\/logo\\\/image\\\/\"}}]}<\/script>\n<!-- \/ Yoast SEO plugin. -->","yoast_head_json":{"title":"GSSP625 Terra Jogger \u2013 2593 Misty pink - uniform4baltic","description":"Moteri\u0161kos keln\u0117s priekyje ri\u0161amos rai\u0161teliais, 6 ki\u0161en\u0117s  Deranti palaidin\u0117: GSST180  Sud\u0117tis: 48% CiCLO\u00c2\u00ae poliesteris, 44% perdirbtas poliesteris, 8% elastanas  Galimi dyd\u017eiai: XXS-5XL  D\u0117l nesam\u0173 dyd\u017ei\u0173 ir spalv\u0173 kreiptis el. pa\u0161tu arba telefonu.","robots":{"index":"index","follow":"follow","max-snippet":"max-snippet:-1","max-image-preview":"max-image-preview:large","max-video-preview":"max-video-preview:-1"},"canonical":"https:\/\/uniform4baltic.com\/parduotuve\/naujos-prekes\/moterims-naujos-prekes\/gssp625-terra-jogger-2593-misty-pink\/","og_locale":"en_US","og_type":"article","og_title":"GSSP625 Terra Jogger \u2013 2593 Misty pink - uniform4baltic","og_description":"Moteri\u0161kos keln\u0117s priekyje ri\u0161amos rai\u0161teliais, 6 ki\u0161en\u0117s  Deranti palaidin\u0117: GSST180  Sud\u0117tis: 48% CiCLO\u00c2\u00ae poliesteris, 44% perdirbtas poliesteris, 8% elastanas  Galimi dyd\u017eiai: XXS-5XL  D\u0117l nesam\u0173 dyd\u017ei\u0173 ir spalv\u0173 kreiptis el. pa\u0161tu arba telefonu.","og_url":"https:\/\/uniform4baltic.com\/parduotuve\/naujos-prekes\/moterims-naujos-prekes\/gssp625-terra-jogger-2593-misty-pink\/","og_site_name":"uniform4baltic","og_image":[{"width":415,"height":600,"url":"https:\/\/uniform4baltic.com\/wp-content\/uploads\/2026\/01\/tqqcmjrge67wttdc0nlf.jpg","type":"image\/jpeg"}],"twitter_card":"summary_large_image","twitter_misc":{"Est. reading time":"1 minute"},"schema":{"@context":"https:\/\/schema.org","@graph":[{"@type":"WebPage","@id":"https:\/\/uniform4baltic.com\/parduotuve\/naujos-prekes\/moterims-naujos-prekes\/gssp625-terra-jogger-2593-misty-pink\/","url":"https:\/\/uniform4baltic.com\/parduotuve\/naujos-prekes\/moterims-naujos-prekes\/gssp625-terra-jogger-2593-misty-pink\/","name":"GSSP625 Terra Jogger \u2013 2593 Misty pink - uniform4baltic","isPartOf":{"@id":"https:\/\/www.uniform4baltic.com\/en\/#website"},"primaryImageOfPage":{"@id":"https:\/\/uniform4baltic.com\/parduotuve\/naujos-prekes\/moterims-naujos-prekes\/gssp625-terra-jogger-2593-misty-pink\/#primaryimage"},"image":{"@id":"https:\/\/uniform4baltic.com\/parduotuve\/naujos-prekes\/moterims-naujos-prekes\/gssp625-terra-jogger-2593-misty-pink\/#primaryimage"},"thumbnailUrl":"https:\/\/uniform4baltic.com\/wp-content\/uploads\/2026\/01\/tqqcmjrge67wttdc0nlf.jpg","datePublished":"2026-01-19T09:36:53+00:00","description":"Moteri\u0161kos keln\u0117s priekyje ri\u0161amos rai\u0161teliais, 6 ki\u0161en\u0117s Deranti palaidin\u0117: GSST180 Sud\u0117tis: 48% CiCLO\u00c2\u00ae poliesteris, 44% perdirbtas poliesteris, 8% elastanas Galimi dyd\u017eiai: XXS-5XL D\u0117l nesam\u0173 dyd\u017ei\u0173 ir spalv\u0173 kreiptis el. pa\u0161tu arba telefonu.","breadcrumb":{"@id":"https:\/\/uniform4baltic.com\/parduotuve\/naujos-prekes\/moterims-naujos-prekes\/gssp625-terra-jogger-2593-misty-pink\/#breadcrumb"},"inLanguage":"en-US","potentialAction":[{"@type":"ReadAction","target":["https:\/\/uniform4baltic.com\/parduotuve\/naujos-prekes\/moterims-naujos-prekes\/gssp625-terra-jogger-2593-misty-pink\/"]}]},{"@type":"ImageObject","inLanguage":"en-US","@id":"https:\/\/uniform4baltic.com\/parduotuve\/naujos-prekes\/moterims-naujos-prekes\/gssp625-terra-jogger-2593-misty-pink\/#primaryimage","url":"https:\/\/uniform4baltic.com\/wp-content\/uploads\/2026\/01\/tqqcmjrge67wttdc0nlf.jpg","contentUrl":"https:\/\/uniform4baltic.com\/wp-content\/uploads\/2026\/01\/tqqcmjrge67wttdc0nlf.jpg","width":415,"height":600},{"@type":"BreadcrumbList","@id":"https:\/\/uniform4baltic.com\/parduotuve\/naujos-prekes\/moterims-naujos-prekes\/gssp625-terra-jogger-2593-misty-pink\/#breadcrumb","itemListElement":[{"@type":"ListItem","position":1,"name":"Home","item":"https:\/\/uniform4baltic.com\/en\/"},{"@type":"ListItem","position":2,"name":"Shop","item":"https:\/\/uniform4baltic.com\/en\/shop-2\/"},{"@type":"ListItem","position":3,"name":"GSSP625 Terra Jogger \u2013 2593 Misty pink"}]},{"@type":"WebSite","@id":"https:\/\/www.uniform4baltic.com\/en\/#website","url":"https:\/\/www.uniform4baltic.com\/en\/","name":"uniform4baltic.com","description":"Medicinin\u0117 apranga","publisher":{"@id":"https:\/\/www.uniform4baltic.com\/en\/#organization"},"potentialAction":[{"@type":"SearchAction","target":{"@type":"EntryPoint","urlTemplate":"https:\/\/www.uniform4baltic.com\/en\/?s={search_term_string}"},"query-input":{"@type":"PropertyValueSpecification","valueRequired":true,"valueName":"search_term_string"}}],"inLanguage":"en-US"},{"@type":"Organization","@id":"https:\/\/www.uniform4baltic.com\/en\/#organization","name":"Apranga medikams","url":"https:\/\/www.uniform4baltic.com\/en\/","logo":{"@type":"ImageObject","inLanguage":"en-US","@id":"https:\/\/www.uniform4baltic.com\/en\/#\/schema\/logo\/image\/","url":"https:\/\/uniform4baltic.com\/wp-content\/uploads\/2020\/06\/logo-web-1.png","contentUrl":"https:\/\/uniform4baltic.com\/wp-content\/uploads\/2020\/06\/logo-web-1.png","width":500,"height":215,"caption":"Apranga medikams"},"image":{"@id":"https:\/\/www.uniform4baltic.com\/en\/#\/schema\/logo\/image\/"}}]}},"_links":{"self":[{"href":"https:\/\/uniform4baltic.com\/en\/wp-json\/wp\/v2\/product\/36242","targetHints":{"allow":["GET"]}}],"collection":[{"href":"https:\/\/uniform4baltic.com\/en\/wp-json\/wp\/v2\/product"}],"about":[{"href":"https:\/\/uniform4baltic.com\/en\/wp-json\/wp\/v2\/types\/product"}],"replies":[{"embeddable":true,"href":"https:\/\/uniform4baltic.com\/en\/wp-json\/wp\/v2\/comments?post=36242"}],"wp:featuredmedia":[{"embeddable":true,"href":"https:\/\/uniform4baltic.com\/en\/wp-json\/wp\/v2\/media\/36245"}],"wp:attachment":[{"href":"https:\/\/uniform4baltic.com\/en\/wp-json\/wp\/v2\/media?parent=36242"}],"wp:term":[{"taxonomy":"product_brand","embeddable":true,"href":"https:\/\/uniform4baltic.com\/en\/wp-json\/wp\/v2\/product_brand?post=36242"},{"taxonomy":"product_cat","embeddable":true,"href":"https:\/\/uniform4baltic.com\/en\/wp-json\/wp\/v2\/product_cat?post=36242"},{"taxonomy":"product_tag","embeddable":true,"href":"https:\/\/uniform4baltic.com\/en\/wp-json\/wp\/v2\/product_tag?post=36242"}],"curies":[{"name":"wp","href":"https:\/\/api.w.org\/{rel}","templated":true}]}}