{"id":36788,"date":"2026-04-03T06:03:38","date_gmt":"2026-04-03T08:03:38","guid":{"rendered":"https:\/\/uniform4baltic.com\/?post_type=product&#038;p=36788"},"modified":"2026-04-03T10:51:35","modified_gmt":"2026-04-03T12:51:35","slug":"grsp722-kristi-pant-08-new-royal","status":"publish","type":"product","link":"https:\/\/uniform4baltic.com\/en\/parduotuve\/new\/women\/grsp722-kristi-pant-08-new-royal\/","title":{"rendered":"GRSP722 Kristi Pant &#8211; 08 New royal"},"content":{"rendered":"","protected":false},"excerpt":{"rendered":"<p id=\"tw-target-text\" class=\"tw-data-text tw-text-large tw-ta\" dir=\"ltr\" role=\"text\" data-placeholder=\"Vertimas\" data-ved=\"2ahUKEwij3MKvmtGTAxXZMBAIHQKkHggQ3ewLegQIDBAX\" aria-label=\"I\u0161verstas tekstas: Priglundantis patogumas nuo juosmens \u017eemyn. \u201eKristi\u201c keln\u0117s pasi\u017eymi lygiu briaunuotu juosmeniu, auk\u0161tu juosmeniu ir priglundan\u010diomis bei plat\u0117jan\u010diomis kle\u0161n\u0117mis, kurios judesius u\u017etikrina tyl\u0173 pasitik\u0117jim\u0105. Septynios ki\u0161en\u0117s leid\u017eia laikyti svarbiausius daiktus po ranka \u2013 tai \u012frodymas, kad rafinuotumas gali b\u016bti funkcionalus. Produkto savyb\u0117s Prek\u0117s Nr. GRSP722 I\u0161 viso 7 ki\u0161en\u0117s 2 briaunuotos apdailos vir\u0161utin\u0117s ki\u0161en\u0117s 2 krovinin\u0117s ki\u0161en\u0117s su papildoma viena krovinine ki\u0161ene Nugaros kelnait\u0117s su 2 ki\u0161en\u0117mis Tvarkara\u0161tis: Klasikinis Lipnumas: Auk\u0161tas Siluetas: Plat\u0117jantis 74 % poliesteris, 23 % viskoz\u0117, 3 % elastanas Vidin\u0117s si\u016bl\u0117s: \u012eprastas: 81 cm Ma\u017eas: 75 cm Auk\u0161tis: 85 cm Tempimo elastanas Antimikrobinis Ne\u0161varum\u0173 \u0161alinimas Rauk\u0161li\u0173 \u0161alinimas Labai mink\u0161tas prisilietimas Spalvos detal\u0117s\"><span class=\"Y2IQFc\" lang=\"lt\">Keln\u0117s auk\u0161tu juosmeniu ir priglundan\u010diomis bei plat\u0117jan\u010diomis kle\u0161n\u0117mis, 7 ki\u0161en\u0117s<\/span><\/p>\n<p>Deranti palaidin\u0117: GRST292, GRST045<\/p>\n<p>Med\u017eiagos: 74% poliesteris, 23% viskoz\u0117, 3% elastanas<\/p>\n<p>Galimi dyd\u017eiai: XXS-5XL<\/p>\n<p>D\u0117l nesam\u0173 dyd\u017ei\u0173 ar spalv\u0173 kreiptis el. pa\u0161tu arba telefonu.<\/p>\n","protected":false},"featured_media":36790,"comment_status":"open","ping_status":"closed","template":"","meta":[],"product_brand":[],"product_cat":[155,54,236,48,235,15],"product_tag":[3196],"class_list":{"0":"post-36788","1":"product","2":"type-product","3":"status-publish","4":"has-post-thumbnail","6":"product_cat-katalogas","7":"product_cat-kelnes-moterims","8":"product_cat-moterims-naujos-prekes","9":"product_cat-moterims","10":"product_cat-naujos-prekes","11":"product_cat-uncategorized","12":"product_tag-grsp722-08","13":"pa_kolekcija-greys-anatomy-stretch","15":"first","16":"instock","17":"shipping-taxable","18":"purchasable","19":"product-type-variable"},"yoast_head":"<!-- This site is optimized with the Yoast SEO plugin v27.4 - https:\/\/yoast.com\/product\/yoast-seo-wordpress\/ -->\n<title>GRSP722 Kristi Pant - 08 New royal - uniform4baltic<\/title>\n<meta name=\"description\" content=\"Keln\u0117s auk\u0161tu juosmeniu ir priglundan\u010diomis bei plat\u0117jan\u010diomis kle\u0161n\u0117mis, 7 ki\u0161en\u0117s Deranti palaidin\u0117: GRST292, GRST045  Med\u017eiagos: 74% poliesteris, 23% viskoz\u0117, 3% elastanas  Galimi dyd\u017eiai: XXS-5XL  D\u0117l nesam\u0173 dyd\u017ei\u0173 ar spalv\u0173 kreiptis el. pa\u0161tu arba telefonu.\" \/>\n<meta name=\"robots\" content=\"index, follow, max-snippet:-1, max-image-preview:large, max-video-preview:-1\" \/>\n<link rel=\"canonical\" href=\"https:\/\/uniform4baltic.com\/parduotuve\/naujos-prekes\/moterims-naujos-prekes\/grsp722-kristi-pant-08-new-royal\/\" \/>\n<meta property=\"og:locale\" content=\"en_US\" \/>\n<meta property=\"og:type\" content=\"article\" \/>\n<meta property=\"og:title\" content=\"GRSP722 Kristi Pant - 08 New royal - uniform4baltic\" \/>\n<meta property=\"og:description\" content=\"Keln\u0117s auk\u0161tu juosmeniu ir priglundan\u010diomis bei plat\u0117jan\u010diomis kle\u0161n\u0117mis, 7 ki\u0161en\u0117s Deranti palaidin\u0117: GRST292, GRST045  Med\u017eiagos: 74% poliesteris, 23% viskoz\u0117, 3% elastanas  Galimi dyd\u017eiai: XXS-5XL  D\u0117l nesam\u0173 dyd\u017ei\u0173 ar spalv\u0173 kreiptis el. pa\u0161tu arba telefonu.\" \/>\n<meta property=\"og:url\" content=\"https:\/\/uniform4baltic.com\/parduotuve\/naujos-prekes\/moterims-naujos-prekes\/grsp722-kristi-pant-08-new-royal\/\" \/>\n<meta property=\"og:site_name\" content=\"uniform4baltic\" \/>\n<meta property=\"article:modified_time\" content=\"2026-04-03T12:51:35+00:00\" \/>\n<meta property=\"og:image\" content=\"https:\/\/uniform4baltic.com\/wp-content\/uploads\/2026\/04\/szfom2kwn84sxalkl8lx.jpg\" \/>\n\t<meta property=\"og:image:width\" content=\"415\" \/>\n\t<meta property=\"og:image:height\" content=\"600\" \/>\n\t<meta property=\"og:image:type\" content=\"image\/jpeg\" \/>\n<meta name=\"twitter:card\" content=\"summary_large_image\" \/>\n<meta name=\"twitter:label1\" content=\"Est. reading time\" \/>\n\t<meta name=\"twitter:data1\" content=\"1 minute\" \/>\n<script type=\"application\/ld+json\" class=\"yoast-schema-graph\">{\"@context\":\"https:\\\/\\\/schema.org\",\"@graph\":[{\"@type\":\"WebPage\",\"@id\":\"https:\\\/\\\/uniform4baltic.com\\\/parduotuve\\\/naujos-prekes\\\/moterims-naujos-prekes\\\/grsp722-kristi-pant-08-new-royal\\\/\",\"url\":\"https:\\\/\\\/uniform4baltic.com\\\/parduotuve\\\/naujos-prekes\\\/moterims-naujos-prekes\\\/grsp722-kristi-pant-08-new-royal\\\/\",\"name\":\"GRSP722 Kristi Pant - 08 New royal - uniform4baltic\",\"isPartOf\":{\"@id\":\"https:\\\/\\\/www.uniform4baltic.com\\\/en\\\/#website\"},\"primaryImageOfPage\":{\"@id\":\"https:\\\/\\\/uniform4baltic.com\\\/parduotuve\\\/naujos-prekes\\\/moterims-naujos-prekes\\\/grsp722-kristi-pant-08-new-royal\\\/#primaryimage\"},\"image\":{\"@id\":\"https:\\\/\\\/uniform4baltic.com\\\/parduotuve\\\/naujos-prekes\\\/moterims-naujos-prekes\\\/grsp722-kristi-pant-08-new-royal\\\/#primaryimage\"},\"thumbnailUrl\":\"https:\\\/\\\/uniform4baltic.com\\\/wp-content\\\/uploads\\\/2026\\\/04\\\/szfom2kwn84sxalkl8lx.jpg\",\"datePublished\":\"2026-04-03T08:03:38+00:00\",\"dateModified\":\"2026-04-03T12:51:35+00:00\",\"description\":\"Keln\u0117s auk\u0161tu juosmeniu ir priglundan\u010diomis bei plat\u0117jan\u010diomis kle\u0161n\u0117mis, 7 ki\u0161en\u0117s Deranti palaidin\u0117: GRST292, GRST045 Med\u017eiagos: 74% poliesteris, 23% viskoz\u0117, 3% elastanas Galimi dyd\u017eiai: XXS-5XL D\u0117l nesam\u0173 dyd\u017ei\u0173 ar spalv\u0173 kreiptis el. pa\u0161tu arba telefonu.\",\"breadcrumb\":{\"@id\":\"https:\\\/\\\/uniform4baltic.com\\\/parduotuve\\\/naujos-prekes\\\/moterims-naujos-prekes\\\/grsp722-kristi-pant-08-new-royal\\\/#breadcrumb\"},\"inLanguage\":\"en-US\",\"potentialAction\":[{\"@type\":\"ReadAction\",\"target\":[\"https:\\\/\\\/uniform4baltic.com\\\/parduotuve\\\/naujos-prekes\\\/moterims-naujos-prekes\\\/grsp722-kristi-pant-08-new-royal\\\/\"]}]},{\"@type\":\"ImageObject\",\"inLanguage\":\"en-US\",\"@id\":\"https:\\\/\\\/uniform4baltic.com\\\/parduotuve\\\/naujos-prekes\\\/moterims-naujos-prekes\\\/grsp722-kristi-pant-08-new-royal\\\/#primaryimage\",\"url\":\"https:\\\/\\\/uniform4baltic.com\\\/wp-content\\\/uploads\\\/2026\\\/04\\\/szfom2kwn84sxalkl8lx.jpg\",\"contentUrl\":\"https:\\\/\\\/uniform4baltic.com\\\/wp-content\\\/uploads\\\/2026\\\/04\\\/szfom2kwn84sxalkl8lx.jpg\",\"width\":415,\"height\":600},{\"@type\":\"BreadcrumbList\",\"@id\":\"https:\\\/\\\/uniform4baltic.com\\\/parduotuve\\\/naujos-prekes\\\/moterims-naujos-prekes\\\/grsp722-kristi-pant-08-new-royal\\\/#breadcrumb\",\"itemListElement\":[{\"@type\":\"ListItem\",\"position\":1,\"name\":\"Home\",\"item\":\"https:\\\/\\\/uniform4baltic.com\\\/en\\\/\"},{\"@type\":\"ListItem\",\"position\":2,\"name\":\"Shop\",\"item\":\"https:\\\/\\\/uniform4baltic.com\\\/en\\\/shop-2\\\/\"},{\"@type\":\"ListItem\",\"position\":3,\"name\":\"GRSP722 Kristi Pant &#8211; 08 New royal\"}]},{\"@type\":\"WebSite\",\"@id\":\"https:\\\/\\\/www.uniform4baltic.com\\\/en\\\/#website\",\"url\":\"https:\\\/\\\/www.uniform4baltic.com\\\/en\\\/\",\"name\":\"uniform4baltic.com\",\"description\":\"Medicinin\u0117 apranga\",\"publisher\":{\"@id\":\"https:\\\/\\\/www.uniform4baltic.com\\\/en\\\/#organization\"},\"potentialAction\":[{\"@type\":\"SearchAction\",\"target\":{\"@type\":\"EntryPoint\",\"urlTemplate\":\"https:\\\/\\\/www.uniform4baltic.com\\\/en\\\/?s={search_term_string}\"},\"query-input\":{\"@type\":\"PropertyValueSpecification\",\"valueRequired\":true,\"valueName\":\"search_term_string\"}}],\"inLanguage\":\"en-US\"},{\"@type\":\"Organization\",\"@id\":\"https:\\\/\\\/www.uniform4baltic.com\\\/en\\\/#organization\",\"name\":\"Apranga medikams\",\"url\":\"https:\\\/\\\/www.uniform4baltic.com\\\/en\\\/\",\"logo\":{\"@type\":\"ImageObject\",\"inLanguage\":\"en-US\",\"@id\":\"https:\\\/\\\/www.uniform4baltic.com\\\/en\\\/#\\\/schema\\\/logo\\\/image\\\/\",\"url\":\"https:\\\/\\\/uniform4baltic.com\\\/wp-content\\\/uploads\\\/2020\\\/06\\\/logo-web-1.png\",\"contentUrl\":\"https:\\\/\\\/uniform4baltic.com\\\/wp-content\\\/uploads\\\/2020\\\/06\\\/logo-web-1.png\",\"width\":500,\"height\":215,\"caption\":\"Apranga medikams\"},\"image\":{\"@id\":\"https:\\\/\\\/www.uniform4baltic.com\\\/en\\\/#\\\/schema\\\/logo\\\/image\\\/\"}}]}<\/script>\n<!-- \/ Yoast SEO plugin. -->","yoast_head_json":{"title":"GRSP722 Kristi Pant - 08 New royal - uniform4baltic","description":"Keln\u0117s auk\u0161tu juosmeniu ir priglundan\u010diomis bei plat\u0117jan\u010diomis kle\u0161n\u0117mis, 7 ki\u0161en\u0117s Deranti palaidin\u0117: GRST292, GRST045  Med\u017eiagos: 74% poliesteris, 23% viskoz\u0117, 3% elastanas  Galimi dyd\u017eiai: XXS-5XL  D\u0117l nesam\u0173 dyd\u017ei\u0173 ar spalv\u0173 kreiptis el. pa\u0161tu arba telefonu.","robots":{"index":"index","follow":"follow","max-snippet":"max-snippet:-1","max-image-preview":"max-image-preview:large","max-video-preview":"max-video-preview:-1"},"canonical":"https:\/\/uniform4baltic.com\/parduotuve\/naujos-prekes\/moterims-naujos-prekes\/grsp722-kristi-pant-08-new-royal\/","og_locale":"en_US","og_type":"article","og_title":"GRSP722 Kristi Pant - 08 New royal - uniform4baltic","og_description":"Keln\u0117s auk\u0161tu juosmeniu ir priglundan\u010diomis bei plat\u0117jan\u010diomis kle\u0161n\u0117mis, 7 ki\u0161en\u0117s Deranti palaidin\u0117: GRST292, GRST045  Med\u017eiagos: 74% poliesteris, 23% viskoz\u0117, 3% elastanas  Galimi dyd\u017eiai: XXS-5XL  D\u0117l nesam\u0173 dyd\u017ei\u0173 ar spalv\u0173 kreiptis el. pa\u0161tu arba telefonu.","og_url":"https:\/\/uniform4baltic.com\/parduotuve\/naujos-prekes\/moterims-naujos-prekes\/grsp722-kristi-pant-08-new-royal\/","og_site_name":"uniform4baltic","article_modified_time":"2026-04-03T12:51:35+00:00","og_image":[{"width":415,"height":600,"url":"https:\/\/uniform4baltic.com\/wp-content\/uploads\/2026\/04\/szfom2kwn84sxalkl8lx.jpg","type":"image\/jpeg"}],"twitter_card":"summary_large_image","twitter_misc":{"Est. reading time":"1 minute"},"schema":{"@context":"https:\/\/schema.org","@graph":[{"@type":"WebPage","@id":"https:\/\/uniform4baltic.com\/parduotuve\/naujos-prekes\/moterims-naujos-prekes\/grsp722-kristi-pant-08-new-royal\/","url":"https:\/\/uniform4baltic.com\/parduotuve\/naujos-prekes\/moterims-naujos-prekes\/grsp722-kristi-pant-08-new-royal\/","name":"GRSP722 Kristi Pant - 08 New royal - uniform4baltic","isPartOf":{"@id":"https:\/\/www.uniform4baltic.com\/en\/#website"},"primaryImageOfPage":{"@id":"https:\/\/uniform4baltic.com\/parduotuve\/naujos-prekes\/moterims-naujos-prekes\/grsp722-kristi-pant-08-new-royal\/#primaryimage"},"image":{"@id":"https:\/\/uniform4baltic.com\/parduotuve\/naujos-prekes\/moterims-naujos-prekes\/grsp722-kristi-pant-08-new-royal\/#primaryimage"},"thumbnailUrl":"https:\/\/uniform4baltic.com\/wp-content\/uploads\/2026\/04\/szfom2kwn84sxalkl8lx.jpg","datePublished":"2026-04-03T08:03:38+00:00","dateModified":"2026-04-03T12:51:35+00:00","description":"Keln\u0117s auk\u0161tu juosmeniu ir priglundan\u010diomis bei plat\u0117jan\u010diomis kle\u0161n\u0117mis, 7 ki\u0161en\u0117s Deranti palaidin\u0117: GRST292, GRST045 Med\u017eiagos: 74% poliesteris, 23% viskoz\u0117, 3% elastanas Galimi dyd\u017eiai: XXS-5XL D\u0117l nesam\u0173 dyd\u017ei\u0173 ar spalv\u0173 kreiptis el. pa\u0161tu arba telefonu.","breadcrumb":{"@id":"https:\/\/uniform4baltic.com\/parduotuve\/naujos-prekes\/moterims-naujos-prekes\/grsp722-kristi-pant-08-new-royal\/#breadcrumb"},"inLanguage":"en-US","potentialAction":[{"@type":"ReadAction","target":["https:\/\/uniform4baltic.com\/parduotuve\/naujos-prekes\/moterims-naujos-prekes\/grsp722-kristi-pant-08-new-royal\/"]}]},{"@type":"ImageObject","inLanguage":"en-US","@id":"https:\/\/uniform4baltic.com\/parduotuve\/naujos-prekes\/moterims-naujos-prekes\/grsp722-kristi-pant-08-new-royal\/#primaryimage","url":"https:\/\/uniform4baltic.com\/wp-content\/uploads\/2026\/04\/szfom2kwn84sxalkl8lx.jpg","contentUrl":"https:\/\/uniform4baltic.com\/wp-content\/uploads\/2026\/04\/szfom2kwn84sxalkl8lx.jpg","width":415,"height":600},{"@type":"BreadcrumbList","@id":"https:\/\/uniform4baltic.com\/parduotuve\/naujos-prekes\/moterims-naujos-prekes\/grsp722-kristi-pant-08-new-royal\/#breadcrumb","itemListElement":[{"@type":"ListItem","position":1,"name":"Home","item":"https:\/\/uniform4baltic.com\/en\/"},{"@type":"ListItem","position":2,"name":"Shop","item":"https:\/\/uniform4baltic.com\/en\/shop-2\/"},{"@type":"ListItem","position":3,"name":"GRSP722 Kristi Pant &#8211; 08 New royal"}]},{"@type":"WebSite","@id":"https:\/\/www.uniform4baltic.com\/en\/#website","url":"https:\/\/www.uniform4baltic.com\/en\/","name":"uniform4baltic.com","description":"Medicinin\u0117 apranga","publisher":{"@id":"https:\/\/www.uniform4baltic.com\/en\/#organization"},"potentialAction":[{"@type":"SearchAction","target":{"@type":"EntryPoint","urlTemplate":"https:\/\/www.uniform4baltic.com\/en\/?s={search_term_string}"},"query-input":{"@type":"PropertyValueSpecification","valueRequired":true,"valueName":"search_term_string"}}],"inLanguage":"en-US"},{"@type":"Organization","@id":"https:\/\/www.uniform4baltic.com\/en\/#organization","name":"Apranga medikams","url":"https:\/\/www.uniform4baltic.com\/en\/","logo":{"@type":"ImageObject","inLanguage":"en-US","@id":"https:\/\/www.uniform4baltic.com\/en\/#\/schema\/logo\/image\/","url":"https:\/\/uniform4baltic.com\/wp-content\/uploads\/2020\/06\/logo-web-1.png","contentUrl":"https:\/\/uniform4baltic.com\/wp-content\/uploads\/2020\/06\/logo-web-1.png","width":500,"height":215,"caption":"Apranga medikams"},"image":{"@id":"https:\/\/www.uniform4baltic.com\/en\/#\/schema\/logo\/image\/"}}]}},"_links":{"self":[{"href":"https:\/\/uniform4baltic.com\/en\/wp-json\/wp\/v2\/product\/36788","targetHints":{"allow":["GET"]}}],"collection":[{"href":"https:\/\/uniform4baltic.com\/en\/wp-json\/wp\/v2\/product"}],"about":[{"href":"https:\/\/uniform4baltic.com\/en\/wp-json\/wp\/v2\/types\/product"}],"replies":[{"embeddable":true,"href":"https:\/\/uniform4baltic.com\/en\/wp-json\/wp\/v2\/comments?post=36788"}],"wp:featuredmedia":[{"embeddable":true,"href":"https:\/\/uniform4baltic.com\/en\/wp-json\/wp\/v2\/media\/36790"}],"wp:attachment":[{"href":"https:\/\/uniform4baltic.com\/en\/wp-json\/wp\/v2\/media?parent=36788"}],"wp:term":[{"taxonomy":"product_brand","embeddable":true,"href":"https:\/\/uniform4baltic.com\/en\/wp-json\/wp\/v2\/product_brand?post=36788"},{"taxonomy":"product_cat","embeddable":true,"href":"https:\/\/uniform4baltic.com\/en\/wp-json\/wp\/v2\/product_cat?post=36788"},{"taxonomy":"product_tag","embeddable":true,"href":"https:\/\/uniform4baltic.com\/en\/wp-json\/wp\/v2\/product_tag?post=36788"}],"curies":[{"name":"wp","href":"https:\/\/api.w.org\/{rel}","templated":true}]}}