{"id":10834,"date":"2020-09-16T04:03:38","date_gmt":"2020-09-16T06:03:38","guid":{"rendered":"https:\/\/uniform4baltic.com\/?post_type=product&#038;p=10834"},"modified":"2025-07-08T11:56:21","modified_gmt":"2025-07-08T13:56:21","slug":"4277-pant-40-ciel-blue","status":"publish","type":"product","link":"https:\/\/uniform4baltic.com\/ru\/parduotuve\/%d0%b4%d0%bb%d1%8f-%d0%b6%d0%b5%d0%bd%d1%89%d0%b8%d0%bd\/%d1%88%d1%82%d0%b0%d0%bd%d1%8b\/4277-pant-40-ciel-blue\/","title":{"rendered":"4277 Pant \u2013 40 Ciel Blue"},"content":{"rendered":"","protected":false},"excerpt":{"rendered":"<p>Tiesios moteri\u0161kos keln\u0117s elastiniu juosmeniu, 6 ki\u0161en\u0117s.<\/p>\n<p>Deranti palaidin\u0117: 41452 Top.<\/p>\n<p>Med\u017eiaga: 77% poliesteris, 23% viskoz\u0117.<\/p>\n<p>Galimi dyd\u017eiai: XXS-5XL.<\/p>\n<p>D\u0117l nesam\u0173 dyd\u017ei\u0173 ir spalv\u0173 kreiptis el. pa\u0161tu arba telefonu.<\/p>\n<table>\n<tbody>\n<tr>\n<td width=\"47\"><img decoding=\"async\" src=\"https:\/\/backoffice.barcouniforms.com\/INTERSHOP\/static\/WFS\/Barco-Medical-Site\/-\/Barco-Medical\/en_US\/s_pclr-01.jpg\" alt=\"01\" \/><\/td>\n<td width=\"47\"><img decoding=\"async\" src=\"https:\/\/backoffice.barcouniforms.com\/INTERSHOP\/static\/WFS\/Barco-Medical-Site\/-\/Barco-Medical\/en_US\/s_pclr-08.jpg\" alt=\"08\" \/><\/td>\n<td width=\"47\"><img decoding=\"async\" src=\"https:\/\/backoffice.barcouniforms.com\/INTERSHOP\/static\/WFS\/Barco-Medical-Site\/-\/Barco-Medical\/en_US\/s_pclr-10.jpg\" alt=\"10\" \/><\/td>\n<td width=\"47\"><img decoding=\"async\" src=\"https:\/\/backoffice.barcouniforms.com\/INTERSHOP\/static\/WFS\/Barco-Medical-Site\/-\/Barco-Medical\/en_US\/s_pclr-1056.jpg\" alt=\"1056\" \/><\/td>\n<td width=\"47\"><img decoding=\"async\" src=\"https:\/\/backoffice.barcouniforms.com\/INTERSHOP\/static\/WFS\/Barco-Medical-Site\/-\/Barco-Medical\/en_US\/s_pclr-1503.jpg\" alt=\"1503\" \/><\/td>\n<td width=\"47\"><img decoding=\"async\" src=\"https:\/\/backoffice.barcouniforms.com\/INTERSHOP\/static\/WFS\/Barco-Medical-Site\/-\/Barco-Medical\/en_US\/s_pclr-1507.jpg\" alt=\"1507\" \/><\/td>\n<td width=\"47\"><img decoding=\"async\" src=\"https:\/\/backoffice.barcouniforms.com\/INTERSHOP\/static\/WFS\/Barco-Medical-Site\/-\/Barco-Medical\/en_US\/s_pclr-1767.jpg\" alt=\"1767\" \/><\/td>\n<td width=\"47\"><img decoding=\"async\" src=\"https:\/\/backoffice.barcouniforms.com\/INTERSHOP\/static\/WFS\/Barco-Medical-Site\/-\/Barco-Medical\/en_US\/s_pclr-1769.jpg\" alt=\"1769\" \/><\/td>\n<td width=\"47\"><img decoding=\"async\" src=\"https:\/\/backoffice.barcouniforms.com\/INTERSHOP\/static\/WFS\/Barco-Medical-Site\/-\/Barco-Medical\/en_US\/s_pclr-23.jpg\" alt=\"23\" \/><\/td>\n<td width=\"47\"><img decoding=\"async\" src=\"https:\/\/backoffice.barcouniforms.com\/INTERSHOP\/static\/WFS\/Barco-Medical-Site\/-\/Barco-Medical\/en_US\/s_pclr-328.jpg\" alt=\"328\" \/><\/td>\n<td width=\"47\"><img decoding=\"async\" src=\"https:\/\/backoffice.barcouniforms.com\/INTERSHOP\/static\/WFS\/Barco-Medical-Site\/-\/Barco-Medical\/en_US\/s_pclr-37.jpg\" alt=\"37\" \/><\/td>\n<td width=\"47\"><img decoding=\"async\" src=\"https:\/\/backoffice.barcouniforms.com\/INTERSHOP\/static\/WFS\/Barco-Medical-Site\/-\/Barco-Medical\/en_US\/s_pclr-39.jpg\" alt=\"39\" \/><\/td>\n<td width=\"47\"><img decoding=\"async\" src=\"https:\/\/backoffice.barcouniforms.com\/INTERSHOP\/static\/WFS\/Barco-Medical-Site\/-\/Barco-Medical\/en_US\/s_pclr-40.jpg\" alt=\"40\" \/><\/td>\n<td width=\"47\"><img decoding=\"async\" src=\"https:\/\/backoffice.barcouniforms.com\/INTERSHOP\/static\/WFS\/Barco-Medical-Site\/-\/Barco-Medical\/en_US\/s_pclr-471.jpg\" alt=\"471\" \/><\/td>\n<td width=\"47\"><img decoding=\"async\" src=\"https:\/\/backoffice.barcouniforms.com\/INTERSHOP\/static\/WFS\/Barco-Medical-Site\/-\/Barco-Medical\/en_US\/s_pclr-503.jpg\" alt=\"503\" \/><\/td>\n<td width=\"47\"><img decoding=\"async\" src=\"https:\/\/backoffice.barcouniforms.com\/INTERSHOP\/static\/WFS\/Barco-Medical-Site\/-\/Barco-Medical\/en_US\/s_pclr-549.jpg\" alt=\"549\" \/><\/td>\n<td width=\"47\"><img decoding=\"async\" src=\"https:\/\/backoffice.barcouniforms.com\/INTERSHOP\/static\/WFS\/Barco-Medical-Site\/-\/Barco-Medical\/en_US\/s_pclr-600.jpg\" alt=\"600\" \/><\/td>\n<td width=\"47\"><img decoding=\"async\" src=\"https:\/\/backoffice.barcouniforms.com\/INTERSHOP\/static\/WFS\/Barco-Medical-Site\/-\/Barco-Medical\/en_US\/s_pclr-65.jpg\" alt=\"65\" \/><\/td>\n<td width=\"47\"><img decoding=\"async\" src=\"https:\/\/backoffice.barcouniforms.com\/INTERSHOP\/static\/WFS\/Barco-Medical-Site\/-\/Barco-Medical\/en_US\/s_pclr-905.jpg\" alt=\"905\" \/><\/td>\n<td width=\"47\"><img decoding=\"async\" src=\"https:\/\/backoffice.barcouniforms.com\/INTERSHOP\/static\/WFS\/Barco-Medical-Site\/-\/Barco-Medical\/en_US\/s_pclr-910.jpg\" alt=\"910\" \/><\/td>\n<\/tr>\n<tr>\n<td width=\"47\">01<\/p>\n<p>BLK<\/td>\n<td width=\"47\">08<\/p>\n<p>NRL<\/td>\n<td width=\"47\">10<\/p>\n<p>WHT<\/td>\n<td width=\"47\">1056<\/p>\n<p>POP<\/td>\n<td width=\"47\">1503<\/p>\n<p>PCB<\/td>\n<td width=\"47\">1507<\/p>\n<p>VIV<\/td>\n<td width=\"47\">1567<\/p>\n<p>SWV<\/td>\n<td width=\"47\">1769<\/p>\n<p>POR<\/td>\n<td width=\"47\">23<\/p>\n<p>IND<\/td>\n<td width=\"47\">328<\/p>\n<p>BHM<\/td>\n<td width=\"47\">37<\/p>\n<p>HTG<\/td>\n<td width=\"47\">39<\/p>\n<p>TEL<\/td>\n<td width=\"47\">40<\/p>\n<p>CLB<\/td>\n<td width=\"47\">471<\/p>\n<p>MNS<\/td>\n<td width=\"47\">503<\/p>\n<p>GLX<\/td>\n<td width=\"47\">549<\/p>\n<p>PRN<\/td>\n<td width=\"47\">600<\/p>\n<p>SCR<\/td>\n<td width=\"47\">65<\/p>\n<p>WIN<\/td>\n<td width=\"47\">905<\/p>\n<p>STL<\/td>\n<td width=\"47\">910<\/p>\n<p>GNT<\/td>\n<\/tr>\n<\/tbody>\n<\/table>\n<p>* Prek\u0117 yra padidinta vienu dyd\u017eiu. Jei d\u0117vite M dyd\u012f, m\u016bs\u0173 prek\u0119 reik\u0117t\u0173 rinktis S dyd\u017eio.<\/p>\n","protected":false},"featured_media":10838,"comment_status":"open","ping_status":"closed","template":"","meta":[],"product_brand":[],"product_cat":[54,48,15],"product_tag":[555],"class_list":{"0":"post-10834","1":"product","2":"type-product","3":"status-publish","4":"has-post-thumbnail","6":"product_cat-kelnes-moterims","7":"product_cat-moterims","8":"product_cat-uncategorized","9":"product_tag-4277-40","10":"pa_kolekcija-greys-anatomy","12":"first","13":"instock","14":"shipping-taxable","15":"purchasable","16":"product-type-variable"},"yoast_head":"<!-- This site is optimized with the Yoast SEO plugin v27.4 - https:\/\/yoast.com\/product\/yoast-seo-wordpress\/ -->\n<title>4277 Pant \u2013 40 Ciel Blue - uniform4baltic<\/title>\n<meta name=\"description\" content=\"Tiesios moteri\u0161kos keln\u0117s elastiniu juosmeniu, 6 ki\u0161en\u0117s.  Deranti palaidin\u0117: 41452 Top.  Med\u017eiaga: 77% poliesteris, 23% viskoz\u0117.  Galimi dyd\u017eiai: XXS-5XL.  D\u0117l nesam\u0173 dyd\u017ei\u0173 ir spalv\u0173 kreiptis el. pa\u0161tu arba telefonu.                          01  BLK 08  NRL 10  WHT 1056  POP 1503  PCB 1507  VIV 1567  SWV 1769  POR 23  IND 328  BHM 37  HTG 39  TEL 40  CLB 471  MNS 503  GLX 549  PRN 600  SCR 65  WIN 905  STL 910  GNT    * Prek\u0117 yra padidinta vienu dyd\u017eiu. Jei d\u0117vite M dyd\u012f, m\u016bs\u0173 prek\u0119 reik\u0117t\u0173 rinktis S dyd\u017eio.\" \/>\n<meta name=\"robots\" content=\"index, follow, max-snippet:-1, max-image-preview:large, max-video-preview:-1\" \/>\n<link rel=\"canonical\" href=\"https:\/\/uniform4baltic.com\/parduotuve\/moterims\/kelnes-moterims\/4277-pant-40-ciel-blue\/\" \/>\n<meta property=\"og:locale\" content=\"ru_RU\" \/>\n<meta property=\"og:type\" content=\"article\" \/>\n<meta property=\"og:title\" content=\"4277 Pant \u2013 40 Ciel Blue - uniform4baltic\" \/>\n<meta property=\"og:description\" content=\"Tiesios moteri\u0161kos keln\u0117s elastiniu juosmeniu, 6 ki\u0161en\u0117s.  Deranti palaidin\u0117: 41452 Top.  Med\u017eiaga: 77% poliesteris, 23% viskoz\u0117.  Galimi dyd\u017eiai: XXS-5XL.  D\u0117l nesam\u0173 dyd\u017ei\u0173 ir spalv\u0173 kreiptis el. pa\u0161tu arba telefonu.                          01  BLK 08  NRL 10  WHT 1056  POP 1503  PCB 1507  VIV 1567  SWV 1769  POR 23  IND 328  BHM 37  HTG 39  TEL 40  CLB 471  MNS 503  GLX 549  PRN 600  SCR 65  WIN 905  STL 910  GNT    * Prek\u0117 yra padidinta vienu dyd\u017eiu. Jei d\u0117vite M dyd\u012f, m\u016bs\u0173 prek\u0119 reik\u0117t\u0173 rinktis S dyd\u017eio.\" \/>\n<meta property=\"og:url\" content=\"https:\/\/uniform4baltic.com\/parduotuve\/moterims\/kelnes-moterims\/4277-pant-40-ciel-blue\/\" \/>\n<meta property=\"og:site_name\" content=\"uniform4baltic\" \/>\n<meta property=\"article:modified_time\" content=\"2025-07-08T13:56:21+00:00\" \/>\n<meta property=\"og:image\" content=\"https:\/\/uniform4baltic.com\/wp-content\/uploads\/2020\/09\/m_4277-40.jpg\" \/>\n\t<meta property=\"og:image:width\" content=\"576\" \/>\n\t<meta property=\"og:image:height\" content=\"667\" \/>\n\t<meta property=\"og:image:type\" content=\"image\/jpeg\" \/>\n<meta name=\"twitter:card\" content=\"summary_large_image\" \/>\n<script type=\"application\/ld+json\" class=\"yoast-schema-graph\">{\"@context\":\"https:\\\/\\\/schema.org\",\"@graph\":[{\"@type\":\"WebPage\",\"@id\":\"https:\\\/\\\/uniform4baltic.com\\\/parduotuve\\\/moterims\\\/kelnes-moterims\\\/4277-pant-40-ciel-blue\\\/\",\"url\":\"https:\\\/\\\/uniform4baltic.com\\\/parduotuve\\\/moterims\\\/kelnes-moterims\\\/4277-pant-40-ciel-blue\\\/\",\"name\":\"4277 Pant \u2013 40 Ciel Blue - uniform4baltic\",\"isPartOf\":{\"@id\":\"https:\\\/\\\/www.uniform4baltic.com\\\/en\\\/#website\"},\"primaryImageOfPage\":{\"@id\":\"https:\\\/\\\/uniform4baltic.com\\\/parduotuve\\\/moterims\\\/kelnes-moterims\\\/4277-pant-40-ciel-blue\\\/#primaryimage\"},\"image\":{\"@id\":\"https:\\\/\\\/uniform4baltic.com\\\/parduotuve\\\/moterims\\\/kelnes-moterims\\\/4277-pant-40-ciel-blue\\\/#primaryimage\"},\"thumbnailUrl\":\"https:\\\/\\\/uniform4baltic.com\\\/wp-content\\\/uploads\\\/2020\\\/09\\\/m_4277-40.jpg\",\"datePublished\":\"2020-09-16T06:03:38+00:00\",\"dateModified\":\"2025-07-08T13:56:21+00:00\",\"description\":\"Tiesios moteri\u0161kos keln\u0117s elastiniu juosmeniu, 6 ki\u0161en\u0117s. Deranti palaidin\u0117: 41452 Top. Med\u017eiaga: 77% poliesteris, 23% viskoz\u0117. Galimi dyd\u017eiai: XXS-5XL. D\u0117l nesam\u0173 dyd\u017ei\u0173 ir spalv\u0173 kreiptis el. pa\u0161tu arba telefonu. 01 BLK 08 NRL 10 WHT 1056 POP 1503 PCB 1507 VIV 1567 SWV 1769 POR 23 IND 328 BHM 37 HTG 39 TEL 40 CLB 471 MNS 503 GLX 549 PRN 600 SCR 65 WIN 905 STL 910 GNT * Prek\u0117 yra padidinta vienu dyd\u017eiu. Jei d\u0117vite M dyd\u012f, m\u016bs\u0173 prek\u0119 reik\u0117t\u0173 rinktis S dyd\u017eio.\",\"breadcrumb\":{\"@id\":\"https:\\\/\\\/uniform4baltic.com\\\/parduotuve\\\/moterims\\\/kelnes-moterims\\\/4277-pant-40-ciel-blue\\\/#breadcrumb\"},\"inLanguage\":\"ru-RU\",\"potentialAction\":[{\"@type\":\"ReadAction\",\"target\":[\"https:\\\/\\\/uniform4baltic.com\\\/parduotuve\\\/moterims\\\/kelnes-moterims\\\/4277-pant-40-ciel-blue\\\/\"]}]},{\"@type\":\"ImageObject\",\"inLanguage\":\"ru-RU\",\"@id\":\"https:\\\/\\\/uniform4baltic.com\\\/parduotuve\\\/moterims\\\/kelnes-moterims\\\/4277-pant-40-ciel-blue\\\/#primaryimage\",\"url\":\"https:\\\/\\\/uniform4baltic.com\\\/wp-content\\\/uploads\\\/2020\\\/09\\\/m_4277-40.jpg\",\"contentUrl\":\"https:\\\/\\\/uniform4baltic.com\\\/wp-content\\\/uploads\\\/2020\\\/09\\\/m_4277-40.jpg\",\"width\":576,\"height\":667},{\"@type\":\"BreadcrumbList\",\"@id\":\"https:\\\/\\\/uniform4baltic.com\\\/parduotuve\\\/moterims\\\/kelnes-moterims\\\/4277-pant-40-ciel-blue\\\/#breadcrumb\",\"itemListElement\":[{\"@type\":\"ListItem\",\"position\":1,\"name\":\"Home\",\"item\":\"https:\\\/\\\/uniform4baltic.com\\\/ru\\\/\"},{\"@type\":\"ListItem\",\"position\":2,\"name\":\"\u041c\u0430\u0433\u0430\u0437\u0438\u043d\",\"item\":\"https:\\\/\\\/uniform4baltic.com\\\/ru\\\/%d0%bc%d0%b0%d0%b3%d0%b0%d0%b7%d0%b8%d0%bd\\\/\"},{\"@type\":\"ListItem\",\"position\":3,\"name\":\"4277 Pant \u2013 40 Ciel Blue\"}]},{\"@type\":\"WebSite\",\"@id\":\"https:\\\/\\\/www.uniform4baltic.com\\\/en\\\/#website\",\"url\":\"https:\\\/\\\/www.uniform4baltic.com\\\/en\\\/\",\"name\":\"uniform4baltic.com\",\"description\":\"Medicinin\u0117 apranga\",\"publisher\":{\"@id\":\"https:\\\/\\\/www.uniform4baltic.com\\\/en\\\/#organization\"},\"potentialAction\":[{\"@type\":\"SearchAction\",\"target\":{\"@type\":\"EntryPoint\",\"urlTemplate\":\"https:\\\/\\\/www.uniform4baltic.com\\\/en\\\/?s={search_term_string}\"},\"query-input\":{\"@type\":\"PropertyValueSpecification\",\"valueRequired\":true,\"valueName\":\"search_term_string\"}}],\"inLanguage\":\"ru-RU\"},{\"@type\":\"Organization\",\"@id\":\"https:\\\/\\\/www.uniform4baltic.com\\\/en\\\/#organization\",\"name\":\"Apranga medikams\",\"url\":\"https:\\\/\\\/www.uniform4baltic.com\\\/en\\\/\",\"logo\":{\"@type\":\"ImageObject\",\"inLanguage\":\"ru-RU\",\"@id\":\"https:\\\/\\\/www.uniform4baltic.com\\\/en\\\/#\\\/schema\\\/logo\\\/image\\\/\",\"url\":\"https:\\\/\\\/uniform4baltic.com\\\/wp-content\\\/uploads\\\/2020\\\/06\\\/logo-web-1.png\",\"contentUrl\":\"https:\\\/\\\/uniform4baltic.com\\\/wp-content\\\/uploads\\\/2020\\\/06\\\/logo-web-1.png\",\"width\":500,\"height\":215,\"caption\":\"Apranga medikams\"},\"image\":{\"@id\":\"https:\\\/\\\/www.uniform4baltic.com\\\/en\\\/#\\\/schema\\\/logo\\\/image\\\/\"}}]}<\/script>\n<!-- \/ Yoast SEO plugin. -->","yoast_head_json":{"title":"4277 Pant \u2013 40 Ciel Blue - uniform4baltic","description":"Tiesios moteri\u0161kos keln\u0117s elastiniu juosmeniu, 6 ki\u0161en\u0117s.  Deranti palaidin\u0117: 41452 Top.  Med\u017eiaga: 77% poliesteris, 23% viskoz\u0117.  Galimi dyd\u017eiai: XXS-5XL.  D\u0117l nesam\u0173 dyd\u017ei\u0173 ir spalv\u0173 kreiptis el. pa\u0161tu arba telefonu.                          01  BLK 08  NRL 10  WHT 1056  POP 1503  PCB 1507  VIV 1567  SWV 1769  POR 23  IND 328  BHM 37  HTG 39  TEL 40  CLB 471  MNS 503  GLX 549  PRN 600  SCR 65  WIN 905  STL 910  GNT    * Prek\u0117 yra padidinta vienu dyd\u017eiu. Jei d\u0117vite M dyd\u012f, m\u016bs\u0173 prek\u0119 reik\u0117t\u0173 rinktis S dyd\u017eio.","robots":{"index":"index","follow":"follow","max-snippet":"max-snippet:-1","max-image-preview":"max-image-preview:large","max-video-preview":"max-video-preview:-1"},"canonical":"https:\/\/uniform4baltic.com\/parduotuve\/moterims\/kelnes-moterims\/4277-pant-40-ciel-blue\/","og_locale":"ru_RU","og_type":"article","og_title":"4277 Pant \u2013 40 Ciel Blue - uniform4baltic","og_description":"Tiesios moteri\u0161kos keln\u0117s elastiniu juosmeniu, 6 ki\u0161en\u0117s.  Deranti palaidin\u0117: 41452 Top.  Med\u017eiaga: 77% poliesteris, 23% viskoz\u0117.  Galimi dyd\u017eiai: XXS-5XL.  D\u0117l nesam\u0173 dyd\u017ei\u0173 ir spalv\u0173 kreiptis el. pa\u0161tu arba telefonu.                          01  BLK 08  NRL 10  WHT 1056  POP 1503  PCB 1507  VIV 1567  SWV 1769  POR 23  IND 328  BHM 37  HTG 39  TEL 40  CLB 471  MNS 503  GLX 549  PRN 600  SCR 65  WIN 905  STL 910  GNT    * Prek\u0117 yra padidinta vienu dyd\u017eiu. Jei d\u0117vite M dyd\u012f, m\u016bs\u0173 prek\u0119 reik\u0117t\u0173 rinktis S dyd\u017eio.","og_url":"https:\/\/uniform4baltic.com\/parduotuve\/moterims\/kelnes-moterims\/4277-pant-40-ciel-blue\/","og_site_name":"uniform4baltic","article_modified_time":"2025-07-08T13:56:21+00:00","og_image":[{"width":576,"height":667,"url":"https:\/\/uniform4baltic.com\/wp-content\/uploads\/2020\/09\/m_4277-40.jpg","type":"image\/jpeg"}],"twitter_card":"summary_large_image","schema":{"@context":"https:\/\/schema.org","@graph":[{"@type":"WebPage","@id":"https:\/\/uniform4baltic.com\/parduotuve\/moterims\/kelnes-moterims\/4277-pant-40-ciel-blue\/","url":"https:\/\/uniform4baltic.com\/parduotuve\/moterims\/kelnes-moterims\/4277-pant-40-ciel-blue\/","name":"4277 Pant \u2013 40 Ciel Blue - uniform4baltic","isPartOf":{"@id":"https:\/\/www.uniform4baltic.com\/en\/#website"},"primaryImageOfPage":{"@id":"https:\/\/uniform4baltic.com\/parduotuve\/moterims\/kelnes-moterims\/4277-pant-40-ciel-blue\/#primaryimage"},"image":{"@id":"https:\/\/uniform4baltic.com\/parduotuve\/moterims\/kelnes-moterims\/4277-pant-40-ciel-blue\/#primaryimage"},"thumbnailUrl":"https:\/\/uniform4baltic.com\/wp-content\/uploads\/2020\/09\/m_4277-40.jpg","datePublished":"2020-09-16T06:03:38+00:00","dateModified":"2025-07-08T13:56:21+00:00","description":"Tiesios moteri\u0161kos keln\u0117s elastiniu juosmeniu, 6 ki\u0161en\u0117s. Deranti palaidin\u0117: 41452 Top. Med\u017eiaga: 77% poliesteris, 23% viskoz\u0117. Galimi dyd\u017eiai: XXS-5XL. D\u0117l nesam\u0173 dyd\u017ei\u0173 ir spalv\u0173 kreiptis el. pa\u0161tu arba telefonu. 01 BLK 08 NRL 10 WHT 1056 POP 1503 PCB 1507 VIV 1567 SWV 1769 POR 23 IND 328 BHM 37 HTG 39 TEL 40 CLB 471 MNS 503 GLX 549 PRN 600 SCR 65 WIN 905 STL 910 GNT * Prek\u0117 yra padidinta vienu dyd\u017eiu. Jei d\u0117vite M dyd\u012f, m\u016bs\u0173 prek\u0119 reik\u0117t\u0173 rinktis S dyd\u017eio.","breadcrumb":{"@id":"https:\/\/uniform4baltic.com\/parduotuve\/moterims\/kelnes-moterims\/4277-pant-40-ciel-blue\/#breadcrumb"},"inLanguage":"ru-RU","potentialAction":[{"@type":"ReadAction","target":["https:\/\/uniform4baltic.com\/parduotuve\/moterims\/kelnes-moterims\/4277-pant-40-ciel-blue\/"]}]},{"@type":"ImageObject","inLanguage":"ru-RU","@id":"https:\/\/uniform4baltic.com\/parduotuve\/moterims\/kelnes-moterims\/4277-pant-40-ciel-blue\/#primaryimage","url":"https:\/\/uniform4baltic.com\/wp-content\/uploads\/2020\/09\/m_4277-40.jpg","contentUrl":"https:\/\/uniform4baltic.com\/wp-content\/uploads\/2020\/09\/m_4277-40.jpg","width":576,"height":667},{"@type":"BreadcrumbList","@id":"https:\/\/uniform4baltic.com\/parduotuve\/moterims\/kelnes-moterims\/4277-pant-40-ciel-blue\/#breadcrumb","itemListElement":[{"@type":"ListItem","position":1,"name":"Home","item":"https:\/\/uniform4baltic.com\/ru\/"},{"@type":"ListItem","position":2,"name":"\u041c\u0430\u0433\u0430\u0437\u0438\u043d","item":"https:\/\/uniform4baltic.com\/ru\/%d0%bc%d0%b0%d0%b3%d0%b0%d0%b7%d0%b8%d0%bd\/"},{"@type":"ListItem","position":3,"name":"4277 Pant \u2013 40 Ciel Blue"}]},{"@type":"WebSite","@id":"https:\/\/www.uniform4baltic.com\/en\/#website","url":"https:\/\/www.uniform4baltic.com\/en\/","name":"uniform4baltic.com","description":"Medicinin\u0117 apranga","publisher":{"@id":"https:\/\/www.uniform4baltic.com\/en\/#organization"},"potentialAction":[{"@type":"SearchAction","target":{"@type":"EntryPoint","urlTemplate":"https:\/\/www.uniform4baltic.com\/en\/?s={search_term_string}"},"query-input":{"@type":"PropertyValueSpecification","valueRequired":true,"valueName":"search_term_string"}}],"inLanguage":"ru-RU"},{"@type":"Organization","@id":"https:\/\/www.uniform4baltic.com\/en\/#organization","name":"Apranga medikams","url":"https:\/\/www.uniform4baltic.com\/en\/","logo":{"@type":"ImageObject","inLanguage":"ru-RU","@id":"https:\/\/www.uniform4baltic.com\/en\/#\/schema\/logo\/image\/","url":"https:\/\/uniform4baltic.com\/wp-content\/uploads\/2020\/06\/logo-web-1.png","contentUrl":"https:\/\/uniform4baltic.com\/wp-content\/uploads\/2020\/06\/logo-web-1.png","width":500,"height":215,"caption":"Apranga medikams"},"image":{"@id":"https:\/\/www.uniform4baltic.com\/en\/#\/schema\/logo\/image\/"}}]}},"_links":{"self":[{"href":"https:\/\/uniform4baltic.com\/ru\/wp-json\/wp\/v2\/product\/10834","targetHints":{"allow":["GET"]}}],"collection":[{"href":"https:\/\/uniform4baltic.com\/ru\/wp-json\/wp\/v2\/product"}],"about":[{"href":"https:\/\/uniform4baltic.com\/ru\/wp-json\/wp\/v2\/types\/product"}],"replies":[{"embeddable":true,"href":"https:\/\/uniform4baltic.com\/ru\/wp-json\/wp\/v2\/comments?post=10834"}],"wp:featuredmedia":[{"embeddable":true,"href":"https:\/\/uniform4baltic.com\/ru\/wp-json\/wp\/v2\/media\/10838"}],"wp:attachment":[{"href":"https:\/\/uniform4baltic.com\/ru\/wp-json\/wp\/v2\/media?parent=10834"}],"wp:term":[{"taxonomy":"product_brand","embeddable":true,"href":"https:\/\/uniform4baltic.com\/ru\/wp-json\/wp\/v2\/product_brand?post=10834"},{"taxonomy":"product_cat","embeddable":true,"href":"https:\/\/uniform4baltic.com\/ru\/wp-json\/wp\/v2\/product_cat?post=10834"},{"taxonomy":"product_tag","embeddable":true,"href":"https:\/\/uniform4baltic.com\/ru\/wp-json\/wp\/v2\/product_tag?post=10834"}],"curies":[{"name":"wp","href":"https:\/\/api.w.org\/{rel}","templated":true}]}}