{"id":13689,"date":"2021-07-08T05:56:05","date_gmt":"2021-07-08T07:56:05","guid":{"rendered":"https:\/\/uniform4baltic.com\/?post_type=product&#038;p=13689"},"modified":"2023-04-24T07:50:40","modified_gmt":"2023-04-24T09:50:40","slug":"gnp553-pant-1560-shadow-shade","status":"publish","type":"product","link":"https:\/\/uniform4baltic.com\/ru\/parduotuve\/%d0%b4%d0%bb%d1%8f-%d0%b6%d0%b5%d0%bd%d1%89%d0%b8%d0%bd\/%d1%88%d1%82%d0%b0%d0%bd%d1%8b\/gnp553-pant-1560-shadow-shade\/","title":{"rendered":"GNP553 Pant \u2013 1560 Shadow Shade"},"content":{"rendered":"","protected":false},"excerpt":{"rendered":"<p>Audinio sud\u0117tis: 71% poliesteris, 24% viskoz\u0117, 5% elastanas<\/p>\n<p>2 priekin\u0117s ki\u0161en\u0117s<\/p>\n<p>2 galin\u0117s ki\u0161en\u0117s<\/p>\n<p>2 \u00a0ki\u0161en\u0117s su viena pasl\u0117pta ki\u0161ene de\u0161in\u0117je<\/p>\n<p>Elastinga juosmens juosta su rai\u0161teliu<br \/>\nDeranti palaidin\u0117: GNT086<br \/>\nGalimi didesni dyd\u017eiai: XS-3XL<br \/>\nD\u0117l dyd\u017ei\u0173 kreiptis el.pa\u0161tu arba telefonu.<\/p>\n","protected":false},"featured_media":13694,"comment_status":"open","ping_status":"closed","template":"","meta":[],"product_brand":[],"product_cat":[240,155,54,48,15],"product_tag":[822],"class_list":{"0":"post-13689","1":"product","2":"type-product","3":"status-publish","4":"has-post-thumbnail","6":"product_cat-dydziu-lentele","7":"product_cat-katalogas","8":"product_cat-kelnes-moterims","9":"product_cat-moterims","10":"product_cat-uncategorized","11":"product_tag-gnp553-1560","12":"pa_kolekcija-greys-anatomy-signature","14":"first","15":"instock","16":"shipping-taxable","17":"purchasable","18":"product-type-variable","19":"has-default-attributes"},"yoast_head":"<!-- This site is optimized with the Yoast SEO plugin v27.4 - https:\/\/yoast.com\/product\/yoast-seo-wordpress\/ -->\n<title>GNP553 Pant \u2013 1560 Shadow Shade - uniform4baltic<\/title>\n<meta name=\"description\" content=\"Audinio sud\u0117tis: 71% poliesteris, 24% viskoz\u0117, 5% elastanas  2 priekin\u0117s ki\u0161en\u0117s  2 galin\u0117s ki\u0161en\u0117s  2 \u00a0ki\u0161en\u0117s su viena pasl\u0117pta ki\u0161ene de\u0161in\u0117je  Elastinga juosmens juosta su rai\u0161teliu Deranti palaidin\u0117: GNT086 Galimi didesni dyd\u017eiai: XS-3XL D\u0117l dyd\u017ei\u0173 kreiptis el.pa\u0161tu arba telefonu.\" \/>\n<meta name=\"robots\" content=\"index, follow, max-snippet:-1, max-image-preview:large, max-video-preview:-1\" \/>\n<link rel=\"canonical\" href=\"https:\/\/www.uniform4baltic.com\/parduotuve\/moterims\/kelnes-moterims\/gnp553-pant-1560-shadow-shade\/\" \/>\n<meta property=\"og:locale\" content=\"ru_RU\" \/>\n<meta property=\"og:type\" content=\"article\" \/>\n<meta property=\"og:title\" content=\"GNP553 Pant \u2013 1560 Shadow Shade - uniform4baltic\" \/>\n<meta property=\"og:description\" content=\"Audinio sud\u0117tis: 71% poliesteris, 24% viskoz\u0117, 5% elastanas  2 priekin\u0117s ki\u0161en\u0117s  2 galin\u0117s ki\u0161en\u0117s  2 \u00a0ki\u0161en\u0117s su viena pasl\u0117pta ki\u0161ene de\u0161in\u0117je  Elastinga juosmens juosta su rai\u0161teliu Deranti palaidin\u0117: GNT086 Galimi didesni dyd\u017eiai: XS-3XL D\u0117l dyd\u017ei\u0173 kreiptis el.pa\u0161tu arba telefonu.\" \/>\n<meta property=\"og:url\" content=\"https:\/\/www.uniform4baltic.com\/parduotuve\/moterims\/kelnes-moterims\/gnp553-pant-1560-shadow-shade\/\" \/>\n<meta property=\"og:site_name\" content=\"uniform4baltic\" \/>\n<meta property=\"article:modified_time\" content=\"2023-04-24T09:50:40+00:00\" \/>\n<meta property=\"og:image\" content=\"https:\/\/www.uniform4baltic.com\/wp-content\/uploads\/2021\/07\/m_GNP553-1560.jpg\" \/>\n\t<meta property=\"og:image:width\" content=\"571\" \/>\n\t<meta property=\"og:image:height\" content=\"661\" \/>\n\t<meta property=\"og:image:type\" content=\"image\/jpeg\" \/>\n<meta name=\"twitter:card\" content=\"summary_large_image\" \/>\n<script type=\"application\/ld+json\" class=\"yoast-schema-graph\">{\"@context\":\"https:\\\/\\\/schema.org\",\"@graph\":[{\"@type\":\"WebPage\",\"@id\":\"https:\\\/\\\/www.uniform4baltic.com\\\/parduotuve\\\/moterims\\\/kelnes-moterims\\\/gnp553-pant-1560-shadow-shade\\\/\",\"url\":\"https:\\\/\\\/www.uniform4baltic.com\\\/parduotuve\\\/moterims\\\/kelnes-moterims\\\/gnp553-pant-1560-shadow-shade\\\/\",\"name\":\"GNP553 Pant \u2013 1560 Shadow Shade - uniform4baltic\",\"isPartOf\":{\"@id\":\"https:\\\/\\\/www.uniform4baltic.com\\\/en\\\/#website\"},\"primaryImageOfPage\":{\"@id\":\"https:\\\/\\\/www.uniform4baltic.com\\\/parduotuve\\\/moterims\\\/kelnes-moterims\\\/gnp553-pant-1560-shadow-shade\\\/#primaryimage\"},\"image\":{\"@id\":\"https:\\\/\\\/www.uniform4baltic.com\\\/parduotuve\\\/moterims\\\/kelnes-moterims\\\/gnp553-pant-1560-shadow-shade\\\/#primaryimage\"},\"thumbnailUrl\":\"https:\\\/\\\/uniform4baltic.com\\\/wp-content\\\/uploads\\\/2021\\\/07\\\/m_GNP553-1560.jpg\",\"datePublished\":\"2021-07-08T07:56:05+00:00\",\"dateModified\":\"2023-04-24T09:50:40+00:00\",\"description\":\"Audinio sud\u0117tis: 71% poliesteris, 24% viskoz\u0117, 5% elastanas 2 priekin\u0117s ki\u0161en\u0117s 2 galin\u0117s ki\u0161en\u0117s 2 \u00a0ki\u0161en\u0117s su viena pasl\u0117pta ki\u0161ene de\u0161in\u0117je Elastinga juosmens juosta su rai\u0161teliu Deranti palaidin\u0117: GNT086 Galimi didesni dyd\u017eiai: XS-3XL D\u0117l dyd\u017ei\u0173 kreiptis el.pa\u0161tu arba telefonu.\",\"breadcrumb\":{\"@id\":\"https:\\\/\\\/www.uniform4baltic.com\\\/parduotuve\\\/moterims\\\/kelnes-moterims\\\/gnp553-pant-1560-shadow-shade\\\/#breadcrumb\"},\"inLanguage\":\"ru-RU\",\"potentialAction\":[{\"@type\":\"ReadAction\",\"target\":[\"https:\\\/\\\/www.uniform4baltic.com\\\/parduotuve\\\/moterims\\\/kelnes-moterims\\\/gnp553-pant-1560-shadow-shade\\\/\"]}]},{\"@type\":\"ImageObject\",\"inLanguage\":\"ru-RU\",\"@id\":\"https:\\\/\\\/www.uniform4baltic.com\\\/parduotuve\\\/moterims\\\/kelnes-moterims\\\/gnp553-pant-1560-shadow-shade\\\/#primaryimage\",\"url\":\"https:\\\/\\\/uniform4baltic.com\\\/wp-content\\\/uploads\\\/2021\\\/07\\\/m_GNP553-1560.jpg\",\"contentUrl\":\"https:\\\/\\\/uniform4baltic.com\\\/wp-content\\\/uploads\\\/2021\\\/07\\\/m_GNP553-1560.jpg\",\"width\":571,\"height\":661},{\"@type\":\"BreadcrumbList\",\"@id\":\"https:\\\/\\\/www.uniform4baltic.com\\\/parduotuve\\\/moterims\\\/kelnes-moterims\\\/gnp553-pant-1560-shadow-shade\\\/#breadcrumb\",\"itemListElement\":[{\"@type\":\"ListItem\",\"position\":1,\"name\":\"Home\",\"item\":\"https:\\\/\\\/uniform4baltic.com\\\/ru\\\/\"},{\"@type\":\"ListItem\",\"position\":2,\"name\":\"\u041c\u0430\u0433\u0430\u0437\u0438\u043d\",\"item\":\"https:\\\/\\\/uniform4baltic.com\\\/ru\\\/%d0%bc%d0%b0%d0%b3%d0%b0%d0%b7%d0%b8%d0%bd\\\/\"},{\"@type\":\"ListItem\",\"position\":3,\"name\":\"GNP553 Pant \u2013 1560 Shadow Shade\"}]},{\"@type\":\"WebSite\",\"@id\":\"https:\\\/\\\/www.uniform4baltic.com\\\/en\\\/#website\",\"url\":\"https:\\\/\\\/www.uniform4baltic.com\\\/en\\\/\",\"name\":\"uniform4baltic.com\",\"description\":\"Medicinin\u0117 apranga\",\"publisher\":{\"@id\":\"https:\\\/\\\/www.uniform4baltic.com\\\/en\\\/#organization\"},\"potentialAction\":[{\"@type\":\"SearchAction\",\"target\":{\"@type\":\"EntryPoint\",\"urlTemplate\":\"https:\\\/\\\/www.uniform4baltic.com\\\/en\\\/?s={search_term_string}\"},\"query-input\":{\"@type\":\"PropertyValueSpecification\",\"valueRequired\":true,\"valueName\":\"search_term_string\"}}],\"inLanguage\":\"ru-RU\"},{\"@type\":\"Organization\",\"@id\":\"https:\\\/\\\/www.uniform4baltic.com\\\/en\\\/#organization\",\"name\":\"Apranga medikams\",\"url\":\"https:\\\/\\\/www.uniform4baltic.com\\\/en\\\/\",\"logo\":{\"@type\":\"ImageObject\",\"inLanguage\":\"ru-RU\",\"@id\":\"https:\\\/\\\/www.uniform4baltic.com\\\/en\\\/#\\\/schema\\\/logo\\\/image\\\/\",\"url\":\"https:\\\/\\\/uniform4baltic.com\\\/wp-content\\\/uploads\\\/2020\\\/06\\\/logo-web-1.png\",\"contentUrl\":\"https:\\\/\\\/uniform4baltic.com\\\/wp-content\\\/uploads\\\/2020\\\/06\\\/logo-web-1.png\",\"width\":500,\"height\":215,\"caption\":\"Apranga medikams\"},\"image\":{\"@id\":\"https:\\\/\\\/www.uniform4baltic.com\\\/en\\\/#\\\/schema\\\/logo\\\/image\\\/\"}}]}<\/script>\n<!-- \/ Yoast SEO plugin. -->","yoast_head_json":{"title":"GNP553 Pant \u2013 1560 Shadow Shade - uniform4baltic","description":"Audinio sud\u0117tis: 71% poliesteris, 24% viskoz\u0117, 5% elastanas  2 priekin\u0117s ki\u0161en\u0117s  2 galin\u0117s ki\u0161en\u0117s  2 \u00a0ki\u0161en\u0117s su viena pasl\u0117pta ki\u0161ene de\u0161in\u0117je  Elastinga juosmens juosta su rai\u0161teliu Deranti palaidin\u0117: GNT086 Galimi didesni dyd\u017eiai: XS-3XL D\u0117l dyd\u017ei\u0173 kreiptis el.pa\u0161tu arba telefonu.","robots":{"index":"index","follow":"follow","max-snippet":"max-snippet:-1","max-image-preview":"max-image-preview:large","max-video-preview":"max-video-preview:-1"},"canonical":"https:\/\/www.uniform4baltic.com\/parduotuve\/moterims\/kelnes-moterims\/gnp553-pant-1560-shadow-shade\/","og_locale":"ru_RU","og_type":"article","og_title":"GNP553 Pant \u2013 1560 Shadow Shade - uniform4baltic","og_description":"Audinio sud\u0117tis: 71% poliesteris, 24% viskoz\u0117, 5% elastanas  2 priekin\u0117s ki\u0161en\u0117s  2 galin\u0117s ki\u0161en\u0117s  2 \u00a0ki\u0161en\u0117s su viena pasl\u0117pta ki\u0161ene de\u0161in\u0117je  Elastinga juosmens juosta su rai\u0161teliu Deranti palaidin\u0117: GNT086 Galimi didesni dyd\u017eiai: XS-3XL D\u0117l dyd\u017ei\u0173 kreiptis el.pa\u0161tu arba telefonu.","og_url":"https:\/\/www.uniform4baltic.com\/parduotuve\/moterims\/kelnes-moterims\/gnp553-pant-1560-shadow-shade\/","og_site_name":"uniform4baltic","article_modified_time":"2023-04-24T09:50:40+00:00","og_image":[{"width":571,"height":661,"url":"https:\/\/www.uniform4baltic.com\/wp-content\/uploads\/2021\/07\/m_GNP553-1560.jpg","type":"image\/jpeg"}],"twitter_card":"summary_large_image","schema":{"@context":"https:\/\/schema.org","@graph":[{"@type":"WebPage","@id":"https:\/\/www.uniform4baltic.com\/parduotuve\/moterims\/kelnes-moterims\/gnp553-pant-1560-shadow-shade\/","url":"https:\/\/www.uniform4baltic.com\/parduotuve\/moterims\/kelnes-moterims\/gnp553-pant-1560-shadow-shade\/","name":"GNP553 Pant \u2013 1560 Shadow Shade - uniform4baltic","isPartOf":{"@id":"https:\/\/www.uniform4baltic.com\/en\/#website"},"primaryImageOfPage":{"@id":"https:\/\/www.uniform4baltic.com\/parduotuve\/moterims\/kelnes-moterims\/gnp553-pant-1560-shadow-shade\/#primaryimage"},"image":{"@id":"https:\/\/www.uniform4baltic.com\/parduotuve\/moterims\/kelnes-moterims\/gnp553-pant-1560-shadow-shade\/#primaryimage"},"thumbnailUrl":"https:\/\/uniform4baltic.com\/wp-content\/uploads\/2021\/07\/m_GNP553-1560.jpg","datePublished":"2021-07-08T07:56:05+00:00","dateModified":"2023-04-24T09:50:40+00:00","description":"Audinio sud\u0117tis: 71% poliesteris, 24% viskoz\u0117, 5% elastanas 2 priekin\u0117s ki\u0161en\u0117s 2 galin\u0117s ki\u0161en\u0117s 2 \u00a0ki\u0161en\u0117s su viena pasl\u0117pta ki\u0161ene de\u0161in\u0117je Elastinga juosmens juosta su rai\u0161teliu Deranti palaidin\u0117: GNT086 Galimi didesni dyd\u017eiai: XS-3XL D\u0117l dyd\u017ei\u0173 kreiptis el.pa\u0161tu arba telefonu.","breadcrumb":{"@id":"https:\/\/www.uniform4baltic.com\/parduotuve\/moterims\/kelnes-moterims\/gnp553-pant-1560-shadow-shade\/#breadcrumb"},"inLanguage":"ru-RU","potentialAction":[{"@type":"ReadAction","target":["https:\/\/www.uniform4baltic.com\/parduotuve\/moterims\/kelnes-moterims\/gnp553-pant-1560-shadow-shade\/"]}]},{"@type":"ImageObject","inLanguage":"ru-RU","@id":"https:\/\/www.uniform4baltic.com\/parduotuve\/moterims\/kelnes-moterims\/gnp553-pant-1560-shadow-shade\/#primaryimage","url":"https:\/\/uniform4baltic.com\/wp-content\/uploads\/2021\/07\/m_GNP553-1560.jpg","contentUrl":"https:\/\/uniform4baltic.com\/wp-content\/uploads\/2021\/07\/m_GNP553-1560.jpg","width":571,"height":661},{"@type":"BreadcrumbList","@id":"https:\/\/www.uniform4baltic.com\/parduotuve\/moterims\/kelnes-moterims\/gnp553-pant-1560-shadow-shade\/#breadcrumb","itemListElement":[{"@type":"ListItem","position":1,"name":"Home","item":"https:\/\/uniform4baltic.com\/ru\/"},{"@type":"ListItem","position":2,"name":"\u041c\u0430\u0433\u0430\u0437\u0438\u043d","item":"https:\/\/uniform4baltic.com\/ru\/%d0%bc%d0%b0%d0%b3%d0%b0%d0%b7%d0%b8%d0%bd\/"},{"@type":"ListItem","position":3,"name":"GNP553 Pant \u2013 1560 Shadow Shade"}]},{"@type":"WebSite","@id":"https:\/\/www.uniform4baltic.com\/en\/#website","url":"https:\/\/www.uniform4baltic.com\/en\/","name":"uniform4baltic.com","description":"Medicinin\u0117 apranga","publisher":{"@id":"https:\/\/www.uniform4baltic.com\/en\/#organization"},"potentialAction":[{"@type":"SearchAction","target":{"@type":"EntryPoint","urlTemplate":"https:\/\/www.uniform4baltic.com\/en\/?s={search_term_string}"},"query-input":{"@type":"PropertyValueSpecification","valueRequired":true,"valueName":"search_term_string"}}],"inLanguage":"ru-RU"},{"@type":"Organization","@id":"https:\/\/www.uniform4baltic.com\/en\/#organization","name":"Apranga medikams","url":"https:\/\/www.uniform4baltic.com\/en\/","logo":{"@type":"ImageObject","inLanguage":"ru-RU","@id":"https:\/\/www.uniform4baltic.com\/en\/#\/schema\/logo\/image\/","url":"https:\/\/uniform4baltic.com\/wp-content\/uploads\/2020\/06\/logo-web-1.png","contentUrl":"https:\/\/uniform4baltic.com\/wp-content\/uploads\/2020\/06\/logo-web-1.png","width":500,"height":215,"caption":"Apranga medikams"},"image":{"@id":"https:\/\/www.uniform4baltic.com\/en\/#\/schema\/logo\/image\/"}}]}},"_links":{"self":[{"href":"https:\/\/uniform4baltic.com\/ru\/wp-json\/wp\/v2\/product\/13689","targetHints":{"allow":["GET"]}}],"collection":[{"href":"https:\/\/uniform4baltic.com\/ru\/wp-json\/wp\/v2\/product"}],"about":[{"href":"https:\/\/uniform4baltic.com\/ru\/wp-json\/wp\/v2\/types\/product"}],"replies":[{"embeddable":true,"href":"https:\/\/uniform4baltic.com\/ru\/wp-json\/wp\/v2\/comments?post=13689"}],"wp:featuredmedia":[{"embeddable":true,"href":"https:\/\/uniform4baltic.com\/ru\/wp-json\/wp\/v2\/media\/13694"}],"wp:attachment":[{"href":"https:\/\/uniform4baltic.com\/ru\/wp-json\/wp\/v2\/media?parent=13689"}],"wp:term":[{"taxonomy":"product_brand","embeddable":true,"href":"https:\/\/uniform4baltic.com\/ru\/wp-json\/wp\/v2\/product_brand?post=13689"},{"taxonomy":"product_cat","embeddable":true,"href":"https:\/\/uniform4baltic.com\/ru\/wp-json\/wp\/v2\/product_cat?post=13689"},{"taxonomy":"product_tag","embeddable":true,"href":"https:\/\/uniform4baltic.com\/ru\/wp-json\/wp\/v2\/product_tag?post=13689"}],"curies":[{"name":"wp","href":"https:\/\/api.w.org\/{rel}","templated":true}]}}