{"id":14048,"date":"2021-08-18T10:48:48","date_gmt":"2021-08-18T12:48:48","guid":{"rendered":"https:\/\/uniform4baltic.com\/?post_type=product&#038;p=14048"},"modified":"2023-09-07T08:13:07","modified_gmt":"2023-09-07T10:13:07","slug":"2121-top-503-galaxy","status":"publish","type":"product","link":"https:\/\/uniform4baltic.com\/ru\/parduotuve\/%d0%b4%d0%bb%d1%8f-%d0%b6%d0%b5%d0%bd%d1%89%d0%b8%d0%bd\/%d0%b1%d0%bb%d1%83%d0%b7%d1%8b\/2121-top-503-galaxy\/","title":{"rendered":"2121 Top \u2013 503 Galaxy"},"content":{"rendered":"","protected":false},"excerpt":{"rendered":"<p>Moteri\u0161ka palaidin\u0117. 2 ki\u0161en\u0117s.<\/p>\n<p>Deran\u010dios keln\u0117s: 2207<\/p>\n<p>Med\u017eiaga:<br \/>\n71% poliesteris, 24% viskoz\u0117, 5% elastanas.<\/p>\n<p>Galimi dyd\u017eiai: XXS-5XL.<\/p>\n<p>D\u0117l nesam\u0173 dyd\u017ei\u0173 ir spalv\u0173 kreiptis el. pa\u0161tu arba telefonu.<\/p>\n<p>* Prek\u0117 yra padidinta vienu dyd\u017eiu. Jei d\u0117vite M dyd\u012f, m\u016bs\u0173 prek\u0119 reik\u0117t\u0173 rinktis S dyd\u017eio.<\/p>\n","protected":false},"featured_media":14052,"comment_status":"open","ping_status":"closed","template":"","meta":[],"product_brand":[],"product_cat":[240,155,15,48,53],"product_tag":[452],"class_list":{"0":"post-14048","1":"product","2":"type-product","3":"status-publish","4":"has-post-thumbnail","6":"product_cat-dydziu-lentele","7":"product_cat-katalogas","8":"product_cat-uncategorized","9":"product_cat-moterims","10":"product_cat-palaidines","11":"product_tag-2121-503","12":"pa_kolekcija-greys-anatomy-signature","14":"first","15":"instock","16":"shipping-taxable","17":"purchasable","18":"product-type-variable","19":"has-default-attributes"},"yoast_head":"<!-- This site is optimized with the Yoast SEO plugin v26.9 - https:\/\/yoast.com\/product\/yoast-seo-wordpress\/ -->\n<title>2121 Top \u2013 503 Galaxy - uniform4baltic<\/title>\n<meta name=\"description\" content=\"Moteri\u0161ka palaidin\u0117. 2 ki\u0161en\u0117s.  Deran\u010dios keln\u0117s: 2207  Med\u017eiaga: 71% poliesteris, 24% viskoz\u0117, 5% elastanas.  Galimi dyd\u017eiai: XXS-5XL.  D\u0117l nesam\u0173 dyd\u017ei\u0173 ir spalv\u0173 kreiptis el. pa\u0161tu arba telefonu.  * Prek\u0117 yra padidinta vienu dyd\u017eiu. Jei d\u0117vite M dyd\u012f, m\u016bs\u0173 prek\u0119 reik\u0117t\u0173 rinktis S dyd\u017eio.\" \/>\n<meta name=\"robots\" content=\"index, follow, max-snippet:-1, max-image-preview:large, max-video-preview:-1\" \/>\n<link rel=\"canonical\" href=\"https:\/\/uniform4baltic.com\/parduotuve\/moterims\/palaidines\/2121-top-503-galaxy\/\" \/>\n<meta property=\"og:locale\" content=\"ru_RU\" \/>\n<meta property=\"og:type\" content=\"article\" \/>\n<meta property=\"og:title\" content=\"2121 Top \u2013 503 Galaxy - uniform4baltic\" \/>\n<meta property=\"og:description\" content=\"Moteri\u0161ka palaidin\u0117. 2 ki\u0161en\u0117s.  Deran\u010dios keln\u0117s: 2207  Med\u017eiaga: 71% poliesteris, 24% viskoz\u0117, 5% elastanas.  Galimi dyd\u017eiai: XXS-5XL.  D\u0117l nesam\u0173 dyd\u017ei\u0173 ir spalv\u0173 kreiptis el. pa\u0161tu arba telefonu.  * Prek\u0117 yra padidinta vienu dyd\u017eiu. Jei d\u0117vite M dyd\u012f, m\u016bs\u0173 prek\u0119 reik\u0117t\u0173 rinktis S dyd\u017eio.\" \/>\n<meta property=\"og:url\" content=\"https:\/\/uniform4baltic.com\/parduotuve\/moterims\/palaidines\/2121-top-503-galaxy\/\" \/>\n<meta property=\"og:site_name\" content=\"uniform4baltic\" \/>\n<meta property=\"article:modified_time\" content=\"2023-09-07T10:13:07+00:00\" \/>\n<meta property=\"og:image\" content=\"https:\/\/uniform4baltic.com\/wp-content\/uploads\/2021\/08\/m_2121-503.jpg\" \/>\n\t<meta property=\"og:image:width\" content=\"576\" \/>\n\t<meta property=\"og:image:height\" content=\"667\" \/>\n\t<meta property=\"og:image:type\" content=\"image\/jpeg\" \/>\n<meta name=\"twitter:card\" content=\"summary_large_image\" \/>\n<script type=\"application\/ld+json\" class=\"yoast-schema-graph\">{\"@context\":\"https:\/\/schema.org\",\"@graph\":[{\"@type\":\"WebPage\",\"@id\":\"https:\/\/uniform4baltic.com\/parduotuve\/moterims\/palaidines\/2121-top-503-galaxy\/\",\"url\":\"https:\/\/uniform4baltic.com\/parduotuve\/moterims\/palaidines\/2121-top-503-galaxy\/\",\"name\":\"2121 Top \u2013 503 Galaxy - uniform4baltic\",\"isPartOf\":{\"@id\":\"https:\/\/www.uniform4baltic.com\/en\/#website\"},\"primaryImageOfPage\":{\"@id\":\"https:\/\/uniform4baltic.com\/parduotuve\/moterims\/palaidines\/2121-top-503-galaxy\/#primaryimage\"},\"image\":{\"@id\":\"https:\/\/uniform4baltic.com\/parduotuve\/moterims\/palaidines\/2121-top-503-galaxy\/#primaryimage\"},\"thumbnailUrl\":\"https:\/\/uniform4baltic.com\/wp-content\/uploads\/2021\/08\/m_2121-503.jpg\",\"datePublished\":\"2021-08-18T12:48:48+00:00\",\"dateModified\":\"2023-09-07T10:13:07+00:00\",\"description\":\"Moteri\u0161ka palaidin\u0117. 2 ki\u0161en\u0117s. Deran\u010dios keln\u0117s: 2207 Med\u017eiaga: 71% poliesteris, 24% viskoz\u0117, 5% elastanas. Galimi dyd\u017eiai: XXS-5XL. D\u0117l nesam\u0173 dyd\u017ei\u0173 ir spalv\u0173 kreiptis el. pa\u0161tu arba telefonu. * Prek\u0117 yra padidinta vienu dyd\u017eiu. Jei d\u0117vite M dyd\u012f, m\u016bs\u0173 prek\u0119 reik\u0117t\u0173 rinktis S dyd\u017eio.\",\"breadcrumb\":{\"@id\":\"https:\/\/uniform4baltic.com\/parduotuve\/moterims\/palaidines\/2121-top-503-galaxy\/#breadcrumb\"},\"inLanguage\":\"ru-RU\",\"potentialAction\":[{\"@type\":\"ReadAction\",\"target\":[\"https:\/\/uniform4baltic.com\/parduotuve\/moterims\/palaidines\/2121-top-503-galaxy\/\"]}]},{\"@type\":\"ImageObject\",\"inLanguage\":\"ru-RU\",\"@id\":\"https:\/\/uniform4baltic.com\/parduotuve\/moterims\/palaidines\/2121-top-503-galaxy\/#primaryimage\",\"url\":\"https:\/\/uniform4baltic.com\/wp-content\/uploads\/2021\/08\/m_2121-503.jpg\",\"contentUrl\":\"https:\/\/uniform4baltic.com\/wp-content\/uploads\/2021\/08\/m_2121-503.jpg\",\"width\":576,\"height\":667},{\"@type\":\"BreadcrumbList\",\"@id\":\"https:\/\/uniform4baltic.com\/parduotuve\/moterims\/palaidines\/2121-top-503-galaxy\/#breadcrumb\",\"itemListElement\":[{\"@type\":\"ListItem\",\"position\":1,\"name\":\"Home\",\"item\":\"https:\/\/uniform4baltic.com\/ru\/\"},{\"@type\":\"ListItem\",\"position\":2,\"name\":\"\u041c\u0430\u0433\u0430\u0437\u0438\u043d\",\"item\":\"https:\/\/uniform4baltic.com\/ru\/%d0%bc%d0%b0%d0%b3%d0%b0%d0%b7%d0%b8%d0%bd\/\"},{\"@type\":\"ListItem\",\"position\":3,\"name\":\"2121 Top \u2013 503 Galaxy\"}]},{\"@type\":\"WebSite\",\"@id\":\"https:\/\/www.uniform4baltic.com\/en\/#website\",\"url\":\"https:\/\/www.uniform4baltic.com\/en\/\",\"name\":\"uniform4baltic.com\",\"description\":\"Medicinin\u0117 apranga\",\"publisher\":{\"@id\":\"https:\/\/www.uniform4baltic.com\/en\/#organization\"},\"potentialAction\":[{\"@type\":\"SearchAction\",\"target\":{\"@type\":\"EntryPoint\",\"urlTemplate\":\"https:\/\/www.uniform4baltic.com\/en\/?s={search_term_string}\"},\"query-input\":{\"@type\":\"PropertyValueSpecification\",\"valueRequired\":true,\"valueName\":\"search_term_string\"}}],\"inLanguage\":\"ru-RU\"},{\"@type\":\"Organization\",\"@id\":\"https:\/\/www.uniform4baltic.com\/en\/#organization\",\"name\":\"Apranga medikams\",\"url\":\"https:\/\/www.uniform4baltic.com\/en\/\",\"logo\":{\"@type\":\"ImageObject\",\"inLanguage\":\"ru-RU\",\"@id\":\"https:\/\/www.uniform4baltic.com\/en\/#\/schema\/logo\/image\/\",\"url\":\"https:\/\/uniform4baltic.com\/wp-content\/uploads\/2020\/06\/logo-web-1.png\",\"contentUrl\":\"https:\/\/uniform4baltic.com\/wp-content\/uploads\/2020\/06\/logo-web-1.png\",\"width\":500,\"height\":215,\"caption\":\"Apranga medikams\"},\"image\":{\"@id\":\"https:\/\/www.uniform4baltic.com\/en\/#\/schema\/logo\/image\/\"}}]}<\/script>\n<!-- \/ Yoast SEO plugin. -->","yoast_head_json":{"title":"2121 Top \u2013 503 Galaxy - uniform4baltic","description":"Moteri\u0161ka palaidin\u0117. 2 ki\u0161en\u0117s.  Deran\u010dios keln\u0117s: 2207  Med\u017eiaga: 71% poliesteris, 24% viskoz\u0117, 5% elastanas.  Galimi dyd\u017eiai: XXS-5XL.  D\u0117l nesam\u0173 dyd\u017ei\u0173 ir spalv\u0173 kreiptis el. pa\u0161tu arba telefonu.  * Prek\u0117 yra padidinta vienu dyd\u017eiu. Jei d\u0117vite M dyd\u012f, m\u016bs\u0173 prek\u0119 reik\u0117t\u0173 rinktis S dyd\u017eio.","robots":{"index":"index","follow":"follow","max-snippet":"max-snippet:-1","max-image-preview":"max-image-preview:large","max-video-preview":"max-video-preview:-1"},"canonical":"https:\/\/uniform4baltic.com\/parduotuve\/moterims\/palaidines\/2121-top-503-galaxy\/","og_locale":"ru_RU","og_type":"article","og_title":"2121 Top \u2013 503 Galaxy - uniform4baltic","og_description":"Moteri\u0161ka palaidin\u0117. 2 ki\u0161en\u0117s.  Deran\u010dios keln\u0117s: 2207  Med\u017eiaga: 71% poliesteris, 24% viskoz\u0117, 5% elastanas.  Galimi dyd\u017eiai: XXS-5XL.  D\u0117l nesam\u0173 dyd\u017ei\u0173 ir spalv\u0173 kreiptis el. pa\u0161tu arba telefonu.  * Prek\u0117 yra padidinta vienu dyd\u017eiu. Jei d\u0117vite M dyd\u012f, m\u016bs\u0173 prek\u0119 reik\u0117t\u0173 rinktis S dyd\u017eio.","og_url":"https:\/\/uniform4baltic.com\/parduotuve\/moterims\/palaidines\/2121-top-503-galaxy\/","og_site_name":"uniform4baltic","article_modified_time":"2023-09-07T10:13:07+00:00","og_image":[{"width":576,"height":667,"url":"https:\/\/uniform4baltic.com\/wp-content\/uploads\/2021\/08\/m_2121-503.jpg","type":"image\/jpeg"}],"twitter_card":"summary_large_image","schema":{"@context":"https:\/\/schema.org","@graph":[{"@type":"WebPage","@id":"https:\/\/uniform4baltic.com\/parduotuve\/moterims\/palaidines\/2121-top-503-galaxy\/","url":"https:\/\/uniform4baltic.com\/parduotuve\/moterims\/palaidines\/2121-top-503-galaxy\/","name":"2121 Top \u2013 503 Galaxy - uniform4baltic","isPartOf":{"@id":"https:\/\/www.uniform4baltic.com\/en\/#website"},"primaryImageOfPage":{"@id":"https:\/\/uniform4baltic.com\/parduotuve\/moterims\/palaidines\/2121-top-503-galaxy\/#primaryimage"},"image":{"@id":"https:\/\/uniform4baltic.com\/parduotuve\/moterims\/palaidines\/2121-top-503-galaxy\/#primaryimage"},"thumbnailUrl":"https:\/\/uniform4baltic.com\/wp-content\/uploads\/2021\/08\/m_2121-503.jpg","datePublished":"2021-08-18T12:48:48+00:00","dateModified":"2023-09-07T10:13:07+00:00","description":"Moteri\u0161ka palaidin\u0117. 2 ki\u0161en\u0117s. Deran\u010dios keln\u0117s: 2207 Med\u017eiaga: 71% poliesteris, 24% viskoz\u0117, 5% elastanas. Galimi dyd\u017eiai: XXS-5XL. D\u0117l nesam\u0173 dyd\u017ei\u0173 ir spalv\u0173 kreiptis el. pa\u0161tu arba telefonu. * Prek\u0117 yra padidinta vienu dyd\u017eiu. Jei d\u0117vite M dyd\u012f, m\u016bs\u0173 prek\u0119 reik\u0117t\u0173 rinktis S dyd\u017eio.","breadcrumb":{"@id":"https:\/\/uniform4baltic.com\/parduotuve\/moterims\/palaidines\/2121-top-503-galaxy\/#breadcrumb"},"inLanguage":"ru-RU","potentialAction":[{"@type":"ReadAction","target":["https:\/\/uniform4baltic.com\/parduotuve\/moterims\/palaidines\/2121-top-503-galaxy\/"]}]},{"@type":"ImageObject","inLanguage":"ru-RU","@id":"https:\/\/uniform4baltic.com\/parduotuve\/moterims\/palaidines\/2121-top-503-galaxy\/#primaryimage","url":"https:\/\/uniform4baltic.com\/wp-content\/uploads\/2021\/08\/m_2121-503.jpg","contentUrl":"https:\/\/uniform4baltic.com\/wp-content\/uploads\/2021\/08\/m_2121-503.jpg","width":576,"height":667},{"@type":"BreadcrumbList","@id":"https:\/\/uniform4baltic.com\/parduotuve\/moterims\/palaidines\/2121-top-503-galaxy\/#breadcrumb","itemListElement":[{"@type":"ListItem","position":1,"name":"Home","item":"https:\/\/uniform4baltic.com\/ru\/"},{"@type":"ListItem","position":2,"name":"\u041c\u0430\u0433\u0430\u0437\u0438\u043d","item":"https:\/\/uniform4baltic.com\/ru\/%d0%bc%d0%b0%d0%b3%d0%b0%d0%b7%d0%b8%d0%bd\/"},{"@type":"ListItem","position":3,"name":"2121 Top \u2013 503 Galaxy"}]},{"@type":"WebSite","@id":"https:\/\/www.uniform4baltic.com\/en\/#website","url":"https:\/\/www.uniform4baltic.com\/en\/","name":"uniform4baltic.com","description":"Medicinin\u0117 apranga","publisher":{"@id":"https:\/\/www.uniform4baltic.com\/en\/#organization"},"potentialAction":[{"@type":"SearchAction","target":{"@type":"EntryPoint","urlTemplate":"https:\/\/www.uniform4baltic.com\/en\/?s={search_term_string}"},"query-input":{"@type":"PropertyValueSpecification","valueRequired":true,"valueName":"search_term_string"}}],"inLanguage":"ru-RU"},{"@type":"Organization","@id":"https:\/\/www.uniform4baltic.com\/en\/#organization","name":"Apranga medikams","url":"https:\/\/www.uniform4baltic.com\/en\/","logo":{"@type":"ImageObject","inLanguage":"ru-RU","@id":"https:\/\/www.uniform4baltic.com\/en\/#\/schema\/logo\/image\/","url":"https:\/\/uniform4baltic.com\/wp-content\/uploads\/2020\/06\/logo-web-1.png","contentUrl":"https:\/\/uniform4baltic.com\/wp-content\/uploads\/2020\/06\/logo-web-1.png","width":500,"height":215,"caption":"Apranga medikams"},"image":{"@id":"https:\/\/www.uniform4baltic.com\/en\/#\/schema\/logo\/image\/"}}]}},"_links":{"self":[{"href":"https:\/\/uniform4baltic.com\/ru\/wp-json\/wp\/v2\/product\/14048","targetHints":{"allow":["GET"]}}],"collection":[{"href":"https:\/\/uniform4baltic.com\/ru\/wp-json\/wp\/v2\/product"}],"about":[{"href":"https:\/\/uniform4baltic.com\/ru\/wp-json\/wp\/v2\/types\/product"}],"replies":[{"embeddable":true,"href":"https:\/\/uniform4baltic.com\/ru\/wp-json\/wp\/v2\/comments?post=14048"}],"wp:featuredmedia":[{"embeddable":true,"href":"https:\/\/uniform4baltic.com\/ru\/wp-json\/wp\/v2\/media\/14052"}],"wp:attachment":[{"href":"https:\/\/uniform4baltic.com\/ru\/wp-json\/wp\/v2\/media?parent=14048"}],"wp:term":[{"taxonomy":"product_brand","embeddable":true,"href":"https:\/\/uniform4baltic.com\/ru\/wp-json\/wp\/v2\/product_brand?post=14048"},{"taxonomy":"product_cat","embeddable":true,"href":"https:\/\/uniform4baltic.com\/ru\/wp-json\/wp\/v2\/product_cat?post=14048"},{"taxonomy":"product_tag","embeddable":true,"href":"https:\/\/uniform4baltic.com\/ru\/wp-json\/wp\/v2\/product_tag?post=14048"}],"curies":[{"name":"wp","href":"https:\/\/api.w.org\/{rel}","templated":true}]}}