{"id":14499,"date":"2021-09-06T04:56:36","date_gmt":"2021-09-06T06:56:36","guid":{"rendered":"https:\/\/uniform4baltic.com\/?post_type=product&#038;p=14499"},"modified":"2024-08-23T09:01:42","modified_gmt":"2024-08-23T11:01:42","slug":"gvst028-top-2042-bright-iris","status":"publish","type":"product","link":"https:\/\/uniform4baltic.com\/ru\/parduotuve\/%d0%b4%d0%bb%d1%8f-%d0%b6%d0%b5%d0%bd%d1%89%d0%b8%d0%bd\/%d0%b1%d0%bb%d1%83%d0%b7%d1%8b\/gvst028-top-2042-bright-iris\/","title":{"rendered":"GVST028 Bree Tuck-In Top &#8212; 2042 Bright Iris"},"content":{"rendered":"","protected":false},"excerpt":{"rendered":"<p>Moteri\u0161ka palaidin\u0117 V formos kaklu, su ki\u0161ene.<\/p>\n<p>Deran\u010dios keln\u0117s: GVSP509<\/p>\n<p>Med\u017eiaga: 74% poliesteris, 23% viskoz\u0117, 3% elastanas.<\/p>\n<p>Galimi dyd\u017eiai: XS-3XL.<\/p>\n<p>D\u0117l nesam\u0173 dyd\u017ei\u0173 ir spalv\u0173 kreiptis el. pa\u0161tu arba telefonu.<\/p>\n<p>* Prek\u0117 yra padidinta vienu dyd\u017eiu. Jei d\u0117vite M dyd\u012f, m\u016bs\u0173 prek\u0119 reik\u0117t\u0173 rinktis S dyd\u017eio.<\/p>\n","protected":false},"featured_media":14508,"comment_status":"open","ping_status":"closed","template":"","meta":[],"product_brand":[],"product_cat":[240,155,48,53,15],"product_tag":[489],"class_list":{"0":"post-14499","1":"product","2":"type-product","3":"status-publish","4":"has-post-thumbnail","6":"product_cat-dydziu-lentele","7":"product_cat-katalogas","8":"product_cat-moterims","9":"product_cat-palaidines","10":"product_cat-uncategorized","11":"product_tag-gvst028-2042","12":"pa_kolekcija-greys-anatomy-stretch","14":"first","15":"instock","16":"shipping-taxable","17":"purchasable","18":"product-type-variable"},"yoast_head":"<!-- This site is optimized with the Yoast SEO plugin v27.4 - https:\/\/yoast.com\/product\/yoast-seo-wordpress\/ -->\n<title>GVST028 Bree Tuck-In Top - 2042 Bright Iris - uniform4baltic<\/title>\n<meta name=\"description\" content=\"Moteri\u0161ka palaidin\u0117 V formos kaklu, su ki\u0161ene.  Deran\u010dios keln\u0117s: GVSP509  Med\u017eiaga: 74% poliesteris, 23% viskoz\u0117, 3% elastanas.  Galimi dyd\u017eiai: XS-3XL.  D\u0117l nesam\u0173 dyd\u017ei\u0173 ir spalv\u0173 kreiptis el. pa\u0161tu arba telefonu.  * Prek\u0117 yra padidinta vienu dyd\u017eiu. Jei d\u0117vite M dyd\u012f, m\u016bs\u0173 prek\u0119 reik\u0117t\u0173 rinktis S dyd\u017eio.\" \/>\n<meta name=\"robots\" content=\"index, follow, max-snippet:-1, max-image-preview:large, max-video-preview:-1\" \/>\n<link rel=\"canonical\" href=\"https:\/\/www.uniform4baltic.com\/ru\/parduotuve\/moterims\/palaidines\/gvst028-top-2042-bright-iris\/\" \/>\n<meta property=\"og:locale\" content=\"ru_RU\" \/>\n<meta property=\"og:type\" content=\"article\" \/>\n<meta property=\"og:title\" content=\"GVST028 Bree Tuck-In Top - 2042 Bright Iris - uniform4baltic\" \/>\n<meta property=\"og:description\" content=\"Moteri\u0161ka palaidin\u0117 V formos kaklu, su ki\u0161ene.  Deran\u010dios keln\u0117s: GVSP509  Med\u017eiaga: 74% poliesteris, 23% viskoz\u0117, 3% elastanas.  Galimi dyd\u017eiai: XS-3XL.  D\u0117l nesam\u0173 dyd\u017ei\u0173 ir spalv\u0173 kreiptis el. pa\u0161tu arba telefonu.  * Prek\u0117 yra padidinta vienu dyd\u017eiu. Jei d\u0117vite M dyd\u012f, m\u016bs\u0173 prek\u0119 reik\u0117t\u0173 rinktis S dyd\u017eio.\" \/>\n<meta property=\"og:url\" content=\"https:\/\/www.uniform4baltic.com\/ru\/parduotuve\/moterims\/palaidines\/gvst028-top-2042-bright-iris\/\" \/>\n<meta property=\"og:site_name\" content=\"uniform4baltic\" \/>\n<meta property=\"article:modified_time\" content=\"2024-08-23T11:01:42+00:00\" \/>\n<meta property=\"og:image\" content=\"https:\/\/www.uniform4baltic.com\/wp-content\/uploads\/2021\/09\/m_GVST028-2042.jpg\" \/>\n\t<meta property=\"og:image:width\" content=\"571\" \/>\n\t<meta property=\"og:image:height\" content=\"661\" \/>\n\t<meta property=\"og:image:type\" content=\"image\/jpeg\" \/>\n<meta name=\"twitter:card\" content=\"summary_large_image\" \/>\n<script type=\"application\/ld+json\" class=\"yoast-schema-graph\">{\"@context\":\"https:\\\/\\\/schema.org\",\"@graph\":[{\"@type\":\"WebPage\",\"@id\":\"https:\\\/\\\/www.uniform4baltic.com\\\/ru\\\/parduotuve\\\/moterims\\\/palaidines\\\/gvst028-top-2042-bright-iris\\\/\",\"url\":\"https:\\\/\\\/www.uniform4baltic.com\\\/ru\\\/parduotuve\\\/moterims\\\/palaidines\\\/gvst028-top-2042-bright-iris\\\/\",\"name\":\"GVST028 Bree Tuck-In Top - 2042 Bright Iris - uniform4baltic\",\"isPartOf\":{\"@id\":\"https:\\\/\\\/www.uniform4baltic.com\\\/en\\\/#website\"},\"primaryImageOfPage\":{\"@id\":\"https:\\\/\\\/www.uniform4baltic.com\\\/ru\\\/parduotuve\\\/moterims\\\/palaidines\\\/gvst028-top-2042-bright-iris\\\/#primaryimage\"},\"image\":{\"@id\":\"https:\\\/\\\/www.uniform4baltic.com\\\/ru\\\/parduotuve\\\/moterims\\\/palaidines\\\/gvst028-top-2042-bright-iris\\\/#primaryimage\"},\"thumbnailUrl\":\"https:\\\/\\\/uniform4baltic.com\\\/wp-content\\\/uploads\\\/2021\\\/09\\\/m_GVST028-2042.jpg\",\"datePublished\":\"2021-09-06T06:56:36+00:00\",\"dateModified\":\"2024-08-23T11:01:42+00:00\",\"description\":\"Moteri\u0161ka palaidin\u0117 V formos kaklu, su ki\u0161ene. Deran\u010dios keln\u0117s: GVSP509 Med\u017eiaga: 74% poliesteris, 23% viskoz\u0117, 3% elastanas. Galimi dyd\u017eiai: XS-3XL. D\u0117l nesam\u0173 dyd\u017ei\u0173 ir spalv\u0173 kreiptis el. pa\u0161tu arba telefonu. * Prek\u0117 yra padidinta vienu dyd\u017eiu. Jei d\u0117vite M dyd\u012f, m\u016bs\u0173 prek\u0119 reik\u0117t\u0173 rinktis S dyd\u017eio.\",\"breadcrumb\":{\"@id\":\"https:\\\/\\\/www.uniform4baltic.com\\\/ru\\\/parduotuve\\\/moterims\\\/palaidines\\\/gvst028-top-2042-bright-iris\\\/#breadcrumb\"},\"inLanguage\":\"ru-RU\",\"potentialAction\":[{\"@type\":\"ReadAction\",\"target\":[\"https:\\\/\\\/www.uniform4baltic.com\\\/ru\\\/parduotuve\\\/moterims\\\/palaidines\\\/gvst028-top-2042-bright-iris\\\/\"]}]},{\"@type\":\"ImageObject\",\"inLanguage\":\"ru-RU\",\"@id\":\"https:\\\/\\\/www.uniform4baltic.com\\\/ru\\\/parduotuve\\\/moterims\\\/palaidines\\\/gvst028-top-2042-bright-iris\\\/#primaryimage\",\"url\":\"https:\\\/\\\/uniform4baltic.com\\\/wp-content\\\/uploads\\\/2021\\\/09\\\/m_GVST028-2042.jpg\",\"contentUrl\":\"https:\\\/\\\/uniform4baltic.com\\\/wp-content\\\/uploads\\\/2021\\\/09\\\/m_GVST028-2042.jpg\",\"width\":571,\"height\":661},{\"@type\":\"BreadcrumbList\",\"@id\":\"https:\\\/\\\/www.uniform4baltic.com\\\/ru\\\/parduotuve\\\/moterims\\\/palaidines\\\/gvst028-top-2042-bright-iris\\\/#breadcrumb\",\"itemListElement\":[{\"@type\":\"ListItem\",\"position\":1,\"name\":\"Home\",\"item\":\"https:\\\/\\\/uniform4baltic.com\\\/ru\\\/\"},{\"@type\":\"ListItem\",\"position\":2,\"name\":\"\u041c\u0430\u0433\u0430\u0437\u0438\u043d\",\"item\":\"https:\\\/\\\/uniform4baltic.com\\\/ru\\\/%d0%bc%d0%b0%d0%b3%d0%b0%d0%b7%d0%b8%d0%bd\\\/\"},{\"@type\":\"ListItem\",\"position\":3,\"name\":\"GVST028 Bree Tuck-In Top &#8212; 2042 Bright Iris\"}]},{\"@type\":\"WebSite\",\"@id\":\"https:\\\/\\\/www.uniform4baltic.com\\\/en\\\/#website\",\"url\":\"https:\\\/\\\/www.uniform4baltic.com\\\/en\\\/\",\"name\":\"uniform4baltic.com\",\"description\":\"Medicinin\u0117 apranga\",\"publisher\":{\"@id\":\"https:\\\/\\\/www.uniform4baltic.com\\\/en\\\/#organization\"},\"potentialAction\":[{\"@type\":\"SearchAction\",\"target\":{\"@type\":\"EntryPoint\",\"urlTemplate\":\"https:\\\/\\\/www.uniform4baltic.com\\\/en\\\/?s={search_term_string}\"},\"query-input\":{\"@type\":\"PropertyValueSpecification\",\"valueRequired\":true,\"valueName\":\"search_term_string\"}}],\"inLanguage\":\"ru-RU\"},{\"@type\":\"Organization\",\"@id\":\"https:\\\/\\\/www.uniform4baltic.com\\\/en\\\/#organization\",\"name\":\"Apranga medikams\",\"url\":\"https:\\\/\\\/www.uniform4baltic.com\\\/en\\\/\",\"logo\":{\"@type\":\"ImageObject\",\"inLanguage\":\"ru-RU\",\"@id\":\"https:\\\/\\\/www.uniform4baltic.com\\\/en\\\/#\\\/schema\\\/logo\\\/image\\\/\",\"url\":\"https:\\\/\\\/uniform4baltic.com\\\/wp-content\\\/uploads\\\/2020\\\/06\\\/logo-web-1.png\",\"contentUrl\":\"https:\\\/\\\/uniform4baltic.com\\\/wp-content\\\/uploads\\\/2020\\\/06\\\/logo-web-1.png\",\"width\":500,\"height\":215,\"caption\":\"Apranga medikams\"},\"image\":{\"@id\":\"https:\\\/\\\/www.uniform4baltic.com\\\/en\\\/#\\\/schema\\\/logo\\\/image\\\/\"}}]}<\/script>\n<!-- \/ Yoast SEO plugin. -->","yoast_head_json":{"title":"GVST028 Bree Tuck-In Top - 2042 Bright Iris - uniform4baltic","description":"Moteri\u0161ka palaidin\u0117 V formos kaklu, su ki\u0161ene.  Deran\u010dios keln\u0117s: GVSP509  Med\u017eiaga: 74% poliesteris, 23% viskoz\u0117, 3% elastanas.  Galimi dyd\u017eiai: XS-3XL.  D\u0117l nesam\u0173 dyd\u017ei\u0173 ir spalv\u0173 kreiptis el. pa\u0161tu arba telefonu.  * Prek\u0117 yra padidinta vienu dyd\u017eiu. Jei d\u0117vite M dyd\u012f, m\u016bs\u0173 prek\u0119 reik\u0117t\u0173 rinktis S dyd\u017eio.","robots":{"index":"index","follow":"follow","max-snippet":"max-snippet:-1","max-image-preview":"max-image-preview:large","max-video-preview":"max-video-preview:-1"},"canonical":"https:\/\/www.uniform4baltic.com\/ru\/parduotuve\/moterims\/palaidines\/gvst028-top-2042-bright-iris\/","og_locale":"ru_RU","og_type":"article","og_title":"GVST028 Bree Tuck-In Top - 2042 Bright Iris - uniform4baltic","og_description":"Moteri\u0161ka palaidin\u0117 V formos kaklu, su ki\u0161ene.  Deran\u010dios keln\u0117s: GVSP509  Med\u017eiaga: 74% poliesteris, 23% viskoz\u0117, 3% elastanas.  Galimi dyd\u017eiai: XS-3XL.  D\u0117l nesam\u0173 dyd\u017ei\u0173 ir spalv\u0173 kreiptis el. pa\u0161tu arba telefonu.  * Prek\u0117 yra padidinta vienu dyd\u017eiu. Jei d\u0117vite M dyd\u012f, m\u016bs\u0173 prek\u0119 reik\u0117t\u0173 rinktis S dyd\u017eio.","og_url":"https:\/\/www.uniform4baltic.com\/ru\/parduotuve\/moterims\/palaidines\/gvst028-top-2042-bright-iris\/","og_site_name":"uniform4baltic","article_modified_time":"2024-08-23T11:01:42+00:00","og_image":[{"width":571,"height":661,"url":"https:\/\/www.uniform4baltic.com\/wp-content\/uploads\/2021\/09\/m_GVST028-2042.jpg","type":"image\/jpeg"}],"twitter_card":"summary_large_image","schema":{"@context":"https:\/\/schema.org","@graph":[{"@type":"WebPage","@id":"https:\/\/www.uniform4baltic.com\/ru\/parduotuve\/moterims\/palaidines\/gvst028-top-2042-bright-iris\/","url":"https:\/\/www.uniform4baltic.com\/ru\/parduotuve\/moterims\/palaidines\/gvst028-top-2042-bright-iris\/","name":"GVST028 Bree Tuck-In Top - 2042 Bright Iris - uniform4baltic","isPartOf":{"@id":"https:\/\/www.uniform4baltic.com\/en\/#website"},"primaryImageOfPage":{"@id":"https:\/\/www.uniform4baltic.com\/ru\/parduotuve\/moterims\/palaidines\/gvst028-top-2042-bright-iris\/#primaryimage"},"image":{"@id":"https:\/\/www.uniform4baltic.com\/ru\/parduotuve\/moterims\/palaidines\/gvst028-top-2042-bright-iris\/#primaryimage"},"thumbnailUrl":"https:\/\/uniform4baltic.com\/wp-content\/uploads\/2021\/09\/m_GVST028-2042.jpg","datePublished":"2021-09-06T06:56:36+00:00","dateModified":"2024-08-23T11:01:42+00:00","description":"Moteri\u0161ka palaidin\u0117 V formos kaklu, su ki\u0161ene. Deran\u010dios keln\u0117s: GVSP509 Med\u017eiaga: 74% poliesteris, 23% viskoz\u0117, 3% elastanas. Galimi dyd\u017eiai: XS-3XL. D\u0117l nesam\u0173 dyd\u017ei\u0173 ir spalv\u0173 kreiptis el. pa\u0161tu arba telefonu. * Prek\u0117 yra padidinta vienu dyd\u017eiu. Jei d\u0117vite M dyd\u012f, m\u016bs\u0173 prek\u0119 reik\u0117t\u0173 rinktis S dyd\u017eio.","breadcrumb":{"@id":"https:\/\/www.uniform4baltic.com\/ru\/parduotuve\/moterims\/palaidines\/gvst028-top-2042-bright-iris\/#breadcrumb"},"inLanguage":"ru-RU","potentialAction":[{"@type":"ReadAction","target":["https:\/\/www.uniform4baltic.com\/ru\/parduotuve\/moterims\/palaidines\/gvst028-top-2042-bright-iris\/"]}]},{"@type":"ImageObject","inLanguage":"ru-RU","@id":"https:\/\/www.uniform4baltic.com\/ru\/parduotuve\/moterims\/palaidines\/gvst028-top-2042-bright-iris\/#primaryimage","url":"https:\/\/uniform4baltic.com\/wp-content\/uploads\/2021\/09\/m_GVST028-2042.jpg","contentUrl":"https:\/\/uniform4baltic.com\/wp-content\/uploads\/2021\/09\/m_GVST028-2042.jpg","width":571,"height":661},{"@type":"BreadcrumbList","@id":"https:\/\/www.uniform4baltic.com\/ru\/parduotuve\/moterims\/palaidines\/gvst028-top-2042-bright-iris\/#breadcrumb","itemListElement":[{"@type":"ListItem","position":1,"name":"Home","item":"https:\/\/uniform4baltic.com\/ru\/"},{"@type":"ListItem","position":2,"name":"\u041c\u0430\u0433\u0430\u0437\u0438\u043d","item":"https:\/\/uniform4baltic.com\/ru\/%d0%bc%d0%b0%d0%b3%d0%b0%d0%b7%d0%b8%d0%bd\/"},{"@type":"ListItem","position":3,"name":"GVST028 Bree Tuck-In Top &#8212; 2042 Bright Iris"}]},{"@type":"WebSite","@id":"https:\/\/www.uniform4baltic.com\/en\/#website","url":"https:\/\/www.uniform4baltic.com\/en\/","name":"uniform4baltic.com","description":"Medicinin\u0117 apranga","publisher":{"@id":"https:\/\/www.uniform4baltic.com\/en\/#organization"},"potentialAction":[{"@type":"SearchAction","target":{"@type":"EntryPoint","urlTemplate":"https:\/\/www.uniform4baltic.com\/en\/?s={search_term_string}"},"query-input":{"@type":"PropertyValueSpecification","valueRequired":true,"valueName":"search_term_string"}}],"inLanguage":"ru-RU"},{"@type":"Organization","@id":"https:\/\/www.uniform4baltic.com\/en\/#organization","name":"Apranga medikams","url":"https:\/\/www.uniform4baltic.com\/en\/","logo":{"@type":"ImageObject","inLanguage":"ru-RU","@id":"https:\/\/www.uniform4baltic.com\/en\/#\/schema\/logo\/image\/","url":"https:\/\/uniform4baltic.com\/wp-content\/uploads\/2020\/06\/logo-web-1.png","contentUrl":"https:\/\/uniform4baltic.com\/wp-content\/uploads\/2020\/06\/logo-web-1.png","width":500,"height":215,"caption":"Apranga medikams"},"image":{"@id":"https:\/\/www.uniform4baltic.com\/en\/#\/schema\/logo\/image\/"}}]}},"_links":{"self":[{"href":"https:\/\/uniform4baltic.com\/ru\/wp-json\/wp\/v2\/product\/14499","targetHints":{"allow":["GET"]}}],"collection":[{"href":"https:\/\/uniform4baltic.com\/ru\/wp-json\/wp\/v2\/product"}],"about":[{"href":"https:\/\/uniform4baltic.com\/ru\/wp-json\/wp\/v2\/types\/product"}],"replies":[{"embeddable":true,"href":"https:\/\/uniform4baltic.com\/ru\/wp-json\/wp\/v2\/comments?post=14499"}],"wp:featuredmedia":[{"embeddable":true,"href":"https:\/\/uniform4baltic.com\/ru\/wp-json\/wp\/v2\/media\/14508"}],"wp:attachment":[{"href":"https:\/\/uniform4baltic.com\/ru\/wp-json\/wp\/v2\/media?parent=14499"}],"wp:term":[{"taxonomy":"product_brand","embeddable":true,"href":"https:\/\/uniform4baltic.com\/ru\/wp-json\/wp\/v2\/product_brand?post=14499"},{"taxonomy":"product_cat","embeddable":true,"href":"https:\/\/uniform4baltic.com\/ru\/wp-json\/wp\/v2\/product_cat?post=14499"},{"taxonomy":"product_tag","embeddable":true,"href":"https:\/\/uniform4baltic.com\/ru\/wp-json\/wp\/v2\/product_tag?post=14499"}],"curies":[{"name":"wp","href":"https:\/\/api.w.org\/{rel}","templated":true}]}}