{"id":16639,"date":"2022-04-05T03:49:42","date_gmt":"2022-04-05T05:49:42","guid":{"rendered":"https:\/\/uniform4baltic.com\/?post_type=product&#038;p=16639"},"modified":"2026-03-17T12:36:59","modified_gmt":"2026-03-17T14:36:59","slug":"grst079-mens-top-23-indigo","status":"publish","type":"product","link":"https:\/\/uniform4baltic.com\/ru\/parduotuve\/%d0%b4%d0%bb%d1%8f-%d0%bc%d1%83%d0%b6%d1%87%d0%b8%d0%bd\/%d0%b1%d0%bb%d1%83%d0%b7%d1%8b-ru\/grst079-mens-top-23-indigo\/","title":{"rendered":"GRST079 Mens Top \u2013 23 Indigo"},"content":{"rendered":"","protected":false},"excerpt":{"rendered":"<p>Vyri\u0161ka palaidin\u0117 V formos kaklu, 2 ki\u0161en\u0117s<\/p>\n<p>Deran\u010dios keln\u0117s: GRSP550,GRSP617<\/p>\n<p>Sud\u0117tis: 74% poliesteris, 23% viskoz\u0117, 3% elastanas<\/p>\n<p>Galimi dyd\u017eiai: XS-5XL<\/p>\n<p>D\u0117l nesam\u0173 dyd\u017ei\u0173 ar spalv\u0173 kreiptis el. pa\u0161tu arba telefonu.<\/p>\n","protected":false},"featured_media":36586,"comment_status":"open","ping_status":"closed","template":"","meta":[],"product_brand":[],"product_cat":[57,15,49],"product_tag":[658],"class_list":{"0":"post-16639","1":"product","2":"type-product","3":"status-publish","4":"has-post-thumbnail","6":"product_cat-palaidines-vyrams","7":"product_cat-uncategorized","8":"product_cat-vyrams","9":"product_tag-grst079-23","10":"pa_kolekcija-greys-anatomy-stretch","12":"first","13":"instock","14":"shipping-taxable","15":"purchasable","16":"product-type-variable","17":"has-default-attributes"},"yoast_head":"<!-- This site is optimized with the Yoast SEO plugin v27.4 - https:\/\/yoast.com\/product\/yoast-seo-wordpress\/ -->\n<title>GRST079 Mens Top \u2013 23 Indigo - uniform4baltic<\/title>\n<meta name=\"description\" content=\"Vyri\u0161ka palaidin\u0117 V formos kaklu, 2 ki\u0161en\u0117s  Deran\u010dios keln\u0117s: GRSP550,GRSP617  Sud\u0117tis: 74% poliesteris, 23% viskoz\u0117, 3% elastanas  Galimi dyd\u017eiai: XS-5XL  D\u0117l nesam\u0173 dyd\u017ei\u0173 ar spalv\u0173 kreiptis el. pa\u0161tu arba telefonu.\" \/>\n<meta name=\"robots\" content=\"index, follow, max-snippet:-1, max-image-preview:large, max-video-preview:-1\" \/>\n<link rel=\"canonical\" href=\"https:\/\/uniform4baltic.com\/parduotuve\/vyrams\/palaidines-vyrams\/grst079-mens-top-23-indigo\/\" \/>\n<meta property=\"og:locale\" content=\"ru_RU\" \/>\n<meta property=\"og:type\" content=\"article\" \/>\n<meta property=\"og:title\" content=\"GRST079 Mens Top \u2013 23 Indigo - uniform4baltic\" \/>\n<meta property=\"og:description\" content=\"Vyri\u0161ka palaidin\u0117 V formos kaklu, 2 ki\u0161en\u0117s  Deran\u010dios keln\u0117s: GRSP550,GRSP617  Sud\u0117tis: 74% poliesteris, 23% viskoz\u0117, 3% elastanas  Galimi dyd\u017eiai: XS-5XL  D\u0117l nesam\u0173 dyd\u017ei\u0173 ar spalv\u0173 kreiptis el. pa\u0161tu arba telefonu.\" \/>\n<meta property=\"og:url\" content=\"https:\/\/uniform4baltic.com\/parduotuve\/vyrams\/palaidines-vyrams\/grst079-mens-top-23-indigo\/\" \/>\n<meta property=\"og:site_name\" content=\"uniform4baltic\" \/>\n<meta property=\"article:modified_time\" content=\"2026-03-17T14:36:59+00:00\" \/>\n<meta property=\"og:image\" content=\"https:\/\/uniform4baltic.com\/wp-content\/uploads\/2022\/04\/m2esrapv60hvyj1gz6ng.jpg\" \/>\n\t<meta property=\"og:image:width\" content=\"415\" \/>\n\t<meta property=\"og:image:height\" content=\"600\" \/>\n\t<meta property=\"og:image:type\" content=\"image\/jpeg\" \/>\n<meta name=\"twitter:card\" content=\"summary_large_image\" \/>\n<meta name=\"twitter:label1\" content=\"\u041f\u0440\u0438\u043c\u0435\u0440\u043d\u043e\u0435 \u0432\u0440\u0435\u043c\u044f \u0434\u043b\u044f \u0447\u0442\u0435\u043d\u0438\u044f\" \/>\n\t<meta name=\"twitter:data1\" content=\"1 \u043c\u0438\u043d\u0443\u0442\u0430\" \/>\n<script type=\"application\/ld+json\" class=\"yoast-schema-graph\">{\"@context\":\"https:\\\/\\\/schema.org\",\"@graph\":[{\"@type\":\"WebPage\",\"@id\":\"https:\\\/\\\/uniform4baltic.com\\\/parduotuve\\\/vyrams\\\/palaidines-vyrams\\\/grst079-mens-top-23-indigo\\\/\",\"url\":\"https:\\\/\\\/uniform4baltic.com\\\/parduotuve\\\/vyrams\\\/palaidines-vyrams\\\/grst079-mens-top-23-indigo\\\/\",\"name\":\"GRST079 Mens Top \u2013 23 Indigo - uniform4baltic\",\"isPartOf\":{\"@id\":\"https:\\\/\\\/www.uniform4baltic.com\\\/en\\\/#website\"},\"primaryImageOfPage\":{\"@id\":\"https:\\\/\\\/uniform4baltic.com\\\/parduotuve\\\/vyrams\\\/palaidines-vyrams\\\/grst079-mens-top-23-indigo\\\/#primaryimage\"},\"image\":{\"@id\":\"https:\\\/\\\/uniform4baltic.com\\\/parduotuve\\\/vyrams\\\/palaidines-vyrams\\\/grst079-mens-top-23-indigo\\\/#primaryimage\"},\"thumbnailUrl\":\"https:\\\/\\\/uniform4baltic.com\\\/wp-content\\\/uploads\\\/2022\\\/04\\\/m2esrapv60hvyj1gz6ng.jpg\",\"datePublished\":\"2022-04-05T05:49:42+00:00\",\"dateModified\":\"2026-03-17T14:36:59+00:00\",\"description\":\"Vyri\u0161ka palaidin\u0117 V formos kaklu, 2 ki\u0161en\u0117s Deran\u010dios keln\u0117s: GRSP550,GRSP617 Sud\u0117tis: 74% poliesteris, 23% viskoz\u0117, 3% elastanas Galimi dyd\u017eiai: XS-5XL D\u0117l nesam\u0173 dyd\u017ei\u0173 ar spalv\u0173 kreiptis el. pa\u0161tu arba telefonu.\",\"breadcrumb\":{\"@id\":\"https:\\\/\\\/uniform4baltic.com\\\/parduotuve\\\/vyrams\\\/palaidines-vyrams\\\/grst079-mens-top-23-indigo\\\/#breadcrumb\"},\"inLanguage\":\"ru-RU\",\"potentialAction\":[{\"@type\":\"ReadAction\",\"target\":[\"https:\\\/\\\/uniform4baltic.com\\\/parduotuve\\\/vyrams\\\/palaidines-vyrams\\\/grst079-mens-top-23-indigo\\\/\"]}]},{\"@type\":\"ImageObject\",\"inLanguage\":\"ru-RU\",\"@id\":\"https:\\\/\\\/uniform4baltic.com\\\/parduotuve\\\/vyrams\\\/palaidines-vyrams\\\/grst079-mens-top-23-indigo\\\/#primaryimage\",\"url\":\"https:\\\/\\\/uniform4baltic.com\\\/wp-content\\\/uploads\\\/2022\\\/04\\\/m2esrapv60hvyj1gz6ng.jpg\",\"contentUrl\":\"https:\\\/\\\/uniform4baltic.com\\\/wp-content\\\/uploads\\\/2022\\\/04\\\/m2esrapv60hvyj1gz6ng.jpg\",\"width\":415,\"height\":600},{\"@type\":\"BreadcrumbList\",\"@id\":\"https:\\\/\\\/uniform4baltic.com\\\/parduotuve\\\/vyrams\\\/palaidines-vyrams\\\/grst079-mens-top-23-indigo\\\/#breadcrumb\",\"itemListElement\":[{\"@type\":\"ListItem\",\"position\":1,\"name\":\"Home\",\"item\":\"https:\\\/\\\/uniform4baltic.com\\\/ru\\\/\"},{\"@type\":\"ListItem\",\"position\":2,\"name\":\"\u041c\u0430\u0433\u0430\u0437\u0438\u043d\",\"item\":\"https:\\\/\\\/uniform4baltic.com\\\/ru\\\/%d0%bc%d0%b0%d0%b3%d0%b0%d0%b7%d0%b8%d0%bd\\\/\"},{\"@type\":\"ListItem\",\"position\":3,\"name\":\"GRST079 Mens Top \u2013 23 Indigo\"}]},{\"@type\":\"WebSite\",\"@id\":\"https:\\\/\\\/www.uniform4baltic.com\\\/en\\\/#website\",\"url\":\"https:\\\/\\\/www.uniform4baltic.com\\\/en\\\/\",\"name\":\"uniform4baltic.com\",\"description\":\"Medicinin\u0117 apranga\",\"publisher\":{\"@id\":\"https:\\\/\\\/www.uniform4baltic.com\\\/en\\\/#organization\"},\"potentialAction\":[{\"@type\":\"SearchAction\",\"target\":{\"@type\":\"EntryPoint\",\"urlTemplate\":\"https:\\\/\\\/www.uniform4baltic.com\\\/en\\\/?s={search_term_string}\"},\"query-input\":{\"@type\":\"PropertyValueSpecification\",\"valueRequired\":true,\"valueName\":\"search_term_string\"}}],\"inLanguage\":\"ru-RU\"},{\"@type\":\"Organization\",\"@id\":\"https:\\\/\\\/www.uniform4baltic.com\\\/en\\\/#organization\",\"name\":\"Apranga medikams\",\"url\":\"https:\\\/\\\/www.uniform4baltic.com\\\/en\\\/\",\"logo\":{\"@type\":\"ImageObject\",\"inLanguage\":\"ru-RU\",\"@id\":\"https:\\\/\\\/www.uniform4baltic.com\\\/en\\\/#\\\/schema\\\/logo\\\/image\\\/\",\"url\":\"https:\\\/\\\/uniform4baltic.com\\\/wp-content\\\/uploads\\\/2020\\\/06\\\/logo-web-1.png\",\"contentUrl\":\"https:\\\/\\\/uniform4baltic.com\\\/wp-content\\\/uploads\\\/2020\\\/06\\\/logo-web-1.png\",\"width\":500,\"height\":215,\"caption\":\"Apranga medikams\"},\"image\":{\"@id\":\"https:\\\/\\\/www.uniform4baltic.com\\\/en\\\/#\\\/schema\\\/logo\\\/image\\\/\"}}]}<\/script>\n<!-- \/ Yoast SEO plugin. -->","yoast_head_json":{"title":"GRST079 Mens Top \u2013 23 Indigo - uniform4baltic","description":"Vyri\u0161ka palaidin\u0117 V formos kaklu, 2 ki\u0161en\u0117s  Deran\u010dios keln\u0117s: GRSP550,GRSP617  Sud\u0117tis: 74% poliesteris, 23% viskoz\u0117, 3% elastanas  Galimi dyd\u017eiai: XS-5XL  D\u0117l nesam\u0173 dyd\u017ei\u0173 ar spalv\u0173 kreiptis el. pa\u0161tu arba telefonu.","robots":{"index":"index","follow":"follow","max-snippet":"max-snippet:-1","max-image-preview":"max-image-preview:large","max-video-preview":"max-video-preview:-1"},"canonical":"https:\/\/uniform4baltic.com\/parduotuve\/vyrams\/palaidines-vyrams\/grst079-mens-top-23-indigo\/","og_locale":"ru_RU","og_type":"article","og_title":"GRST079 Mens Top \u2013 23 Indigo - uniform4baltic","og_description":"Vyri\u0161ka palaidin\u0117 V formos kaklu, 2 ki\u0161en\u0117s  Deran\u010dios keln\u0117s: GRSP550,GRSP617  Sud\u0117tis: 74% poliesteris, 23% viskoz\u0117, 3% elastanas  Galimi dyd\u017eiai: XS-5XL  D\u0117l nesam\u0173 dyd\u017ei\u0173 ar spalv\u0173 kreiptis el. pa\u0161tu arba telefonu.","og_url":"https:\/\/uniform4baltic.com\/parduotuve\/vyrams\/palaidines-vyrams\/grst079-mens-top-23-indigo\/","og_site_name":"uniform4baltic","article_modified_time":"2026-03-17T14:36:59+00:00","og_image":[{"width":415,"height":600,"url":"https:\/\/uniform4baltic.com\/wp-content\/uploads\/2022\/04\/m2esrapv60hvyj1gz6ng.jpg","type":"image\/jpeg"}],"twitter_card":"summary_large_image","twitter_misc":{"\u041f\u0440\u0438\u043c\u0435\u0440\u043d\u043e\u0435 \u0432\u0440\u0435\u043c\u044f \u0434\u043b\u044f \u0447\u0442\u0435\u043d\u0438\u044f":"1 \u043c\u0438\u043d\u0443\u0442\u0430"},"schema":{"@context":"https:\/\/schema.org","@graph":[{"@type":"WebPage","@id":"https:\/\/uniform4baltic.com\/parduotuve\/vyrams\/palaidines-vyrams\/grst079-mens-top-23-indigo\/","url":"https:\/\/uniform4baltic.com\/parduotuve\/vyrams\/palaidines-vyrams\/grst079-mens-top-23-indigo\/","name":"GRST079 Mens Top \u2013 23 Indigo - uniform4baltic","isPartOf":{"@id":"https:\/\/www.uniform4baltic.com\/en\/#website"},"primaryImageOfPage":{"@id":"https:\/\/uniform4baltic.com\/parduotuve\/vyrams\/palaidines-vyrams\/grst079-mens-top-23-indigo\/#primaryimage"},"image":{"@id":"https:\/\/uniform4baltic.com\/parduotuve\/vyrams\/palaidines-vyrams\/grst079-mens-top-23-indigo\/#primaryimage"},"thumbnailUrl":"https:\/\/uniform4baltic.com\/wp-content\/uploads\/2022\/04\/m2esrapv60hvyj1gz6ng.jpg","datePublished":"2022-04-05T05:49:42+00:00","dateModified":"2026-03-17T14:36:59+00:00","description":"Vyri\u0161ka palaidin\u0117 V formos kaklu, 2 ki\u0161en\u0117s Deran\u010dios keln\u0117s: GRSP550,GRSP617 Sud\u0117tis: 74% poliesteris, 23% viskoz\u0117, 3% elastanas Galimi dyd\u017eiai: XS-5XL D\u0117l nesam\u0173 dyd\u017ei\u0173 ar spalv\u0173 kreiptis el. pa\u0161tu arba telefonu.","breadcrumb":{"@id":"https:\/\/uniform4baltic.com\/parduotuve\/vyrams\/palaidines-vyrams\/grst079-mens-top-23-indigo\/#breadcrumb"},"inLanguage":"ru-RU","potentialAction":[{"@type":"ReadAction","target":["https:\/\/uniform4baltic.com\/parduotuve\/vyrams\/palaidines-vyrams\/grst079-mens-top-23-indigo\/"]}]},{"@type":"ImageObject","inLanguage":"ru-RU","@id":"https:\/\/uniform4baltic.com\/parduotuve\/vyrams\/palaidines-vyrams\/grst079-mens-top-23-indigo\/#primaryimage","url":"https:\/\/uniform4baltic.com\/wp-content\/uploads\/2022\/04\/m2esrapv60hvyj1gz6ng.jpg","contentUrl":"https:\/\/uniform4baltic.com\/wp-content\/uploads\/2022\/04\/m2esrapv60hvyj1gz6ng.jpg","width":415,"height":600},{"@type":"BreadcrumbList","@id":"https:\/\/uniform4baltic.com\/parduotuve\/vyrams\/palaidines-vyrams\/grst079-mens-top-23-indigo\/#breadcrumb","itemListElement":[{"@type":"ListItem","position":1,"name":"Home","item":"https:\/\/uniform4baltic.com\/ru\/"},{"@type":"ListItem","position":2,"name":"\u041c\u0430\u0433\u0430\u0437\u0438\u043d","item":"https:\/\/uniform4baltic.com\/ru\/%d0%bc%d0%b0%d0%b3%d0%b0%d0%b7%d0%b8%d0%bd\/"},{"@type":"ListItem","position":3,"name":"GRST079 Mens Top \u2013 23 Indigo"}]},{"@type":"WebSite","@id":"https:\/\/www.uniform4baltic.com\/en\/#website","url":"https:\/\/www.uniform4baltic.com\/en\/","name":"uniform4baltic.com","description":"Medicinin\u0117 apranga","publisher":{"@id":"https:\/\/www.uniform4baltic.com\/en\/#organization"},"potentialAction":[{"@type":"SearchAction","target":{"@type":"EntryPoint","urlTemplate":"https:\/\/www.uniform4baltic.com\/en\/?s={search_term_string}"},"query-input":{"@type":"PropertyValueSpecification","valueRequired":true,"valueName":"search_term_string"}}],"inLanguage":"ru-RU"},{"@type":"Organization","@id":"https:\/\/www.uniform4baltic.com\/en\/#organization","name":"Apranga medikams","url":"https:\/\/www.uniform4baltic.com\/en\/","logo":{"@type":"ImageObject","inLanguage":"ru-RU","@id":"https:\/\/www.uniform4baltic.com\/en\/#\/schema\/logo\/image\/","url":"https:\/\/uniform4baltic.com\/wp-content\/uploads\/2020\/06\/logo-web-1.png","contentUrl":"https:\/\/uniform4baltic.com\/wp-content\/uploads\/2020\/06\/logo-web-1.png","width":500,"height":215,"caption":"Apranga medikams"},"image":{"@id":"https:\/\/www.uniform4baltic.com\/en\/#\/schema\/logo\/image\/"}}]}},"_links":{"self":[{"href":"https:\/\/uniform4baltic.com\/ru\/wp-json\/wp\/v2\/product\/16639","targetHints":{"allow":["GET"]}}],"collection":[{"href":"https:\/\/uniform4baltic.com\/ru\/wp-json\/wp\/v2\/product"}],"about":[{"href":"https:\/\/uniform4baltic.com\/ru\/wp-json\/wp\/v2\/types\/product"}],"replies":[{"embeddable":true,"href":"https:\/\/uniform4baltic.com\/ru\/wp-json\/wp\/v2\/comments?post=16639"}],"wp:featuredmedia":[{"embeddable":true,"href":"https:\/\/uniform4baltic.com\/ru\/wp-json\/wp\/v2\/media\/36586"}],"wp:attachment":[{"href":"https:\/\/uniform4baltic.com\/ru\/wp-json\/wp\/v2\/media?parent=16639"}],"wp:term":[{"taxonomy":"product_brand","embeddable":true,"href":"https:\/\/uniform4baltic.com\/ru\/wp-json\/wp\/v2\/product_brand?post=16639"},{"taxonomy":"product_cat","embeddable":true,"href":"https:\/\/uniform4baltic.com\/ru\/wp-json\/wp\/v2\/product_cat?post=16639"},{"taxonomy":"product_tag","embeddable":true,"href":"https:\/\/uniform4baltic.com\/ru\/wp-json\/wp\/v2\/product_tag?post=16639"}],"curies":[{"name":"wp","href":"https:\/\/api.w.org\/{rel}","templated":true}]}}