{"id":17438,"date":"2022-07-07T10:31:01","date_gmt":"2022-07-07T12:31:01","guid":{"rendered":"https:\/\/uniform4baltic.com\/?post_type=product&#038;p=17438"},"modified":"2024-07-12T09:22:35","modified_gmt":"2024-07-12T11:22:35","slug":"get013-top-08-new-royal","status":"publish","type":"product","link":"https:\/\/uniform4baltic.com\/ru\/parduotuve\/%d0%b4%d0%bb%d1%8f-%d0%b6%d0%b5%d0%bd%d1%89%d0%b8%d0%bd\/%d0%b1%d0%bb%d1%83%d0%b7%d1%8b\/get013-top-08-new-royal\/","title":{"rendered":"GET013 Top &#8212; 08 New Royal"},"content":{"rendered":"","protected":false},"excerpt":{"rendered":"<p style=\"font-weight: 400\">Moteri\u0161ka palaidin\u0117 V formos kaklu, 2 ki\u0161en\u0117s.<\/p>\n<p style=\"font-weight: 400\">Sud\u0117tis: 76% nailonas, 24% elastanas.<\/p>\n<p style=\"font-weight: 400\">Audinys:\u00a0\u00a0\u201eGrey&#8217;s Anatomy \u2122 EDGE\u201c, naujausia \u201eGrey&#8217;s Anatomy \u2122 Scrubs\u201c kolekcijos papildymas. \u201eGrey&#8217;s Anatomy EDGE\u201c yra ideali medicinos apranga \u0161iuolaikiniams sveikatos prie\u017ei\u016bros specialistams. Sukurtas su \u201eNylex \u2122\u201c audiniu, atspariu d\u0117m\u0117ms, kv\u0117puojan\u010diu, greitai d\u017ei\u016bstan\u010diu, lengvu ir ilgaam\u017eiu. \u0160i universali med\u017eiaga\u00a0u\u017etikrina neprilygstam\u0105 prakti\u0161kum\u0105, patogum\u0105 ir puiki\u0105 i\u0161vaizd\u0105 visos darbo dienos metu.<\/p>\n<p style=\"font-weight: 400\">* Prek\u0117 yra padidinta vienu dyd\u017eiu. Jei d\u0117vite M dyd\u012f, m\u016bs\u0173 prek\u0119 reik\u0117t\u0173 rinktis S dyd\u017eio.<\/p>\n","protected":false},"featured_media":17443,"comment_status":"open","ping_status":"closed","template":"","meta":[],"product_brand":[],"product_cat":[240,155,15,48,53],"product_tag":[764],"class_list":{"0":"post-17438","1":"product","2":"type-product","3":"status-publish","4":"has-post-thumbnail","6":"product_cat-dydziu-lentele","7":"product_cat-katalogas","8":"product_cat-uncategorized","9":"product_cat-moterims","10":"product_cat-palaidines","11":"product_tag-get013-08","12":"pa_kolekcija-greys-anatomy-edge","14":"first","15":"instock","16":"shipping-taxable","17":"purchasable","18":"product-type-variable"},"yoast_head":"<!-- This site is optimized with the Yoast SEO plugin v27.4 - https:\/\/yoast.com\/product\/yoast-seo-wordpress\/ -->\n<title>GET013 Top - 08 New Royal - uniform4baltic<\/title>\n<meta name=\"description\" content=\"Moteri\u0161ka palaidin\u0117 V formos kaklu, 2 ki\u0161en\u0117s. Sud\u0117tis: 76% nailonas, 24% elastanas. Audinys:\u00a0\u00a0\u201eGrey&#039;s Anatomy \u2122 EDGE\u201c, naujausia \u201eGrey&#039;s Anatomy \u2122 Scrubs\u201c kolekcijos papildymas. \u201eGrey&#039;s Anatomy EDGE\u201c yra ideali medicinos apranga \u0161iuolaikiniams sveikatos prie\u017ei\u016bros specialistams. Sukurtas su \u201eNylex \u2122\u201c audiniu, atspariu d\u0117m\u0117ms, kv\u0117puojan\u010diu, greitai d\u017ei\u016bstan\u010diu, lengvu ir ilgaam\u017eiu. \u0160i universali med\u017eiaga\u00a0u\u017etikrina neprilygstam\u0105 prakti\u0161kum\u0105, patogum\u0105 ir puiki\u0105 i\u0161vaizd\u0105 visos darbo dienos metu. * Prek\u0117 yra padidinta vienu dyd\u017eiu. Jei d\u0117vite M dyd\u012f, m\u016bs\u0173 prek\u0119 reik\u0117t\u0173 rinktis S dyd\u017eio.\" \/>\n<meta name=\"robots\" content=\"index, follow, max-snippet:-1, max-image-preview:large, max-video-preview:-1\" \/>\n<link rel=\"canonical\" href=\"https:\/\/uniform4baltic.com\/en\/parduotuve\/moterims\/palaidines\/get013-top-08-new-royal\/\" \/>\n<meta property=\"og:locale\" content=\"ru_RU\" \/>\n<meta property=\"og:type\" content=\"article\" \/>\n<meta property=\"og:title\" content=\"GET013 Top - 08 New Royal - uniform4baltic\" \/>\n<meta property=\"og:description\" content=\"Moteri\u0161ka palaidin\u0117 V formos kaklu, 2 ki\u0161en\u0117s. Sud\u0117tis: 76% nailonas, 24% elastanas. Audinys:\u00a0\u00a0\u201eGrey&#039;s Anatomy \u2122 EDGE\u201c, naujausia \u201eGrey&#039;s Anatomy \u2122 Scrubs\u201c kolekcijos papildymas. \u201eGrey&#039;s Anatomy EDGE\u201c yra ideali medicinos apranga \u0161iuolaikiniams sveikatos prie\u017ei\u016bros specialistams. Sukurtas su \u201eNylex \u2122\u201c audiniu, atspariu d\u0117m\u0117ms, kv\u0117puojan\u010diu, greitai d\u017ei\u016bstan\u010diu, lengvu ir ilgaam\u017eiu. \u0160i universali med\u017eiaga\u00a0u\u017etikrina neprilygstam\u0105 prakti\u0161kum\u0105, patogum\u0105 ir puiki\u0105 i\u0161vaizd\u0105 visos darbo dienos metu. * Prek\u0117 yra padidinta vienu dyd\u017eiu. Jei d\u0117vite M dyd\u012f, m\u016bs\u0173 prek\u0119 reik\u0117t\u0173 rinktis S dyd\u017eio.\" \/>\n<meta property=\"og:url\" content=\"https:\/\/uniform4baltic.com\/en\/parduotuve\/moterims\/palaidines\/get013-top-08-new-royal\/\" \/>\n<meta property=\"og:site_name\" content=\"uniform4baltic\" \/>\n<meta property=\"article:modified_time\" content=\"2024-07-12T11:22:35+00:00\" \/>\n<meta property=\"og:image\" content=\"https:\/\/uniform4baltic.com\/wp-content\/uploads\/2022\/07\/61K4JL9M1LL._AC_SY606_.jpg\" \/>\n\t<meta property=\"og:image:width\" content=\"311\" \/>\n\t<meta property=\"og:image:height\" content=\"606\" \/>\n\t<meta property=\"og:image:type\" content=\"image\/jpeg\" \/>\n<meta name=\"twitter:card\" content=\"summary_large_image\" \/>\n<script type=\"application\/ld+json\" class=\"yoast-schema-graph\">{\"@context\":\"https:\\\/\\\/schema.org\",\"@graph\":[{\"@type\":\"WebPage\",\"@id\":\"https:\\\/\\\/uniform4baltic.com\\\/en\\\/parduotuve\\\/moterims\\\/palaidines\\\/get013-top-08-new-royal\\\/\",\"url\":\"https:\\\/\\\/uniform4baltic.com\\\/en\\\/parduotuve\\\/moterims\\\/palaidines\\\/get013-top-08-new-royal\\\/\",\"name\":\"GET013 Top - 08 New Royal - uniform4baltic\",\"isPartOf\":{\"@id\":\"https:\\\/\\\/www.uniform4baltic.com\\\/en\\\/#website\"},\"primaryImageOfPage\":{\"@id\":\"https:\\\/\\\/uniform4baltic.com\\\/en\\\/parduotuve\\\/moterims\\\/palaidines\\\/get013-top-08-new-royal\\\/#primaryimage\"},\"image\":{\"@id\":\"https:\\\/\\\/uniform4baltic.com\\\/en\\\/parduotuve\\\/moterims\\\/palaidines\\\/get013-top-08-new-royal\\\/#primaryimage\"},\"thumbnailUrl\":\"https:\\\/\\\/uniform4baltic.com\\\/wp-content\\\/uploads\\\/2022\\\/07\\\/61K4JL9M1LL._AC_SY606_.jpg\",\"datePublished\":\"2022-07-07T12:31:01+00:00\",\"dateModified\":\"2024-07-12T11:22:35+00:00\",\"description\":\"Moteri\u0161ka palaidin\u0117 V formos kaklu, 2 ki\u0161en\u0117s. Sud\u0117tis: 76% nailonas, 24% elastanas. Audinys:\u00a0\u00a0\u201eGrey's Anatomy \u2122 EDGE\u201c, naujausia \u201eGrey's Anatomy \u2122 Scrubs\u201c kolekcijos papildymas. \u201eGrey's Anatomy EDGE\u201c yra ideali medicinos apranga \u0161iuolaikiniams sveikatos prie\u017ei\u016bros specialistams. Sukurtas su \u201eNylex \u2122\u201c audiniu, atspariu d\u0117m\u0117ms, kv\u0117puojan\u010diu, greitai d\u017ei\u016bstan\u010diu, lengvu ir ilgaam\u017eiu. \u0160i universali med\u017eiaga\u00a0u\u017etikrina neprilygstam\u0105 prakti\u0161kum\u0105, patogum\u0105 ir puiki\u0105 i\u0161vaizd\u0105 visos darbo dienos metu. * Prek\u0117 yra padidinta vienu dyd\u017eiu. Jei d\u0117vite M dyd\u012f, m\u016bs\u0173 prek\u0119 reik\u0117t\u0173 rinktis S dyd\u017eio.\",\"breadcrumb\":{\"@id\":\"https:\\\/\\\/uniform4baltic.com\\\/en\\\/parduotuve\\\/moterims\\\/palaidines\\\/get013-top-08-new-royal\\\/#breadcrumb\"},\"inLanguage\":\"ru-RU\",\"potentialAction\":[{\"@type\":\"ReadAction\",\"target\":[\"https:\\\/\\\/uniform4baltic.com\\\/en\\\/parduotuve\\\/moterims\\\/palaidines\\\/get013-top-08-new-royal\\\/\"]}]},{\"@type\":\"ImageObject\",\"inLanguage\":\"ru-RU\",\"@id\":\"https:\\\/\\\/uniform4baltic.com\\\/en\\\/parduotuve\\\/moterims\\\/palaidines\\\/get013-top-08-new-royal\\\/#primaryimage\",\"url\":\"https:\\\/\\\/uniform4baltic.com\\\/wp-content\\\/uploads\\\/2022\\\/07\\\/61K4JL9M1LL._AC_SY606_.jpg\",\"contentUrl\":\"https:\\\/\\\/uniform4baltic.com\\\/wp-content\\\/uploads\\\/2022\\\/07\\\/61K4JL9M1LL._AC_SY606_.jpg\",\"width\":311,\"height\":606},{\"@type\":\"BreadcrumbList\",\"@id\":\"https:\\\/\\\/uniform4baltic.com\\\/en\\\/parduotuve\\\/moterims\\\/palaidines\\\/get013-top-08-new-royal\\\/#breadcrumb\",\"itemListElement\":[{\"@type\":\"ListItem\",\"position\":1,\"name\":\"Home\",\"item\":\"https:\\\/\\\/uniform4baltic.com\\\/ru\\\/\"},{\"@type\":\"ListItem\",\"position\":2,\"name\":\"\u041c\u0430\u0433\u0430\u0437\u0438\u043d\",\"item\":\"https:\\\/\\\/uniform4baltic.com\\\/ru\\\/%d0%bc%d0%b0%d0%b3%d0%b0%d0%b7%d0%b8%d0%bd\\\/\"},{\"@type\":\"ListItem\",\"position\":3,\"name\":\"GET013 Top &#8211; 08 New Royal\"}]},{\"@type\":\"WebSite\",\"@id\":\"https:\\\/\\\/www.uniform4baltic.com\\\/en\\\/#website\",\"url\":\"https:\\\/\\\/www.uniform4baltic.com\\\/en\\\/\",\"name\":\"uniform4baltic.com\",\"description\":\"Medicinin\u0117 apranga\",\"publisher\":{\"@id\":\"https:\\\/\\\/www.uniform4baltic.com\\\/en\\\/#organization\"},\"potentialAction\":[{\"@type\":\"SearchAction\",\"target\":{\"@type\":\"EntryPoint\",\"urlTemplate\":\"https:\\\/\\\/www.uniform4baltic.com\\\/en\\\/?s={search_term_string}\"},\"query-input\":{\"@type\":\"PropertyValueSpecification\",\"valueRequired\":true,\"valueName\":\"search_term_string\"}}],\"inLanguage\":\"ru-RU\"},{\"@type\":\"Organization\",\"@id\":\"https:\\\/\\\/www.uniform4baltic.com\\\/en\\\/#organization\",\"name\":\"Apranga medikams\",\"url\":\"https:\\\/\\\/www.uniform4baltic.com\\\/en\\\/\",\"logo\":{\"@type\":\"ImageObject\",\"inLanguage\":\"ru-RU\",\"@id\":\"https:\\\/\\\/www.uniform4baltic.com\\\/en\\\/#\\\/schema\\\/logo\\\/image\\\/\",\"url\":\"https:\\\/\\\/uniform4baltic.com\\\/wp-content\\\/uploads\\\/2020\\\/06\\\/logo-web-1.png\",\"contentUrl\":\"https:\\\/\\\/uniform4baltic.com\\\/wp-content\\\/uploads\\\/2020\\\/06\\\/logo-web-1.png\",\"width\":500,\"height\":215,\"caption\":\"Apranga medikams\"},\"image\":{\"@id\":\"https:\\\/\\\/www.uniform4baltic.com\\\/en\\\/#\\\/schema\\\/logo\\\/image\\\/\"}}]}<\/script>\n<!-- \/ Yoast SEO plugin. -->","yoast_head_json":{"title":"GET013 Top - 08 New Royal - uniform4baltic","description":"Moteri\u0161ka palaidin\u0117 V formos kaklu, 2 ki\u0161en\u0117s. Sud\u0117tis: 76% nailonas, 24% elastanas. Audinys:\u00a0\u00a0\u201eGrey's Anatomy \u2122 EDGE\u201c, naujausia \u201eGrey's Anatomy \u2122 Scrubs\u201c kolekcijos papildymas. \u201eGrey's Anatomy EDGE\u201c yra ideali medicinos apranga \u0161iuolaikiniams sveikatos prie\u017ei\u016bros specialistams. Sukurtas su \u201eNylex \u2122\u201c audiniu, atspariu d\u0117m\u0117ms, kv\u0117puojan\u010diu, greitai d\u017ei\u016bstan\u010diu, lengvu ir ilgaam\u017eiu. \u0160i universali med\u017eiaga\u00a0u\u017etikrina neprilygstam\u0105 prakti\u0161kum\u0105, patogum\u0105 ir puiki\u0105 i\u0161vaizd\u0105 visos darbo dienos metu. * Prek\u0117 yra padidinta vienu dyd\u017eiu. Jei d\u0117vite M dyd\u012f, m\u016bs\u0173 prek\u0119 reik\u0117t\u0173 rinktis S dyd\u017eio.","robots":{"index":"index","follow":"follow","max-snippet":"max-snippet:-1","max-image-preview":"max-image-preview:large","max-video-preview":"max-video-preview:-1"},"canonical":"https:\/\/uniform4baltic.com\/en\/parduotuve\/moterims\/palaidines\/get013-top-08-new-royal\/","og_locale":"ru_RU","og_type":"article","og_title":"GET013 Top - 08 New Royal - uniform4baltic","og_description":"Moteri\u0161ka palaidin\u0117 V formos kaklu, 2 ki\u0161en\u0117s. Sud\u0117tis: 76% nailonas, 24% elastanas. Audinys:\u00a0\u00a0\u201eGrey's Anatomy \u2122 EDGE\u201c, naujausia \u201eGrey's Anatomy \u2122 Scrubs\u201c kolekcijos papildymas. \u201eGrey's Anatomy EDGE\u201c yra ideali medicinos apranga \u0161iuolaikiniams sveikatos prie\u017ei\u016bros specialistams. Sukurtas su \u201eNylex \u2122\u201c audiniu, atspariu d\u0117m\u0117ms, kv\u0117puojan\u010diu, greitai d\u017ei\u016bstan\u010diu, lengvu ir ilgaam\u017eiu. \u0160i universali med\u017eiaga\u00a0u\u017etikrina neprilygstam\u0105 prakti\u0161kum\u0105, patogum\u0105 ir puiki\u0105 i\u0161vaizd\u0105 visos darbo dienos metu. * Prek\u0117 yra padidinta vienu dyd\u017eiu. Jei d\u0117vite M dyd\u012f, m\u016bs\u0173 prek\u0119 reik\u0117t\u0173 rinktis S dyd\u017eio.","og_url":"https:\/\/uniform4baltic.com\/en\/parduotuve\/moterims\/palaidines\/get013-top-08-new-royal\/","og_site_name":"uniform4baltic","article_modified_time":"2024-07-12T11:22:35+00:00","og_image":[{"width":311,"height":606,"url":"https:\/\/uniform4baltic.com\/wp-content\/uploads\/2022\/07\/61K4JL9M1LL._AC_SY606_.jpg","type":"image\/jpeg"}],"twitter_card":"summary_large_image","schema":{"@context":"https:\/\/schema.org","@graph":[{"@type":"WebPage","@id":"https:\/\/uniform4baltic.com\/en\/parduotuve\/moterims\/palaidines\/get013-top-08-new-royal\/","url":"https:\/\/uniform4baltic.com\/en\/parduotuve\/moterims\/palaidines\/get013-top-08-new-royal\/","name":"GET013 Top - 08 New Royal - uniform4baltic","isPartOf":{"@id":"https:\/\/www.uniform4baltic.com\/en\/#website"},"primaryImageOfPage":{"@id":"https:\/\/uniform4baltic.com\/en\/parduotuve\/moterims\/palaidines\/get013-top-08-new-royal\/#primaryimage"},"image":{"@id":"https:\/\/uniform4baltic.com\/en\/parduotuve\/moterims\/palaidines\/get013-top-08-new-royal\/#primaryimage"},"thumbnailUrl":"https:\/\/uniform4baltic.com\/wp-content\/uploads\/2022\/07\/61K4JL9M1LL._AC_SY606_.jpg","datePublished":"2022-07-07T12:31:01+00:00","dateModified":"2024-07-12T11:22:35+00:00","description":"Moteri\u0161ka palaidin\u0117 V formos kaklu, 2 ki\u0161en\u0117s. Sud\u0117tis: 76% nailonas, 24% elastanas. Audinys:\u00a0\u00a0\u201eGrey's Anatomy \u2122 EDGE\u201c, naujausia \u201eGrey's Anatomy \u2122 Scrubs\u201c kolekcijos papildymas. \u201eGrey's Anatomy EDGE\u201c yra ideali medicinos apranga \u0161iuolaikiniams sveikatos prie\u017ei\u016bros specialistams. Sukurtas su \u201eNylex \u2122\u201c audiniu, atspariu d\u0117m\u0117ms, kv\u0117puojan\u010diu, greitai d\u017ei\u016bstan\u010diu, lengvu ir ilgaam\u017eiu. \u0160i universali med\u017eiaga\u00a0u\u017etikrina neprilygstam\u0105 prakti\u0161kum\u0105, patogum\u0105 ir puiki\u0105 i\u0161vaizd\u0105 visos darbo dienos metu. * Prek\u0117 yra padidinta vienu dyd\u017eiu. Jei d\u0117vite M dyd\u012f, m\u016bs\u0173 prek\u0119 reik\u0117t\u0173 rinktis S dyd\u017eio.","breadcrumb":{"@id":"https:\/\/uniform4baltic.com\/en\/parduotuve\/moterims\/palaidines\/get013-top-08-new-royal\/#breadcrumb"},"inLanguage":"ru-RU","potentialAction":[{"@type":"ReadAction","target":["https:\/\/uniform4baltic.com\/en\/parduotuve\/moterims\/palaidines\/get013-top-08-new-royal\/"]}]},{"@type":"ImageObject","inLanguage":"ru-RU","@id":"https:\/\/uniform4baltic.com\/en\/parduotuve\/moterims\/palaidines\/get013-top-08-new-royal\/#primaryimage","url":"https:\/\/uniform4baltic.com\/wp-content\/uploads\/2022\/07\/61K4JL9M1LL._AC_SY606_.jpg","contentUrl":"https:\/\/uniform4baltic.com\/wp-content\/uploads\/2022\/07\/61K4JL9M1LL._AC_SY606_.jpg","width":311,"height":606},{"@type":"BreadcrumbList","@id":"https:\/\/uniform4baltic.com\/en\/parduotuve\/moterims\/palaidines\/get013-top-08-new-royal\/#breadcrumb","itemListElement":[{"@type":"ListItem","position":1,"name":"Home","item":"https:\/\/uniform4baltic.com\/ru\/"},{"@type":"ListItem","position":2,"name":"\u041c\u0430\u0433\u0430\u0437\u0438\u043d","item":"https:\/\/uniform4baltic.com\/ru\/%d0%bc%d0%b0%d0%b3%d0%b0%d0%b7%d0%b8%d0%bd\/"},{"@type":"ListItem","position":3,"name":"GET013 Top &#8211; 08 New Royal"}]},{"@type":"WebSite","@id":"https:\/\/www.uniform4baltic.com\/en\/#website","url":"https:\/\/www.uniform4baltic.com\/en\/","name":"uniform4baltic.com","description":"Medicinin\u0117 apranga","publisher":{"@id":"https:\/\/www.uniform4baltic.com\/en\/#organization"},"potentialAction":[{"@type":"SearchAction","target":{"@type":"EntryPoint","urlTemplate":"https:\/\/www.uniform4baltic.com\/en\/?s={search_term_string}"},"query-input":{"@type":"PropertyValueSpecification","valueRequired":true,"valueName":"search_term_string"}}],"inLanguage":"ru-RU"},{"@type":"Organization","@id":"https:\/\/www.uniform4baltic.com\/en\/#organization","name":"Apranga medikams","url":"https:\/\/www.uniform4baltic.com\/en\/","logo":{"@type":"ImageObject","inLanguage":"ru-RU","@id":"https:\/\/www.uniform4baltic.com\/en\/#\/schema\/logo\/image\/","url":"https:\/\/uniform4baltic.com\/wp-content\/uploads\/2020\/06\/logo-web-1.png","contentUrl":"https:\/\/uniform4baltic.com\/wp-content\/uploads\/2020\/06\/logo-web-1.png","width":500,"height":215,"caption":"Apranga medikams"},"image":{"@id":"https:\/\/www.uniform4baltic.com\/en\/#\/schema\/logo\/image\/"}}]}},"_links":{"self":[{"href":"https:\/\/uniform4baltic.com\/ru\/wp-json\/wp\/v2\/product\/17438","targetHints":{"allow":["GET"]}}],"collection":[{"href":"https:\/\/uniform4baltic.com\/ru\/wp-json\/wp\/v2\/product"}],"about":[{"href":"https:\/\/uniform4baltic.com\/ru\/wp-json\/wp\/v2\/types\/product"}],"replies":[{"embeddable":true,"href":"https:\/\/uniform4baltic.com\/ru\/wp-json\/wp\/v2\/comments?post=17438"}],"wp:featuredmedia":[{"embeddable":true,"href":"https:\/\/uniform4baltic.com\/ru\/wp-json\/wp\/v2\/media\/17443"}],"wp:attachment":[{"href":"https:\/\/uniform4baltic.com\/ru\/wp-json\/wp\/v2\/media?parent=17438"}],"wp:term":[{"taxonomy":"product_brand","embeddable":true,"href":"https:\/\/uniform4baltic.com\/ru\/wp-json\/wp\/v2\/product_brand?post=17438"},{"taxonomy":"product_cat","embeddable":true,"href":"https:\/\/uniform4baltic.com\/ru\/wp-json\/wp\/v2\/product_cat?post=17438"},{"taxonomy":"product_tag","embeddable":true,"href":"https:\/\/uniform4baltic.com\/ru\/wp-json\/wp\/v2\/product_tag?post=17438"}],"curies":[{"name":"wp","href":"https:\/\/api.w.org\/{rel}","templated":true}]}}