{"id":17465,"date":"2022-07-07T11:14:52","date_gmt":"2022-07-07T13:14:52","guid":{"rendered":"https:\/\/uniform4baltic.com\/?post_type=product&#038;p=17465"},"modified":"2023-02-14T15:38:08","modified_gmt":"2023-02-14T17:38:08","slug":"get013-top-40-ciel-blue","status":"publish","type":"product","link":"https:\/\/uniform4baltic.com\/ru\/parduotuve\/%d0%b4%d0%bb%d1%8f-%d0%b6%d0%b5%d0%bd%d1%89%d0%b8%d0%bd\/%d0%b1%d0%bb%d1%83%d0%b7%d1%8b\/get013-top-40-ciel-blue\/","title":{"rendered":"GET013 Top \u2013 40 Ciel Blue"},"content":{"rendered":"","protected":false},"excerpt":{"rendered":"<p>Moteri\u0161ka palaidin\u0117 V formos kaklu, 2 ki\u0161en\u0117s.<\/p>\n<p>Sud\u0117tis: 76% nailonas, 24% elastanas.<\/p>\n<p>Audinys:\u00a0\u00a0\u201eGrey\u2019s Anatomy \u2122 EDGE\u201c, naujausia \u201eGrey\u2019s Anatomy \u2122 Scrubs\u201c kolekcijos papildymas. \u201eGrey\u2019s Anatomy EDGE\u201c yra ideali medicinos apranga \u0161iuolaikiniams sveikatos prie\u017ei\u016bros specialistams. Sukurtas su \u201eNylex \u2122\u201c audiniu, atspariu d\u0117m\u0117ms, kv\u0117puojan\u010diu, greitai d\u017ei\u016bstan\u010diu, lengvu ir ilgaam\u017eiu. \u0160i universali med\u017eiaga\u00a0u\u017etikrina neprilygstam\u0105 prakti\u0161kum\u0105, patogum\u0105 ir puiki\u0105 i\u0161vaizd\u0105 visos darbo dienos metu.<\/p>\n<p>* Prek\u0117 yra padidinta vienu dyd\u017eiu. Jei d\u0117vite M dyd\u012f, m\u016bs\u0173 prek\u0119 reik\u0117t\u0173 rinktis S dyd\u017eio.<\/p>\n","protected":false},"featured_media":17470,"comment_status":"open","ping_status":"closed","template":"","meta":[],"product_brand":[],"product_cat":[240,155,15,48,53],"product_tag":[774],"class_list":{"0":"post-17465","1":"product","2":"type-product","3":"status-publish","4":"has-post-thumbnail","6":"product_cat-dydziu-lentele","7":"product_cat-katalogas","8":"product_cat-uncategorized","9":"product_cat-moterims","10":"product_cat-palaidines","11":"product_tag-get013-40","12":"pa_kolekcija-greys-anatomy-edge","14":"first","15":"instock","16":"shipping-taxable","17":"purchasable","18":"product-type-variable","19":"has-default-attributes"},"yoast_head":"<!-- This site is optimized with the Yoast SEO plugin v27.4 - https:\/\/yoast.com\/product\/yoast-seo-wordpress\/ -->\n<title>GET013 Top \u2013 40 Ciel Blue - uniform4baltic<\/title>\n<meta name=\"description\" content=\"Moteri\u0161ka palaidin\u0117 V formos kaklu, 2 ki\u0161en\u0117s.  Sud\u0117tis: 76% nailonas, 24% elastanas.  Audinys:\u00a0\u00a0\u201eGrey\u2019s Anatomy \u2122 EDGE\u201c, naujausia \u201eGrey\u2019s Anatomy \u2122 Scrubs\u201c kolekcijos papildymas. \u201eGrey\u2019s Anatomy EDGE\u201c yra ideali medicinos apranga \u0161iuolaikiniams sveikatos prie\u017ei\u016bros specialistams. Sukurtas su \u201eNylex \u2122\u201c audiniu, atspariu d\u0117m\u0117ms, kv\u0117puojan\u010diu, greitai d\u017ei\u016bstan\u010diu, lengvu ir ilgaam\u017eiu. \u0160i universali med\u017eiaga\u00a0u\u017etikrina neprilygstam\u0105 prakti\u0161kum\u0105, patogum\u0105 ir puiki\u0105 i\u0161vaizd\u0105 visos darbo dienos metu.  * Prek\u0117 yra padidinta vienu dyd\u017eiu. Jei d\u0117vite M dyd\u012f, m\u016bs\u0173 prek\u0119 reik\u0117t\u0173 rinktis S dyd\u017eio.\" \/>\n<meta name=\"robots\" content=\"index, follow, max-snippet:-1, max-image-preview:large, max-video-preview:-1\" \/>\n<link rel=\"canonical\" href=\"https:\/\/www.uniform4baltic.com\/en\/parduotuve\/moterims\/palaidines\/get013-top-40-ciel-blue\/\" \/>\n<meta property=\"og:locale\" content=\"ru_RU\" \/>\n<meta property=\"og:type\" content=\"article\" \/>\n<meta property=\"og:title\" content=\"GET013 Top \u2013 40 Ciel Blue - uniform4baltic\" \/>\n<meta property=\"og:description\" content=\"Moteri\u0161ka palaidin\u0117 V formos kaklu, 2 ki\u0161en\u0117s.  Sud\u0117tis: 76% nailonas, 24% elastanas.  Audinys:\u00a0\u00a0\u201eGrey\u2019s Anatomy \u2122 EDGE\u201c, naujausia \u201eGrey\u2019s Anatomy \u2122 Scrubs\u201c kolekcijos papildymas. \u201eGrey\u2019s Anatomy EDGE\u201c yra ideali medicinos apranga \u0161iuolaikiniams sveikatos prie\u017ei\u016bros specialistams. Sukurtas su \u201eNylex \u2122\u201c audiniu, atspariu d\u0117m\u0117ms, kv\u0117puojan\u010diu, greitai d\u017ei\u016bstan\u010diu, lengvu ir ilgaam\u017eiu. \u0160i universali med\u017eiaga\u00a0u\u017etikrina neprilygstam\u0105 prakti\u0161kum\u0105, patogum\u0105 ir puiki\u0105 i\u0161vaizd\u0105 visos darbo dienos metu.  * Prek\u0117 yra padidinta vienu dyd\u017eiu. Jei d\u0117vite M dyd\u012f, m\u016bs\u0173 prek\u0119 reik\u0117t\u0173 rinktis S dyd\u017eio.\" \/>\n<meta property=\"og:url\" content=\"https:\/\/www.uniform4baltic.com\/en\/parduotuve\/moterims\/palaidines\/get013-top-40-ciel-blue\/\" \/>\n<meta property=\"og:site_name\" content=\"uniform4baltic\" \/>\n<meta property=\"article:modified_time\" content=\"2023-02-14T17:38:08+00:00\" \/>\n<meta property=\"og:image\" content=\"https:\/\/www.uniform4baltic.com\/wp-content\/uploads\/2022\/07\/83259411_256792932415917_2427254706790064730_n-2.jpg\" \/>\n\t<meta property=\"og:image:width\" content=\"571\" \/>\n\t<meta property=\"og:image:height\" content=\"661\" \/>\n\t<meta property=\"og:image:type\" content=\"image\/jpeg\" \/>\n<meta name=\"twitter:card\" content=\"summary_large_image\" \/>\n<script type=\"application\/ld+json\" class=\"yoast-schema-graph\">{\"@context\":\"https:\\\/\\\/schema.org\",\"@graph\":[{\"@type\":\"WebPage\",\"@id\":\"https:\\\/\\\/www.uniform4baltic.com\\\/en\\\/parduotuve\\\/moterims\\\/palaidines\\\/get013-top-40-ciel-blue\\\/\",\"url\":\"https:\\\/\\\/www.uniform4baltic.com\\\/en\\\/parduotuve\\\/moterims\\\/palaidines\\\/get013-top-40-ciel-blue\\\/\",\"name\":\"GET013 Top \u2013 40 Ciel Blue - uniform4baltic\",\"isPartOf\":{\"@id\":\"https:\\\/\\\/www.uniform4baltic.com\\\/en\\\/#website\"},\"primaryImageOfPage\":{\"@id\":\"https:\\\/\\\/www.uniform4baltic.com\\\/en\\\/parduotuve\\\/moterims\\\/palaidines\\\/get013-top-40-ciel-blue\\\/#primaryimage\"},\"image\":{\"@id\":\"https:\\\/\\\/www.uniform4baltic.com\\\/en\\\/parduotuve\\\/moterims\\\/palaidines\\\/get013-top-40-ciel-blue\\\/#primaryimage\"},\"thumbnailUrl\":\"https:\\\/\\\/uniform4baltic.com\\\/wp-content\\\/uploads\\\/2022\\\/07\\\/83259411_256792932415917_2427254706790064730_n-2.jpg\",\"datePublished\":\"2022-07-07T13:14:52+00:00\",\"dateModified\":\"2023-02-14T17:38:08+00:00\",\"description\":\"Moteri\u0161ka palaidin\u0117 V formos kaklu, 2 ki\u0161en\u0117s. Sud\u0117tis: 76% nailonas, 24% elastanas. Audinys:\u00a0\u00a0\u201eGrey\u2019s Anatomy \u2122 EDGE\u201c, naujausia \u201eGrey\u2019s Anatomy \u2122 Scrubs\u201c kolekcijos papildymas. \u201eGrey\u2019s Anatomy EDGE\u201c yra ideali medicinos apranga \u0161iuolaikiniams sveikatos prie\u017ei\u016bros specialistams. Sukurtas su \u201eNylex \u2122\u201c audiniu, atspariu d\u0117m\u0117ms, kv\u0117puojan\u010diu, greitai d\u017ei\u016bstan\u010diu, lengvu ir ilgaam\u017eiu. \u0160i universali med\u017eiaga\u00a0u\u017etikrina neprilygstam\u0105 prakti\u0161kum\u0105, patogum\u0105 ir puiki\u0105 i\u0161vaizd\u0105 visos darbo dienos metu. * Prek\u0117 yra padidinta vienu dyd\u017eiu. Jei d\u0117vite M dyd\u012f, m\u016bs\u0173 prek\u0119 reik\u0117t\u0173 rinktis S dyd\u017eio.\",\"breadcrumb\":{\"@id\":\"https:\\\/\\\/www.uniform4baltic.com\\\/en\\\/parduotuve\\\/moterims\\\/palaidines\\\/get013-top-40-ciel-blue\\\/#breadcrumb\"},\"inLanguage\":\"ru-RU\",\"potentialAction\":[{\"@type\":\"ReadAction\",\"target\":[\"https:\\\/\\\/www.uniform4baltic.com\\\/en\\\/parduotuve\\\/moterims\\\/palaidines\\\/get013-top-40-ciel-blue\\\/\"]}]},{\"@type\":\"ImageObject\",\"inLanguage\":\"ru-RU\",\"@id\":\"https:\\\/\\\/www.uniform4baltic.com\\\/en\\\/parduotuve\\\/moterims\\\/palaidines\\\/get013-top-40-ciel-blue\\\/#primaryimage\",\"url\":\"https:\\\/\\\/uniform4baltic.com\\\/wp-content\\\/uploads\\\/2022\\\/07\\\/83259411_256792932415917_2427254706790064730_n-2.jpg\",\"contentUrl\":\"https:\\\/\\\/uniform4baltic.com\\\/wp-content\\\/uploads\\\/2022\\\/07\\\/83259411_256792932415917_2427254706790064730_n-2.jpg\",\"width\":571,\"height\":661},{\"@type\":\"BreadcrumbList\",\"@id\":\"https:\\\/\\\/www.uniform4baltic.com\\\/en\\\/parduotuve\\\/moterims\\\/palaidines\\\/get013-top-40-ciel-blue\\\/#breadcrumb\",\"itemListElement\":[{\"@type\":\"ListItem\",\"position\":1,\"name\":\"Home\",\"item\":\"https:\\\/\\\/uniform4baltic.com\\\/ru\\\/\"},{\"@type\":\"ListItem\",\"position\":2,\"name\":\"\u041c\u0430\u0433\u0430\u0437\u0438\u043d\",\"item\":\"https:\\\/\\\/uniform4baltic.com\\\/ru\\\/%d0%bc%d0%b0%d0%b3%d0%b0%d0%b7%d0%b8%d0%bd\\\/\"},{\"@type\":\"ListItem\",\"position\":3,\"name\":\"GET013 Top \u2013 40 Ciel Blue\"}]},{\"@type\":\"WebSite\",\"@id\":\"https:\\\/\\\/www.uniform4baltic.com\\\/en\\\/#website\",\"url\":\"https:\\\/\\\/www.uniform4baltic.com\\\/en\\\/\",\"name\":\"uniform4baltic.com\",\"description\":\"Medicinin\u0117 apranga\",\"publisher\":{\"@id\":\"https:\\\/\\\/www.uniform4baltic.com\\\/en\\\/#organization\"},\"potentialAction\":[{\"@type\":\"SearchAction\",\"target\":{\"@type\":\"EntryPoint\",\"urlTemplate\":\"https:\\\/\\\/www.uniform4baltic.com\\\/en\\\/?s={search_term_string}\"},\"query-input\":{\"@type\":\"PropertyValueSpecification\",\"valueRequired\":true,\"valueName\":\"search_term_string\"}}],\"inLanguage\":\"ru-RU\"},{\"@type\":\"Organization\",\"@id\":\"https:\\\/\\\/www.uniform4baltic.com\\\/en\\\/#organization\",\"name\":\"Apranga medikams\",\"url\":\"https:\\\/\\\/www.uniform4baltic.com\\\/en\\\/\",\"logo\":{\"@type\":\"ImageObject\",\"inLanguage\":\"ru-RU\",\"@id\":\"https:\\\/\\\/www.uniform4baltic.com\\\/en\\\/#\\\/schema\\\/logo\\\/image\\\/\",\"url\":\"https:\\\/\\\/uniform4baltic.com\\\/wp-content\\\/uploads\\\/2020\\\/06\\\/logo-web-1.png\",\"contentUrl\":\"https:\\\/\\\/uniform4baltic.com\\\/wp-content\\\/uploads\\\/2020\\\/06\\\/logo-web-1.png\",\"width\":500,\"height\":215,\"caption\":\"Apranga medikams\"},\"image\":{\"@id\":\"https:\\\/\\\/www.uniform4baltic.com\\\/en\\\/#\\\/schema\\\/logo\\\/image\\\/\"}}]}<\/script>\n<!-- \/ Yoast SEO plugin. -->","yoast_head_json":{"title":"GET013 Top \u2013 40 Ciel Blue - uniform4baltic","description":"Moteri\u0161ka palaidin\u0117 V formos kaklu, 2 ki\u0161en\u0117s.  Sud\u0117tis: 76% nailonas, 24% elastanas.  Audinys:\u00a0\u00a0\u201eGrey\u2019s Anatomy \u2122 EDGE\u201c, naujausia \u201eGrey\u2019s Anatomy \u2122 Scrubs\u201c kolekcijos papildymas. \u201eGrey\u2019s Anatomy EDGE\u201c yra ideali medicinos apranga \u0161iuolaikiniams sveikatos prie\u017ei\u016bros specialistams. Sukurtas su \u201eNylex \u2122\u201c audiniu, atspariu d\u0117m\u0117ms, kv\u0117puojan\u010diu, greitai d\u017ei\u016bstan\u010diu, lengvu ir ilgaam\u017eiu. \u0160i universali med\u017eiaga\u00a0u\u017etikrina neprilygstam\u0105 prakti\u0161kum\u0105, patogum\u0105 ir puiki\u0105 i\u0161vaizd\u0105 visos darbo dienos metu.  * Prek\u0117 yra padidinta vienu dyd\u017eiu. Jei d\u0117vite M dyd\u012f, m\u016bs\u0173 prek\u0119 reik\u0117t\u0173 rinktis S dyd\u017eio.","robots":{"index":"index","follow":"follow","max-snippet":"max-snippet:-1","max-image-preview":"max-image-preview:large","max-video-preview":"max-video-preview:-1"},"canonical":"https:\/\/www.uniform4baltic.com\/en\/parduotuve\/moterims\/palaidines\/get013-top-40-ciel-blue\/","og_locale":"ru_RU","og_type":"article","og_title":"GET013 Top \u2013 40 Ciel Blue - uniform4baltic","og_description":"Moteri\u0161ka palaidin\u0117 V formos kaklu, 2 ki\u0161en\u0117s.  Sud\u0117tis: 76% nailonas, 24% elastanas.  Audinys:\u00a0\u00a0\u201eGrey\u2019s Anatomy \u2122 EDGE\u201c, naujausia \u201eGrey\u2019s Anatomy \u2122 Scrubs\u201c kolekcijos papildymas. \u201eGrey\u2019s Anatomy EDGE\u201c yra ideali medicinos apranga \u0161iuolaikiniams sveikatos prie\u017ei\u016bros specialistams. Sukurtas su \u201eNylex \u2122\u201c audiniu, atspariu d\u0117m\u0117ms, kv\u0117puojan\u010diu, greitai d\u017ei\u016bstan\u010diu, lengvu ir ilgaam\u017eiu. \u0160i universali med\u017eiaga\u00a0u\u017etikrina neprilygstam\u0105 prakti\u0161kum\u0105, patogum\u0105 ir puiki\u0105 i\u0161vaizd\u0105 visos darbo dienos metu.  * Prek\u0117 yra padidinta vienu dyd\u017eiu. Jei d\u0117vite M dyd\u012f, m\u016bs\u0173 prek\u0119 reik\u0117t\u0173 rinktis S dyd\u017eio.","og_url":"https:\/\/www.uniform4baltic.com\/en\/parduotuve\/moterims\/palaidines\/get013-top-40-ciel-blue\/","og_site_name":"uniform4baltic","article_modified_time":"2023-02-14T17:38:08+00:00","og_image":[{"width":571,"height":661,"url":"https:\/\/www.uniform4baltic.com\/wp-content\/uploads\/2022\/07\/83259411_256792932415917_2427254706790064730_n-2.jpg","type":"image\/jpeg"}],"twitter_card":"summary_large_image","schema":{"@context":"https:\/\/schema.org","@graph":[{"@type":"WebPage","@id":"https:\/\/www.uniform4baltic.com\/en\/parduotuve\/moterims\/palaidines\/get013-top-40-ciel-blue\/","url":"https:\/\/www.uniform4baltic.com\/en\/parduotuve\/moterims\/palaidines\/get013-top-40-ciel-blue\/","name":"GET013 Top \u2013 40 Ciel Blue - uniform4baltic","isPartOf":{"@id":"https:\/\/www.uniform4baltic.com\/en\/#website"},"primaryImageOfPage":{"@id":"https:\/\/www.uniform4baltic.com\/en\/parduotuve\/moterims\/palaidines\/get013-top-40-ciel-blue\/#primaryimage"},"image":{"@id":"https:\/\/www.uniform4baltic.com\/en\/parduotuve\/moterims\/palaidines\/get013-top-40-ciel-blue\/#primaryimage"},"thumbnailUrl":"https:\/\/uniform4baltic.com\/wp-content\/uploads\/2022\/07\/83259411_256792932415917_2427254706790064730_n-2.jpg","datePublished":"2022-07-07T13:14:52+00:00","dateModified":"2023-02-14T17:38:08+00:00","description":"Moteri\u0161ka palaidin\u0117 V formos kaklu, 2 ki\u0161en\u0117s. Sud\u0117tis: 76% nailonas, 24% elastanas. Audinys:\u00a0\u00a0\u201eGrey\u2019s Anatomy \u2122 EDGE\u201c, naujausia \u201eGrey\u2019s Anatomy \u2122 Scrubs\u201c kolekcijos papildymas. \u201eGrey\u2019s Anatomy EDGE\u201c yra ideali medicinos apranga \u0161iuolaikiniams sveikatos prie\u017ei\u016bros specialistams. Sukurtas su \u201eNylex \u2122\u201c audiniu, atspariu d\u0117m\u0117ms, kv\u0117puojan\u010diu, greitai d\u017ei\u016bstan\u010diu, lengvu ir ilgaam\u017eiu. \u0160i universali med\u017eiaga\u00a0u\u017etikrina neprilygstam\u0105 prakti\u0161kum\u0105, patogum\u0105 ir puiki\u0105 i\u0161vaizd\u0105 visos darbo dienos metu. * Prek\u0117 yra padidinta vienu dyd\u017eiu. Jei d\u0117vite M dyd\u012f, m\u016bs\u0173 prek\u0119 reik\u0117t\u0173 rinktis S dyd\u017eio.","breadcrumb":{"@id":"https:\/\/www.uniform4baltic.com\/en\/parduotuve\/moterims\/palaidines\/get013-top-40-ciel-blue\/#breadcrumb"},"inLanguage":"ru-RU","potentialAction":[{"@type":"ReadAction","target":["https:\/\/www.uniform4baltic.com\/en\/parduotuve\/moterims\/palaidines\/get013-top-40-ciel-blue\/"]}]},{"@type":"ImageObject","inLanguage":"ru-RU","@id":"https:\/\/www.uniform4baltic.com\/en\/parduotuve\/moterims\/palaidines\/get013-top-40-ciel-blue\/#primaryimage","url":"https:\/\/uniform4baltic.com\/wp-content\/uploads\/2022\/07\/83259411_256792932415917_2427254706790064730_n-2.jpg","contentUrl":"https:\/\/uniform4baltic.com\/wp-content\/uploads\/2022\/07\/83259411_256792932415917_2427254706790064730_n-2.jpg","width":571,"height":661},{"@type":"BreadcrumbList","@id":"https:\/\/www.uniform4baltic.com\/en\/parduotuve\/moterims\/palaidines\/get013-top-40-ciel-blue\/#breadcrumb","itemListElement":[{"@type":"ListItem","position":1,"name":"Home","item":"https:\/\/uniform4baltic.com\/ru\/"},{"@type":"ListItem","position":2,"name":"\u041c\u0430\u0433\u0430\u0437\u0438\u043d","item":"https:\/\/uniform4baltic.com\/ru\/%d0%bc%d0%b0%d0%b3%d0%b0%d0%b7%d0%b8%d0%bd\/"},{"@type":"ListItem","position":3,"name":"GET013 Top \u2013 40 Ciel Blue"}]},{"@type":"WebSite","@id":"https:\/\/www.uniform4baltic.com\/en\/#website","url":"https:\/\/www.uniform4baltic.com\/en\/","name":"uniform4baltic.com","description":"Medicinin\u0117 apranga","publisher":{"@id":"https:\/\/www.uniform4baltic.com\/en\/#organization"},"potentialAction":[{"@type":"SearchAction","target":{"@type":"EntryPoint","urlTemplate":"https:\/\/www.uniform4baltic.com\/en\/?s={search_term_string}"},"query-input":{"@type":"PropertyValueSpecification","valueRequired":true,"valueName":"search_term_string"}}],"inLanguage":"ru-RU"},{"@type":"Organization","@id":"https:\/\/www.uniform4baltic.com\/en\/#organization","name":"Apranga medikams","url":"https:\/\/www.uniform4baltic.com\/en\/","logo":{"@type":"ImageObject","inLanguage":"ru-RU","@id":"https:\/\/www.uniform4baltic.com\/en\/#\/schema\/logo\/image\/","url":"https:\/\/uniform4baltic.com\/wp-content\/uploads\/2020\/06\/logo-web-1.png","contentUrl":"https:\/\/uniform4baltic.com\/wp-content\/uploads\/2020\/06\/logo-web-1.png","width":500,"height":215,"caption":"Apranga medikams"},"image":{"@id":"https:\/\/www.uniform4baltic.com\/en\/#\/schema\/logo\/image\/"}}]}},"_links":{"self":[{"href":"https:\/\/uniform4baltic.com\/ru\/wp-json\/wp\/v2\/product\/17465","targetHints":{"allow":["GET"]}}],"collection":[{"href":"https:\/\/uniform4baltic.com\/ru\/wp-json\/wp\/v2\/product"}],"about":[{"href":"https:\/\/uniform4baltic.com\/ru\/wp-json\/wp\/v2\/types\/product"}],"replies":[{"embeddable":true,"href":"https:\/\/uniform4baltic.com\/ru\/wp-json\/wp\/v2\/comments?post=17465"}],"wp:featuredmedia":[{"embeddable":true,"href":"https:\/\/uniform4baltic.com\/ru\/wp-json\/wp\/v2\/media\/17470"}],"wp:attachment":[{"href":"https:\/\/uniform4baltic.com\/ru\/wp-json\/wp\/v2\/media?parent=17465"}],"wp:term":[{"taxonomy":"product_brand","embeddable":true,"href":"https:\/\/uniform4baltic.com\/ru\/wp-json\/wp\/v2\/product_brand?post=17465"},{"taxonomy":"product_cat","embeddable":true,"href":"https:\/\/uniform4baltic.com\/ru\/wp-json\/wp\/v2\/product_cat?post=17465"},{"taxonomy":"product_tag","embeddable":true,"href":"https:\/\/uniform4baltic.com\/ru\/wp-json\/wp\/v2\/product_tag?post=17465"}],"curies":[{"name":"wp","href":"https:\/\/api.w.org\/{rel}","templated":true}]}}