{"id":20612,"date":"2022-12-28T07:03:24","date_gmt":"2022-12-28T09:03:24","guid":{"rendered":"https:\/\/uniform4baltic.com\/?post_type=product&#038;p=20612"},"modified":"2025-12-19T05:11:40","modified_gmt":"2025-12-19T07:11:40","slug":"jaanuu-top-j96243-graw","status":"publish","type":"product","link":"https:\/\/uniform4baltic.com\/ru\/parduotuve\/%d0%b4%d0%bb%d1%8f-%d0%b6%d0%b5%d0%bd%d1%89%d0%b8%d0%bd\/%d0%b1%d0%bb%d1%83%d0%b7%d1%8b\/jaanuu-top-j96243-graw\/","title":{"rendered":"JAANUU Top-J96243 GRAW"},"content":{"rendered":"","protected":false},"excerpt":{"rendered":"<p>FUSEryx\u2122 audinys yra sukurtas taip, kad b\u016bt\u0173 tamprus visomis kryptimis, u\u017etikrinant komfort\u0105 ir patvarum\u0105 vis\u0105 dien\u0105.<\/p>\n<p>Apdorotas Silvadur\u2122 antimikrobine danga, kad b\u016bt\u0173 u\u017etikrintas papildomas apsaugos sluoksnis, u\u017etikrina temperat\u016bros reguliavim\u0105 ir komfort\u0105 vis\u0105 dien\u0105. Lengva prie\u017ei\u016bra, nesilamdanti med\u017eiaga.<\/p>\n<p>V formos i\u0161kirpt\u0117, su u\u017etrauktuku.<\/p>\n<p>3 ki\u0161en\u0117s, viena pasl\u0117pta ki\u0161en\u0117, \u017eenklelio kilpa ties rankove.<\/p>\n<p>76% poliesteris, 18% viskoz\u0117, 6% elastanas<\/p>\n<p>Skalbti ma\u0161inoje ir d\u017eiovinti d\u017eiovykl\u0117je.<\/p>\n","protected":false},"featured_media":20613,"comment_status":"open","ping_status":"closed","template":"","meta":[],"product_brand":[],"product_cat":[240,155,48,53,15],"product_tag":[1100],"class_list":{"0":"post-20612","1":"product","2":"type-product","3":"status-publish","4":"has-post-thumbnail","6":"product_cat-dydziu-lentele","7":"product_cat-katalogas","8":"product_cat-moterims","9":"product_cat-palaidines","10":"product_cat-uncategorized","11":"product_tag-j96243-graw","13":"first","14":"instock","15":"shipping-taxable","16":"purchasable","17":"product-type-variable"},"yoast_head":"<!-- This site is optimized with the Yoast SEO plugin v27.4 - https:\/\/yoast.com\/product\/yoast-seo-wordpress\/ -->\n<title>JAANUU Top-J96243 GRAW - uniform4baltic<\/title>\n<meta name=\"description\" content=\"FUSEryx\u2122 audinys yra sukurtas taip, kad b\u016bt\u0173 tamprus visomis kryptimis, u\u017etikrinant komfort\u0105 ir patvarum\u0105 vis\u0105 dien\u0105.  Apdorotas Silvadur\u2122 antimikrobine danga, kad b\u016bt\u0173 u\u017etikrintas papildomas apsaugos sluoksnis, u\u017etikrina temperat\u016bros reguliavim\u0105 ir komfort\u0105 vis\u0105 dien\u0105. Lengva prie\u017ei\u016bra, nesilamdanti med\u017eiaga.  V formos i\u0161kirpt\u0117, su u\u017etrauktuku.  3 ki\u0161en\u0117s, viena pasl\u0117pta ki\u0161en\u0117, \u017eenklelio kilpa ties rankove.  76% poliesteris, 18% viskoz\u0117, 6% elastanas  Skalbti ma\u0161inoje ir d\u017eiovinti d\u017eiovykl\u0117je.\" \/>\n<meta name=\"robots\" content=\"index, follow, max-snippet:-1, max-image-preview:large, max-video-preview:-1\" \/>\n<link rel=\"canonical\" href=\"https:\/\/uniform4baltic.com\/parduotuve\/moterims\/palaidines\/jaanuu-top-j96243-graw\/\" \/>\n<meta property=\"og:locale\" content=\"ru_RU\" \/>\n<meta property=\"og:type\" content=\"article\" \/>\n<meta property=\"og:title\" content=\"JAANUU Top-J96243 GRAW - uniform4baltic\" \/>\n<meta property=\"og:description\" content=\"FUSEryx\u2122 audinys yra sukurtas taip, kad b\u016bt\u0173 tamprus visomis kryptimis, u\u017etikrinant komfort\u0105 ir patvarum\u0105 vis\u0105 dien\u0105.  Apdorotas Silvadur\u2122 antimikrobine danga, kad b\u016bt\u0173 u\u017etikrintas papildomas apsaugos sluoksnis, u\u017etikrina temperat\u016bros reguliavim\u0105 ir komfort\u0105 vis\u0105 dien\u0105. Lengva prie\u017ei\u016bra, nesilamdanti med\u017eiaga.  V formos i\u0161kirpt\u0117, su u\u017etrauktuku.  3 ki\u0161en\u0117s, viena pasl\u0117pta ki\u0161en\u0117, \u017eenklelio kilpa ties rankove.  76% poliesteris, 18% viskoz\u0117, 6% elastanas  Skalbti ma\u0161inoje ir d\u017eiovinti d\u017eiovykl\u0117je.\" \/>\n<meta property=\"og:url\" content=\"https:\/\/uniform4baltic.com\/parduotuve\/moterims\/palaidines\/jaanuu-top-j96243-graw\/\" \/>\n<meta property=\"og:site_name\" content=\"uniform4baltic\" \/>\n<meta property=\"article:modified_time\" content=\"2025-12-19T07:11:40+00:00\" \/>\n<meta property=\"og:image\" content=\"https:\/\/uniform4baltic.com\/wp-content\/uploads\/2022\/12\/J96243-GRAY-M-790x1024.png\" \/>\n\t<meta property=\"og:image:width\" content=\"790\" \/>\n\t<meta property=\"og:image:height\" content=\"1024\" \/>\n\t<meta property=\"og:image:type\" content=\"image\/png\" \/>\n<meta name=\"twitter:card\" content=\"summary_large_image\" \/>\n<meta name=\"twitter:label1\" content=\"\u041f\u0440\u0438\u043c\u0435\u0440\u043d\u043e\u0435 \u0432\u0440\u0435\u043c\u044f \u0434\u043b\u044f \u0447\u0442\u0435\u043d\u0438\u044f\" \/>\n\t<meta name=\"twitter:data1\" content=\"1 \u043c\u0438\u043d\u0443\u0442\u0430\" \/>\n<script type=\"application\/ld+json\" class=\"yoast-schema-graph\">{\"@context\":\"https:\\\/\\\/schema.org\",\"@graph\":[{\"@type\":\"WebPage\",\"@id\":\"https:\\\/\\\/uniform4baltic.com\\\/parduotuve\\\/moterims\\\/palaidines\\\/jaanuu-top-j96243-graw\\\/\",\"url\":\"https:\\\/\\\/uniform4baltic.com\\\/parduotuve\\\/moterims\\\/palaidines\\\/jaanuu-top-j96243-graw\\\/\",\"name\":\"JAANUU Top-J96243 GRAW - uniform4baltic\",\"isPartOf\":{\"@id\":\"https:\\\/\\\/www.uniform4baltic.com\\\/en\\\/#website\"},\"primaryImageOfPage\":{\"@id\":\"https:\\\/\\\/uniform4baltic.com\\\/parduotuve\\\/moterims\\\/palaidines\\\/jaanuu-top-j96243-graw\\\/#primaryimage\"},\"image\":{\"@id\":\"https:\\\/\\\/uniform4baltic.com\\\/parduotuve\\\/moterims\\\/palaidines\\\/jaanuu-top-j96243-graw\\\/#primaryimage\"},\"thumbnailUrl\":\"https:\\\/\\\/uniform4baltic.com\\\/wp-content\\\/uploads\\\/2022\\\/12\\\/J96243-GRAY-M.png\",\"datePublished\":\"2022-12-28T09:03:24+00:00\",\"dateModified\":\"2025-12-19T07:11:40+00:00\",\"description\":\"FUSEryx\u2122 audinys yra sukurtas taip, kad b\u016bt\u0173 tamprus visomis kryptimis, u\u017etikrinant komfort\u0105 ir patvarum\u0105 vis\u0105 dien\u0105. Apdorotas Silvadur\u2122 antimikrobine danga, kad b\u016bt\u0173 u\u017etikrintas papildomas apsaugos sluoksnis, u\u017etikrina temperat\u016bros reguliavim\u0105 ir komfort\u0105 vis\u0105 dien\u0105. Lengva prie\u017ei\u016bra, nesilamdanti med\u017eiaga. V formos i\u0161kirpt\u0117, su u\u017etrauktuku. 3 ki\u0161en\u0117s, viena pasl\u0117pta ki\u0161en\u0117, \u017eenklelio kilpa ties rankove. 76% poliesteris, 18% viskoz\u0117, 6% elastanas Skalbti ma\u0161inoje ir d\u017eiovinti d\u017eiovykl\u0117je.\",\"breadcrumb\":{\"@id\":\"https:\\\/\\\/uniform4baltic.com\\\/parduotuve\\\/moterims\\\/palaidines\\\/jaanuu-top-j96243-graw\\\/#breadcrumb\"},\"inLanguage\":\"ru-RU\",\"potentialAction\":[{\"@type\":\"ReadAction\",\"target\":[\"https:\\\/\\\/uniform4baltic.com\\\/parduotuve\\\/moterims\\\/palaidines\\\/jaanuu-top-j96243-graw\\\/\"]}]},{\"@type\":\"ImageObject\",\"inLanguage\":\"ru-RU\",\"@id\":\"https:\\\/\\\/uniform4baltic.com\\\/parduotuve\\\/moterims\\\/palaidines\\\/jaanuu-top-j96243-graw\\\/#primaryimage\",\"url\":\"https:\\\/\\\/uniform4baltic.com\\\/wp-content\\\/uploads\\\/2022\\\/12\\\/J96243-GRAY-M.png\",\"contentUrl\":\"https:\\\/\\\/uniform4baltic.com\\\/wp-content\\\/uploads\\\/2022\\\/12\\\/J96243-GRAY-M.png\",\"width\":1600,\"height\":2074},{\"@type\":\"BreadcrumbList\",\"@id\":\"https:\\\/\\\/uniform4baltic.com\\\/parduotuve\\\/moterims\\\/palaidines\\\/jaanuu-top-j96243-graw\\\/#breadcrumb\",\"itemListElement\":[{\"@type\":\"ListItem\",\"position\":1,\"name\":\"Home\",\"item\":\"https:\\\/\\\/uniform4baltic.com\\\/ru\\\/\"},{\"@type\":\"ListItem\",\"position\":2,\"name\":\"\u041c\u0430\u0433\u0430\u0437\u0438\u043d\",\"item\":\"https:\\\/\\\/uniform4baltic.com\\\/ru\\\/%d0%bc%d0%b0%d0%b3%d0%b0%d0%b7%d0%b8%d0%bd\\\/\"},{\"@type\":\"ListItem\",\"position\":3,\"name\":\"JAANUU Top-J96243 GRAW\"}]},{\"@type\":\"WebSite\",\"@id\":\"https:\\\/\\\/www.uniform4baltic.com\\\/en\\\/#website\",\"url\":\"https:\\\/\\\/www.uniform4baltic.com\\\/en\\\/\",\"name\":\"uniform4baltic.com\",\"description\":\"Medicinin\u0117 apranga\",\"publisher\":{\"@id\":\"https:\\\/\\\/www.uniform4baltic.com\\\/en\\\/#organization\"},\"potentialAction\":[{\"@type\":\"SearchAction\",\"target\":{\"@type\":\"EntryPoint\",\"urlTemplate\":\"https:\\\/\\\/www.uniform4baltic.com\\\/en\\\/?s={search_term_string}\"},\"query-input\":{\"@type\":\"PropertyValueSpecification\",\"valueRequired\":true,\"valueName\":\"search_term_string\"}}],\"inLanguage\":\"ru-RU\"},{\"@type\":\"Organization\",\"@id\":\"https:\\\/\\\/www.uniform4baltic.com\\\/en\\\/#organization\",\"name\":\"Apranga medikams\",\"url\":\"https:\\\/\\\/www.uniform4baltic.com\\\/en\\\/\",\"logo\":{\"@type\":\"ImageObject\",\"inLanguage\":\"ru-RU\",\"@id\":\"https:\\\/\\\/www.uniform4baltic.com\\\/en\\\/#\\\/schema\\\/logo\\\/image\\\/\",\"url\":\"https:\\\/\\\/uniform4baltic.com\\\/wp-content\\\/uploads\\\/2020\\\/06\\\/logo-web-1.png\",\"contentUrl\":\"https:\\\/\\\/uniform4baltic.com\\\/wp-content\\\/uploads\\\/2020\\\/06\\\/logo-web-1.png\",\"width\":500,\"height\":215,\"caption\":\"Apranga medikams\"},\"image\":{\"@id\":\"https:\\\/\\\/www.uniform4baltic.com\\\/en\\\/#\\\/schema\\\/logo\\\/image\\\/\"}}]}<\/script>\n<!-- \/ Yoast SEO plugin. -->","yoast_head_json":{"title":"JAANUU Top-J96243 GRAW - uniform4baltic","description":"FUSEryx\u2122 audinys yra sukurtas taip, kad b\u016bt\u0173 tamprus visomis kryptimis, u\u017etikrinant komfort\u0105 ir patvarum\u0105 vis\u0105 dien\u0105.  Apdorotas Silvadur\u2122 antimikrobine danga, kad b\u016bt\u0173 u\u017etikrintas papildomas apsaugos sluoksnis, u\u017etikrina temperat\u016bros reguliavim\u0105 ir komfort\u0105 vis\u0105 dien\u0105. Lengva prie\u017ei\u016bra, nesilamdanti med\u017eiaga.  V formos i\u0161kirpt\u0117, su u\u017etrauktuku.  3 ki\u0161en\u0117s, viena pasl\u0117pta ki\u0161en\u0117, \u017eenklelio kilpa ties rankove.  76% poliesteris, 18% viskoz\u0117, 6% elastanas  Skalbti ma\u0161inoje ir d\u017eiovinti d\u017eiovykl\u0117je.","robots":{"index":"index","follow":"follow","max-snippet":"max-snippet:-1","max-image-preview":"max-image-preview:large","max-video-preview":"max-video-preview:-1"},"canonical":"https:\/\/uniform4baltic.com\/parduotuve\/moterims\/palaidines\/jaanuu-top-j96243-graw\/","og_locale":"ru_RU","og_type":"article","og_title":"JAANUU Top-J96243 GRAW - uniform4baltic","og_description":"FUSEryx\u2122 audinys yra sukurtas taip, kad b\u016bt\u0173 tamprus visomis kryptimis, u\u017etikrinant komfort\u0105 ir patvarum\u0105 vis\u0105 dien\u0105.  Apdorotas Silvadur\u2122 antimikrobine danga, kad b\u016bt\u0173 u\u017etikrintas papildomas apsaugos sluoksnis, u\u017etikrina temperat\u016bros reguliavim\u0105 ir komfort\u0105 vis\u0105 dien\u0105. Lengva prie\u017ei\u016bra, nesilamdanti med\u017eiaga.  V formos i\u0161kirpt\u0117, su u\u017etrauktuku.  3 ki\u0161en\u0117s, viena pasl\u0117pta ki\u0161en\u0117, \u017eenklelio kilpa ties rankove.  76% poliesteris, 18% viskoz\u0117, 6% elastanas  Skalbti ma\u0161inoje ir d\u017eiovinti d\u017eiovykl\u0117je.","og_url":"https:\/\/uniform4baltic.com\/parduotuve\/moterims\/palaidines\/jaanuu-top-j96243-graw\/","og_site_name":"uniform4baltic","article_modified_time":"2025-12-19T07:11:40+00:00","og_image":[{"width":790,"height":1024,"url":"https:\/\/uniform4baltic.com\/wp-content\/uploads\/2022\/12\/J96243-GRAY-M-790x1024.png","type":"image\/png"}],"twitter_card":"summary_large_image","twitter_misc":{"\u041f\u0440\u0438\u043c\u0435\u0440\u043d\u043e\u0435 \u0432\u0440\u0435\u043c\u044f \u0434\u043b\u044f \u0447\u0442\u0435\u043d\u0438\u044f":"1 \u043c\u0438\u043d\u0443\u0442\u0430"},"schema":{"@context":"https:\/\/schema.org","@graph":[{"@type":"WebPage","@id":"https:\/\/uniform4baltic.com\/parduotuve\/moterims\/palaidines\/jaanuu-top-j96243-graw\/","url":"https:\/\/uniform4baltic.com\/parduotuve\/moterims\/palaidines\/jaanuu-top-j96243-graw\/","name":"JAANUU Top-J96243 GRAW - uniform4baltic","isPartOf":{"@id":"https:\/\/www.uniform4baltic.com\/en\/#website"},"primaryImageOfPage":{"@id":"https:\/\/uniform4baltic.com\/parduotuve\/moterims\/palaidines\/jaanuu-top-j96243-graw\/#primaryimage"},"image":{"@id":"https:\/\/uniform4baltic.com\/parduotuve\/moterims\/palaidines\/jaanuu-top-j96243-graw\/#primaryimage"},"thumbnailUrl":"https:\/\/uniform4baltic.com\/wp-content\/uploads\/2022\/12\/J96243-GRAY-M.png","datePublished":"2022-12-28T09:03:24+00:00","dateModified":"2025-12-19T07:11:40+00:00","description":"FUSEryx\u2122 audinys yra sukurtas taip, kad b\u016bt\u0173 tamprus visomis kryptimis, u\u017etikrinant komfort\u0105 ir patvarum\u0105 vis\u0105 dien\u0105. Apdorotas Silvadur\u2122 antimikrobine danga, kad b\u016bt\u0173 u\u017etikrintas papildomas apsaugos sluoksnis, u\u017etikrina temperat\u016bros reguliavim\u0105 ir komfort\u0105 vis\u0105 dien\u0105. Lengva prie\u017ei\u016bra, nesilamdanti med\u017eiaga. V formos i\u0161kirpt\u0117, su u\u017etrauktuku. 3 ki\u0161en\u0117s, viena pasl\u0117pta ki\u0161en\u0117, \u017eenklelio kilpa ties rankove. 76% poliesteris, 18% viskoz\u0117, 6% elastanas Skalbti ma\u0161inoje ir d\u017eiovinti d\u017eiovykl\u0117je.","breadcrumb":{"@id":"https:\/\/uniform4baltic.com\/parduotuve\/moterims\/palaidines\/jaanuu-top-j96243-graw\/#breadcrumb"},"inLanguage":"ru-RU","potentialAction":[{"@type":"ReadAction","target":["https:\/\/uniform4baltic.com\/parduotuve\/moterims\/palaidines\/jaanuu-top-j96243-graw\/"]}]},{"@type":"ImageObject","inLanguage":"ru-RU","@id":"https:\/\/uniform4baltic.com\/parduotuve\/moterims\/palaidines\/jaanuu-top-j96243-graw\/#primaryimage","url":"https:\/\/uniform4baltic.com\/wp-content\/uploads\/2022\/12\/J96243-GRAY-M.png","contentUrl":"https:\/\/uniform4baltic.com\/wp-content\/uploads\/2022\/12\/J96243-GRAY-M.png","width":1600,"height":2074},{"@type":"BreadcrumbList","@id":"https:\/\/uniform4baltic.com\/parduotuve\/moterims\/palaidines\/jaanuu-top-j96243-graw\/#breadcrumb","itemListElement":[{"@type":"ListItem","position":1,"name":"Home","item":"https:\/\/uniform4baltic.com\/ru\/"},{"@type":"ListItem","position":2,"name":"\u041c\u0430\u0433\u0430\u0437\u0438\u043d","item":"https:\/\/uniform4baltic.com\/ru\/%d0%bc%d0%b0%d0%b3%d0%b0%d0%b7%d0%b8%d0%bd\/"},{"@type":"ListItem","position":3,"name":"JAANUU Top-J96243 GRAW"}]},{"@type":"WebSite","@id":"https:\/\/www.uniform4baltic.com\/en\/#website","url":"https:\/\/www.uniform4baltic.com\/en\/","name":"uniform4baltic.com","description":"Medicinin\u0117 apranga","publisher":{"@id":"https:\/\/www.uniform4baltic.com\/en\/#organization"},"potentialAction":[{"@type":"SearchAction","target":{"@type":"EntryPoint","urlTemplate":"https:\/\/www.uniform4baltic.com\/en\/?s={search_term_string}"},"query-input":{"@type":"PropertyValueSpecification","valueRequired":true,"valueName":"search_term_string"}}],"inLanguage":"ru-RU"},{"@type":"Organization","@id":"https:\/\/www.uniform4baltic.com\/en\/#organization","name":"Apranga medikams","url":"https:\/\/www.uniform4baltic.com\/en\/","logo":{"@type":"ImageObject","inLanguage":"ru-RU","@id":"https:\/\/www.uniform4baltic.com\/en\/#\/schema\/logo\/image\/","url":"https:\/\/uniform4baltic.com\/wp-content\/uploads\/2020\/06\/logo-web-1.png","contentUrl":"https:\/\/uniform4baltic.com\/wp-content\/uploads\/2020\/06\/logo-web-1.png","width":500,"height":215,"caption":"Apranga medikams"},"image":{"@id":"https:\/\/www.uniform4baltic.com\/en\/#\/schema\/logo\/image\/"}}]}},"_links":{"self":[{"href":"https:\/\/uniform4baltic.com\/ru\/wp-json\/wp\/v2\/product\/20612","targetHints":{"allow":["GET"]}}],"collection":[{"href":"https:\/\/uniform4baltic.com\/ru\/wp-json\/wp\/v2\/product"}],"about":[{"href":"https:\/\/uniform4baltic.com\/ru\/wp-json\/wp\/v2\/types\/product"}],"replies":[{"embeddable":true,"href":"https:\/\/uniform4baltic.com\/ru\/wp-json\/wp\/v2\/comments?post=20612"}],"wp:featuredmedia":[{"embeddable":true,"href":"https:\/\/uniform4baltic.com\/ru\/wp-json\/wp\/v2\/media\/20613"}],"wp:attachment":[{"href":"https:\/\/uniform4baltic.com\/ru\/wp-json\/wp\/v2\/media?parent=20612"}],"wp:term":[{"taxonomy":"product_brand","embeddable":true,"href":"https:\/\/uniform4baltic.com\/ru\/wp-json\/wp\/v2\/product_brand?post=20612"},{"taxonomy":"product_cat","embeddable":true,"href":"https:\/\/uniform4baltic.com\/ru\/wp-json\/wp\/v2\/product_cat?post=20612"},{"taxonomy":"product_tag","embeddable":true,"href":"https:\/\/uniform4baltic.com\/ru\/wp-json\/wp\/v2\/product_tag?post=20612"}],"curies":[{"name":"wp","href":"https:\/\/api.w.org\/{rel}","templated":true}]}}