{"id":28074,"date":"2022-08-29T11:44:10","date_gmt":"2022-08-29T13:44:10","guid":{"rendered":"https:\/\/uniform4baltic.com\/parduotuve\/uncategorized\/but167-purpose-top-905-steel\/"},"modified":"2025-02-07T09:02:55","modified_gmt":"2025-02-07T11:02:55","slug":"but167-purpose-top-905-steel","status":"publish","type":"product","link":"https:\/\/uniform4baltic.com\/ru\/parduotuve\/%d0%b4%d0%bb%d1%8f-%d0%b6%d0%b5%d0%bd%d1%89%d0%b8%d0%bd\/%d0%b1%d0%bb%d1%83%d0%b7%d1%8b\/but167-purpose-top-905-steel\/","title":{"rendered":"BUT167 Purpose Top \u2013 905 Steel"},"content":{"rendered":"","protected":false},"excerpt":{"rendered":"<p>Moteri\u0161ka medicinin\u0117 palaidin\u0117, kaklas V formos, 4 ki\u0161en\u0117s<\/p>\n<p>Deran\u010dios keln\u0117s: BUP601, BUP606<\/p>\n<p>Sud\u0117tis: 71% poliesteris, 24% viskoz\u0117, 5% elastanas<\/p>\n<p>Galimi dyd\u017eiai: XXS \u2013 5XL<\/p>\n<p>D\u0117l nesam\u0173 dyd\u017ei\u0173 ir spalv\u0173 kreiptis el. pa\u0161tu arba telefonu.<\/p>\n","protected":false},"featured_media":18557,"comment_status":"open","ping_status":"closed","template":"","meta":[],"product_brand":[],"product_cat":[877,100,215,214,228],"product_tag":[1909],"class_list":{"0":"post-28074","1":"product","2":"type-product","3":"status-publish","4":"has-post-thumbnail","6":"product_cat-t-","7":"product_cat-100","8":"product_cat-215","9":"product_cat-214","10":"product_cat-228","11":"product_tag-but167-905-ru","12":"pa_kolekcija-unify-ru","14":"first","15":"instock","16":"shipping-taxable","17":"purchasable","18":"product-type-variable"},"yoast_head":"<!-- This site is optimized with the Yoast SEO plugin v27.4 - https:\/\/yoast.com\/product\/yoast-seo-wordpress\/ -->\n<title>BUT167 Purpose Top \u2013 905 Steel - uniform4baltic<\/title>\n<meta name=\"description\" content=\"Moteri\u0161ka medicinin\u0117 palaidin\u0117, kaklas V formos, 4 ki\u0161en\u0117s  Deran\u010dios keln\u0117s: BUP601, BUP606  Sud\u0117tis: 71% poliesteris, 24% viskoz\u0117, 5% elastanas  Galimi dyd\u017eiai: XXS \u2013 5XL  D\u0117l nesam\u0173 dyd\u017ei\u0173 ir spalv\u0173 kreiptis el. pa\u0161tu arba telefonu.\" \/>\n<meta name=\"robots\" content=\"index, follow, max-snippet:-1, max-image-preview:large, max-video-preview:-1\" \/>\n<link rel=\"canonical\" href=\"https:\/\/www.uniform4baltic.com\/ru\/parduotuve\/\u0434\u043b\u044f-\u0436\u0435\u043d\u0449\u0438\u043d\/\u0431\u043b\u0443\u0437\u044b\/but167-purpose-top-905-steel\/\" \/>\n<meta property=\"og:locale\" content=\"ru_RU\" \/>\n<meta property=\"og:type\" content=\"article\" \/>\n<meta property=\"og:title\" content=\"BUT167 Purpose Top \u2013 905 Steel - uniform4baltic\" \/>\n<meta property=\"og:description\" content=\"Moteri\u0161ka medicinin\u0117 palaidin\u0117, kaklas V formos, 4 ki\u0161en\u0117s  Deran\u010dios keln\u0117s: BUP601, BUP606  Sud\u0117tis: 71% poliesteris, 24% viskoz\u0117, 5% elastanas  Galimi dyd\u017eiai: XXS \u2013 5XL  D\u0117l nesam\u0173 dyd\u017ei\u0173 ir spalv\u0173 kreiptis el. pa\u0161tu arba telefonu.\" \/>\n<meta property=\"og:url\" content=\"https:\/\/www.uniform4baltic.com\/ru\/parduotuve\/\u0434\u043b\u044f-\u0436\u0435\u043d\u0449\u0438\u043d\/\u0431\u043b\u0443\u0437\u044b\/but167-purpose-top-905-steel\/\" \/>\n<meta property=\"og:site_name\" content=\"uniform4baltic\" \/>\n<meta property=\"article:modified_time\" content=\"2025-02-07T11:02:55+00:00\" \/>\n<meta property=\"og:image\" content=\"https:\/\/www.uniform4baltic.com\/wp-content\/uploads\/2022\/08\/m_BUT167-905.jpg\" \/>\n\t<meta property=\"og:image:width\" content=\"571\" \/>\n\t<meta property=\"og:image:height\" content=\"661\" \/>\n\t<meta property=\"og:image:type\" content=\"image\/jpeg\" \/>\n<meta name=\"twitter:card\" content=\"summary_large_image\" \/>\n<script type=\"application\/ld+json\" class=\"yoast-schema-graph\">{\"@context\":\"https:\\\/\\\/schema.org\",\"@graph\":[{\"@type\":\"WebPage\",\"@id\":\"https:\\\/\\\/www.uniform4baltic.com\\\/ru\\\/parduotuve\\\/%d0%b4%d0%bb%d1%8f-%d0%b6%d0%b5%d0%bd%d1%89%d0%b8%d0%bd\\\/%d0%b1%d0%bb%d1%83%d0%b7%d1%8b\\\/but167-purpose-top-905-steel\\\/\",\"url\":\"https:\\\/\\\/www.uniform4baltic.com\\\/ru\\\/parduotuve\\\/%d0%b4%d0%bb%d1%8f-%d0%b6%d0%b5%d0%bd%d1%89%d0%b8%d0%bd\\\/%d0%b1%d0%bb%d1%83%d0%b7%d1%8b\\\/but167-purpose-top-905-steel\\\/\",\"name\":\"BUT167 Purpose Top \u2013 905 Steel - uniform4baltic\",\"isPartOf\":{\"@id\":\"https:\\\/\\\/www.uniform4baltic.com\\\/en\\\/#website\"},\"primaryImageOfPage\":{\"@id\":\"https:\\\/\\\/www.uniform4baltic.com\\\/ru\\\/parduotuve\\\/%d0%b4%d0%bb%d1%8f-%d0%b6%d0%b5%d0%bd%d1%89%d0%b8%d0%bd\\\/%d0%b1%d0%bb%d1%83%d0%b7%d1%8b\\\/but167-purpose-top-905-steel\\\/#primaryimage\"},\"image\":{\"@id\":\"https:\\\/\\\/www.uniform4baltic.com\\\/ru\\\/parduotuve\\\/%d0%b4%d0%bb%d1%8f-%d0%b6%d0%b5%d0%bd%d1%89%d0%b8%d0%bd\\\/%d0%b1%d0%bb%d1%83%d0%b7%d1%8b\\\/but167-purpose-top-905-steel\\\/#primaryimage\"},\"thumbnailUrl\":\"https:\\\/\\\/uniform4baltic.com\\\/wp-content\\\/uploads\\\/2022\\\/08\\\/m_BUT167-905.jpg\",\"datePublished\":\"2022-08-29T13:44:10+00:00\",\"dateModified\":\"2025-02-07T11:02:55+00:00\",\"description\":\"Moteri\u0161ka medicinin\u0117 palaidin\u0117, kaklas V formos, 4 ki\u0161en\u0117s Deran\u010dios keln\u0117s: BUP601, BUP606 Sud\u0117tis: 71% poliesteris, 24% viskoz\u0117, 5% elastanas Galimi dyd\u017eiai: XXS \u2013 5XL D\u0117l nesam\u0173 dyd\u017ei\u0173 ir spalv\u0173 kreiptis el. pa\u0161tu arba telefonu.\",\"breadcrumb\":{\"@id\":\"https:\\\/\\\/www.uniform4baltic.com\\\/ru\\\/parduotuve\\\/%d0%b4%d0%bb%d1%8f-%d0%b6%d0%b5%d0%bd%d1%89%d0%b8%d0%bd\\\/%d0%b1%d0%bb%d1%83%d0%b7%d1%8b\\\/but167-purpose-top-905-steel\\\/#breadcrumb\"},\"inLanguage\":\"ru-RU\",\"potentialAction\":[{\"@type\":\"ReadAction\",\"target\":[\"https:\\\/\\\/www.uniform4baltic.com\\\/ru\\\/parduotuve\\\/%d0%b4%d0%bb%d1%8f-%d0%b6%d0%b5%d0%bd%d1%89%d0%b8%d0%bd\\\/%d0%b1%d0%bb%d1%83%d0%b7%d1%8b\\\/but167-purpose-top-905-steel\\\/\"]}]},{\"@type\":\"ImageObject\",\"inLanguage\":\"ru-RU\",\"@id\":\"https:\\\/\\\/www.uniform4baltic.com\\\/ru\\\/parduotuve\\\/%d0%b4%d0%bb%d1%8f-%d0%b6%d0%b5%d0%bd%d1%89%d0%b8%d0%bd\\\/%d0%b1%d0%bb%d1%83%d0%b7%d1%8b\\\/but167-purpose-top-905-steel\\\/#primaryimage\",\"url\":\"https:\\\/\\\/uniform4baltic.com\\\/wp-content\\\/uploads\\\/2022\\\/08\\\/m_BUT167-905.jpg\",\"contentUrl\":\"https:\\\/\\\/uniform4baltic.com\\\/wp-content\\\/uploads\\\/2022\\\/08\\\/m_BUT167-905.jpg\",\"width\":571,\"height\":661},{\"@type\":\"BreadcrumbList\",\"@id\":\"https:\\\/\\\/www.uniform4baltic.com\\\/ru\\\/parduotuve\\\/%d0%b4%d0%bb%d1%8f-%d0%b6%d0%b5%d0%bd%d1%89%d0%b8%d0%bd\\\/%d0%b1%d0%bb%d1%83%d0%b7%d1%8b\\\/but167-purpose-top-905-steel\\\/#breadcrumb\",\"itemListElement\":[{\"@type\":\"ListItem\",\"position\":1,\"name\":\"Home\",\"item\":\"https:\\\/\\\/uniform4baltic.com\\\/ru\\\/\"},{\"@type\":\"ListItem\",\"position\":2,\"name\":\"\u041c\u0430\u0433\u0430\u0437\u0438\u043d\",\"item\":\"https:\\\/\\\/uniform4baltic.com\\\/ru\\\/%d0%bc%d0%b0%d0%b3%d0%b0%d0%b7%d0%b8%d0%bd\\\/\"},{\"@type\":\"ListItem\",\"position\":3,\"name\":\"BUT167 Purpose Top \u2013 905 Steel\"}]},{\"@type\":\"WebSite\",\"@id\":\"https:\\\/\\\/www.uniform4baltic.com\\\/en\\\/#website\",\"url\":\"https:\\\/\\\/www.uniform4baltic.com\\\/en\\\/\",\"name\":\"uniform4baltic.com\",\"description\":\"Medicinin\u0117 apranga\",\"publisher\":{\"@id\":\"https:\\\/\\\/www.uniform4baltic.com\\\/en\\\/#organization\"},\"potentialAction\":[{\"@type\":\"SearchAction\",\"target\":{\"@type\":\"EntryPoint\",\"urlTemplate\":\"https:\\\/\\\/www.uniform4baltic.com\\\/en\\\/?s={search_term_string}\"},\"query-input\":{\"@type\":\"PropertyValueSpecification\",\"valueRequired\":true,\"valueName\":\"search_term_string\"}}],\"inLanguage\":\"ru-RU\"},{\"@type\":\"Organization\",\"@id\":\"https:\\\/\\\/www.uniform4baltic.com\\\/en\\\/#organization\",\"name\":\"Apranga medikams\",\"url\":\"https:\\\/\\\/www.uniform4baltic.com\\\/en\\\/\",\"logo\":{\"@type\":\"ImageObject\",\"inLanguage\":\"ru-RU\",\"@id\":\"https:\\\/\\\/www.uniform4baltic.com\\\/en\\\/#\\\/schema\\\/logo\\\/image\\\/\",\"url\":\"https:\\\/\\\/uniform4baltic.com\\\/wp-content\\\/uploads\\\/2020\\\/06\\\/logo-web-1.png\",\"contentUrl\":\"https:\\\/\\\/uniform4baltic.com\\\/wp-content\\\/uploads\\\/2020\\\/06\\\/logo-web-1.png\",\"width\":500,\"height\":215,\"caption\":\"Apranga medikams\"},\"image\":{\"@id\":\"https:\\\/\\\/www.uniform4baltic.com\\\/en\\\/#\\\/schema\\\/logo\\\/image\\\/\"}}]}<\/script>\n<!-- \/ Yoast SEO plugin. -->","yoast_head_json":{"title":"BUT167 Purpose Top \u2013 905 Steel - uniform4baltic","description":"Moteri\u0161ka medicinin\u0117 palaidin\u0117, kaklas V formos, 4 ki\u0161en\u0117s  Deran\u010dios keln\u0117s: BUP601, BUP606  Sud\u0117tis: 71% poliesteris, 24% viskoz\u0117, 5% elastanas  Galimi dyd\u017eiai: XXS \u2013 5XL  D\u0117l nesam\u0173 dyd\u017ei\u0173 ir spalv\u0173 kreiptis el. pa\u0161tu arba telefonu.","robots":{"index":"index","follow":"follow","max-snippet":"max-snippet:-1","max-image-preview":"max-image-preview:large","max-video-preview":"max-video-preview:-1"},"canonical":"https:\/\/www.uniform4baltic.com\/ru\/parduotuve\/\u0434\u043b\u044f-\u0436\u0435\u043d\u0449\u0438\u043d\/\u0431\u043b\u0443\u0437\u044b\/but167-purpose-top-905-steel\/","og_locale":"ru_RU","og_type":"article","og_title":"BUT167 Purpose Top \u2013 905 Steel - uniform4baltic","og_description":"Moteri\u0161ka medicinin\u0117 palaidin\u0117, kaklas V formos, 4 ki\u0161en\u0117s  Deran\u010dios keln\u0117s: BUP601, BUP606  Sud\u0117tis: 71% poliesteris, 24% viskoz\u0117, 5% elastanas  Galimi dyd\u017eiai: XXS \u2013 5XL  D\u0117l nesam\u0173 dyd\u017ei\u0173 ir spalv\u0173 kreiptis el. pa\u0161tu arba telefonu.","og_url":"https:\/\/www.uniform4baltic.com\/ru\/parduotuve\/\u0434\u043b\u044f-\u0436\u0435\u043d\u0449\u0438\u043d\/\u0431\u043b\u0443\u0437\u044b\/but167-purpose-top-905-steel\/","og_site_name":"uniform4baltic","article_modified_time":"2025-02-07T11:02:55+00:00","og_image":[{"width":571,"height":661,"url":"https:\/\/www.uniform4baltic.com\/wp-content\/uploads\/2022\/08\/m_BUT167-905.jpg","type":"image\/jpeg"}],"twitter_card":"summary_large_image","schema":{"@context":"https:\/\/schema.org","@graph":[{"@type":"WebPage","@id":"https:\/\/www.uniform4baltic.com\/ru\/parduotuve\/%d0%b4%d0%bb%d1%8f-%d0%b6%d0%b5%d0%bd%d1%89%d0%b8%d0%bd\/%d0%b1%d0%bb%d1%83%d0%b7%d1%8b\/but167-purpose-top-905-steel\/","url":"https:\/\/www.uniform4baltic.com\/ru\/parduotuve\/%d0%b4%d0%bb%d1%8f-%d0%b6%d0%b5%d0%bd%d1%89%d0%b8%d0%bd\/%d0%b1%d0%bb%d1%83%d0%b7%d1%8b\/but167-purpose-top-905-steel\/","name":"BUT167 Purpose Top \u2013 905 Steel - uniform4baltic","isPartOf":{"@id":"https:\/\/www.uniform4baltic.com\/en\/#website"},"primaryImageOfPage":{"@id":"https:\/\/www.uniform4baltic.com\/ru\/parduotuve\/%d0%b4%d0%bb%d1%8f-%d0%b6%d0%b5%d0%bd%d1%89%d0%b8%d0%bd\/%d0%b1%d0%bb%d1%83%d0%b7%d1%8b\/but167-purpose-top-905-steel\/#primaryimage"},"image":{"@id":"https:\/\/www.uniform4baltic.com\/ru\/parduotuve\/%d0%b4%d0%bb%d1%8f-%d0%b6%d0%b5%d0%bd%d1%89%d0%b8%d0%bd\/%d0%b1%d0%bb%d1%83%d0%b7%d1%8b\/but167-purpose-top-905-steel\/#primaryimage"},"thumbnailUrl":"https:\/\/uniform4baltic.com\/wp-content\/uploads\/2022\/08\/m_BUT167-905.jpg","datePublished":"2022-08-29T13:44:10+00:00","dateModified":"2025-02-07T11:02:55+00:00","description":"Moteri\u0161ka medicinin\u0117 palaidin\u0117, kaklas V formos, 4 ki\u0161en\u0117s Deran\u010dios keln\u0117s: BUP601, BUP606 Sud\u0117tis: 71% poliesteris, 24% viskoz\u0117, 5% elastanas Galimi dyd\u017eiai: XXS \u2013 5XL D\u0117l nesam\u0173 dyd\u017ei\u0173 ir spalv\u0173 kreiptis el. pa\u0161tu arba telefonu.","breadcrumb":{"@id":"https:\/\/www.uniform4baltic.com\/ru\/parduotuve\/%d0%b4%d0%bb%d1%8f-%d0%b6%d0%b5%d0%bd%d1%89%d0%b8%d0%bd\/%d0%b1%d0%bb%d1%83%d0%b7%d1%8b\/but167-purpose-top-905-steel\/#breadcrumb"},"inLanguage":"ru-RU","potentialAction":[{"@type":"ReadAction","target":["https:\/\/www.uniform4baltic.com\/ru\/parduotuve\/%d0%b4%d0%bb%d1%8f-%d0%b6%d0%b5%d0%bd%d1%89%d0%b8%d0%bd\/%d0%b1%d0%bb%d1%83%d0%b7%d1%8b\/but167-purpose-top-905-steel\/"]}]},{"@type":"ImageObject","inLanguage":"ru-RU","@id":"https:\/\/www.uniform4baltic.com\/ru\/parduotuve\/%d0%b4%d0%bb%d1%8f-%d0%b6%d0%b5%d0%bd%d1%89%d0%b8%d0%bd\/%d0%b1%d0%bb%d1%83%d0%b7%d1%8b\/but167-purpose-top-905-steel\/#primaryimage","url":"https:\/\/uniform4baltic.com\/wp-content\/uploads\/2022\/08\/m_BUT167-905.jpg","contentUrl":"https:\/\/uniform4baltic.com\/wp-content\/uploads\/2022\/08\/m_BUT167-905.jpg","width":571,"height":661},{"@type":"BreadcrumbList","@id":"https:\/\/www.uniform4baltic.com\/ru\/parduotuve\/%d0%b4%d0%bb%d1%8f-%d0%b6%d0%b5%d0%bd%d1%89%d0%b8%d0%bd\/%d0%b1%d0%bb%d1%83%d0%b7%d1%8b\/but167-purpose-top-905-steel\/#breadcrumb","itemListElement":[{"@type":"ListItem","position":1,"name":"Home","item":"https:\/\/uniform4baltic.com\/ru\/"},{"@type":"ListItem","position":2,"name":"\u041c\u0430\u0433\u0430\u0437\u0438\u043d","item":"https:\/\/uniform4baltic.com\/ru\/%d0%bc%d0%b0%d0%b3%d0%b0%d0%b7%d0%b8%d0%bd\/"},{"@type":"ListItem","position":3,"name":"BUT167 Purpose Top \u2013 905 Steel"}]},{"@type":"WebSite","@id":"https:\/\/www.uniform4baltic.com\/en\/#website","url":"https:\/\/www.uniform4baltic.com\/en\/","name":"uniform4baltic.com","description":"Medicinin\u0117 apranga","publisher":{"@id":"https:\/\/www.uniform4baltic.com\/en\/#organization"},"potentialAction":[{"@type":"SearchAction","target":{"@type":"EntryPoint","urlTemplate":"https:\/\/www.uniform4baltic.com\/en\/?s={search_term_string}"},"query-input":{"@type":"PropertyValueSpecification","valueRequired":true,"valueName":"search_term_string"}}],"inLanguage":"ru-RU"},{"@type":"Organization","@id":"https:\/\/www.uniform4baltic.com\/en\/#organization","name":"Apranga medikams","url":"https:\/\/www.uniform4baltic.com\/en\/","logo":{"@type":"ImageObject","inLanguage":"ru-RU","@id":"https:\/\/www.uniform4baltic.com\/en\/#\/schema\/logo\/image\/","url":"https:\/\/uniform4baltic.com\/wp-content\/uploads\/2020\/06\/logo-web-1.png","contentUrl":"https:\/\/uniform4baltic.com\/wp-content\/uploads\/2020\/06\/logo-web-1.png","width":500,"height":215,"caption":"Apranga medikams"},"image":{"@id":"https:\/\/www.uniform4baltic.com\/en\/#\/schema\/logo\/image\/"}}]}},"_links":{"self":[{"href":"https:\/\/uniform4baltic.com\/ru\/wp-json\/wp\/v2\/product\/28074","targetHints":{"allow":["GET"]}}],"collection":[{"href":"https:\/\/uniform4baltic.com\/ru\/wp-json\/wp\/v2\/product"}],"about":[{"href":"https:\/\/uniform4baltic.com\/ru\/wp-json\/wp\/v2\/types\/product"}],"replies":[{"embeddable":true,"href":"https:\/\/uniform4baltic.com\/ru\/wp-json\/wp\/v2\/comments?post=28074"}],"wp:featuredmedia":[{"embeddable":true,"href":"https:\/\/uniform4baltic.com\/ru\/wp-json\/wp\/v2\/media\/18557"}],"wp:attachment":[{"href":"https:\/\/uniform4baltic.com\/ru\/wp-json\/wp\/v2\/media?parent=28074"}],"wp:term":[{"taxonomy":"product_brand","embeddable":true,"href":"https:\/\/uniform4baltic.com\/ru\/wp-json\/wp\/v2\/product_brand?post=28074"},{"taxonomy":"product_cat","embeddable":true,"href":"https:\/\/uniform4baltic.com\/ru\/wp-json\/wp\/v2\/product_cat?post=28074"},{"taxonomy":"product_tag","embeddable":true,"href":"https:\/\/uniform4baltic.com\/ru\/wp-json\/wp\/v2\/product_tag?post=28074"}],"curies":[{"name":"wp","href":"https:\/\/api.w.org\/{rel}","templated":true}]}}