{"id":33766,"date":"2020-06-29T11:09:35","date_gmt":"2020-06-29T13:09:35","guid":{"rendered":"https:\/\/uniform4baltic.com\/parduotuve\/uncategorized\/2402-labcoat\/"},"modified":"2025-02-05T11:31:35","modified_gmt":"2025-02-05T13:31:35","slug":"2402-labcoat","status":"publish","type":"product","link":"https:\/\/uniform4baltic.com\/ru\/parduotuve\/%d0%b4%d0%bb%d1%8f-%d0%b6%d0%b5%d0%bd%d1%89%d0%b8%d0%bd\/%d1%85%d0%b0%d0%bb%d0%b0%d1%82%d1%8b\/2402-labcoat\/","title":{"rendered":"2402 Morgan Labcoat"},"content":{"rendered":"","protected":false},"excerpt":{"rendered":"<p>\u0425\u0430\u043b\u0430\u0442 \u0436\u0435\u043d\u0441\u043a\u0438\u0439, 2 \u043f\u0435\u0440\u0435\u0434\u043d\u0438\u0445 \u043a\u0430\u0440\u043c\u0430\u043d\u0430<\/p>\n<p>&nbsp;<\/p>\n<p>\u041c\u0430\u0442\u0435\u0440\u0438\u0430\u043b: 75% \u043f\u043e\u043b\u0438\u044d\u0441\u0442\u0435\u0440, 20% \u0432\u0438\u0441\u043a\u043e\u0437\u0430, 5% \u044d\u043b\u0430\u0441\u0442\u0430\u043d<\/p>\n<p>&nbsp;<\/p>\n<p>\u0414\u043e\u0441\u0442\u0443\u043f\u043d\u044b\u0435 \u0440\u0430\u0437\u043c\u0435\u0440\u044b: XS-3XL.<\/p>\n<p>&nbsp;<\/p>\n<p>\u041f\u043e \u0432\u043e\u043f\u0440\u043e\u0441\u0430\u043c \u043d\u0435\u0434\u043e\u0441\u0442\u0430\u044e\u0449\u0438\u0445 \u0440\u0430\u0437\u043c\u0435\u0440\u043e\u0432 \u0438\u043b\u0438 \u0446\u0432\u0435\u0442\u043e\u0432 \u043e\u0431\u0440\u0430\u0449\u0430\u0439\u0442\u0435\u0441\u044c \u043f\u043e \u044d\u043b\u0435\u043a\u0442\u0440\u043e\u043d\u043d\u043e\u0439 \u0438\u043b\u0438 \u043f\u043e \u0442\u0435\u043b\u0435\u0444\u043e\u043d\u0443.<\/p>\n","protected":false},"featured_media":35011,"comment_status":"open","ping_status":"closed","template":"","meta":[],"product_brand":[],"product_cat":[877,100,214,228,217],"product_tag":[2979],"class_list":{"0":"post-33766","1":"product","2":"type-product","3":"status-publish","4":"has-post-thumbnail","6":"product_cat-t-","7":"product_cat-100","8":"product_cat-214","9":"product_cat-228","10":"product_cat-217","11":"product_tag-2402-10-ru","12":"pa_kolekcija-greys-anatomy-ru","14":"first","15":"instock","16":"shipping-taxable","17":"purchasable","18":"product-type-variable","19":"has-default-attributes"},"yoast_head":"<!-- This site is optimized with the Yoast SEO plugin v27.4 - https:\/\/yoast.com\/product\/yoast-seo-wordpress\/ -->\n<title>2402 Morgan Labcoat - uniform4baltic<\/title>\n<meta name=\"description\" content=\"Gausus darbo aprangos pasirinkimas dirbantiems medicinos, gro\u017eio, estetikos, higienos, veterinarijos personalui. I\u0161skirtinis d\u0117mesys kliento poreikiui - plati spalv\u0173 gama, i\u0161skirtiniai aprangos modeli\u0173 dizainai. I\u0161dr\u012fsk darbe b\u016bti savitas ir stilingas! Barco Uniforms - auk\u0161tos kokyb\u0117s, i\u0161skirtinio dizaino apranga medicinos, veterinarijos, gro\u017eio ir higienos srityje dirban\u010diam personalui. Stili\u0173 deriniai, naujausios kolekcijos, platus asortimento pasirinkimas tiek vyrams, tiek moterims.\" \/>\n<meta name=\"robots\" content=\"index, follow, max-snippet:-1, max-image-preview:large, max-video-preview:-1\" \/>\n<link rel=\"canonical\" href=\"https:\/\/uniform4baltic.com\/ru\/parduotuve\/\u0434\u043b\u044f-\u0436\u0435\u043d\u0449\u0438\u043d\/\u0445\u0430\u043b\u0430\u0442\u044b\/2402-labcoat\/\" \/>\n<meta property=\"og:locale\" content=\"ru_RU\" \/>\n<meta property=\"og:type\" content=\"article\" \/>\n<meta property=\"og:title\" content=\"2402 Morgan Labcoat - uniform4baltic\" \/>\n<meta property=\"og:description\" content=\"Gausus darbo aprangos pasirinkimas dirbantiems medicinos, gro\u017eio, estetikos, higienos, veterinarijos personalui. I\u0161skirtinis d\u0117mesys kliento poreikiui - plati spalv\u0173 gama, i\u0161skirtiniai aprangos modeli\u0173 dizainai. I\u0161dr\u012fsk darbe b\u016bti savitas ir stilingas! Barco Uniforms - auk\u0161tos kokyb\u0117s, i\u0161skirtinio dizaino apranga medicinos, veterinarijos, gro\u017eio ir higienos srityje dirban\u010diam personalui. Stili\u0173 deriniai, naujausios kolekcijos, platus asortimento pasirinkimas tiek vyrams, tiek moterims.\" \/>\n<meta property=\"og:url\" content=\"https:\/\/uniform4baltic.com\/ru\/parduotuve\/\u0434\u043b\u044f-\u0436\u0435\u043d\u0449\u0438\u043d\/\u0445\u0430\u043b\u0430\u0442\u044b\/2402-labcoat\/\" \/>\n<meta property=\"og:site_name\" content=\"uniform4baltic\" \/>\n<meta property=\"article:modified_time\" content=\"2025-02-05T13:31:35+00:00\" \/>\n<meta property=\"og:image\" content=\"https:\/\/uniform4baltic.com\/wp-content\/uploads\/2020\/06\/nnvammxmyz4r40wndzyw.jpg\" \/>\n\t<meta property=\"og:image:width\" content=\"415\" \/>\n\t<meta property=\"og:image:height\" content=\"600\" \/>\n\t<meta property=\"og:image:type\" content=\"image\/jpeg\" \/>\n<meta name=\"twitter:card\" content=\"summary_large_image\" \/>\n<meta name=\"twitter:label1\" content=\"\u041f\u0440\u0438\u043c\u0435\u0440\u043d\u043e\u0435 \u0432\u0440\u0435\u043c\u044f \u0434\u043b\u044f \u0447\u0442\u0435\u043d\u0438\u044f\" \/>\n\t<meta name=\"twitter:data1\" content=\"1 \u043c\u0438\u043d\u0443\u0442\u0430\" \/>\n<script type=\"application\/ld+json\" class=\"yoast-schema-graph\">{\"@context\":\"https:\\\/\\\/schema.org\",\"@graph\":[{\"@type\":\"WebPage\",\"@id\":\"https:\\\/\\\/uniform4baltic.com\\\/ru\\\/parduotuve\\\/%d0%b4%d0%bb%d1%8f-%d0%b6%d0%b5%d0%bd%d1%89%d0%b8%d0%bd\\\/%d1%85%d0%b0%d0%bb%d0%b0%d1%82%d1%8b\\\/2402-labcoat\\\/\",\"url\":\"https:\\\/\\\/uniform4baltic.com\\\/ru\\\/parduotuve\\\/%d0%b4%d0%bb%d1%8f-%d0%b6%d0%b5%d0%bd%d1%89%d0%b8%d0%bd\\\/%d1%85%d0%b0%d0%bb%d0%b0%d1%82%d1%8b\\\/2402-labcoat\\\/\",\"name\":\"2402 Morgan Labcoat - uniform4baltic\",\"isPartOf\":{\"@id\":\"https:\\\/\\\/www.uniform4baltic.com\\\/en\\\/#website\"},\"primaryImageOfPage\":{\"@id\":\"https:\\\/\\\/uniform4baltic.com\\\/ru\\\/parduotuve\\\/%d0%b4%d0%bb%d1%8f-%d0%b6%d0%b5%d0%bd%d1%89%d0%b8%d0%bd\\\/%d1%85%d0%b0%d0%bb%d0%b0%d1%82%d1%8b\\\/2402-labcoat\\\/#primaryimage\"},\"image\":{\"@id\":\"https:\\\/\\\/uniform4baltic.com\\\/ru\\\/parduotuve\\\/%d0%b4%d0%bb%d1%8f-%d0%b6%d0%b5%d0%bd%d1%89%d0%b8%d0%bd\\\/%d1%85%d0%b0%d0%bb%d0%b0%d1%82%d1%8b\\\/2402-labcoat\\\/#primaryimage\"},\"thumbnailUrl\":\"https:\\\/\\\/uniform4baltic.com\\\/wp-content\\\/uploads\\\/2020\\\/06\\\/nnvammxmyz4r40wndzyw.jpg\",\"datePublished\":\"2020-06-29T13:09:35+00:00\",\"dateModified\":\"2025-02-05T13:31:35+00:00\",\"description\":\"Gausus darbo aprangos pasirinkimas dirbantiems medicinos, gro\u017eio, estetikos, higienos, veterinarijos personalui. I\u0161skirtinis d\u0117mesys kliento poreikiui - plati spalv\u0173 gama, i\u0161skirtiniai aprangos modeli\u0173 dizainai. I\u0161dr\u012fsk darbe b\u016bti savitas ir stilingas! Barco Uniforms - auk\u0161tos kokyb\u0117s, i\u0161skirtinio dizaino apranga medicinos, veterinarijos, gro\u017eio ir higienos srityje dirban\u010diam personalui. Stili\u0173 deriniai, naujausios kolekcijos, platus asortimento pasirinkimas tiek vyrams, tiek moterims.\",\"breadcrumb\":{\"@id\":\"https:\\\/\\\/uniform4baltic.com\\\/ru\\\/parduotuve\\\/%d0%b4%d0%bb%d1%8f-%d0%b6%d0%b5%d0%bd%d1%89%d0%b8%d0%bd\\\/%d1%85%d0%b0%d0%bb%d0%b0%d1%82%d1%8b\\\/2402-labcoat\\\/#breadcrumb\"},\"inLanguage\":\"ru-RU\",\"potentialAction\":[{\"@type\":\"ReadAction\",\"target\":[\"https:\\\/\\\/uniform4baltic.com\\\/ru\\\/parduotuve\\\/%d0%b4%d0%bb%d1%8f-%d0%b6%d0%b5%d0%bd%d1%89%d0%b8%d0%bd\\\/%d1%85%d0%b0%d0%bb%d0%b0%d1%82%d1%8b\\\/2402-labcoat\\\/\"]}]},{\"@type\":\"ImageObject\",\"inLanguage\":\"ru-RU\",\"@id\":\"https:\\\/\\\/uniform4baltic.com\\\/ru\\\/parduotuve\\\/%d0%b4%d0%bb%d1%8f-%d0%b6%d0%b5%d0%bd%d1%89%d0%b8%d0%bd\\\/%d1%85%d0%b0%d0%bb%d0%b0%d1%82%d1%8b\\\/2402-labcoat\\\/#primaryimage\",\"url\":\"https:\\\/\\\/uniform4baltic.com\\\/wp-content\\\/uploads\\\/2020\\\/06\\\/nnvammxmyz4r40wndzyw.jpg\",\"contentUrl\":\"https:\\\/\\\/uniform4baltic.com\\\/wp-content\\\/uploads\\\/2020\\\/06\\\/nnvammxmyz4r40wndzyw.jpg\",\"width\":415,\"height\":600},{\"@type\":\"BreadcrumbList\",\"@id\":\"https:\\\/\\\/uniform4baltic.com\\\/ru\\\/parduotuve\\\/%d0%b4%d0%bb%d1%8f-%d0%b6%d0%b5%d0%bd%d1%89%d0%b8%d0%bd\\\/%d1%85%d0%b0%d0%bb%d0%b0%d1%82%d1%8b\\\/2402-labcoat\\\/#breadcrumb\",\"itemListElement\":[{\"@type\":\"ListItem\",\"position\":1,\"name\":\"Home\",\"item\":\"https:\\\/\\\/uniform4baltic.com\\\/ru\\\/\"},{\"@type\":\"ListItem\",\"position\":2,\"name\":\"\u041c\u0430\u0433\u0430\u0437\u0438\u043d\",\"item\":\"https:\\\/\\\/uniform4baltic.com\\\/ru\\\/%d0%bc%d0%b0%d0%b3%d0%b0%d0%b7%d0%b8%d0%bd\\\/\"},{\"@type\":\"ListItem\",\"position\":3,\"name\":\"2402 Morgan Labcoat\"}]},{\"@type\":\"WebSite\",\"@id\":\"https:\\\/\\\/www.uniform4baltic.com\\\/en\\\/#website\",\"url\":\"https:\\\/\\\/www.uniform4baltic.com\\\/en\\\/\",\"name\":\"uniform4baltic.com\",\"description\":\"Medicinin\u0117 apranga\",\"publisher\":{\"@id\":\"https:\\\/\\\/www.uniform4baltic.com\\\/en\\\/#organization\"},\"potentialAction\":[{\"@type\":\"SearchAction\",\"target\":{\"@type\":\"EntryPoint\",\"urlTemplate\":\"https:\\\/\\\/www.uniform4baltic.com\\\/en\\\/?s={search_term_string}\"},\"query-input\":{\"@type\":\"PropertyValueSpecification\",\"valueRequired\":true,\"valueName\":\"search_term_string\"}}],\"inLanguage\":\"ru-RU\"},{\"@type\":\"Organization\",\"@id\":\"https:\\\/\\\/www.uniform4baltic.com\\\/en\\\/#organization\",\"name\":\"Apranga medikams\",\"url\":\"https:\\\/\\\/www.uniform4baltic.com\\\/en\\\/\",\"logo\":{\"@type\":\"ImageObject\",\"inLanguage\":\"ru-RU\",\"@id\":\"https:\\\/\\\/www.uniform4baltic.com\\\/en\\\/#\\\/schema\\\/logo\\\/image\\\/\",\"url\":\"https:\\\/\\\/uniform4baltic.com\\\/wp-content\\\/uploads\\\/2020\\\/06\\\/logo-web-1.png\",\"contentUrl\":\"https:\\\/\\\/uniform4baltic.com\\\/wp-content\\\/uploads\\\/2020\\\/06\\\/logo-web-1.png\",\"width\":500,\"height\":215,\"caption\":\"Apranga medikams\"},\"image\":{\"@id\":\"https:\\\/\\\/www.uniform4baltic.com\\\/en\\\/#\\\/schema\\\/logo\\\/image\\\/\"}}]}<\/script>\n<!-- \/ Yoast SEO plugin. -->","yoast_head_json":{"title":"2402 Morgan Labcoat - uniform4baltic","description":"Gausus darbo aprangos pasirinkimas dirbantiems medicinos, gro\u017eio, estetikos, higienos, veterinarijos personalui. I\u0161skirtinis d\u0117mesys kliento poreikiui - plati spalv\u0173 gama, i\u0161skirtiniai aprangos modeli\u0173 dizainai. I\u0161dr\u012fsk darbe b\u016bti savitas ir stilingas! Barco Uniforms - auk\u0161tos kokyb\u0117s, i\u0161skirtinio dizaino apranga medicinos, veterinarijos, gro\u017eio ir higienos srityje dirban\u010diam personalui. Stili\u0173 deriniai, naujausios kolekcijos, platus asortimento pasirinkimas tiek vyrams, tiek moterims.","robots":{"index":"index","follow":"follow","max-snippet":"max-snippet:-1","max-image-preview":"max-image-preview:large","max-video-preview":"max-video-preview:-1"},"canonical":"https:\/\/uniform4baltic.com\/ru\/parduotuve\/\u0434\u043b\u044f-\u0436\u0435\u043d\u0449\u0438\u043d\/\u0445\u0430\u043b\u0430\u0442\u044b\/2402-labcoat\/","og_locale":"ru_RU","og_type":"article","og_title":"2402 Morgan Labcoat - uniform4baltic","og_description":"Gausus darbo aprangos pasirinkimas dirbantiems medicinos, gro\u017eio, estetikos, higienos, veterinarijos personalui. I\u0161skirtinis d\u0117mesys kliento poreikiui - plati spalv\u0173 gama, i\u0161skirtiniai aprangos modeli\u0173 dizainai. I\u0161dr\u012fsk darbe b\u016bti savitas ir stilingas! Barco Uniforms - auk\u0161tos kokyb\u0117s, i\u0161skirtinio dizaino apranga medicinos, veterinarijos, gro\u017eio ir higienos srityje dirban\u010diam personalui. Stili\u0173 deriniai, naujausios kolekcijos, platus asortimento pasirinkimas tiek vyrams, tiek moterims.","og_url":"https:\/\/uniform4baltic.com\/ru\/parduotuve\/\u0434\u043b\u044f-\u0436\u0435\u043d\u0449\u0438\u043d\/\u0445\u0430\u043b\u0430\u0442\u044b\/2402-labcoat\/","og_site_name":"uniform4baltic","article_modified_time":"2025-02-05T13:31:35+00:00","og_image":[{"width":415,"height":600,"url":"https:\/\/uniform4baltic.com\/wp-content\/uploads\/2020\/06\/nnvammxmyz4r40wndzyw.jpg","type":"image\/jpeg"}],"twitter_card":"summary_large_image","twitter_misc":{"\u041f\u0440\u0438\u043c\u0435\u0440\u043d\u043e\u0435 \u0432\u0440\u0435\u043c\u044f \u0434\u043b\u044f \u0447\u0442\u0435\u043d\u0438\u044f":"1 \u043c\u0438\u043d\u0443\u0442\u0430"},"schema":{"@context":"https:\/\/schema.org","@graph":[{"@type":"WebPage","@id":"https:\/\/uniform4baltic.com\/ru\/parduotuve\/%d0%b4%d0%bb%d1%8f-%d0%b6%d0%b5%d0%bd%d1%89%d0%b8%d0%bd\/%d1%85%d0%b0%d0%bb%d0%b0%d1%82%d1%8b\/2402-labcoat\/","url":"https:\/\/uniform4baltic.com\/ru\/parduotuve\/%d0%b4%d0%bb%d1%8f-%d0%b6%d0%b5%d0%bd%d1%89%d0%b8%d0%bd\/%d1%85%d0%b0%d0%bb%d0%b0%d1%82%d1%8b\/2402-labcoat\/","name":"2402 Morgan Labcoat - uniform4baltic","isPartOf":{"@id":"https:\/\/www.uniform4baltic.com\/en\/#website"},"primaryImageOfPage":{"@id":"https:\/\/uniform4baltic.com\/ru\/parduotuve\/%d0%b4%d0%bb%d1%8f-%d0%b6%d0%b5%d0%bd%d1%89%d0%b8%d0%bd\/%d1%85%d0%b0%d0%bb%d0%b0%d1%82%d1%8b\/2402-labcoat\/#primaryimage"},"image":{"@id":"https:\/\/uniform4baltic.com\/ru\/parduotuve\/%d0%b4%d0%bb%d1%8f-%d0%b6%d0%b5%d0%bd%d1%89%d0%b8%d0%bd\/%d1%85%d0%b0%d0%bb%d0%b0%d1%82%d1%8b\/2402-labcoat\/#primaryimage"},"thumbnailUrl":"https:\/\/uniform4baltic.com\/wp-content\/uploads\/2020\/06\/nnvammxmyz4r40wndzyw.jpg","datePublished":"2020-06-29T13:09:35+00:00","dateModified":"2025-02-05T13:31:35+00:00","description":"Gausus darbo aprangos pasirinkimas dirbantiems medicinos, gro\u017eio, estetikos, higienos, veterinarijos personalui. I\u0161skirtinis d\u0117mesys kliento poreikiui - plati spalv\u0173 gama, i\u0161skirtiniai aprangos modeli\u0173 dizainai. I\u0161dr\u012fsk darbe b\u016bti savitas ir stilingas! Barco Uniforms - auk\u0161tos kokyb\u0117s, i\u0161skirtinio dizaino apranga medicinos, veterinarijos, gro\u017eio ir higienos srityje dirban\u010diam personalui. Stili\u0173 deriniai, naujausios kolekcijos, platus asortimento pasirinkimas tiek vyrams, tiek moterims.","breadcrumb":{"@id":"https:\/\/uniform4baltic.com\/ru\/parduotuve\/%d0%b4%d0%bb%d1%8f-%d0%b6%d0%b5%d0%bd%d1%89%d0%b8%d0%bd\/%d1%85%d0%b0%d0%bb%d0%b0%d1%82%d1%8b\/2402-labcoat\/#breadcrumb"},"inLanguage":"ru-RU","potentialAction":[{"@type":"ReadAction","target":["https:\/\/uniform4baltic.com\/ru\/parduotuve\/%d0%b4%d0%bb%d1%8f-%d0%b6%d0%b5%d0%bd%d1%89%d0%b8%d0%bd\/%d1%85%d0%b0%d0%bb%d0%b0%d1%82%d1%8b\/2402-labcoat\/"]}]},{"@type":"ImageObject","inLanguage":"ru-RU","@id":"https:\/\/uniform4baltic.com\/ru\/parduotuve\/%d0%b4%d0%bb%d1%8f-%d0%b6%d0%b5%d0%bd%d1%89%d0%b8%d0%bd\/%d1%85%d0%b0%d0%bb%d0%b0%d1%82%d1%8b\/2402-labcoat\/#primaryimage","url":"https:\/\/uniform4baltic.com\/wp-content\/uploads\/2020\/06\/nnvammxmyz4r40wndzyw.jpg","contentUrl":"https:\/\/uniform4baltic.com\/wp-content\/uploads\/2020\/06\/nnvammxmyz4r40wndzyw.jpg","width":415,"height":600},{"@type":"BreadcrumbList","@id":"https:\/\/uniform4baltic.com\/ru\/parduotuve\/%d0%b4%d0%bb%d1%8f-%d0%b6%d0%b5%d0%bd%d1%89%d0%b8%d0%bd\/%d1%85%d0%b0%d0%bb%d0%b0%d1%82%d1%8b\/2402-labcoat\/#breadcrumb","itemListElement":[{"@type":"ListItem","position":1,"name":"Home","item":"https:\/\/uniform4baltic.com\/ru\/"},{"@type":"ListItem","position":2,"name":"\u041c\u0430\u0433\u0430\u0437\u0438\u043d","item":"https:\/\/uniform4baltic.com\/ru\/%d0%bc%d0%b0%d0%b3%d0%b0%d0%b7%d0%b8%d0%bd\/"},{"@type":"ListItem","position":3,"name":"2402 Morgan Labcoat"}]},{"@type":"WebSite","@id":"https:\/\/www.uniform4baltic.com\/en\/#website","url":"https:\/\/www.uniform4baltic.com\/en\/","name":"uniform4baltic.com","description":"Medicinin\u0117 apranga","publisher":{"@id":"https:\/\/www.uniform4baltic.com\/en\/#organization"},"potentialAction":[{"@type":"SearchAction","target":{"@type":"EntryPoint","urlTemplate":"https:\/\/www.uniform4baltic.com\/en\/?s={search_term_string}"},"query-input":{"@type":"PropertyValueSpecification","valueRequired":true,"valueName":"search_term_string"}}],"inLanguage":"ru-RU"},{"@type":"Organization","@id":"https:\/\/www.uniform4baltic.com\/en\/#organization","name":"Apranga medikams","url":"https:\/\/www.uniform4baltic.com\/en\/","logo":{"@type":"ImageObject","inLanguage":"ru-RU","@id":"https:\/\/www.uniform4baltic.com\/en\/#\/schema\/logo\/image\/","url":"https:\/\/uniform4baltic.com\/wp-content\/uploads\/2020\/06\/logo-web-1.png","contentUrl":"https:\/\/uniform4baltic.com\/wp-content\/uploads\/2020\/06\/logo-web-1.png","width":500,"height":215,"caption":"Apranga medikams"},"image":{"@id":"https:\/\/www.uniform4baltic.com\/en\/#\/schema\/logo\/image\/"}}]}},"_links":{"self":[{"href":"https:\/\/uniform4baltic.com\/ru\/wp-json\/wp\/v2\/product\/33766","targetHints":{"allow":["GET"]}}],"collection":[{"href":"https:\/\/uniform4baltic.com\/ru\/wp-json\/wp\/v2\/product"}],"about":[{"href":"https:\/\/uniform4baltic.com\/ru\/wp-json\/wp\/v2\/types\/product"}],"replies":[{"embeddable":true,"href":"https:\/\/uniform4baltic.com\/ru\/wp-json\/wp\/v2\/comments?post=33766"}],"wp:featuredmedia":[{"embeddable":true,"href":"https:\/\/uniform4baltic.com\/ru\/wp-json\/wp\/v2\/media\/35011"}],"wp:attachment":[{"href":"https:\/\/uniform4baltic.com\/ru\/wp-json\/wp\/v2\/media?parent=33766"}],"wp:term":[{"taxonomy":"product_brand","embeddable":true,"href":"https:\/\/uniform4baltic.com\/ru\/wp-json\/wp\/v2\/product_brand?post=33766"},{"taxonomy":"product_cat","embeddable":true,"href":"https:\/\/uniform4baltic.com\/ru\/wp-json\/wp\/v2\/product_cat?post=33766"},{"taxonomy":"product_tag","embeddable":true,"href":"https:\/\/uniform4baltic.com\/ru\/wp-json\/wp\/v2\/product_tag?post=33766"}],"curies":[{"name":"wp","href":"https:\/\/api.w.org\/{rel}","templated":true}]}}