{"id":34218,"date":"2025-04-07T10:24:00","date_gmt":"2025-04-07T12:24:00","guid":{"rendered":"https:\/\/uniform4baltic.com\/?post_type=product&#038;p=34218"},"modified":"2025-10-27T12:12:35","modified_gmt":"2025-10-27T14:12:35","slug":"gssp626-voyager-jogger-2314-driftwood","status":"publish","type":"product","link":"https:\/\/uniform4baltic.com\/ru\/parduotuve\/%d0%bd%d0%be%d0%b2%d1%8b%d0%b5-%d0%bf%d1%80%d0%be%d0%b4%d1%83%d0%ba%d1%82%d1%8b\/%d0%b4%d0%bb%d1%8f-%d0%bc%d1%83%d0%b6%d1%87%d0%b8%d0%bd-ru-2\/gssp626-voyager-jogger-2314-driftwood\/","title":{"rendered":"GSSP626 Voyager Jogger &#8212; 2314 Driftwood"},"content":{"rendered":"","protected":false},"excerpt":{"rendered":"<p>Vyri\u0161kos keln\u0117s priekyje ri\u0161amos rai\u0161teliais, 5 ki\u0161en\u0117s<\/p>\n<p>Deranti palaidin\u0117: GSST179<\/p>\n<p>Sud\u0117tis: 48% CiCLO\u00c2\u00ae poliesteris, 44% perdirbtas poliesteris, 8% elastanas<\/p>\n<p>Galimi dyd\u017eiai: XXS-5XL<\/p>\n<p>D\u0117l nesam\u0173 dyd\u017ei\u0173 ir spalv\u0173 kreiptis el. pa\u0161tu arba telefonu.<\/p>\n","protected":false},"featured_media":34222,"comment_status":"open","ping_status":"closed","template":"","meta":[],"product_brand":[],"product_cat":[155,58,235,15,237,49],"product_tag":[3037],"class_list":{"0":"post-34218","1":"product","2":"type-product","3":"status-publish","4":"has-post-thumbnail","6":"product_cat-katalogas","7":"product_cat-kelnes-vyrams","8":"product_cat-naujos-prekes","9":"product_cat-uncategorized","10":"product_cat-vyrams-naujos-prekes","11":"product_cat-vyrams","12":"product_tag-gssp626-2314","13":"pa_kolekcija-evolve","15":"first","16":"instock","17":"shipping-taxable","18":"product-type-variable"},"yoast_head":"<!-- This site is optimized with the Yoast SEO plugin v27.4 - https:\/\/yoast.com\/product\/yoast-seo-wordpress\/ -->\n<title>GSSP626 Voyager Jogger - 2314 Driftwood - uniform4baltic<\/title>\n<meta name=\"description\" content=\"Vyri\u0161kos keln\u0117s priekyje ri\u0161amos rai\u0161teliais, 5 ki\u0161en\u0117s  Deranti palaidin\u0117: GSST179  Sud\u0117tis: 48% CiCLO\u00c2\u00ae poliesteris, 44% perdirbtas poliesteris, 8% elastanas  Galimi dyd\u017eiai: XXS-5XL  D\u0117l nesam\u0173 dyd\u017ei\u0173 ir spalv\u0173 kreiptis el. pa\u0161tu arba telefonu.\" \/>\n<meta name=\"robots\" content=\"index, follow, max-snippet:-1, max-image-preview:large, max-video-preview:-1\" \/>\n<link rel=\"canonical\" href=\"https:\/\/uniform4baltic.com\/ru\/parduotuve\/naujos-prekes\/vyrams-naujos-prekes\/gssp626-voyager-jogger-2314-driftwood\/\" \/>\n<meta property=\"og:locale\" content=\"ru_RU\" \/>\n<meta property=\"og:type\" content=\"article\" \/>\n<meta property=\"og:title\" content=\"GSSP626 Voyager Jogger - 2314 Driftwood - uniform4baltic\" \/>\n<meta property=\"og:description\" content=\"Vyri\u0161kos keln\u0117s priekyje ri\u0161amos rai\u0161teliais, 5 ki\u0161en\u0117s  Deranti palaidin\u0117: GSST179  Sud\u0117tis: 48% CiCLO\u00c2\u00ae poliesteris, 44% perdirbtas poliesteris, 8% elastanas  Galimi dyd\u017eiai: XXS-5XL  D\u0117l nesam\u0173 dyd\u017ei\u0173 ir spalv\u0173 kreiptis el. pa\u0161tu arba telefonu.\" \/>\n<meta property=\"og:url\" content=\"https:\/\/uniform4baltic.com\/ru\/parduotuve\/naujos-prekes\/vyrams-naujos-prekes\/gssp626-voyager-jogger-2314-driftwood\/\" \/>\n<meta property=\"og:site_name\" content=\"uniform4baltic\" \/>\n<meta property=\"article:modified_time\" content=\"2025-10-27T14:12:35+00:00\" \/>\n<meta property=\"og:image\" content=\"https:\/\/uniform4baltic.com\/wp-content\/uploads\/2025\/04\/vyan9m7xsv83fi8lgz5u.jpg\" \/>\n\t<meta property=\"og:image:width\" content=\"415\" \/>\n\t<meta property=\"og:image:height\" content=\"600\" \/>\n\t<meta property=\"og:image:type\" content=\"image\/jpeg\" \/>\n<meta name=\"twitter:card\" content=\"summary_large_image\" \/>\n<meta name=\"twitter:label1\" content=\"\u041f\u0440\u0438\u043c\u0435\u0440\u043d\u043e\u0435 \u0432\u0440\u0435\u043c\u044f \u0434\u043b\u044f \u0447\u0442\u0435\u043d\u0438\u044f\" \/>\n\t<meta name=\"twitter:data1\" content=\"1 \u043c\u0438\u043d\u0443\u0442\u0430\" \/>\n<script type=\"application\/ld+json\" class=\"yoast-schema-graph\">{\"@context\":\"https:\\\/\\\/schema.org\",\"@graph\":[{\"@type\":\"WebPage\",\"@id\":\"https:\\\/\\\/uniform4baltic.com\\\/ru\\\/parduotuve\\\/naujos-prekes\\\/vyrams-naujos-prekes\\\/gssp626-voyager-jogger-2314-driftwood\\\/\",\"url\":\"https:\\\/\\\/uniform4baltic.com\\\/ru\\\/parduotuve\\\/naujos-prekes\\\/vyrams-naujos-prekes\\\/gssp626-voyager-jogger-2314-driftwood\\\/\",\"name\":\"GSSP626 Voyager Jogger - 2314 Driftwood - uniform4baltic\",\"isPartOf\":{\"@id\":\"https:\\\/\\\/www.uniform4baltic.com\\\/en\\\/#website\"},\"primaryImageOfPage\":{\"@id\":\"https:\\\/\\\/uniform4baltic.com\\\/ru\\\/parduotuve\\\/naujos-prekes\\\/vyrams-naujos-prekes\\\/gssp626-voyager-jogger-2314-driftwood\\\/#primaryimage\"},\"image\":{\"@id\":\"https:\\\/\\\/uniform4baltic.com\\\/ru\\\/parduotuve\\\/naujos-prekes\\\/vyrams-naujos-prekes\\\/gssp626-voyager-jogger-2314-driftwood\\\/#primaryimage\"},\"thumbnailUrl\":\"https:\\\/\\\/uniform4baltic.com\\\/wp-content\\\/uploads\\\/2025\\\/04\\\/vyan9m7xsv83fi8lgz5u.jpg\",\"datePublished\":\"2025-04-07T12:24:00+00:00\",\"dateModified\":\"2025-10-27T14:12:35+00:00\",\"description\":\"Vyri\u0161kos keln\u0117s priekyje ri\u0161amos rai\u0161teliais, 5 ki\u0161en\u0117s Deranti palaidin\u0117: GSST179 Sud\u0117tis: 48% CiCLO\u00c2\u00ae poliesteris, 44% perdirbtas poliesteris, 8% elastanas Galimi dyd\u017eiai: XXS-5XL D\u0117l nesam\u0173 dyd\u017ei\u0173 ir spalv\u0173 kreiptis el. pa\u0161tu arba telefonu.\",\"breadcrumb\":{\"@id\":\"https:\\\/\\\/uniform4baltic.com\\\/ru\\\/parduotuve\\\/naujos-prekes\\\/vyrams-naujos-prekes\\\/gssp626-voyager-jogger-2314-driftwood\\\/#breadcrumb\"},\"inLanguage\":\"ru-RU\",\"potentialAction\":[{\"@type\":\"ReadAction\",\"target\":[\"https:\\\/\\\/uniform4baltic.com\\\/ru\\\/parduotuve\\\/naujos-prekes\\\/vyrams-naujos-prekes\\\/gssp626-voyager-jogger-2314-driftwood\\\/\"]}]},{\"@type\":\"ImageObject\",\"inLanguage\":\"ru-RU\",\"@id\":\"https:\\\/\\\/uniform4baltic.com\\\/ru\\\/parduotuve\\\/naujos-prekes\\\/vyrams-naujos-prekes\\\/gssp626-voyager-jogger-2314-driftwood\\\/#primaryimage\",\"url\":\"https:\\\/\\\/uniform4baltic.com\\\/wp-content\\\/uploads\\\/2025\\\/04\\\/vyan9m7xsv83fi8lgz5u.jpg\",\"contentUrl\":\"https:\\\/\\\/uniform4baltic.com\\\/wp-content\\\/uploads\\\/2025\\\/04\\\/vyan9m7xsv83fi8lgz5u.jpg\",\"width\":415,\"height\":600},{\"@type\":\"BreadcrumbList\",\"@id\":\"https:\\\/\\\/uniform4baltic.com\\\/ru\\\/parduotuve\\\/naujos-prekes\\\/vyrams-naujos-prekes\\\/gssp626-voyager-jogger-2314-driftwood\\\/#breadcrumb\",\"itemListElement\":[{\"@type\":\"ListItem\",\"position\":1,\"name\":\"Home\",\"item\":\"https:\\\/\\\/uniform4baltic.com\\\/ru\\\/\"},{\"@type\":\"ListItem\",\"position\":2,\"name\":\"\u041c\u0430\u0433\u0430\u0437\u0438\u043d\",\"item\":\"https:\\\/\\\/uniform4baltic.com\\\/ru\\\/%d0%bc%d0%b0%d0%b3%d0%b0%d0%b7%d0%b8%d0%bd\\\/\"},{\"@type\":\"ListItem\",\"position\":3,\"name\":\"GSSP626 Voyager Jogger &#8212; 2314 Driftwood\"}]},{\"@type\":\"WebSite\",\"@id\":\"https:\\\/\\\/www.uniform4baltic.com\\\/en\\\/#website\",\"url\":\"https:\\\/\\\/www.uniform4baltic.com\\\/en\\\/\",\"name\":\"uniform4baltic.com\",\"description\":\"Medicinin\u0117 apranga\",\"publisher\":{\"@id\":\"https:\\\/\\\/www.uniform4baltic.com\\\/en\\\/#organization\"},\"potentialAction\":[{\"@type\":\"SearchAction\",\"target\":{\"@type\":\"EntryPoint\",\"urlTemplate\":\"https:\\\/\\\/www.uniform4baltic.com\\\/en\\\/?s={search_term_string}\"},\"query-input\":{\"@type\":\"PropertyValueSpecification\",\"valueRequired\":true,\"valueName\":\"search_term_string\"}}],\"inLanguage\":\"ru-RU\"},{\"@type\":\"Organization\",\"@id\":\"https:\\\/\\\/www.uniform4baltic.com\\\/en\\\/#organization\",\"name\":\"Apranga medikams\",\"url\":\"https:\\\/\\\/www.uniform4baltic.com\\\/en\\\/\",\"logo\":{\"@type\":\"ImageObject\",\"inLanguage\":\"ru-RU\",\"@id\":\"https:\\\/\\\/www.uniform4baltic.com\\\/en\\\/#\\\/schema\\\/logo\\\/image\\\/\",\"url\":\"https:\\\/\\\/uniform4baltic.com\\\/wp-content\\\/uploads\\\/2020\\\/06\\\/logo-web-1.png\",\"contentUrl\":\"https:\\\/\\\/uniform4baltic.com\\\/wp-content\\\/uploads\\\/2020\\\/06\\\/logo-web-1.png\",\"width\":500,\"height\":215,\"caption\":\"Apranga medikams\"},\"image\":{\"@id\":\"https:\\\/\\\/www.uniform4baltic.com\\\/en\\\/#\\\/schema\\\/logo\\\/image\\\/\"}}]}<\/script>\n<!-- \/ Yoast SEO plugin. -->","yoast_head_json":{"title":"GSSP626 Voyager Jogger - 2314 Driftwood - uniform4baltic","description":"Vyri\u0161kos keln\u0117s priekyje ri\u0161amos rai\u0161teliais, 5 ki\u0161en\u0117s  Deranti palaidin\u0117: GSST179  Sud\u0117tis: 48% CiCLO\u00c2\u00ae poliesteris, 44% perdirbtas poliesteris, 8% elastanas  Galimi dyd\u017eiai: XXS-5XL  D\u0117l nesam\u0173 dyd\u017ei\u0173 ir spalv\u0173 kreiptis el. pa\u0161tu arba telefonu.","robots":{"index":"index","follow":"follow","max-snippet":"max-snippet:-1","max-image-preview":"max-image-preview:large","max-video-preview":"max-video-preview:-1"},"canonical":"https:\/\/uniform4baltic.com\/ru\/parduotuve\/naujos-prekes\/vyrams-naujos-prekes\/gssp626-voyager-jogger-2314-driftwood\/","og_locale":"ru_RU","og_type":"article","og_title":"GSSP626 Voyager Jogger - 2314 Driftwood - uniform4baltic","og_description":"Vyri\u0161kos keln\u0117s priekyje ri\u0161amos rai\u0161teliais, 5 ki\u0161en\u0117s  Deranti palaidin\u0117: GSST179  Sud\u0117tis: 48% CiCLO\u00c2\u00ae poliesteris, 44% perdirbtas poliesteris, 8% elastanas  Galimi dyd\u017eiai: XXS-5XL  D\u0117l nesam\u0173 dyd\u017ei\u0173 ir spalv\u0173 kreiptis el. pa\u0161tu arba telefonu.","og_url":"https:\/\/uniform4baltic.com\/ru\/parduotuve\/naujos-prekes\/vyrams-naujos-prekes\/gssp626-voyager-jogger-2314-driftwood\/","og_site_name":"uniform4baltic","article_modified_time":"2025-10-27T14:12:35+00:00","og_image":[{"width":415,"height":600,"url":"https:\/\/uniform4baltic.com\/wp-content\/uploads\/2025\/04\/vyan9m7xsv83fi8lgz5u.jpg","type":"image\/jpeg"}],"twitter_card":"summary_large_image","twitter_misc":{"\u041f\u0440\u0438\u043c\u0435\u0440\u043d\u043e\u0435 \u0432\u0440\u0435\u043c\u044f \u0434\u043b\u044f \u0447\u0442\u0435\u043d\u0438\u044f":"1 \u043c\u0438\u043d\u0443\u0442\u0430"},"schema":{"@context":"https:\/\/schema.org","@graph":[{"@type":"WebPage","@id":"https:\/\/uniform4baltic.com\/ru\/parduotuve\/naujos-prekes\/vyrams-naujos-prekes\/gssp626-voyager-jogger-2314-driftwood\/","url":"https:\/\/uniform4baltic.com\/ru\/parduotuve\/naujos-prekes\/vyrams-naujos-prekes\/gssp626-voyager-jogger-2314-driftwood\/","name":"GSSP626 Voyager Jogger - 2314 Driftwood - uniform4baltic","isPartOf":{"@id":"https:\/\/www.uniform4baltic.com\/en\/#website"},"primaryImageOfPage":{"@id":"https:\/\/uniform4baltic.com\/ru\/parduotuve\/naujos-prekes\/vyrams-naujos-prekes\/gssp626-voyager-jogger-2314-driftwood\/#primaryimage"},"image":{"@id":"https:\/\/uniform4baltic.com\/ru\/parduotuve\/naujos-prekes\/vyrams-naujos-prekes\/gssp626-voyager-jogger-2314-driftwood\/#primaryimage"},"thumbnailUrl":"https:\/\/uniform4baltic.com\/wp-content\/uploads\/2025\/04\/vyan9m7xsv83fi8lgz5u.jpg","datePublished":"2025-04-07T12:24:00+00:00","dateModified":"2025-10-27T14:12:35+00:00","description":"Vyri\u0161kos keln\u0117s priekyje ri\u0161amos rai\u0161teliais, 5 ki\u0161en\u0117s Deranti palaidin\u0117: GSST179 Sud\u0117tis: 48% CiCLO\u00c2\u00ae poliesteris, 44% perdirbtas poliesteris, 8% elastanas Galimi dyd\u017eiai: XXS-5XL D\u0117l nesam\u0173 dyd\u017ei\u0173 ir spalv\u0173 kreiptis el. pa\u0161tu arba telefonu.","breadcrumb":{"@id":"https:\/\/uniform4baltic.com\/ru\/parduotuve\/naujos-prekes\/vyrams-naujos-prekes\/gssp626-voyager-jogger-2314-driftwood\/#breadcrumb"},"inLanguage":"ru-RU","potentialAction":[{"@type":"ReadAction","target":["https:\/\/uniform4baltic.com\/ru\/parduotuve\/naujos-prekes\/vyrams-naujos-prekes\/gssp626-voyager-jogger-2314-driftwood\/"]}]},{"@type":"ImageObject","inLanguage":"ru-RU","@id":"https:\/\/uniform4baltic.com\/ru\/parduotuve\/naujos-prekes\/vyrams-naujos-prekes\/gssp626-voyager-jogger-2314-driftwood\/#primaryimage","url":"https:\/\/uniform4baltic.com\/wp-content\/uploads\/2025\/04\/vyan9m7xsv83fi8lgz5u.jpg","contentUrl":"https:\/\/uniform4baltic.com\/wp-content\/uploads\/2025\/04\/vyan9m7xsv83fi8lgz5u.jpg","width":415,"height":600},{"@type":"BreadcrumbList","@id":"https:\/\/uniform4baltic.com\/ru\/parduotuve\/naujos-prekes\/vyrams-naujos-prekes\/gssp626-voyager-jogger-2314-driftwood\/#breadcrumb","itemListElement":[{"@type":"ListItem","position":1,"name":"Home","item":"https:\/\/uniform4baltic.com\/ru\/"},{"@type":"ListItem","position":2,"name":"\u041c\u0430\u0433\u0430\u0437\u0438\u043d","item":"https:\/\/uniform4baltic.com\/ru\/%d0%bc%d0%b0%d0%b3%d0%b0%d0%b7%d0%b8%d0%bd\/"},{"@type":"ListItem","position":3,"name":"GSSP626 Voyager Jogger &#8212; 2314 Driftwood"}]},{"@type":"WebSite","@id":"https:\/\/www.uniform4baltic.com\/en\/#website","url":"https:\/\/www.uniform4baltic.com\/en\/","name":"uniform4baltic.com","description":"Medicinin\u0117 apranga","publisher":{"@id":"https:\/\/www.uniform4baltic.com\/en\/#organization"},"potentialAction":[{"@type":"SearchAction","target":{"@type":"EntryPoint","urlTemplate":"https:\/\/www.uniform4baltic.com\/en\/?s={search_term_string}"},"query-input":{"@type":"PropertyValueSpecification","valueRequired":true,"valueName":"search_term_string"}}],"inLanguage":"ru-RU"},{"@type":"Organization","@id":"https:\/\/www.uniform4baltic.com\/en\/#organization","name":"Apranga medikams","url":"https:\/\/www.uniform4baltic.com\/en\/","logo":{"@type":"ImageObject","inLanguage":"ru-RU","@id":"https:\/\/www.uniform4baltic.com\/en\/#\/schema\/logo\/image\/","url":"https:\/\/uniform4baltic.com\/wp-content\/uploads\/2020\/06\/logo-web-1.png","contentUrl":"https:\/\/uniform4baltic.com\/wp-content\/uploads\/2020\/06\/logo-web-1.png","width":500,"height":215,"caption":"Apranga medikams"},"image":{"@id":"https:\/\/www.uniform4baltic.com\/en\/#\/schema\/logo\/image\/"}}]}},"_links":{"self":[{"href":"https:\/\/uniform4baltic.com\/ru\/wp-json\/wp\/v2\/product\/34218","targetHints":{"allow":["GET"]}}],"collection":[{"href":"https:\/\/uniform4baltic.com\/ru\/wp-json\/wp\/v2\/product"}],"about":[{"href":"https:\/\/uniform4baltic.com\/ru\/wp-json\/wp\/v2\/types\/product"}],"replies":[{"embeddable":true,"href":"https:\/\/uniform4baltic.com\/ru\/wp-json\/wp\/v2\/comments?post=34218"}],"wp:featuredmedia":[{"embeddable":true,"href":"https:\/\/uniform4baltic.com\/ru\/wp-json\/wp\/v2\/media\/34222"}],"wp:attachment":[{"href":"https:\/\/uniform4baltic.com\/ru\/wp-json\/wp\/v2\/media?parent=34218"}],"wp:term":[{"taxonomy":"product_brand","embeddable":true,"href":"https:\/\/uniform4baltic.com\/ru\/wp-json\/wp\/v2\/product_brand?post=34218"},{"taxonomy":"product_cat","embeddable":true,"href":"https:\/\/uniform4baltic.com\/ru\/wp-json\/wp\/v2\/product_cat?post=34218"},{"taxonomy":"product_tag","embeddable":true,"href":"https:\/\/uniform4baltic.com\/ru\/wp-json\/wp\/v2\/product_tag?post=34218"}],"curies":[{"name":"wp","href":"https:\/\/api.w.org\/{rel}","templated":true}]}}