{"id":34322,"date":"2025-04-07T11:18:45","date_gmt":"2025-04-07T13:18:45","guid":{"rendered":"https:\/\/uniform4baltic.com\/?post_type=product&#038;p=34322"},"modified":"2025-12-19T05:11:22","modified_gmt":"2025-12-19T07:11:22","slug":"skp659-rebound-knit-pant-40-ciel-blue","status":"publish","type":"product","link":"https:\/\/uniform4baltic.com\/ru\/parduotuve\/%d0%b4%d0%bb%d1%8f-%d0%bc%d1%83%d0%b6%d1%87%d0%b8%d0%bd\/%d1%88%d1%82%d0%b0%d0%bd%d1%8b-ru\/skp659-rebound-knit-pant-40-ciel-blue\/","title":{"rendered":"SKP659 Rebound Knit Pant &#8212; 40 Ciel blue"},"content":{"rendered":"","protected":false},"excerpt":{"rendered":"<p><span class=\"Y2IQFc\" lang=\"lt\"> Vyri\u0161kos plonos ir tiesios keln\u0117s, 4 ki\u0161en\u0117s 2 i\u0161 j\u0173 su u\u017esegimu.<br \/>\n<\/span><\/p>\n<p><span class=\"Y2IQFc\" lang=\"lt\">Patogiu 360 tempimo trikota\u017eo audiniu.<br \/>\n<\/span><\/p>\n<p>Deranti palaidin\u0117: SKT229<\/p>\n<p>Med\u017eiaga: 86% nailonas, 14% elastanas.<\/p>\n<p>Galimi dyd\u017eiai: XS-5XL.<\/p>\n<p>D\u0117l nesam\u0173 dyd\u017ei\u0173 ir spalv\u0173 kreiptis el. pa\u0161tu arba telefonu.<\/p>\n<pre id=\"tw-target-text\" class=\"tw-data-text tw-text-large tw-ta\" dir=\"ltr\" data-placeholder=\"Vertimas\" data-ved=\"2ahUKEwiw0e7H_cWMAxWbHhAIHfFqMaYQ3ewLegQICBAV\" aria-label=\"I\u0161verstas tekstas: J\u016bs\u0173 naujas stilius ir patogumas \u2013 Pristatome Barco Rebound Knit Pant Skechers Slip-in! \u0160iose keln\u0117se yra keturios ki\u0161en\u0117s, u\u017esegama ki\u0161en\u0117 ir u\u017epakalin\u0117 u\u017esegama ki\u0161en\u0117 su Velcro u\u017esegimu. \u0160ios plonos ir tiesios keln\u0117s su plok\u0161\u010diu juosmeniu ir rai\u0161teliu pasi\u017eymi dr\u0117gm\u0119 sugerian\u010diu, patogiu 360 tempimo trikota\u017eo audiniu.\"><span class=\"Y2IQFc\" lang=\"lt\">\u00a0<\/span><\/pre>\n","protected":false},"featured_media":34324,"comment_status":"open","ping_status":"closed","template":"","meta":[],"product_brand":[],"product_cat":[155,58,49],"product_tag":[3049],"class_list":{"0":"post-34322","1":"product","2":"type-product","3":"status-publish","4":"has-post-thumbnail","6":"product_cat-katalogas","7":"product_cat-kelnes-vyrams","8":"product_cat-vyrams","9":"product_tag-skp659-40","10":"pa_kolekcija-skechers","12":"first","13":"instock","14":"shipping-taxable","15":"purchasable","16":"product-type-variable"},"yoast_head":"<!-- This site is optimized with the Yoast SEO plugin v27.4 - https:\/\/yoast.com\/product\/yoast-seo-wordpress\/ -->\n<title>SKP659 Rebound Knit Pant - 40 Ciel blue - uniform4baltic<\/title>\n<meta name=\"description\" content=\"Vyri\u0161kos plonos ir tiesios keln\u0117s, 4 ki\u0161en\u0117s 2 i\u0161 j\u0173 su u\u017esegimu.   Patogiu 360 tempimo trikota\u017eo audiniu.   Deranti palaidin\u0117: SKT229  Med\u017eiaga: 86% nailonas, 14% elastanas.  Galimi dyd\u017eiai: XS-5XL.  D\u0117l nesam\u0173 dyd\u017ei\u0173 ir spalv\u0173 kreiptis el. pa\u0161tu arba telefonu. \u00a0\" \/>\n<meta name=\"robots\" content=\"index, follow, max-snippet:-1, max-image-preview:large, max-video-preview:-1\" \/>\n<link rel=\"canonical\" href=\"https:\/\/uniform4baltic.com\/parduotuve\/vyrams\/kelnes-vyrams\/skp659-rebound-knit-pant-40-ciel-blue\/\" \/>\n<meta property=\"og:locale\" content=\"ru_RU\" \/>\n<meta property=\"og:type\" content=\"article\" \/>\n<meta property=\"og:title\" content=\"SKP659 Rebound Knit Pant - 40 Ciel blue - uniform4baltic\" \/>\n<meta property=\"og:description\" content=\"Vyri\u0161kos plonos ir tiesios keln\u0117s, 4 ki\u0161en\u0117s 2 i\u0161 j\u0173 su u\u017esegimu.   Patogiu 360 tempimo trikota\u017eo audiniu.   Deranti palaidin\u0117: SKT229  Med\u017eiaga: 86% nailonas, 14% elastanas.  Galimi dyd\u017eiai: XS-5XL.  D\u0117l nesam\u0173 dyd\u017ei\u0173 ir spalv\u0173 kreiptis el. pa\u0161tu arba telefonu. \u00a0\" \/>\n<meta property=\"og:url\" content=\"https:\/\/uniform4baltic.com\/parduotuve\/vyrams\/kelnes-vyrams\/skp659-rebound-knit-pant-40-ciel-blue\/\" \/>\n<meta property=\"og:site_name\" content=\"uniform4baltic\" \/>\n<meta property=\"article:modified_time\" content=\"2025-12-19T07:11:22+00:00\" \/>\n<meta property=\"og:image\" content=\"https:\/\/uniform4baltic.com\/wp-content\/uploads\/2025\/04\/rnkoehha2fcr7swqg3nf.jpg\" \/>\n\t<meta property=\"og:image:width\" content=\"415\" \/>\n\t<meta property=\"og:image:height\" content=\"600\" \/>\n\t<meta property=\"og:image:type\" content=\"image\/jpeg\" \/>\n<meta name=\"twitter:card\" content=\"summary_large_image\" \/>\n<meta name=\"twitter:label1\" content=\"\u041f\u0440\u0438\u043c\u0435\u0440\u043d\u043e\u0435 \u0432\u0440\u0435\u043c\u044f \u0434\u043b\u044f \u0447\u0442\u0435\u043d\u0438\u044f\" \/>\n\t<meta name=\"twitter:data1\" content=\"1 \u043c\u0438\u043d\u0443\u0442\u0430\" \/>\n<script type=\"application\/ld+json\" class=\"yoast-schema-graph\">{\"@context\":\"https:\\\/\\\/schema.org\",\"@graph\":[{\"@type\":\"WebPage\",\"@id\":\"https:\\\/\\\/uniform4baltic.com\\\/parduotuve\\\/vyrams\\\/kelnes-vyrams\\\/skp659-rebound-knit-pant-40-ciel-blue\\\/\",\"url\":\"https:\\\/\\\/uniform4baltic.com\\\/parduotuve\\\/vyrams\\\/kelnes-vyrams\\\/skp659-rebound-knit-pant-40-ciel-blue\\\/\",\"name\":\"SKP659 Rebound Knit Pant - 40 Ciel blue - uniform4baltic\",\"isPartOf\":{\"@id\":\"https:\\\/\\\/www.uniform4baltic.com\\\/en\\\/#website\"},\"primaryImageOfPage\":{\"@id\":\"https:\\\/\\\/uniform4baltic.com\\\/parduotuve\\\/vyrams\\\/kelnes-vyrams\\\/skp659-rebound-knit-pant-40-ciel-blue\\\/#primaryimage\"},\"image\":{\"@id\":\"https:\\\/\\\/uniform4baltic.com\\\/parduotuve\\\/vyrams\\\/kelnes-vyrams\\\/skp659-rebound-knit-pant-40-ciel-blue\\\/#primaryimage\"},\"thumbnailUrl\":\"https:\\\/\\\/uniform4baltic.com\\\/wp-content\\\/uploads\\\/2025\\\/04\\\/rnkoehha2fcr7swqg3nf.jpg\",\"datePublished\":\"2025-04-07T13:18:45+00:00\",\"dateModified\":\"2025-12-19T07:11:22+00:00\",\"description\":\"Vyri\u0161kos plonos ir tiesios keln\u0117s, 4 ki\u0161en\u0117s 2 i\u0161 j\u0173 su u\u017esegimu. Patogiu 360 tempimo trikota\u017eo audiniu. Deranti palaidin\u0117: SKT229 Med\u017eiaga: 86% nailonas, 14% elastanas. Galimi dyd\u017eiai: XS-5XL. D\u0117l nesam\u0173 dyd\u017ei\u0173 ir spalv\u0173 kreiptis el. pa\u0161tu arba telefonu. \u00a0\",\"breadcrumb\":{\"@id\":\"https:\\\/\\\/uniform4baltic.com\\\/parduotuve\\\/vyrams\\\/kelnes-vyrams\\\/skp659-rebound-knit-pant-40-ciel-blue\\\/#breadcrumb\"},\"inLanguage\":\"ru-RU\",\"potentialAction\":[{\"@type\":\"ReadAction\",\"target\":[\"https:\\\/\\\/uniform4baltic.com\\\/parduotuve\\\/vyrams\\\/kelnes-vyrams\\\/skp659-rebound-knit-pant-40-ciel-blue\\\/\"]}]},{\"@type\":\"ImageObject\",\"inLanguage\":\"ru-RU\",\"@id\":\"https:\\\/\\\/uniform4baltic.com\\\/parduotuve\\\/vyrams\\\/kelnes-vyrams\\\/skp659-rebound-knit-pant-40-ciel-blue\\\/#primaryimage\",\"url\":\"https:\\\/\\\/uniform4baltic.com\\\/wp-content\\\/uploads\\\/2025\\\/04\\\/rnkoehha2fcr7swqg3nf.jpg\",\"contentUrl\":\"https:\\\/\\\/uniform4baltic.com\\\/wp-content\\\/uploads\\\/2025\\\/04\\\/rnkoehha2fcr7swqg3nf.jpg\",\"width\":415,\"height\":600},{\"@type\":\"BreadcrumbList\",\"@id\":\"https:\\\/\\\/uniform4baltic.com\\\/parduotuve\\\/vyrams\\\/kelnes-vyrams\\\/skp659-rebound-knit-pant-40-ciel-blue\\\/#breadcrumb\",\"itemListElement\":[{\"@type\":\"ListItem\",\"position\":1,\"name\":\"Home\",\"item\":\"https:\\\/\\\/uniform4baltic.com\\\/ru\\\/\"},{\"@type\":\"ListItem\",\"position\":2,\"name\":\"\u041c\u0430\u0433\u0430\u0437\u0438\u043d\",\"item\":\"https:\\\/\\\/uniform4baltic.com\\\/ru\\\/%d0%bc%d0%b0%d0%b3%d0%b0%d0%b7%d0%b8%d0%bd\\\/\"},{\"@type\":\"ListItem\",\"position\":3,\"name\":\"SKP659 Rebound Knit Pant &#8211; 40 Ciel blue\"}]},{\"@type\":\"WebSite\",\"@id\":\"https:\\\/\\\/www.uniform4baltic.com\\\/en\\\/#website\",\"url\":\"https:\\\/\\\/www.uniform4baltic.com\\\/en\\\/\",\"name\":\"uniform4baltic.com\",\"description\":\"Medicinin\u0117 apranga\",\"publisher\":{\"@id\":\"https:\\\/\\\/www.uniform4baltic.com\\\/en\\\/#organization\"},\"potentialAction\":[{\"@type\":\"SearchAction\",\"target\":{\"@type\":\"EntryPoint\",\"urlTemplate\":\"https:\\\/\\\/www.uniform4baltic.com\\\/en\\\/?s={search_term_string}\"},\"query-input\":{\"@type\":\"PropertyValueSpecification\",\"valueRequired\":true,\"valueName\":\"search_term_string\"}}],\"inLanguage\":\"ru-RU\"},{\"@type\":\"Organization\",\"@id\":\"https:\\\/\\\/www.uniform4baltic.com\\\/en\\\/#organization\",\"name\":\"Apranga medikams\",\"url\":\"https:\\\/\\\/www.uniform4baltic.com\\\/en\\\/\",\"logo\":{\"@type\":\"ImageObject\",\"inLanguage\":\"ru-RU\",\"@id\":\"https:\\\/\\\/www.uniform4baltic.com\\\/en\\\/#\\\/schema\\\/logo\\\/image\\\/\",\"url\":\"https:\\\/\\\/uniform4baltic.com\\\/wp-content\\\/uploads\\\/2020\\\/06\\\/logo-web-1.png\",\"contentUrl\":\"https:\\\/\\\/uniform4baltic.com\\\/wp-content\\\/uploads\\\/2020\\\/06\\\/logo-web-1.png\",\"width\":500,\"height\":215,\"caption\":\"Apranga medikams\"},\"image\":{\"@id\":\"https:\\\/\\\/www.uniform4baltic.com\\\/en\\\/#\\\/schema\\\/logo\\\/image\\\/\"}}]}<\/script>\n<!-- \/ Yoast SEO plugin. -->","yoast_head_json":{"title":"SKP659 Rebound Knit Pant - 40 Ciel blue - uniform4baltic","description":"Vyri\u0161kos plonos ir tiesios keln\u0117s, 4 ki\u0161en\u0117s 2 i\u0161 j\u0173 su u\u017esegimu.   Patogiu 360 tempimo trikota\u017eo audiniu.   Deranti palaidin\u0117: SKT229  Med\u017eiaga: 86% nailonas, 14% elastanas.  Galimi dyd\u017eiai: XS-5XL.  D\u0117l nesam\u0173 dyd\u017ei\u0173 ir spalv\u0173 kreiptis el. pa\u0161tu arba telefonu. \u00a0","robots":{"index":"index","follow":"follow","max-snippet":"max-snippet:-1","max-image-preview":"max-image-preview:large","max-video-preview":"max-video-preview:-1"},"canonical":"https:\/\/uniform4baltic.com\/parduotuve\/vyrams\/kelnes-vyrams\/skp659-rebound-knit-pant-40-ciel-blue\/","og_locale":"ru_RU","og_type":"article","og_title":"SKP659 Rebound Knit Pant - 40 Ciel blue - uniform4baltic","og_description":"Vyri\u0161kos plonos ir tiesios keln\u0117s, 4 ki\u0161en\u0117s 2 i\u0161 j\u0173 su u\u017esegimu.   Patogiu 360 tempimo trikota\u017eo audiniu.   Deranti palaidin\u0117: SKT229  Med\u017eiaga: 86% nailonas, 14% elastanas.  Galimi dyd\u017eiai: XS-5XL.  D\u0117l nesam\u0173 dyd\u017ei\u0173 ir spalv\u0173 kreiptis el. pa\u0161tu arba telefonu. \u00a0","og_url":"https:\/\/uniform4baltic.com\/parduotuve\/vyrams\/kelnes-vyrams\/skp659-rebound-knit-pant-40-ciel-blue\/","og_site_name":"uniform4baltic","article_modified_time":"2025-12-19T07:11:22+00:00","og_image":[{"width":415,"height":600,"url":"https:\/\/uniform4baltic.com\/wp-content\/uploads\/2025\/04\/rnkoehha2fcr7swqg3nf.jpg","type":"image\/jpeg"}],"twitter_card":"summary_large_image","twitter_misc":{"\u041f\u0440\u0438\u043c\u0435\u0440\u043d\u043e\u0435 \u0432\u0440\u0435\u043c\u044f \u0434\u043b\u044f \u0447\u0442\u0435\u043d\u0438\u044f":"1 \u043c\u0438\u043d\u0443\u0442\u0430"},"schema":{"@context":"https:\/\/schema.org","@graph":[{"@type":"WebPage","@id":"https:\/\/uniform4baltic.com\/parduotuve\/vyrams\/kelnes-vyrams\/skp659-rebound-knit-pant-40-ciel-blue\/","url":"https:\/\/uniform4baltic.com\/parduotuve\/vyrams\/kelnes-vyrams\/skp659-rebound-knit-pant-40-ciel-blue\/","name":"SKP659 Rebound Knit Pant - 40 Ciel blue - uniform4baltic","isPartOf":{"@id":"https:\/\/www.uniform4baltic.com\/en\/#website"},"primaryImageOfPage":{"@id":"https:\/\/uniform4baltic.com\/parduotuve\/vyrams\/kelnes-vyrams\/skp659-rebound-knit-pant-40-ciel-blue\/#primaryimage"},"image":{"@id":"https:\/\/uniform4baltic.com\/parduotuve\/vyrams\/kelnes-vyrams\/skp659-rebound-knit-pant-40-ciel-blue\/#primaryimage"},"thumbnailUrl":"https:\/\/uniform4baltic.com\/wp-content\/uploads\/2025\/04\/rnkoehha2fcr7swqg3nf.jpg","datePublished":"2025-04-07T13:18:45+00:00","dateModified":"2025-12-19T07:11:22+00:00","description":"Vyri\u0161kos plonos ir tiesios keln\u0117s, 4 ki\u0161en\u0117s 2 i\u0161 j\u0173 su u\u017esegimu. Patogiu 360 tempimo trikota\u017eo audiniu. Deranti palaidin\u0117: SKT229 Med\u017eiaga: 86% nailonas, 14% elastanas. Galimi dyd\u017eiai: XS-5XL. D\u0117l nesam\u0173 dyd\u017ei\u0173 ir spalv\u0173 kreiptis el. pa\u0161tu arba telefonu. \u00a0","breadcrumb":{"@id":"https:\/\/uniform4baltic.com\/parduotuve\/vyrams\/kelnes-vyrams\/skp659-rebound-knit-pant-40-ciel-blue\/#breadcrumb"},"inLanguage":"ru-RU","potentialAction":[{"@type":"ReadAction","target":["https:\/\/uniform4baltic.com\/parduotuve\/vyrams\/kelnes-vyrams\/skp659-rebound-knit-pant-40-ciel-blue\/"]}]},{"@type":"ImageObject","inLanguage":"ru-RU","@id":"https:\/\/uniform4baltic.com\/parduotuve\/vyrams\/kelnes-vyrams\/skp659-rebound-knit-pant-40-ciel-blue\/#primaryimage","url":"https:\/\/uniform4baltic.com\/wp-content\/uploads\/2025\/04\/rnkoehha2fcr7swqg3nf.jpg","contentUrl":"https:\/\/uniform4baltic.com\/wp-content\/uploads\/2025\/04\/rnkoehha2fcr7swqg3nf.jpg","width":415,"height":600},{"@type":"BreadcrumbList","@id":"https:\/\/uniform4baltic.com\/parduotuve\/vyrams\/kelnes-vyrams\/skp659-rebound-knit-pant-40-ciel-blue\/#breadcrumb","itemListElement":[{"@type":"ListItem","position":1,"name":"Home","item":"https:\/\/uniform4baltic.com\/ru\/"},{"@type":"ListItem","position":2,"name":"\u041c\u0430\u0433\u0430\u0437\u0438\u043d","item":"https:\/\/uniform4baltic.com\/ru\/%d0%bc%d0%b0%d0%b3%d0%b0%d0%b7%d0%b8%d0%bd\/"},{"@type":"ListItem","position":3,"name":"SKP659 Rebound Knit Pant &#8211; 40 Ciel blue"}]},{"@type":"WebSite","@id":"https:\/\/www.uniform4baltic.com\/en\/#website","url":"https:\/\/www.uniform4baltic.com\/en\/","name":"uniform4baltic.com","description":"Medicinin\u0117 apranga","publisher":{"@id":"https:\/\/www.uniform4baltic.com\/en\/#organization"},"potentialAction":[{"@type":"SearchAction","target":{"@type":"EntryPoint","urlTemplate":"https:\/\/www.uniform4baltic.com\/en\/?s={search_term_string}"},"query-input":{"@type":"PropertyValueSpecification","valueRequired":true,"valueName":"search_term_string"}}],"inLanguage":"ru-RU"},{"@type":"Organization","@id":"https:\/\/www.uniform4baltic.com\/en\/#organization","name":"Apranga medikams","url":"https:\/\/www.uniform4baltic.com\/en\/","logo":{"@type":"ImageObject","inLanguage":"ru-RU","@id":"https:\/\/www.uniform4baltic.com\/en\/#\/schema\/logo\/image\/","url":"https:\/\/uniform4baltic.com\/wp-content\/uploads\/2020\/06\/logo-web-1.png","contentUrl":"https:\/\/uniform4baltic.com\/wp-content\/uploads\/2020\/06\/logo-web-1.png","width":500,"height":215,"caption":"Apranga medikams"},"image":{"@id":"https:\/\/www.uniform4baltic.com\/en\/#\/schema\/logo\/image\/"}}]}},"_links":{"self":[{"href":"https:\/\/uniform4baltic.com\/ru\/wp-json\/wp\/v2\/product\/34322","targetHints":{"allow":["GET"]}}],"collection":[{"href":"https:\/\/uniform4baltic.com\/ru\/wp-json\/wp\/v2\/product"}],"about":[{"href":"https:\/\/uniform4baltic.com\/ru\/wp-json\/wp\/v2\/types\/product"}],"replies":[{"embeddable":true,"href":"https:\/\/uniform4baltic.com\/ru\/wp-json\/wp\/v2\/comments?post=34322"}],"wp:featuredmedia":[{"embeddable":true,"href":"https:\/\/uniform4baltic.com\/ru\/wp-json\/wp\/v2\/media\/34324"}],"wp:attachment":[{"href":"https:\/\/uniform4baltic.com\/ru\/wp-json\/wp\/v2\/media?parent=34322"}],"wp:term":[{"taxonomy":"product_brand","embeddable":true,"href":"https:\/\/uniform4baltic.com\/ru\/wp-json\/wp\/v2\/product_brand?post=34322"},{"taxonomy":"product_cat","embeddable":true,"href":"https:\/\/uniform4baltic.com\/ru\/wp-json\/wp\/v2\/product_cat?post=34322"},{"taxonomy":"product_tag","embeddable":true,"href":"https:\/\/uniform4baltic.com\/ru\/wp-json\/wp\/v2\/product_tag?post=34322"}],"curies":[{"name":"wp","href":"https:\/\/api.w.org\/{rel}","templated":true}]}}