{"id":5791,"date":"2020-06-22T07:19:48","date_gmt":"2020-06-22T09:19:48","guid":{"rendered":"https:\/\/uniform4baltic.com\/?post_type=product&#038;p=5791"},"modified":"2023-10-27T17:11:21","modified_gmt":"2023-10-27T19:11:21","slug":"gnt019-astra-top-1561-wine-shade","status":"publish","type":"product","link":"https:\/\/uniform4baltic.com\/ru\/parduotuve\/%d0%b4%d0%bb%d1%8f-%d0%b6%d0%b5%d0%bd%d1%89%d0%b8%d0%bd\/%d0%b1%d0%bb%d1%83%d0%b7%d1%8b\/gnt019-astra-top-1561-wine-shade\/","title":{"rendered":"GNT019 Astra Top &#8212; 1561 Wine Shade"},"content":{"rendered":"","protected":false},"excerpt":{"rendered":"<p>Moteri\u0161ka palaidin\u0117 V formos kaklu, 3 gilios ki\u0161en\u0117s, dekoruotos rankov\u0117s.<\/p>\n<p>Deran\u010dios keln\u0117s: GNP508 Astra Pant.<\/p>\n<p>Med\u017eiaga:<br \/>\n71% polyesteris, 24% viskoz\u0117, 5% elastanas.<\/p>\n<p>Galimi dyd\u017eiai: XXS-3XL.<\/p>\n<p>D\u0117l nesam\u0173 dyd\u017ei\u0173 ar spalv\u0173 kreiptis el. pa\u0161tu arba telefonu.<\/p>\n<table>\n<tbody>\n<tr>\n<td width=\"79\"><img decoding=\"async\" src=\"https:\/\/backoffice.barcouniforms.com\/INTERSHOP\/static\/WFS\/Barco-Medical-Site\/-\/Barco-Medical\/en_US\/s_pclr-01.jpg\" alt=\"01\" \/><\/td>\n<td width=\"79\"><img decoding=\"async\" src=\"https:\/\/backoffice.barcouniforms.com\/INTERSHOP\/static\/WFS\/Barco-Medical-Site\/-\/Barco-Medical\/en_US\/s_pclr-08.jpg\" alt=\"08\" \/><\/td>\n<td width=\"79\"><img decoding=\"async\" src=\"https:\/\/backoffice.barcouniforms.com\/INTERSHOP\/static\/WFS\/Barco-Medical-Site\/-\/Barco-Medical\/en_US\/s_pclr-10.jpg\" alt=\"10\" \/><\/td>\n<td width=\"79\"><img decoding=\"async\" src=\"https:\/\/backoffice.barcouniforms.com\/INTERSHOP\/static\/WFS\/Barco-Medical-Site\/-\/Barco-Medical\/en_US\/s_pclr-142.jpg\" alt=\"142\" \/><\/td>\n<td width=\"79\"><img decoding=\"async\" src=\"https:\/\/backoffice.barcouniforms.com\/INTERSHOP\/static\/WFS\/Barco-Medical-Site\/-\/Barco-Medical\/en_US\/s_pclr-23.jpg\" alt=\"23\" \/><\/td>\n<td width=\"79\"><img decoding=\"async\" src=\"https:\/\/backoffice.barcouniforms.com\/INTERSHOP\/static\/WFS\/Barco-Medical-Site\/-\/Barco-Medical\/en_US\/s_pclr-312.jpg\" alt=\"312\" \/><\/td>\n<td width=\"79\"><img decoding=\"async\" src=\"https:\/\/backoffice.barcouniforms.com\/INTERSHOP\/static\/WFS\/Barco-Medical-Site\/-\/Barco-Medical\/en_US\/s_pclr-328.jpg\" alt=\"328\" \/><\/td>\n<td width=\"79\"><img decoding=\"async\" src=\"https:\/\/backoffice.barcouniforms.com\/INTERSHOP\/static\/WFS\/Barco-Medical-Site\/-\/Barco-Medical\/en_US\/s_pclr-37.jpg\" alt=\"37\" \/><\/td>\n<td width=\"79\"><img decoding=\"async\" src=\"https:\/\/backoffice.barcouniforms.com\/INTERSHOP\/static\/WFS\/Barco-Medical-Site\/-\/Barco-Medical\/en_US\/s_pclr-39.jpg\" alt=\"39\" \/><\/td>\n<td width=\"79\"><img decoding=\"async\" src=\"https:\/\/backoffice.barcouniforms.com\/INTERSHOP\/static\/WFS\/Barco-Medical-Site\/-\/Barco-Medical\/en_US\/s_pclr-40.jpg\" alt=\"40\" \/><\/td>\n<td width=\"79\"><img decoding=\"async\" src=\"https:\/\/backoffice.barcouniforms.com\/INTERSHOP\/static\/WFS\/Barco-Medical-Site\/-\/Barco-Medical\/en_US\/s_pclr-503.jpg\" alt=\"503\" \/><\/td>\n<td width=\"79\"><img decoding=\"async\" src=\"https:\/\/backoffice.barcouniforms.com\/INTERSHOP\/static\/WFS\/Barco-Medical-Site\/-\/Barco-Medical\/en_US\/s_pclr-65.jpg\" alt=\"65\" \/><\/td>\n<\/tr>\n<tr>\n<td width=\"79\">01<\/p>\n<p>BLK<\/td>\n<td width=\"79\">08<\/p>\n<p>NRL<\/td>\n<td width=\"79\">10<\/p>\n<p>WHT<\/td>\n<td width=\"79\">142<\/p>\n<p>GRH<\/td>\n<td width=\"79\">23<\/p>\n<p>IND<\/td>\n<td width=\"79\">312<\/p>\n<p>OLV<\/td>\n<td width=\"79\">328<\/p>\n<p>BHM<\/td>\n<td width=\"79\">37<\/p>\n<p>HTG<\/td>\n<td width=\"79\">39<\/p>\n<p>TEL<\/td>\n<td width=\"79\">40<\/p>\n<p>CLB<\/td>\n<td width=\"79\">503<\/p>\n<p>GLX<\/td>\n<td width=\"79\">65<\/p>\n<p>WIN<\/td>\n<\/tr>\n<\/tbody>\n<\/table>\n<p>* Prek\u0117 yra padidinta vienu dyd\u017eiu. Jei d\u0117vite M dyd\u012f, m\u016bs\u0173 prek\u0119 reik\u0117t\u0173 rinktis S dyd\u017eio.<\/p>\n","protected":false},"featured_media":5792,"comment_status":"open","ping_status":"closed","template":"","meta":[],"product_brand":[],"product_cat":[155,48,53],"product_tag":[],"class_list":{"0":"post-5791","1":"product","2":"type-product","3":"status-publish","4":"has-post-thumbnail","6":"product_cat-katalogas","7":"product_cat-moterims","8":"product_cat-palaidines","9":"pa_kolekcija-greys-anatomy-signature","11":"first","12":"instock","13":"shipping-taxable","14":"purchasable","15":"product-type-variable"},"yoast_head":"<!-- This site is optimized with the Yoast SEO plugin v27.4 - https:\/\/yoast.com\/product\/yoast-seo-wordpress\/ -->\n<title>GNT019 Astra Top - 1561 Wine Shade - uniform4baltic<\/title>\n<meta name=\"description\" content=\"Moteri\u0161ka palaidin\u0117 V formos kaklu, 3 gilios ki\u0161en\u0117s, dekoruotos rankov\u0117s.  Deran\u010dios keln\u0117s: GNP508 Astra Pant.  Med\u017eiaga: 71% polyesteris, 24% viskoz\u0117, 5% elastanas.  Galimi dyd\u017eiai: XXS-3XL.  D\u0117l nesam\u0173 dyd\u017ei\u0173 ar spalv\u0173 kreiptis el. pa\u0161tu arba telefonu.                  01  BLK 08  NRL 10  WHT 142  GRH 23  IND 312  OLV 328  BHM 37  HTG 39  TEL 40  CLB 503  GLX 65  WIN    * Prek\u0117 yra padidinta vienu dyd\u017eiu. Jei d\u0117vite M dyd\u012f, m\u016bs\u0173 prek\u0119 reik\u0117t\u0173 rinktis S dyd\u017eio.\" \/>\n<meta name=\"robots\" content=\"index, follow, max-snippet:-1, max-image-preview:large, max-video-preview:-1\" \/>\n<link rel=\"canonical\" href=\"https:\/\/uniform4baltic.com\/parduotuve\/moterims\/palaidines\/gnt019-astra-top-1561-wine-shade\/\" \/>\n<meta property=\"og:locale\" content=\"ru_RU\" \/>\n<meta property=\"og:type\" content=\"article\" \/>\n<meta property=\"og:title\" content=\"GNT019 Astra Top - 1561 Wine Shade - uniform4baltic\" \/>\n<meta property=\"og:description\" content=\"Moteri\u0161ka palaidin\u0117 V formos kaklu, 3 gilios ki\u0161en\u0117s, dekoruotos rankov\u0117s.  Deran\u010dios keln\u0117s: GNP508 Astra Pant.  Med\u017eiaga: 71% polyesteris, 24% viskoz\u0117, 5% elastanas.  Galimi dyd\u017eiai: XXS-3XL.  D\u0117l nesam\u0173 dyd\u017ei\u0173 ar spalv\u0173 kreiptis el. pa\u0161tu arba telefonu.                  01  BLK 08  NRL 10  WHT 142  GRH 23  IND 312  OLV 328  BHM 37  HTG 39  TEL 40  CLB 503  GLX 65  WIN    * Prek\u0117 yra padidinta vienu dyd\u017eiu. Jei d\u0117vite M dyd\u012f, m\u016bs\u0173 prek\u0119 reik\u0117t\u0173 rinktis S dyd\u017eio.\" \/>\n<meta property=\"og:url\" content=\"https:\/\/uniform4baltic.com\/parduotuve\/moterims\/palaidines\/gnt019-astra-top-1561-wine-shade\/\" \/>\n<meta property=\"og:site_name\" content=\"uniform4baltic\" \/>\n<meta property=\"article:modified_time\" content=\"2023-10-27T19:11:21+00:00\" \/>\n<meta property=\"og:image\" content=\"https:\/\/uniform4baltic.com\/wp-content\/uploads\/2020\/06\/104236856_254806982614512_2610746945141516252_n-1.jpg\" \/>\n\t<meta property=\"og:image:width\" content=\"571\" \/>\n\t<meta property=\"og:image:height\" content=\"661\" \/>\n\t<meta property=\"og:image:type\" content=\"image\/jpeg\" \/>\n<meta name=\"twitter:card\" content=\"summary_large_image\" \/>\n<script type=\"application\/ld+json\" class=\"yoast-schema-graph\">{\"@context\":\"https:\\\/\\\/schema.org\",\"@graph\":[{\"@type\":\"WebPage\",\"@id\":\"https:\\\/\\\/uniform4baltic.com\\\/parduotuve\\\/moterims\\\/palaidines\\\/gnt019-astra-top-1561-wine-shade\\\/\",\"url\":\"https:\\\/\\\/uniform4baltic.com\\\/parduotuve\\\/moterims\\\/palaidines\\\/gnt019-astra-top-1561-wine-shade\\\/\",\"name\":\"GNT019 Astra Top - 1561 Wine Shade - uniform4baltic\",\"isPartOf\":{\"@id\":\"https:\\\/\\\/www.uniform4baltic.com\\\/en\\\/#website\"},\"primaryImageOfPage\":{\"@id\":\"https:\\\/\\\/uniform4baltic.com\\\/parduotuve\\\/moterims\\\/palaidines\\\/gnt019-astra-top-1561-wine-shade\\\/#primaryimage\"},\"image\":{\"@id\":\"https:\\\/\\\/uniform4baltic.com\\\/parduotuve\\\/moterims\\\/palaidines\\\/gnt019-astra-top-1561-wine-shade\\\/#primaryimage\"},\"thumbnailUrl\":\"https:\\\/\\\/uniform4baltic.com\\\/wp-content\\\/uploads\\\/2020\\\/06\\\/104236856_254806982614512_2610746945141516252_n-1.jpg\",\"datePublished\":\"2020-06-22T09:19:48+00:00\",\"dateModified\":\"2023-10-27T19:11:21+00:00\",\"description\":\"Moteri\u0161ka palaidin\u0117 V formos kaklu, 3 gilios ki\u0161en\u0117s, dekoruotos rankov\u0117s. Deran\u010dios keln\u0117s: GNP508 Astra Pant. Med\u017eiaga: 71% polyesteris, 24% viskoz\u0117, 5% elastanas. Galimi dyd\u017eiai: XXS-3XL. D\u0117l nesam\u0173 dyd\u017ei\u0173 ar spalv\u0173 kreiptis el. pa\u0161tu arba telefonu. 01 BLK 08 NRL 10 WHT 142 GRH 23 IND 312 OLV 328 BHM 37 HTG 39 TEL 40 CLB 503 GLX 65 WIN * Prek\u0117 yra padidinta vienu dyd\u017eiu. Jei d\u0117vite M dyd\u012f, m\u016bs\u0173 prek\u0119 reik\u0117t\u0173 rinktis S dyd\u017eio.\",\"breadcrumb\":{\"@id\":\"https:\\\/\\\/uniform4baltic.com\\\/parduotuve\\\/moterims\\\/palaidines\\\/gnt019-astra-top-1561-wine-shade\\\/#breadcrumb\"},\"inLanguage\":\"ru-RU\",\"potentialAction\":[{\"@type\":\"ReadAction\",\"target\":[\"https:\\\/\\\/uniform4baltic.com\\\/parduotuve\\\/moterims\\\/palaidines\\\/gnt019-astra-top-1561-wine-shade\\\/\"]}]},{\"@type\":\"ImageObject\",\"inLanguage\":\"ru-RU\",\"@id\":\"https:\\\/\\\/uniform4baltic.com\\\/parduotuve\\\/moterims\\\/palaidines\\\/gnt019-astra-top-1561-wine-shade\\\/#primaryimage\",\"url\":\"https:\\\/\\\/uniform4baltic.com\\\/wp-content\\\/uploads\\\/2020\\\/06\\\/104236856_254806982614512_2610746945141516252_n-1.jpg\",\"contentUrl\":\"https:\\\/\\\/uniform4baltic.com\\\/wp-content\\\/uploads\\\/2020\\\/06\\\/104236856_254806982614512_2610746945141516252_n-1.jpg\",\"width\":571,\"height\":661},{\"@type\":\"BreadcrumbList\",\"@id\":\"https:\\\/\\\/uniform4baltic.com\\\/parduotuve\\\/moterims\\\/palaidines\\\/gnt019-astra-top-1561-wine-shade\\\/#breadcrumb\",\"itemListElement\":[{\"@type\":\"ListItem\",\"position\":1,\"name\":\"Home\",\"item\":\"https:\\\/\\\/uniform4baltic.com\\\/ru\\\/\"},{\"@type\":\"ListItem\",\"position\":2,\"name\":\"\u041c\u0430\u0433\u0430\u0437\u0438\u043d\",\"item\":\"https:\\\/\\\/uniform4baltic.com\\\/ru\\\/%d0%bc%d0%b0%d0%b3%d0%b0%d0%b7%d0%b8%d0%bd\\\/\"},{\"@type\":\"ListItem\",\"position\":3,\"name\":\"GNT019 Astra Top &#8211; 1561 Wine Shade\"}]},{\"@type\":\"WebSite\",\"@id\":\"https:\\\/\\\/www.uniform4baltic.com\\\/en\\\/#website\",\"url\":\"https:\\\/\\\/www.uniform4baltic.com\\\/en\\\/\",\"name\":\"uniform4baltic.com\",\"description\":\"Medicinin\u0117 apranga\",\"publisher\":{\"@id\":\"https:\\\/\\\/www.uniform4baltic.com\\\/en\\\/#organization\"},\"potentialAction\":[{\"@type\":\"SearchAction\",\"target\":{\"@type\":\"EntryPoint\",\"urlTemplate\":\"https:\\\/\\\/www.uniform4baltic.com\\\/en\\\/?s={search_term_string}\"},\"query-input\":{\"@type\":\"PropertyValueSpecification\",\"valueRequired\":true,\"valueName\":\"search_term_string\"}}],\"inLanguage\":\"ru-RU\"},{\"@type\":\"Organization\",\"@id\":\"https:\\\/\\\/www.uniform4baltic.com\\\/en\\\/#organization\",\"name\":\"Apranga medikams\",\"url\":\"https:\\\/\\\/www.uniform4baltic.com\\\/en\\\/\",\"logo\":{\"@type\":\"ImageObject\",\"inLanguage\":\"ru-RU\",\"@id\":\"https:\\\/\\\/www.uniform4baltic.com\\\/en\\\/#\\\/schema\\\/logo\\\/image\\\/\",\"url\":\"https:\\\/\\\/uniform4baltic.com\\\/wp-content\\\/uploads\\\/2020\\\/06\\\/logo-web-1.png\",\"contentUrl\":\"https:\\\/\\\/uniform4baltic.com\\\/wp-content\\\/uploads\\\/2020\\\/06\\\/logo-web-1.png\",\"width\":500,\"height\":215,\"caption\":\"Apranga medikams\"},\"image\":{\"@id\":\"https:\\\/\\\/www.uniform4baltic.com\\\/en\\\/#\\\/schema\\\/logo\\\/image\\\/\"}}]}<\/script>\n<!-- \/ Yoast SEO plugin. -->","yoast_head_json":{"title":"GNT019 Astra Top - 1561 Wine Shade - uniform4baltic","description":"Moteri\u0161ka palaidin\u0117 V formos kaklu, 3 gilios ki\u0161en\u0117s, dekoruotos rankov\u0117s.  Deran\u010dios keln\u0117s: GNP508 Astra Pant.  Med\u017eiaga: 71% polyesteris, 24% viskoz\u0117, 5% elastanas.  Galimi dyd\u017eiai: XXS-3XL.  D\u0117l nesam\u0173 dyd\u017ei\u0173 ar spalv\u0173 kreiptis el. pa\u0161tu arba telefonu.                  01  BLK 08  NRL 10  WHT 142  GRH 23  IND 312  OLV 328  BHM 37  HTG 39  TEL 40  CLB 503  GLX 65  WIN    * Prek\u0117 yra padidinta vienu dyd\u017eiu. Jei d\u0117vite M dyd\u012f, m\u016bs\u0173 prek\u0119 reik\u0117t\u0173 rinktis S dyd\u017eio.","robots":{"index":"index","follow":"follow","max-snippet":"max-snippet:-1","max-image-preview":"max-image-preview:large","max-video-preview":"max-video-preview:-1"},"canonical":"https:\/\/uniform4baltic.com\/parduotuve\/moterims\/palaidines\/gnt019-astra-top-1561-wine-shade\/","og_locale":"ru_RU","og_type":"article","og_title":"GNT019 Astra Top - 1561 Wine Shade - uniform4baltic","og_description":"Moteri\u0161ka palaidin\u0117 V formos kaklu, 3 gilios ki\u0161en\u0117s, dekoruotos rankov\u0117s.  Deran\u010dios keln\u0117s: GNP508 Astra Pant.  Med\u017eiaga: 71% polyesteris, 24% viskoz\u0117, 5% elastanas.  Galimi dyd\u017eiai: XXS-3XL.  D\u0117l nesam\u0173 dyd\u017ei\u0173 ar spalv\u0173 kreiptis el. pa\u0161tu arba telefonu.                  01  BLK 08  NRL 10  WHT 142  GRH 23  IND 312  OLV 328  BHM 37  HTG 39  TEL 40  CLB 503  GLX 65  WIN    * Prek\u0117 yra padidinta vienu dyd\u017eiu. Jei d\u0117vite M dyd\u012f, m\u016bs\u0173 prek\u0119 reik\u0117t\u0173 rinktis S dyd\u017eio.","og_url":"https:\/\/uniform4baltic.com\/parduotuve\/moterims\/palaidines\/gnt019-astra-top-1561-wine-shade\/","og_site_name":"uniform4baltic","article_modified_time":"2023-10-27T19:11:21+00:00","og_image":[{"width":571,"height":661,"url":"https:\/\/uniform4baltic.com\/wp-content\/uploads\/2020\/06\/104236856_254806982614512_2610746945141516252_n-1.jpg","type":"image\/jpeg"}],"twitter_card":"summary_large_image","schema":{"@context":"https:\/\/schema.org","@graph":[{"@type":"WebPage","@id":"https:\/\/uniform4baltic.com\/parduotuve\/moterims\/palaidines\/gnt019-astra-top-1561-wine-shade\/","url":"https:\/\/uniform4baltic.com\/parduotuve\/moterims\/palaidines\/gnt019-astra-top-1561-wine-shade\/","name":"GNT019 Astra Top - 1561 Wine Shade - uniform4baltic","isPartOf":{"@id":"https:\/\/www.uniform4baltic.com\/en\/#website"},"primaryImageOfPage":{"@id":"https:\/\/uniform4baltic.com\/parduotuve\/moterims\/palaidines\/gnt019-astra-top-1561-wine-shade\/#primaryimage"},"image":{"@id":"https:\/\/uniform4baltic.com\/parduotuve\/moterims\/palaidines\/gnt019-astra-top-1561-wine-shade\/#primaryimage"},"thumbnailUrl":"https:\/\/uniform4baltic.com\/wp-content\/uploads\/2020\/06\/104236856_254806982614512_2610746945141516252_n-1.jpg","datePublished":"2020-06-22T09:19:48+00:00","dateModified":"2023-10-27T19:11:21+00:00","description":"Moteri\u0161ka palaidin\u0117 V formos kaklu, 3 gilios ki\u0161en\u0117s, dekoruotos rankov\u0117s. Deran\u010dios keln\u0117s: GNP508 Astra Pant. Med\u017eiaga: 71% polyesteris, 24% viskoz\u0117, 5% elastanas. Galimi dyd\u017eiai: XXS-3XL. D\u0117l nesam\u0173 dyd\u017ei\u0173 ar spalv\u0173 kreiptis el. pa\u0161tu arba telefonu. 01 BLK 08 NRL 10 WHT 142 GRH 23 IND 312 OLV 328 BHM 37 HTG 39 TEL 40 CLB 503 GLX 65 WIN * Prek\u0117 yra padidinta vienu dyd\u017eiu. Jei d\u0117vite M dyd\u012f, m\u016bs\u0173 prek\u0119 reik\u0117t\u0173 rinktis S dyd\u017eio.","breadcrumb":{"@id":"https:\/\/uniform4baltic.com\/parduotuve\/moterims\/palaidines\/gnt019-astra-top-1561-wine-shade\/#breadcrumb"},"inLanguage":"ru-RU","potentialAction":[{"@type":"ReadAction","target":["https:\/\/uniform4baltic.com\/parduotuve\/moterims\/palaidines\/gnt019-astra-top-1561-wine-shade\/"]}]},{"@type":"ImageObject","inLanguage":"ru-RU","@id":"https:\/\/uniform4baltic.com\/parduotuve\/moterims\/palaidines\/gnt019-astra-top-1561-wine-shade\/#primaryimage","url":"https:\/\/uniform4baltic.com\/wp-content\/uploads\/2020\/06\/104236856_254806982614512_2610746945141516252_n-1.jpg","contentUrl":"https:\/\/uniform4baltic.com\/wp-content\/uploads\/2020\/06\/104236856_254806982614512_2610746945141516252_n-1.jpg","width":571,"height":661},{"@type":"BreadcrumbList","@id":"https:\/\/uniform4baltic.com\/parduotuve\/moterims\/palaidines\/gnt019-astra-top-1561-wine-shade\/#breadcrumb","itemListElement":[{"@type":"ListItem","position":1,"name":"Home","item":"https:\/\/uniform4baltic.com\/ru\/"},{"@type":"ListItem","position":2,"name":"\u041c\u0430\u0433\u0430\u0437\u0438\u043d","item":"https:\/\/uniform4baltic.com\/ru\/%d0%bc%d0%b0%d0%b3%d0%b0%d0%b7%d0%b8%d0%bd\/"},{"@type":"ListItem","position":3,"name":"GNT019 Astra Top &#8211; 1561 Wine Shade"}]},{"@type":"WebSite","@id":"https:\/\/www.uniform4baltic.com\/en\/#website","url":"https:\/\/www.uniform4baltic.com\/en\/","name":"uniform4baltic.com","description":"Medicinin\u0117 apranga","publisher":{"@id":"https:\/\/www.uniform4baltic.com\/en\/#organization"},"potentialAction":[{"@type":"SearchAction","target":{"@type":"EntryPoint","urlTemplate":"https:\/\/www.uniform4baltic.com\/en\/?s={search_term_string}"},"query-input":{"@type":"PropertyValueSpecification","valueRequired":true,"valueName":"search_term_string"}}],"inLanguage":"ru-RU"},{"@type":"Organization","@id":"https:\/\/www.uniform4baltic.com\/en\/#organization","name":"Apranga medikams","url":"https:\/\/www.uniform4baltic.com\/en\/","logo":{"@type":"ImageObject","inLanguage":"ru-RU","@id":"https:\/\/www.uniform4baltic.com\/en\/#\/schema\/logo\/image\/","url":"https:\/\/uniform4baltic.com\/wp-content\/uploads\/2020\/06\/logo-web-1.png","contentUrl":"https:\/\/uniform4baltic.com\/wp-content\/uploads\/2020\/06\/logo-web-1.png","width":500,"height":215,"caption":"Apranga medikams"},"image":{"@id":"https:\/\/www.uniform4baltic.com\/en\/#\/schema\/logo\/image\/"}}]}},"_links":{"self":[{"href":"https:\/\/uniform4baltic.com\/ru\/wp-json\/wp\/v2\/product\/5791","targetHints":{"allow":["GET"]}}],"collection":[{"href":"https:\/\/uniform4baltic.com\/ru\/wp-json\/wp\/v2\/product"}],"about":[{"href":"https:\/\/uniform4baltic.com\/ru\/wp-json\/wp\/v2\/types\/product"}],"replies":[{"embeddable":true,"href":"https:\/\/uniform4baltic.com\/ru\/wp-json\/wp\/v2\/comments?post=5791"}],"wp:featuredmedia":[{"embeddable":true,"href":"https:\/\/uniform4baltic.com\/ru\/wp-json\/wp\/v2\/media\/5792"}],"wp:attachment":[{"href":"https:\/\/uniform4baltic.com\/ru\/wp-json\/wp\/v2\/media?parent=5791"}],"wp:term":[{"taxonomy":"product_brand","embeddable":true,"href":"https:\/\/uniform4baltic.com\/ru\/wp-json\/wp\/v2\/product_brand?post=5791"},{"taxonomy":"product_cat","embeddable":true,"href":"https:\/\/uniform4baltic.com\/ru\/wp-json\/wp\/v2\/product_cat?post=5791"},{"taxonomy":"product_tag","embeddable":true,"href":"https:\/\/uniform4baltic.com\/ru\/wp-json\/wp\/v2\/product_tag?post=5791"}],"curies":[{"name":"wp","href":"https:\/\/api.w.org\/{rel}","templated":true}]}}