{"id":6732,"date":"2020-06-25T04:42:52","date_gmt":"2020-06-25T06:42:52","guid":{"rendered":"https:\/\/uniform4baltic.com\/?post_type=product&#038;p=6732"},"modified":"2025-03-20T09:46:49","modified_gmt":"2025-03-20T11:46:49","slug":"gep005-lyra-pant-1406-stormy-sky","status":"publish","type":"product","link":"https:\/\/uniform4baltic.com\/ru\/parduotuve\/%d0%b4%d0%bb%d1%8f-%d0%b6%d0%b5%d0%bd%d1%89%d0%b8%d0%bd\/%d1%88%d1%82%d0%b0%d0%bd%d1%8b\/gep005-lyra-pant-1406-stormy-sky\/","title":{"rendered":"GEP005 Lyra Pant &#8212; 1406 Stormy Sky"},"content":{"rendered":"","protected":false},"excerpt":{"rendered":"<p>Moteri\u0161kos siaur\u0117jan\u010dios keln\u0117s elastiniu juosmeniu, 3 ki\u0161en\u0117s.<\/p>\n<p>Deranti palaidin\u0117: GET006 Lyra Top.<\/p>\n<p>Med\u017eiaga:<br \/>\n76% nailonas, 24% elastanas.<\/p>\n<p>Galimi dyd\u017eiai: XXS-3XL.<\/p>\n<p>D\u0117l nesam\u0173 dyd\u017ei\u0173 ir spalv\u0173 kreiptis el. pa\u0161tu arba telefonu.<\/p>\n<p>* Prek\u0117 yra padidinta vienu dyd\u017eiu. Jei d\u0117vite M dyd\u012f, m\u016bs\u0173 prek\u0119 reik\u0117t\u0173 rinktis S dyd\u017eio.<\/p>\n","protected":false},"featured_media":6733,"comment_status":"open","ping_status":"closed","template":"","meta":[],"product_brand":[],"product_cat":[240,155,15,48,54],"product_tag":[432],"class_list":{"0":"post-6732","1":"product","2":"type-product","3":"status-publish","4":"has-post-thumbnail","6":"product_cat-dydziu-lentele","7":"product_cat-katalogas","8":"product_cat-uncategorized","9":"product_cat-moterims","10":"product_cat-kelnes-moterims","11":"product_tag-gep005-1423","12":"pa_kolekcija-greys-anatomy-edge","14":"first","15":"instock","16":"shipping-taxable","17":"purchasable","18":"product-type-variable"},"yoast_head":"<!-- This site is optimized with the Yoast SEO plugin v27.4 - https:\/\/yoast.com\/product\/yoast-seo-wordpress\/ -->\n<title>GEP005 Lyra Pant - 1406 Stormy Sky - uniform4baltic<\/title>\n<meta name=\"description\" content=\"Moteri\u0161kos siaur\u0117jan\u010dios keln\u0117s elastiniu juosmeniu, 3 ki\u0161en\u0117s.  Deranti palaidin\u0117: GET006 Lyra Top.  Med\u017eiaga: 76% nailonas, 24% elastanas.  Galimi dyd\u017eiai: XXS-3XL.  D\u0117l nesam\u0173 dyd\u017ei\u0173 ir spalv\u0173 kreiptis el. pa\u0161tu arba telefonu.  * Prek\u0117 yra padidinta vienu dyd\u017eiu. Jei d\u0117vite M dyd\u012f, m\u016bs\u0173 prek\u0119 reik\u0117t\u0173 rinktis S dyd\u017eio.\" \/>\n<meta name=\"robots\" content=\"index, follow, max-snippet:-1, max-image-preview:large, max-video-preview:-1\" \/>\n<link rel=\"canonical\" href=\"https:\/\/uniform4baltic.com\/ru\/parduotuve\/moterims\/kelnes-moterims\/gep005-lyra-pant-1406-stormy-sky\/\" \/>\n<meta property=\"og:locale\" content=\"ru_RU\" \/>\n<meta property=\"og:type\" content=\"article\" \/>\n<meta property=\"og:title\" content=\"GEP005 Lyra Pant - 1406 Stormy Sky - uniform4baltic\" \/>\n<meta property=\"og:description\" content=\"Moteri\u0161kos siaur\u0117jan\u010dios keln\u0117s elastiniu juosmeniu, 3 ki\u0161en\u0117s.  Deranti palaidin\u0117: GET006 Lyra Top.  Med\u017eiaga: 76% nailonas, 24% elastanas.  Galimi dyd\u017eiai: XXS-3XL.  D\u0117l nesam\u0173 dyd\u017ei\u0173 ir spalv\u0173 kreiptis el. pa\u0161tu arba telefonu.  * Prek\u0117 yra padidinta vienu dyd\u017eiu. Jei d\u0117vite M dyd\u012f, m\u016bs\u0173 prek\u0119 reik\u0117t\u0173 rinktis S dyd\u017eio.\" \/>\n<meta property=\"og:url\" content=\"https:\/\/uniform4baltic.com\/ru\/parduotuve\/moterims\/kelnes-moterims\/gep005-lyra-pant-1406-stormy-sky\/\" \/>\n<meta property=\"og:site_name\" content=\"uniform4baltic\" \/>\n<meta property=\"article:modified_time\" content=\"2025-03-20T11:46:49+00:00\" \/>\n<meta property=\"og:image\" content=\"https:\/\/uniform4baltic.com\/wp-content\/uploads\/2020\/06\/104433800_256797579082119_7154063738645121664_n-1.jpg\" \/>\n\t<meta property=\"og:image:width\" content=\"571\" \/>\n\t<meta property=\"og:image:height\" content=\"661\" \/>\n\t<meta property=\"og:image:type\" content=\"image\/jpeg\" \/>\n<meta name=\"twitter:card\" content=\"summary_large_image\" \/>\n<meta name=\"twitter:label1\" content=\"\u041f\u0440\u0438\u043c\u0435\u0440\u043d\u043e\u0435 \u0432\u0440\u0435\u043c\u044f \u0434\u043b\u044f \u0447\u0442\u0435\u043d\u0438\u044f\" \/>\n\t<meta name=\"twitter:data1\" content=\"1 \u043c\u0438\u043d\u0443\u0442\u0430\" \/>\n<script type=\"application\/ld+json\" class=\"yoast-schema-graph\">{\"@context\":\"https:\\\/\\\/schema.org\",\"@graph\":[{\"@type\":\"WebPage\",\"@id\":\"https:\\\/\\\/uniform4baltic.com\\\/ru\\\/parduotuve\\\/moterims\\\/kelnes-moterims\\\/gep005-lyra-pant-1406-stormy-sky\\\/\",\"url\":\"https:\\\/\\\/uniform4baltic.com\\\/ru\\\/parduotuve\\\/moterims\\\/kelnes-moterims\\\/gep005-lyra-pant-1406-stormy-sky\\\/\",\"name\":\"GEP005 Lyra Pant - 1406 Stormy Sky - uniform4baltic\",\"isPartOf\":{\"@id\":\"https:\\\/\\\/www.uniform4baltic.com\\\/en\\\/#website\"},\"primaryImageOfPage\":{\"@id\":\"https:\\\/\\\/uniform4baltic.com\\\/ru\\\/parduotuve\\\/moterims\\\/kelnes-moterims\\\/gep005-lyra-pant-1406-stormy-sky\\\/#primaryimage\"},\"image\":{\"@id\":\"https:\\\/\\\/uniform4baltic.com\\\/ru\\\/parduotuve\\\/moterims\\\/kelnes-moterims\\\/gep005-lyra-pant-1406-stormy-sky\\\/#primaryimage\"},\"thumbnailUrl\":\"https:\\\/\\\/uniform4baltic.com\\\/wp-content\\\/uploads\\\/2020\\\/06\\\/104433800_256797579082119_7154063738645121664_n-1.jpg\",\"datePublished\":\"2020-06-25T06:42:52+00:00\",\"dateModified\":\"2025-03-20T11:46:49+00:00\",\"description\":\"Moteri\u0161kos siaur\u0117jan\u010dios keln\u0117s elastiniu juosmeniu, 3 ki\u0161en\u0117s. Deranti palaidin\u0117: GET006 Lyra Top. Med\u017eiaga: 76% nailonas, 24% elastanas. Galimi dyd\u017eiai: XXS-3XL. D\u0117l nesam\u0173 dyd\u017ei\u0173 ir spalv\u0173 kreiptis el. pa\u0161tu arba telefonu. * Prek\u0117 yra padidinta vienu dyd\u017eiu. Jei d\u0117vite M dyd\u012f, m\u016bs\u0173 prek\u0119 reik\u0117t\u0173 rinktis S dyd\u017eio.\",\"breadcrumb\":{\"@id\":\"https:\\\/\\\/uniform4baltic.com\\\/ru\\\/parduotuve\\\/moterims\\\/kelnes-moterims\\\/gep005-lyra-pant-1406-stormy-sky\\\/#breadcrumb\"},\"inLanguage\":\"ru-RU\",\"potentialAction\":[{\"@type\":\"ReadAction\",\"target\":[\"https:\\\/\\\/uniform4baltic.com\\\/ru\\\/parduotuve\\\/moterims\\\/kelnes-moterims\\\/gep005-lyra-pant-1406-stormy-sky\\\/\"]}]},{\"@type\":\"ImageObject\",\"inLanguage\":\"ru-RU\",\"@id\":\"https:\\\/\\\/uniform4baltic.com\\\/ru\\\/parduotuve\\\/moterims\\\/kelnes-moterims\\\/gep005-lyra-pant-1406-stormy-sky\\\/#primaryimage\",\"url\":\"https:\\\/\\\/uniform4baltic.com\\\/wp-content\\\/uploads\\\/2020\\\/06\\\/104433800_256797579082119_7154063738645121664_n-1.jpg\",\"contentUrl\":\"https:\\\/\\\/uniform4baltic.com\\\/wp-content\\\/uploads\\\/2020\\\/06\\\/104433800_256797579082119_7154063738645121664_n-1.jpg\",\"width\":571,\"height\":661},{\"@type\":\"BreadcrumbList\",\"@id\":\"https:\\\/\\\/uniform4baltic.com\\\/ru\\\/parduotuve\\\/moterims\\\/kelnes-moterims\\\/gep005-lyra-pant-1406-stormy-sky\\\/#breadcrumb\",\"itemListElement\":[{\"@type\":\"ListItem\",\"position\":1,\"name\":\"Home\",\"item\":\"https:\\\/\\\/uniform4baltic.com\\\/ru\\\/\"},{\"@type\":\"ListItem\",\"position\":2,\"name\":\"\u041c\u0430\u0433\u0430\u0437\u0438\u043d\",\"item\":\"https:\\\/\\\/uniform4baltic.com\\\/ru\\\/%d0%bc%d0%b0%d0%b3%d0%b0%d0%b7%d0%b8%d0%bd\\\/\"},{\"@type\":\"ListItem\",\"position\":3,\"name\":\"GEP005 Lyra Pant &#8212; 1406 Stormy Sky\"}]},{\"@type\":\"WebSite\",\"@id\":\"https:\\\/\\\/www.uniform4baltic.com\\\/en\\\/#website\",\"url\":\"https:\\\/\\\/www.uniform4baltic.com\\\/en\\\/\",\"name\":\"uniform4baltic.com\",\"description\":\"Medicinin\u0117 apranga\",\"publisher\":{\"@id\":\"https:\\\/\\\/www.uniform4baltic.com\\\/en\\\/#organization\"},\"potentialAction\":[{\"@type\":\"SearchAction\",\"target\":{\"@type\":\"EntryPoint\",\"urlTemplate\":\"https:\\\/\\\/www.uniform4baltic.com\\\/en\\\/?s={search_term_string}\"},\"query-input\":{\"@type\":\"PropertyValueSpecification\",\"valueRequired\":true,\"valueName\":\"search_term_string\"}}],\"inLanguage\":\"ru-RU\"},{\"@type\":\"Organization\",\"@id\":\"https:\\\/\\\/www.uniform4baltic.com\\\/en\\\/#organization\",\"name\":\"Apranga medikams\",\"url\":\"https:\\\/\\\/www.uniform4baltic.com\\\/en\\\/\",\"logo\":{\"@type\":\"ImageObject\",\"inLanguage\":\"ru-RU\",\"@id\":\"https:\\\/\\\/www.uniform4baltic.com\\\/en\\\/#\\\/schema\\\/logo\\\/image\\\/\",\"url\":\"https:\\\/\\\/uniform4baltic.com\\\/wp-content\\\/uploads\\\/2020\\\/06\\\/logo-web-1.png\",\"contentUrl\":\"https:\\\/\\\/uniform4baltic.com\\\/wp-content\\\/uploads\\\/2020\\\/06\\\/logo-web-1.png\",\"width\":500,\"height\":215,\"caption\":\"Apranga medikams\"},\"image\":{\"@id\":\"https:\\\/\\\/www.uniform4baltic.com\\\/en\\\/#\\\/schema\\\/logo\\\/image\\\/\"}}]}<\/script>\n<!-- \/ Yoast SEO plugin. -->","yoast_head_json":{"title":"GEP005 Lyra Pant - 1406 Stormy Sky - uniform4baltic","description":"Moteri\u0161kos siaur\u0117jan\u010dios keln\u0117s elastiniu juosmeniu, 3 ki\u0161en\u0117s.  Deranti palaidin\u0117: GET006 Lyra Top.  Med\u017eiaga: 76% nailonas, 24% elastanas.  Galimi dyd\u017eiai: XXS-3XL.  D\u0117l nesam\u0173 dyd\u017ei\u0173 ir spalv\u0173 kreiptis el. pa\u0161tu arba telefonu.  * Prek\u0117 yra padidinta vienu dyd\u017eiu. Jei d\u0117vite M dyd\u012f, m\u016bs\u0173 prek\u0119 reik\u0117t\u0173 rinktis S dyd\u017eio.","robots":{"index":"index","follow":"follow","max-snippet":"max-snippet:-1","max-image-preview":"max-image-preview:large","max-video-preview":"max-video-preview:-1"},"canonical":"https:\/\/uniform4baltic.com\/ru\/parduotuve\/moterims\/kelnes-moterims\/gep005-lyra-pant-1406-stormy-sky\/","og_locale":"ru_RU","og_type":"article","og_title":"GEP005 Lyra Pant - 1406 Stormy Sky - uniform4baltic","og_description":"Moteri\u0161kos siaur\u0117jan\u010dios keln\u0117s elastiniu juosmeniu, 3 ki\u0161en\u0117s.  Deranti palaidin\u0117: GET006 Lyra Top.  Med\u017eiaga: 76% nailonas, 24% elastanas.  Galimi dyd\u017eiai: XXS-3XL.  D\u0117l nesam\u0173 dyd\u017ei\u0173 ir spalv\u0173 kreiptis el. pa\u0161tu arba telefonu.  * Prek\u0117 yra padidinta vienu dyd\u017eiu. Jei d\u0117vite M dyd\u012f, m\u016bs\u0173 prek\u0119 reik\u0117t\u0173 rinktis S dyd\u017eio.","og_url":"https:\/\/uniform4baltic.com\/ru\/parduotuve\/moterims\/kelnes-moterims\/gep005-lyra-pant-1406-stormy-sky\/","og_site_name":"uniform4baltic","article_modified_time":"2025-03-20T11:46:49+00:00","og_image":[{"width":571,"height":661,"url":"https:\/\/uniform4baltic.com\/wp-content\/uploads\/2020\/06\/104433800_256797579082119_7154063738645121664_n-1.jpg","type":"image\/jpeg"}],"twitter_card":"summary_large_image","twitter_misc":{"\u041f\u0440\u0438\u043c\u0435\u0440\u043d\u043e\u0435 \u0432\u0440\u0435\u043c\u044f \u0434\u043b\u044f \u0447\u0442\u0435\u043d\u0438\u044f":"1 \u043c\u0438\u043d\u0443\u0442\u0430"},"schema":{"@context":"https:\/\/schema.org","@graph":[{"@type":"WebPage","@id":"https:\/\/uniform4baltic.com\/ru\/parduotuve\/moterims\/kelnes-moterims\/gep005-lyra-pant-1406-stormy-sky\/","url":"https:\/\/uniform4baltic.com\/ru\/parduotuve\/moterims\/kelnes-moterims\/gep005-lyra-pant-1406-stormy-sky\/","name":"GEP005 Lyra Pant - 1406 Stormy Sky - uniform4baltic","isPartOf":{"@id":"https:\/\/www.uniform4baltic.com\/en\/#website"},"primaryImageOfPage":{"@id":"https:\/\/uniform4baltic.com\/ru\/parduotuve\/moterims\/kelnes-moterims\/gep005-lyra-pant-1406-stormy-sky\/#primaryimage"},"image":{"@id":"https:\/\/uniform4baltic.com\/ru\/parduotuve\/moterims\/kelnes-moterims\/gep005-lyra-pant-1406-stormy-sky\/#primaryimage"},"thumbnailUrl":"https:\/\/uniform4baltic.com\/wp-content\/uploads\/2020\/06\/104433800_256797579082119_7154063738645121664_n-1.jpg","datePublished":"2020-06-25T06:42:52+00:00","dateModified":"2025-03-20T11:46:49+00:00","description":"Moteri\u0161kos siaur\u0117jan\u010dios keln\u0117s elastiniu juosmeniu, 3 ki\u0161en\u0117s. Deranti palaidin\u0117: GET006 Lyra Top. Med\u017eiaga: 76% nailonas, 24% elastanas. Galimi dyd\u017eiai: XXS-3XL. D\u0117l nesam\u0173 dyd\u017ei\u0173 ir spalv\u0173 kreiptis el. pa\u0161tu arba telefonu. * Prek\u0117 yra padidinta vienu dyd\u017eiu. Jei d\u0117vite M dyd\u012f, m\u016bs\u0173 prek\u0119 reik\u0117t\u0173 rinktis S dyd\u017eio.","breadcrumb":{"@id":"https:\/\/uniform4baltic.com\/ru\/parduotuve\/moterims\/kelnes-moterims\/gep005-lyra-pant-1406-stormy-sky\/#breadcrumb"},"inLanguage":"ru-RU","potentialAction":[{"@type":"ReadAction","target":["https:\/\/uniform4baltic.com\/ru\/parduotuve\/moterims\/kelnes-moterims\/gep005-lyra-pant-1406-stormy-sky\/"]}]},{"@type":"ImageObject","inLanguage":"ru-RU","@id":"https:\/\/uniform4baltic.com\/ru\/parduotuve\/moterims\/kelnes-moterims\/gep005-lyra-pant-1406-stormy-sky\/#primaryimage","url":"https:\/\/uniform4baltic.com\/wp-content\/uploads\/2020\/06\/104433800_256797579082119_7154063738645121664_n-1.jpg","contentUrl":"https:\/\/uniform4baltic.com\/wp-content\/uploads\/2020\/06\/104433800_256797579082119_7154063738645121664_n-1.jpg","width":571,"height":661},{"@type":"BreadcrumbList","@id":"https:\/\/uniform4baltic.com\/ru\/parduotuve\/moterims\/kelnes-moterims\/gep005-lyra-pant-1406-stormy-sky\/#breadcrumb","itemListElement":[{"@type":"ListItem","position":1,"name":"Home","item":"https:\/\/uniform4baltic.com\/ru\/"},{"@type":"ListItem","position":2,"name":"\u041c\u0430\u0433\u0430\u0437\u0438\u043d","item":"https:\/\/uniform4baltic.com\/ru\/%d0%bc%d0%b0%d0%b3%d0%b0%d0%b7%d0%b8%d0%bd\/"},{"@type":"ListItem","position":3,"name":"GEP005 Lyra Pant &#8212; 1406 Stormy Sky"}]},{"@type":"WebSite","@id":"https:\/\/www.uniform4baltic.com\/en\/#website","url":"https:\/\/www.uniform4baltic.com\/en\/","name":"uniform4baltic.com","description":"Medicinin\u0117 apranga","publisher":{"@id":"https:\/\/www.uniform4baltic.com\/en\/#organization"},"potentialAction":[{"@type":"SearchAction","target":{"@type":"EntryPoint","urlTemplate":"https:\/\/www.uniform4baltic.com\/en\/?s={search_term_string}"},"query-input":{"@type":"PropertyValueSpecification","valueRequired":true,"valueName":"search_term_string"}}],"inLanguage":"ru-RU"},{"@type":"Organization","@id":"https:\/\/www.uniform4baltic.com\/en\/#organization","name":"Apranga medikams","url":"https:\/\/www.uniform4baltic.com\/en\/","logo":{"@type":"ImageObject","inLanguage":"ru-RU","@id":"https:\/\/www.uniform4baltic.com\/en\/#\/schema\/logo\/image\/","url":"https:\/\/uniform4baltic.com\/wp-content\/uploads\/2020\/06\/logo-web-1.png","contentUrl":"https:\/\/uniform4baltic.com\/wp-content\/uploads\/2020\/06\/logo-web-1.png","width":500,"height":215,"caption":"Apranga medikams"},"image":{"@id":"https:\/\/www.uniform4baltic.com\/en\/#\/schema\/logo\/image\/"}}]}},"_links":{"self":[{"href":"https:\/\/uniform4baltic.com\/ru\/wp-json\/wp\/v2\/product\/6732","targetHints":{"allow":["GET"]}}],"collection":[{"href":"https:\/\/uniform4baltic.com\/ru\/wp-json\/wp\/v2\/product"}],"about":[{"href":"https:\/\/uniform4baltic.com\/ru\/wp-json\/wp\/v2\/types\/product"}],"replies":[{"embeddable":true,"href":"https:\/\/uniform4baltic.com\/ru\/wp-json\/wp\/v2\/comments?post=6732"}],"wp:featuredmedia":[{"embeddable":true,"href":"https:\/\/uniform4baltic.com\/ru\/wp-json\/wp\/v2\/media\/6733"}],"wp:attachment":[{"href":"https:\/\/uniform4baltic.com\/ru\/wp-json\/wp\/v2\/media?parent=6732"}],"wp:term":[{"taxonomy":"product_brand","embeddable":true,"href":"https:\/\/uniform4baltic.com\/ru\/wp-json\/wp\/v2\/product_brand?post=6732"},{"taxonomy":"product_cat","embeddable":true,"href":"https:\/\/uniform4baltic.com\/ru\/wp-json\/wp\/v2\/product_cat?post=6732"},{"taxonomy":"product_tag","embeddable":true,"href":"https:\/\/uniform4baltic.com\/ru\/wp-json\/wp\/v2\/product_tag?post=6732"}],"curies":[{"name":"wp","href":"https:\/\/api.w.org\/{rel}","templated":true}]}}