{"id":6754,"date":"2020-06-25T05:03:54","date_gmt":"2020-06-25T07:03:54","guid":{"rendered":"https:\/\/uniform4baltic.com\/?post_type=product&#038;p=6754"},"modified":"2022-09-28T09:21:13","modified_gmt":"2022-09-28T11:21:13","slug":"gep005-lyra-pant-23-indigo","status":"publish","type":"product","link":"https:\/\/uniform4baltic.com\/ru\/parduotuve\/%d0%b4%d0%bb%d1%8f-%d0%b6%d0%b5%d0%bd%d1%89%d0%b8%d0%bd\/%d1%88%d1%82%d0%b0%d0%bd%d1%8b\/gep005-lyra-pant-23-indigo\/","title":{"rendered":"GEP005 Lyra Pant &#8212; 23 Indigo"},"content":{"rendered":"","protected":false},"excerpt":{"rendered":"<p>Moteri\u0161kos siaur\u0117jan\u010dios keln\u0117s elastiniu juosmeniu, 3 ki\u0161en\u0117s.<\/p>\n<p>Deranti palaidin\u0117: GET006 Lyra Top.<\/p>\n<p>Med\u017eiaga:<br \/>\n76% nailonas, 24% elastanas.<\/p>\n<p>Galimi dyd\u017eiai: XXS-3XL.<\/p>\n<p>D\u0117l nesam\u0173 dyd\u017ei\u0173 ir spalv\u0173 kreiptis el. pa\u0161tu arba telefonu.<\/p>\n<table>\n<tbody>\n<tr>\n<td width=\"135\"><img decoding=\"async\" src=\"https:\/\/backoffice.barcouniforms.com\/INTERSHOP\/static\/WFS\/Barco-Medical-Site\/-\/Barco-Medical\/en_US\/s_pclr-01.jpg\" alt=\"01\" \/><\/td>\n<td width=\"135\"><img decoding=\"async\" src=\"https:\/\/backoffice.barcouniforms.com\/INTERSHOP\/static\/WFS\/Barco-Medical-Site\/-\/Barco-Medical\/en_US\/s_pclr-08.jpg\" alt=\"08\" \/><\/td>\n<td width=\"135\"><img decoding=\"async\" src=\"https:\/\/backoffice.barcouniforms.com\/INTERSHOP\/static\/WFS\/Barco-Medical-Site\/-\/Barco-Medical\/en_US\/s_pclr-1406.jpg\" alt=\"1406\" \/><\/td>\n<td width=\"135\"><img decoding=\"async\" src=\"https:\/\/backoffice.barcouniforms.com\/INTERSHOP\/static\/WFS\/Barco-Medical-Site\/-\/Barco-Medical\/en_US\/s_pclr-1423.jpg\" alt=\"1423\" \/><\/td>\n<td width=\"135\"><img decoding=\"async\" src=\"https:\/\/backoffice.barcouniforms.com\/INTERSHOP\/static\/WFS\/Barco-Medical-Site\/-\/Barco-Medical\/en_US\/s_pclr-23.jpg\" alt=\"23\" \/><\/td>\n<td width=\"135\"><img decoding=\"async\" src=\"https:\/\/backoffice.barcouniforms.com\/INTERSHOP\/static\/WFS\/Barco-Medical-Site\/-\/Barco-Medical\/en_US\/s_pclr-40.jpg\" alt=\"40\" \/><\/td>\n<td width=\"135\"><img decoding=\"async\" src=\"https:\/\/backoffice.barcouniforms.com\/INTERSHOP\/static\/WFS\/Barco-Medical-Site\/-\/Barco-Medical\/en_US\/s_pclr-65.jpg\" alt=\"65\" \/><\/td>\n<\/tr>\n<tr>\n<td width=\"135\">01<\/p>\n<p>BLK<\/td>\n<td width=\"135\">08<\/p>\n<p>NRL<\/td>\n<td width=\"135\">1406<\/p>\n<p>SSK<\/td>\n<td width=\"135\">1423<\/p>\n<p>ALO<\/td>\n<td width=\"135\">23<\/p>\n<p>IND<\/td>\n<td width=\"135\">40<\/p>\n<p>CBL<\/td>\n<td width=\"135\">65<\/p>\n<p>WIN<\/td>\n<\/tr>\n<\/tbody>\n<\/table>\n<p>* Prek\u0117 yra padidinta vienu dyd\u017eiu. Jei d\u0117vite M dyd\u012f, m\u016bs\u0173 prek\u0119 reik\u0117t\u0173 rinktis S dyd\u017eio.<\/p>\n","protected":false},"featured_media":6755,"comment_status":"open","ping_status":"closed","template":"","meta":[],"product_brand":[],"product_cat":[240,155,54,48,15],"product_tag":[433],"class_list":{"0":"post-6754","1":"product","2":"type-product","3":"status-publish","4":"has-post-thumbnail","6":"product_cat-dydziu-lentele","7":"product_cat-katalogas","8":"product_cat-kelnes-moterims","9":"product_cat-moterims","10":"product_cat-uncategorized","11":"product_tag-gep005-23","12":"pa_kolekcija-greys-anatomy-edge","14":"first","15":"instock","16":"shipping-taxable","17":"purchasable","18":"product-type-variable"},"yoast_head":"<!-- This site is optimized with the Yoast SEO plugin v27.4 - https:\/\/yoast.com\/product\/yoast-seo-wordpress\/ -->\n<title>GEP005 Lyra Pant - 23 Indigo - uniform4baltic<\/title>\n<meta name=\"description\" content=\"Moteri\u0161kos siaur\u0117jan\u010dios keln\u0117s elastiniu juosmeniu, 3 ki\u0161en\u0117s.  Deranti palaidin\u0117: GET006 Lyra Top.  Med\u017eiaga: 76% nailonas, 24% elastanas.  Galimi dyd\u017eiai: XXS-3XL.  D\u0117l nesam\u0173 dyd\u017ei\u0173 ir spalv\u0173 kreiptis el. pa\u0161tu arba telefonu.             01  BLK 08  NRL 1406  SSK 1423  ALO 23  IND 40  CBL 65  WIN    * Prek\u0117 yra padidinta vienu dyd\u017eiu. Jei d\u0117vite M dyd\u012f, m\u016bs\u0173 prek\u0119 reik\u0117t\u0173 rinktis S dyd\u017eio.\" \/>\n<meta name=\"robots\" content=\"index, follow, max-snippet:-1, max-image-preview:large, max-video-preview:-1\" \/>\n<link rel=\"canonical\" href=\"https:\/\/www.uniform4baltic.com\/parduotuve\/moterims\/kelnes-moterims\/gep005-lyra-pant-23-indigo\/\" \/>\n<meta property=\"og:locale\" content=\"ru_RU\" \/>\n<meta property=\"og:type\" content=\"article\" \/>\n<meta property=\"og:title\" content=\"GEP005 Lyra Pant - 23 Indigo - uniform4baltic\" \/>\n<meta property=\"og:description\" content=\"Moteri\u0161kos siaur\u0117jan\u010dios keln\u0117s elastiniu juosmeniu, 3 ki\u0161en\u0117s.  Deranti palaidin\u0117: GET006 Lyra Top.  Med\u017eiaga: 76% nailonas, 24% elastanas.  Galimi dyd\u017eiai: XXS-3XL.  D\u0117l nesam\u0173 dyd\u017ei\u0173 ir spalv\u0173 kreiptis el. pa\u0161tu arba telefonu.             01  BLK 08  NRL 1406  SSK 1423  ALO 23  IND 40  CBL 65  WIN    * Prek\u0117 yra padidinta vienu dyd\u017eiu. Jei d\u0117vite M dyd\u012f, m\u016bs\u0173 prek\u0119 reik\u0117t\u0173 rinktis S dyd\u017eio.\" \/>\n<meta property=\"og:url\" content=\"https:\/\/www.uniform4baltic.com\/parduotuve\/moterims\/kelnes-moterims\/gep005-lyra-pant-23-indigo\/\" \/>\n<meta property=\"og:site_name\" content=\"uniform4baltic\" \/>\n<meta property=\"article:modified_time\" content=\"2022-09-28T11:21:13+00:00\" \/>\n<meta property=\"og:image\" content=\"https:\/\/www.uniform4baltic.com\/wp-content\/uploads\/2020\/06\/104308899_256797529082124_8296947462276278596_n-1.jpg\" \/>\n\t<meta property=\"og:image:width\" content=\"571\" \/>\n\t<meta property=\"og:image:height\" content=\"661\" \/>\n\t<meta property=\"og:image:type\" content=\"image\/jpeg\" \/>\n<meta name=\"twitter:card\" content=\"summary_large_image\" \/>\n<script type=\"application\/ld+json\" class=\"yoast-schema-graph\">{\"@context\":\"https:\\\/\\\/schema.org\",\"@graph\":[{\"@type\":\"WebPage\",\"@id\":\"https:\\\/\\\/www.uniform4baltic.com\\\/parduotuve\\\/moterims\\\/kelnes-moterims\\\/gep005-lyra-pant-23-indigo\\\/\",\"url\":\"https:\\\/\\\/www.uniform4baltic.com\\\/parduotuve\\\/moterims\\\/kelnes-moterims\\\/gep005-lyra-pant-23-indigo\\\/\",\"name\":\"GEP005 Lyra Pant - 23 Indigo - uniform4baltic\",\"isPartOf\":{\"@id\":\"https:\\\/\\\/www.uniform4baltic.com\\\/en\\\/#website\"},\"primaryImageOfPage\":{\"@id\":\"https:\\\/\\\/www.uniform4baltic.com\\\/parduotuve\\\/moterims\\\/kelnes-moterims\\\/gep005-lyra-pant-23-indigo\\\/#primaryimage\"},\"image\":{\"@id\":\"https:\\\/\\\/www.uniform4baltic.com\\\/parduotuve\\\/moterims\\\/kelnes-moterims\\\/gep005-lyra-pant-23-indigo\\\/#primaryimage\"},\"thumbnailUrl\":\"https:\\\/\\\/uniform4baltic.com\\\/wp-content\\\/uploads\\\/2020\\\/06\\\/104308899_256797529082124_8296947462276278596_n-1.jpg\",\"datePublished\":\"2020-06-25T07:03:54+00:00\",\"dateModified\":\"2022-09-28T11:21:13+00:00\",\"description\":\"Moteri\u0161kos siaur\u0117jan\u010dios keln\u0117s elastiniu juosmeniu, 3 ki\u0161en\u0117s. Deranti palaidin\u0117: GET006 Lyra Top. Med\u017eiaga: 76% nailonas, 24% elastanas. Galimi dyd\u017eiai: XXS-3XL. D\u0117l nesam\u0173 dyd\u017ei\u0173 ir spalv\u0173 kreiptis el. pa\u0161tu arba telefonu. 01 BLK 08 NRL 1406 SSK 1423 ALO 23 IND 40 CBL 65 WIN * Prek\u0117 yra padidinta vienu dyd\u017eiu. Jei d\u0117vite M dyd\u012f, m\u016bs\u0173 prek\u0119 reik\u0117t\u0173 rinktis S dyd\u017eio.\",\"breadcrumb\":{\"@id\":\"https:\\\/\\\/www.uniform4baltic.com\\\/parduotuve\\\/moterims\\\/kelnes-moterims\\\/gep005-lyra-pant-23-indigo\\\/#breadcrumb\"},\"inLanguage\":\"ru-RU\",\"potentialAction\":[{\"@type\":\"ReadAction\",\"target\":[\"https:\\\/\\\/www.uniform4baltic.com\\\/parduotuve\\\/moterims\\\/kelnes-moterims\\\/gep005-lyra-pant-23-indigo\\\/\"]}]},{\"@type\":\"ImageObject\",\"inLanguage\":\"ru-RU\",\"@id\":\"https:\\\/\\\/www.uniform4baltic.com\\\/parduotuve\\\/moterims\\\/kelnes-moterims\\\/gep005-lyra-pant-23-indigo\\\/#primaryimage\",\"url\":\"https:\\\/\\\/uniform4baltic.com\\\/wp-content\\\/uploads\\\/2020\\\/06\\\/104308899_256797529082124_8296947462276278596_n-1.jpg\",\"contentUrl\":\"https:\\\/\\\/uniform4baltic.com\\\/wp-content\\\/uploads\\\/2020\\\/06\\\/104308899_256797529082124_8296947462276278596_n-1.jpg\",\"width\":571,\"height\":661},{\"@type\":\"BreadcrumbList\",\"@id\":\"https:\\\/\\\/www.uniform4baltic.com\\\/parduotuve\\\/moterims\\\/kelnes-moterims\\\/gep005-lyra-pant-23-indigo\\\/#breadcrumb\",\"itemListElement\":[{\"@type\":\"ListItem\",\"position\":1,\"name\":\"Home\",\"item\":\"https:\\\/\\\/uniform4baltic.com\\\/ru\\\/\"},{\"@type\":\"ListItem\",\"position\":2,\"name\":\"\u041c\u0430\u0433\u0430\u0437\u0438\u043d\",\"item\":\"https:\\\/\\\/uniform4baltic.com\\\/ru\\\/%d0%bc%d0%b0%d0%b3%d0%b0%d0%b7%d0%b8%d0%bd\\\/\"},{\"@type\":\"ListItem\",\"position\":3,\"name\":\"GEP005 Lyra Pant &#8211; 23 Indigo\"}]},{\"@type\":\"WebSite\",\"@id\":\"https:\\\/\\\/www.uniform4baltic.com\\\/en\\\/#website\",\"url\":\"https:\\\/\\\/www.uniform4baltic.com\\\/en\\\/\",\"name\":\"uniform4baltic.com\",\"description\":\"Medicinin\u0117 apranga\",\"publisher\":{\"@id\":\"https:\\\/\\\/www.uniform4baltic.com\\\/en\\\/#organization\"},\"potentialAction\":[{\"@type\":\"SearchAction\",\"target\":{\"@type\":\"EntryPoint\",\"urlTemplate\":\"https:\\\/\\\/www.uniform4baltic.com\\\/en\\\/?s={search_term_string}\"},\"query-input\":{\"@type\":\"PropertyValueSpecification\",\"valueRequired\":true,\"valueName\":\"search_term_string\"}}],\"inLanguage\":\"ru-RU\"},{\"@type\":\"Organization\",\"@id\":\"https:\\\/\\\/www.uniform4baltic.com\\\/en\\\/#organization\",\"name\":\"Apranga medikams\",\"url\":\"https:\\\/\\\/www.uniform4baltic.com\\\/en\\\/\",\"logo\":{\"@type\":\"ImageObject\",\"inLanguage\":\"ru-RU\",\"@id\":\"https:\\\/\\\/www.uniform4baltic.com\\\/en\\\/#\\\/schema\\\/logo\\\/image\\\/\",\"url\":\"https:\\\/\\\/uniform4baltic.com\\\/wp-content\\\/uploads\\\/2020\\\/06\\\/logo-web-1.png\",\"contentUrl\":\"https:\\\/\\\/uniform4baltic.com\\\/wp-content\\\/uploads\\\/2020\\\/06\\\/logo-web-1.png\",\"width\":500,\"height\":215,\"caption\":\"Apranga medikams\"},\"image\":{\"@id\":\"https:\\\/\\\/www.uniform4baltic.com\\\/en\\\/#\\\/schema\\\/logo\\\/image\\\/\"}}]}<\/script>\n<!-- \/ Yoast SEO plugin. -->","yoast_head_json":{"title":"GEP005 Lyra Pant - 23 Indigo - uniform4baltic","description":"Moteri\u0161kos siaur\u0117jan\u010dios keln\u0117s elastiniu juosmeniu, 3 ki\u0161en\u0117s.  Deranti palaidin\u0117: GET006 Lyra Top.  Med\u017eiaga: 76% nailonas, 24% elastanas.  Galimi dyd\u017eiai: XXS-3XL.  D\u0117l nesam\u0173 dyd\u017ei\u0173 ir spalv\u0173 kreiptis el. pa\u0161tu arba telefonu.             01  BLK 08  NRL 1406  SSK 1423  ALO 23  IND 40  CBL 65  WIN    * Prek\u0117 yra padidinta vienu dyd\u017eiu. Jei d\u0117vite M dyd\u012f, m\u016bs\u0173 prek\u0119 reik\u0117t\u0173 rinktis S dyd\u017eio.","robots":{"index":"index","follow":"follow","max-snippet":"max-snippet:-1","max-image-preview":"max-image-preview:large","max-video-preview":"max-video-preview:-1"},"canonical":"https:\/\/www.uniform4baltic.com\/parduotuve\/moterims\/kelnes-moterims\/gep005-lyra-pant-23-indigo\/","og_locale":"ru_RU","og_type":"article","og_title":"GEP005 Lyra Pant - 23 Indigo - uniform4baltic","og_description":"Moteri\u0161kos siaur\u0117jan\u010dios keln\u0117s elastiniu juosmeniu, 3 ki\u0161en\u0117s.  Deranti palaidin\u0117: GET006 Lyra Top.  Med\u017eiaga: 76% nailonas, 24% elastanas.  Galimi dyd\u017eiai: XXS-3XL.  D\u0117l nesam\u0173 dyd\u017ei\u0173 ir spalv\u0173 kreiptis el. pa\u0161tu arba telefonu.             01  BLK 08  NRL 1406  SSK 1423  ALO 23  IND 40  CBL 65  WIN    * Prek\u0117 yra padidinta vienu dyd\u017eiu. Jei d\u0117vite M dyd\u012f, m\u016bs\u0173 prek\u0119 reik\u0117t\u0173 rinktis S dyd\u017eio.","og_url":"https:\/\/www.uniform4baltic.com\/parduotuve\/moterims\/kelnes-moterims\/gep005-lyra-pant-23-indigo\/","og_site_name":"uniform4baltic","article_modified_time":"2022-09-28T11:21:13+00:00","og_image":[{"width":571,"height":661,"url":"https:\/\/www.uniform4baltic.com\/wp-content\/uploads\/2020\/06\/104308899_256797529082124_8296947462276278596_n-1.jpg","type":"image\/jpeg"}],"twitter_card":"summary_large_image","schema":{"@context":"https:\/\/schema.org","@graph":[{"@type":"WebPage","@id":"https:\/\/www.uniform4baltic.com\/parduotuve\/moterims\/kelnes-moterims\/gep005-lyra-pant-23-indigo\/","url":"https:\/\/www.uniform4baltic.com\/parduotuve\/moterims\/kelnes-moterims\/gep005-lyra-pant-23-indigo\/","name":"GEP005 Lyra Pant - 23 Indigo - uniform4baltic","isPartOf":{"@id":"https:\/\/www.uniform4baltic.com\/en\/#website"},"primaryImageOfPage":{"@id":"https:\/\/www.uniform4baltic.com\/parduotuve\/moterims\/kelnes-moterims\/gep005-lyra-pant-23-indigo\/#primaryimage"},"image":{"@id":"https:\/\/www.uniform4baltic.com\/parduotuve\/moterims\/kelnes-moterims\/gep005-lyra-pant-23-indigo\/#primaryimage"},"thumbnailUrl":"https:\/\/uniform4baltic.com\/wp-content\/uploads\/2020\/06\/104308899_256797529082124_8296947462276278596_n-1.jpg","datePublished":"2020-06-25T07:03:54+00:00","dateModified":"2022-09-28T11:21:13+00:00","description":"Moteri\u0161kos siaur\u0117jan\u010dios keln\u0117s elastiniu juosmeniu, 3 ki\u0161en\u0117s. Deranti palaidin\u0117: GET006 Lyra Top. Med\u017eiaga: 76% nailonas, 24% elastanas. Galimi dyd\u017eiai: XXS-3XL. D\u0117l nesam\u0173 dyd\u017ei\u0173 ir spalv\u0173 kreiptis el. pa\u0161tu arba telefonu. 01 BLK 08 NRL 1406 SSK 1423 ALO 23 IND 40 CBL 65 WIN * Prek\u0117 yra padidinta vienu dyd\u017eiu. Jei d\u0117vite M dyd\u012f, m\u016bs\u0173 prek\u0119 reik\u0117t\u0173 rinktis S dyd\u017eio.","breadcrumb":{"@id":"https:\/\/www.uniform4baltic.com\/parduotuve\/moterims\/kelnes-moterims\/gep005-lyra-pant-23-indigo\/#breadcrumb"},"inLanguage":"ru-RU","potentialAction":[{"@type":"ReadAction","target":["https:\/\/www.uniform4baltic.com\/parduotuve\/moterims\/kelnes-moterims\/gep005-lyra-pant-23-indigo\/"]}]},{"@type":"ImageObject","inLanguage":"ru-RU","@id":"https:\/\/www.uniform4baltic.com\/parduotuve\/moterims\/kelnes-moterims\/gep005-lyra-pant-23-indigo\/#primaryimage","url":"https:\/\/uniform4baltic.com\/wp-content\/uploads\/2020\/06\/104308899_256797529082124_8296947462276278596_n-1.jpg","contentUrl":"https:\/\/uniform4baltic.com\/wp-content\/uploads\/2020\/06\/104308899_256797529082124_8296947462276278596_n-1.jpg","width":571,"height":661},{"@type":"BreadcrumbList","@id":"https:\/\/www.uniform4baltic.com\/parduotuve\/moterims\/kelnes-moterims\/gep005-lyra-pant-23-indigo\/#breadcrumb","itemListElement":[{"@type":"ListItem","position":1,"name":"Home","item":"https:\/\/uniform4baltic.com\/ru\/"},{"@type":"ListItem","position":2,"name":"\u041c\u0430\u0433\u0430\u0437\u0438\u043d","item":"https:\/\/uniform4baltic.com\/ru\/%d0%bc%d0%b0%d0%b3%d0%b0%d0%b7%d0%b8%d0%bd\/"},{"@type":"ListItem","position":3,"name":"GEP005 Lyra Pant &#8211; 23 Indigo"}]},{"@type":"WebSite","@id":"https:\/\/www.uniform4baltic.com\/en\/#website","url":"https:\/\/www.uniform4baltic.com\/en\/","name":"uniform4baltic.com","description":"Medicinin\u0117 apranga","publisher":{"@id":"https:\/\/www.uniform4baltic.com\/en\/#organization"},"potentialAction":[{"@type":"SearchAction","target":{"@type":"EntryPoint","urlTemplate":"https:\/\/www.uniform4baltic.com\/en\/?s={search_term_string}"},"query-input":{"@type":"PropertyValueSpecification","valueRequired":true,"valueName":"search_term_string"}}],"inLanguage":"ru-RU"},{"@type":"Organization","@id":"https:\/\/www.uniform4baltic.com\/en\/#organization","name":"Apranga medikams","url":"https:\/\/www.uniform4baltic.com\/en\/","logo":{"@type":"ImageObject","inLanguage":"ru-RU","@id":"https:\/\/www.uniform4baltic.com\/en\/#\/schema\/logo\/image\/","url":"https:\/\/uniform4baltic.com\/wp-content\/uploads\/2020\/06\/logo-web-1.png","contentUrl":"https:\/\/uniform4baltic.com\/wp-content\/uploads\/2020\/06\/logo-web-1.png","width":500,"height":215,"caption":"Apranga medikams"},"image":{"@id":"https:\/\/www.uniform4baltic.com\/en\/#\/schema\/logo\/image\/"}}]}},"_links":{"self":[{"href":"https:\/\/uniform4baltic.com\/ru\/wp-json\/wp\/v2\/product\/6754","targetHints":{"allow":["GET"]}}],"collection":[{"href":"https:\/\/uniform4baltic.com\/ru\/wp-json\/wp\/v2\/product"}],"about":[{"href":"https:\/\/uniform4baltic.com\/ru\/wp-json\/wp\/v2\/types\/product"}],"replies":[{"embeddable":true,"href":"https:\/\/uniform4baltic.com\/ru\/wp-json\/wp\/v2\/comments?post=6754"}],"wp:featuredmedia":[{"embeddable":true,"href":"https:\/\/uniform4baltic.com\/ru\/wp-json\/wp\/v2\/media\/6755"}],"wp:attachment":[{"href":"https:\/\/uniform4baltic.com\/ru\/wp-json\/wp\/v2\/media?parent=6754"}],"wp:term":[{"taxonomy":"product_brand","embeddable":true,"href":"https:\/\/uniform4baltic.com\/ru\/wp-json\/wp\/v2\/product_brand?post=6754"},{"taxonomy":"product_cat","embeddable":true,"href":"https:\/\/uniform4baltic.com\/ru\/wp-json\/wp\/v2\/product_cat?post=6754"},{"taxonomy":"product_tag","embeddable":true,"href":"https:\/\/uniform4baltic.com\/ru\/wp-json\/wp\/v2\/product_tag?post=6754"}],"curies":[{"name":"wp","href":"https:\/\/api.w.org\/{rel}","templated":true}]}}